{"id":113,"date":"2020-07-08T11:12:13","date_gmt":"2020-07-08T09:12:13","guid":{"rendered":"http:\/\/napoleon.ms.decms.eu\/?page_id=113"},"modified":"2023-12-04T17:08:51","modified_gmt":"2023-12-04T16:08:51","slug":"service-informationen","status":"publish","type":"page","link":"https:\/\/www.napoleon.it\/de\/service-informationen\/","title":{"rendered":"Service"},"content":{"rendered":"<p>Das Hotel Napoleon bietet Ihnen eine gro\u00dfe <strong>Auswahl an n\u00fctzlichen Services<\/strong>, um Ihren Aufenthalt in Rom so komfortabel und angenehm wie m\u00f6glich zu machen.<\/p>\n<p>Ein <strong>au\u00dfergew\u00f6hnlich aufmerksames und zuvorkommendes Personal<\/strong> steht bereit, Ihre Anfragen zu beantworten.<\/p>\n<p>&nbsp;<\/p>\n<h4 style=\"text-align: center;\">N\u00fctzliche Info<\/h4>\n<table class=\"services\">\n<tbody>\n<tr>\n<th><strong>Check-In rund um die Uhr<\/strong><br \/>\nWir garantieren, dass Ihr Zimmer bis 14:00 f\u00fcr Sie bereit steht. \u2013 Falls Sie fr\u00fcher anreisen, ist der Check-In je nach Verf\u00fcgbarkeit kostenfrei. Sie k\u00f6nnen eine kurze Pause in der Lounge einnehmen. Bei Ihrer Ankunft wird Ihnen bis 10:00 Uhr ein kostenloses Fr\u00fchst\u00fcck serviert.<\/th>\n<th><strong>Check-out<\/strong><br \/>\nWir bitten unsere G\u00e4ste, das Zimmer bis 11.00 Uhr zu verlassen. Wenn Sie einen sp\u00e4ten Check-out w\u00fcnschen, fragen Sie unsere Rezeption. Wir freuen uns auf Ihre Anfrage. Eine kostenfreie Verl\u00e4ngerung ist von den Verf\u00fcgbarkeiten abh\u00e4ngig.<\/th>\n<\/tr>\n<tr>\n<th><strong>Kostenfreies WLAN<\/strong><br \/>\nDas ganze Hotel ist mit einem high-speed WLAN- Zugang ausgestattet.<\/th>\n<th><strong>24h Concierge<\/strong><br \/>\nDer Concierge steht Ihnen jederzeit mit Informationen und Unterst\u00fctzung zur Verf\u00fcgung.<\/th>\n<\/tr>\n<\/tbody>\n<\/table>\n<p>&nbsp;<\/p>\n<table>\n<tbody>\n<tr>\n<th><strong>Dachterrasse<\/strong><br \/>\nVerf\u00fcgbar f\u00fcr alle eine m\u00f6blierte Terrasse in der 6. Etage.<\/th>\n<th><strong>Flughafentransfer<\/strong><br \/>\nPrivate Transfer mit einer Limousine, einem Minibus und einem Bus mit Fahrer vom\/zum Flughafen und Hafen.<\/th>\n<th><strong>Gratis Internet Point<\/strong><br \/>\nZwei Internetzugang mit high-speed-connection steht unseren G\u00e4sten unentgeltlich zur Verf\u00fcgung.<\/th>\n<\/tr>\n<tr>\n<th><strong>24h Portier<\/strong><br \/>\nZu welcher Zeit auch immer Sie ankommen, unser Portier wird sich um Ihr Gep\u00e4ck k\u00fcmmern und dieses in Ihr Zimmer tragen.<\/th>\n<th><strong>Parkgarage<\/strong><br \/>\nParkgarage in 300 mt Entfernung vom Hotel mit Parkservice.<\/th>\n<th><strong>24h Zimmerservice<\/strong><br \/>\nZimmerservice Sie k\u00f6nnen Ihr Fr\u00fchst\u00fcck, Mittagessen, Abendessen oder einen Snack in Ihrem Zimmer zu sich nehmen.<\/th>\n<\/tr>\n<tr>\n<th><strong>Wasserkocher<\/strong><br \/>\nWasserkocher mit Tee und Kaffee in allen Zimmern.<\/th>\n<th><strong>F\u00fchrungen<\/strong><br \/>\nDie Concierge-Mitarbeiter Innen k\u00f6nnen Reservierungen f\u00fcr F\u00fchrungen von Rom vornehmen<\/th>\n<th><strong>W\u00e4sche-Express-Service<\/strong><br \/>\nW\u00e4sche-Express-Service und Trockenreinigung steht Ihnen jeden Tag au\u00dfer sonntags zur Verf\u00fcgung.<\/th>\n<\/tr>\n<tr>\n<th><strong>Gep\u00e4ckraum<\/strong><br \/>\nGep\u00e4ckraum verf\u00fcgbar f\u00fcr fr\u00fche Ank\u00fcnfte und Abfl\u00fcge nach dem check-out.<\/th>\n<th><strong>Unterhaltung<\/strong><br \/>\nUnsere Concierge-Mitarbeiter Innen werden Ihnen mit Vorschl\u00e4gen und Reservierungen von Restaurants, Konzerten, etc. gerne behilflich sein.<\/th>\n<th><strong>Karte von Rom<\/strong><br \/>\nKarte von Rom an der Rezeption erh\u00e4ltlich.<\/th>\n<\/tr>\n<tr>\n<th><strong>Meeting \/ Bankett<\/strong><br \/>\nR\u00e4ume f\u00fcr Meetings und Empf\u00e4nge stehen zur Verf\u00fcgung.<\/th>\n<th><strong>Bar &amp; Restaurant -10%<\/strong><br \/>\n10% Rabatt an der Bar und im Restaurant.<\/th>\n<th><strong>Kopierer, Fax, Drucker<\/strong><br \/>\nStehen Ihnen unentgeltlich zur Verf\u00fcgung.<\/th>\n<\/tr>\n<tr>\n<th><strong>B\u00fcgeln<\/strong><br \/>\nB\u00fcgeln Ein B\u00fcgelbrett und Eisen sind in unserem W\u00e4scheraum zu finden.<\/th>\n<th><strong>Zeitungen<\/strong><br \/>\nTageszeitungen und Zeitschriften sind kostenlos erh\u00e4ltlich.<\/th>\n<th><strong>Reservierung f\u00fcr Autos<\/strong><br \/>\nReservierung f\u00fcr ein privates Auto mit Fahrer oder f\u00fcr eine Autovermietung.<\/th>\n<\/tr>\n<tr>\n<th><strong>Aufzug<\/strong><br \/>\nDas Hotel verf\u00fcgt \u00fcber zwei Aufz\u00fcge f\u00fcr die G\u00e4ste.<\/th>\n<th><strong>Babysitter<\/strong><br \/>\nBabysitting-Service auf Anfrage erh\u00e4ltlich.<\/th>\n<th><strong>Umweltpolitik<\/strong><br \/>\nKenntnis der Wichtigkeit von Umweltschutz.<\/th>\n<\/tr>\n<\/tbody>\n<\/table>\n","protected":false},"excerpt":{"rendered":"<p>Das Hotel Napoleon bietet Ihnen eine gro\u00dfe Auswahl an n\u00fctzlichen Services, um Ihren Aufenthalt in [&hellip;]<\/p>\n","protected":false},"author":13,"featured_media":0,"parent":0,"menu_order":3,"comment_status":"closed","ping_status":"closed","template":"template-services.php","meta":{"footnotes":""},"class_list":["post-113","page","type-page","status-publish","hentry"],"yoast_head":"<!-- This site is optimized with the Yoast SEO plugin v26.9 - https:\/\/yoast.com\/product\/yoast-seo-wordpress\/ -->\n<title>Service - Hotel Napoleon Roma<\/title>\n<meta name=\"robots\" content=\"index, follow, max-snippet:-1, max-image-preview:large, max-video-preview:-1\" \/>\n<link rel=\"canonical\" href=\"https:\/\/www.napoleon.it\/de\/service-informationen\/\" \/>\n<meta property=\"og:locale\" content=\"de_DE\" \/>\n<meta property=\"og:type\" content=\"article\" \/>\n<meta property=\"og:title\" content=\"Service - Hotel Napoleon Roma\" \/>\n<meta property=\"og:description\" content=\"Das Hotel Napoleon bietet Ihnen eine gro\u00dfe Auswahl an n\u00fctzlichen Services, um Ihren Aufenthalt in [&hellip;]\" \/>\n<meta property=\"og:url\" content=\"https:\/\/www.napoleon.it\/de\/service-informationen\/\" \/>\n<meta property=\"og:site_name\" content=\"Hotel Napoleon Roma\" \/>\n<meta property=\"article:modified_time\" content=\"2023-12-04T16:08:51+00:00\" \/>\n<meta name=\"twitter:card\" content=\"summary_large_image\" \/>\n<meta name=\"twitter:label1\" content=\"Gesch\u00e4tzte Lesezeit\" \/>\n\t<meta name=\"twitter:data1\" content=\"2 Minuten\" \/>\n<script type=\"application\/ld+json\" class=\"yoast-schema-graph\">{\"@context\":\"https:\/\/schema.org\",\"@graph\":[{\"@type\":\"WebPage\",\"@id\":\"https:\/\/www.napoleon.it\/de\/service-informationen\/\",\"url\":\"https:\/\/www.napoleon.it\/de\/service-informationen\/\",\"name\":\"Service - Hotel Napoleon Roma\",\"isPartOf\":{\"@id\":\"https:\/\/www.napoleon.it\/de\/#website\"},\"datePublished\":\"2020-07-08T09:12:13+00:00\",\"dateModified\":\"2023-12-04T16:08:51+00:00\",\"breadcrumb\":{\"@id\":\"https:\/\/www.napoleon.it\/de\/service-informationen\/#breadcrumb\"},\"inLanguage\":\"de-DE\",\"potentialAction\":[{\"@type\":\"ReadAction\",\"target\":[\"https:\/\/www.napoleon.it\/de\/service-informationen\/\"]}]},{\"@type\":\"BreadcrumbList\",\"@id\":\"https:\/\/www.napoleon.it\/de\/service-informationen\/#breadcrumb\",\"itemListElement\":[{\"@type\":\"ListItem\",\"position\":1,\"name\":\"Home\",\"item\":\"https:\/\/www.napoleon.it\/de\/\"},{\"@type\":\"ListItem\",\"position\":2,\"name\":\"Service\"}]},{\"@type\":\"WebSite\",\"@id\":\"https:\/\/www.napoleon.it\/de\/#website\",\"url\":\"https:\/\/www.napoleon.it\/de\/\",\"name\":\"Hotel Napoleon Roma\",\"description\":\"Ecco un altro sito ms.decms.eu\",\"potentialAction\":[{\"@type\":\"SearchAction\",\"target\":{\"@type\":\"EntryPoint\",\"urlTemplate\":\"https:\/\/www.napoleon.it\/de\/?s={search_term_string}\"},\"query-input\":{\"@type\":\"PropertyValueSpecification\",\"valueRequired\":true,\"valueName\":\"search_term_string\"}}],\"inLanguage\":\"de-DE\"}]}<\/script>\n<!-- \/ Yoast SEO plugin. -->","yoast_head_json":{"title":"Service - Hotel Napoleon Roma","robots":{"index":"index","follow":"follow","max-snippet":"max-snippet:-1","max-image-preview":"max-image-preview:large","max-video-preview":"max-video-preview:-1"},"canonical":"https:\/\/www.napoleon.it\/de\/service-informationen\/","og_locale":"de_DE","og_type":"article","og_title":"Service - Hotel Napoleon Roma","og_description":"Das Hotel Napoleon bietet Ihnen eine gro\u00dfe Auswahl an n\u00fctzlichen Services, um Ihren Aufenthalt in [&hellip;]","og_url":"https:\/\/www.napoleon.it\/de\/service-informationen\/","og_site_name":"Hotel Napoleon Roma","article_modified_time":"2023-12-04T16:08:51+00:00","twitter_card":"summary_large_image","twitter_misc":{"Gesch\u00e4tzte Lesezeit":"2 Minuten"},"schema":{"@context":"https:\/\/schema.org","@graph":[{"@type":"WebPage","@id":"https:\/\/www.napoleon.it\/de\/service-informationen\/","url":"https:\/\/www.napoleon.it\/de\/service-informationen\/","name":"Service - Hotel Napoleon Roma","isPartOf":{"@id":"https:\/\/www.napoleon.it\/de\/#website"},"datePublished":"2020-07-08T09:12:13+00:00","dateModified":"2023-12-04T16:08:51+00:00","breadcrumb":{"@id":"https:\/\/www.napoleon.it\/de\/service-informationen\/#breadcrumb"},"inLanguage":"de-DE","potentialAction":[{"@type":"ReadAction","target":["https:\/\/www.napoleon.it\/de\/service-informationen\/"]}]},{"@type":"BreadcrumbList","@id":"https:\/\/www.napoleon.it\/de\/service-informationen\/#breadcrumb","itemListElement":[{"@type":"ListItem","position":1,"name":"Home","item":"https:\/\/www.napoleon.it\/de\/"},{"@type":"ListItem","position":2,"name":"Service"}]},{"@type":"WebSite","@id":"https:\/\/www.napoleon.it\/de\/#website","url":"https:\/\/www.napoleon.it\/de\/","name":"Hotel Napoleon Roma","description":"Ecco un altro sito ms.decms.eu","potentialAction":[{"@type":"SearchAction","target":{"@type":"EntryPoint","urlTemplate":"https:\/\/www.napoleon.it\/de\/?s={search_term_string}"},"query-input":{"@type":"PropertyValueSpecification","valueRequired":true,"valueName":"search_term_string"}}],"inLanguage":"de-DE"}]}},"acf":[],"_links":{"self":[{"href":"https:\/\/www.napoleon.it\/de\/wp-json\/wp\/v2\/pages\/113","targetHints":{"allow":["GET"]}}],"collection":[{"href":"https:\/\/www.napoleon.it\/de\/wp-json\/wp\/v2\/pages"}],"about":[{"href":"https:\/\/www.napoleon.it\/de\/wp-json\/wp\/v2\/types\/page"}],"author":[{"embeddable":true,"href":"https:\/\/www.napoleon.it\/de\/wp-json\/wp\/v2\/users\/13"}],"replies":[{"embeddable":true,"href":"https:\/\/www.napoleon.it\/de\/wp-json\/wp\/v2\/comments?post=113"}],"version-history":[{"count":0,"href":"https:\/\/www.napoleon.it\/de\/wp-json\/wp\/v2\/pages\/113\/revisions"}],"wp:attachment":[{"href":"https:\/\/www.napoleon.it\/de\/wp-json\/wp\/v2\/media?parent=113"}],"curies":[{"name":"wp","href":"https:\/\/api.w.org\/{rel}","templated":true}]}}