{"id":131,"date":"2020-07-08T15:12:36","date_gmt":"2020-07-08T13:12:36","guid":{"rendered":"http:\/\/napoleon.ms.decms.eu\/?page_id=131"},"modified":"2023-12-04T15:22:49","modified_gmt":"2023-12-04T14:22:49","slug":"restaurant","status":"publish","type":"page","link":"https:\/\/www.napoleon.it\/de\/restaurants\/restaurant\/","title":{"rendered":"Restaurant"},"content":{"rendered":"<p>In unserem gem\u00fctlichen Bistrot La Rochelle\u00a0 das 10 Tische (30 Sitzpl\u00e4tze) beinhaltet, bereiten wir Ihnen gerne ein authentisches italienisches Abendmahl. Hier finden Sie die ideale Atmosph\u00e4re, um die Kochkunst einer K\u00fcche voller Aromen, Leidenschaft und erstklassigen frischen Produkten zu genie\u00dfen. Unsere Speisen zeugen von h\u00f6chster Qualit\u00e4t und werden Sie verzaubern. Sie k\u00f6nnen italienische und r\u00f6mische Spezialit\u00e4ten probieren und dazu Weine der besten Reben Italiens kosten.<\/p>\n<ul>\n<li>\u00d6ffnungszeiten: t\u00e4glich von 16.00 bis 22.30 Uhr (letzte Bestellung)<\/li>\n<li>Wir bitten um fr\u00fchzeitige Tischreservierung.<\/li>\n<li>Steuern und Service sind in den Preisen inkludiert.<\/li>\n<\/ul>\n","protected":false},"excerpt":{"rendered":"<p>In unserem gem\u00fctlichen Bistrot La Rochelle\u00a0 das 10 Tische (30 Sitzpl\u00e4tze) beinhaltet, bereiten wir Ihnen [&hellip;]<\/p>\n","protected":false},"author":13,"featured_media":0,"parent":117,"menu_order":3,"comment_status":"closed","ping_status":"closed","template":"template-single-restaurant.php","meta":{"footnotes":""},"class_list":["post-131","page","type-page","status-publish","hentry"],"yoast_head":"<!-- This site is optimized with the Yoast SEO plugin v26.9 - https:\/\/yoast.com\/product\/yoast-seo-wordpress\/ -->\n<title>Restaurant - Hotel Napoleon Roma<\/title>\n<meta name=\"robots\" content=\"index, follow, max-snippet:-1, max-image-preview:large, max-video-preview:-1\" \/>\n<link rel=\"canonical\" href=\"https:\/\/www.napoleon.it\/de\/restaurants\/restaurant\/\" \/>\n<meta property=\"og:locale\" content=\"de_DE\" \/>\n<meta property=\"og:type\" content=\"article\" \/>\n<meta property=\"og:title\" content=\"Restaurant - Hotel Napoleon Roma\" \/>\n<meta property=\"og:description\" content=\"In unserem gem\u00fctlichen Bistrot La Rochelle\u00a0 das 10 Tische (30 Sitzpl\u00e4tze) beinhaltet, bereiten wir Ihnen [&hellip;]\" \/>\n<meta property=\"og:url\" content=\"https:\/\/www.napoleon.it\/de\/restaurants\/restaurant\/\" \/>\n<meta property=\"og:site_name\" content=\"Hotel Napoleon Roma\" \/>\n<meta property=\"article:modified_time\" content=\"2023-12-04T14:22:49+00:00\" \/>\n<meta name=\"twitter:card\" content=\"summary_large_image\" \/>\n<script type=\"application\/ld+json\" class=\"yoast-schema-graph\">{\"@context\":\"https:\/\/schema.org\",\"@graph\":[{\"@type\":\"WebPage\",\"@id\":\"https:\/\/www.napoleon.it\/de\/restaurants\/restaurant\/\",\"url\":\"https:\/\/www.napoleon.it\/de\/restaurants\/restaurant\/\",\"name\":\"Restaurant - Hotel Napoleon Roma\",\"isPartOf\":{\"@id\":\"https:\/\/www.napoleon.it\/de\/#website\"},\"datePublished\":\"2020-07-08T13:12:36+00:00\",\"dateModified\":\"2023-12-04T14:22:49+00:00\",\"breadcrumb\":{\"@id\":\"https:\/\/www.napoleon.it\/de\/restaurants\/restaurant\/#breadcrumb\"},\"inLanguage\":\"de-DE\",\"potentialAction\":[{\"@type\":\"ReadAction\",\"target\":[\"https:\/\/www.napoleon.it\/de\/restaurants\/restaurant\/\"]}]},{\"@type\":\"BreadcrumbList\",\"@id\":\"https:\/\/www.napoleon.it\/de\/restaurants\/restaurant\/#breadcrumb\",\"itemListElement\":[{\"@type\":\"ListItem\",\"position\":1,\"name\":\"Home\",\"item\":\"https:\/\/www.napoleon.it\/de\/\"},{\"@type\":\"ListItem\",\"position\":2,\"name\":\"Restaurants\",\"item\":\"https:\/\/www.napoleon.it\/de\/restaurants\/\"},{\"@type\":\"ListItem\",\"position\":3,\"name\":\"Restaurant\"}]},{\"@type\":\"WebSite\",\"@id\":\"https:\/\/www.napoleon.it\/de\/#website\",\"url\":\"https:\/\/www.napoleon.it\/de\/\",\"name\":\"Hotel Napoleon Roma\",\"description\":\"Ecco un altro sito ms.decms.eu\",\"potentialAction\":[{\"@type\":\"SearchAction\",\"target\":{\"@type\":\"EntryPoint\",\"urlTemplate\":\"https:\/\/www.napoleon.it\/de\/?s={search_term_string}\"},\"query-input\":{\"@type\":\"PropertyValueSpecification\",\"valueRequired\":true,\"valueName\":\"search_term_string\"}}],\"inLanguage\":\"de-DE\"}]}<\/script>\n<!-- \/ Yoast SEO plugin. -->","yoast_head_json":{"title":"Restaurant - Hotel Napoleon Roma","robots":{"index":"index","follow":"follow","max-snippet":"max-snippet:-1","max-image-preview":"max-image-preview:large","max-video-preview":"max-video-preview:-1"},"canonical":"https:\/\/www.napoleon.it\/de\/restaurants\/restaurant\/","og_locale":"de_DE","og_type":"article","og_title":"Restaurant - Hotel Napoleon Roma","og_description":"In unserem gem\u00fctlichen Bistrot La Rochelle\u00a0 das 10 Tische (30 Sitzpl\u00e4tze) beinhaltet, bereiten wir Ihnen [&hellip;]","og_url":"https:\/\/www.napoleon.it\/de\/restaurants\/restaurant\/","og_site_name":"Hotel Napoleon Roma","article_modified_time":"2023-12-04T14:22:49+00:00","twitter_card":"summary_large_image","schema":{"@context":"https:\/\/schema.org","@graph":[{"@type":"WebPage","@id":"https:\/\/www.napoleon.it\/de\/restaurants\/restaurant\/","url":"https:\/\/www.napoleon.it\/de\/restaurants\/restaurant\/","name":"Restaurant - Hotel Napoleon Roma","isPartOf":{"@id":"https:\/\/www.napoleon.it\/de\/#website"},"datePublished":"2020-07-08T13:12:36+00:00","dateModified":"2023-12-04T14:22:49+00:00","breadcrumb":{"@id":"https:\/\/www.napoleon.it\/de\/restaurants\/restaurant\/#breadcrumb"},"inLanguage":"de-DE","potentialAction":[{"@type":"ReadAction","target":["https:\/\/www.napoleon.it\/de\/restaurants\/restaurant\/"]}]},{"@type":"BreadcrumbList","@id":"https:\/\/www.napoleon.it\/de\/restaurants\/restaurant\/#breadcrumb","itemListElement":[{"@type":"ListItem","position":1,"name":"Home","item":"https:\/\/www.napoleon.it\/de\/"},{"@type":"ListItem","position":2,"name":"Restaurants","item":"https:\/\/www.napoleon.it\/de\/restaurants\/"},{"@type":"ListItem","position":3,"name":"Restaurant"}]},{"@type":"WebSite","@id":"https:\/\/www.napoleon.it\/de\/#website","url":"https:\/\/www.napoleon.it\/de\/","name":"Hotel Napoleon Roma","description":"Ecco un altro sito ms.decms.eu","potentialAction":[{"@type":"SearchAction","target":{"@type":"EntryPoint","urlTemplate":"https:\/\/www.napoleon.it\/de\/?s={search_term_string}"},"query-input":{"@type":"PropertyValueSpecification","valueRequired":true,"valueName":"search_term_string"}}],"inLanguage":"de-DE"}]}},"acf":[],"_links":{"self":[{"href":"https:\/\/www.napoleon.it\/de\/wp-json\/wp\/v2\/pages\/131","targetHints":{"allow":["GET"]}}],"collection":[{"href":"https:\/\/www.napoleon.it\/de\/wp-json\/wp\/v2\/pages"}],"about":[{"href":"https:\/\/www.napoleon.it\/de\/wp-json\/wp\/v2\/types\/page"}],"author":[{"embeddable":true,"href":"https:\/\/www.napoleon.it\/de\/wp-json\/wp\/v2\/users\/13"}],"replies":[{"embeddable":true,"href":"https:\/\/www.napoleon.it\/de\/wp-json\/wp\/v2\/comments?post=131"}],"version-history":[{"count":0,"href":"https:\/\/www.napoleon.it\/de\/wp-json\/wp\/v2\/pages\/131\/revisions"}],"up":[{"embeddable":true,"href":"https:\/\/www.napoleon.it\/de\/wp-json\/wp\/v2\/pages\/117"}],"wp:attachment":[{"href":"https:\/\/www.napoleon.it\/de\/wp-json\/wp\/v2\/media?parent=131"}],"curies":[{"name":"wp","href":"https:\/\/api.w.org\/{rel}","templated":true}]}}