{"id":138,"date":"2020-07-08T15:19:10","date_gmt":"2020-07-08T13:19:10","guid":{"rendered":"http:\/\/napoleon.ms.decms.eu\/?page_id=138"},"modified":"2020-07-08T15:27:26","modified_gmt":"2020-07-08T13:27:26","slug":"bankette-empfaenge","status":"publish","type":"page","link":"https:\/\/www.napoleon.it\/de\/restaurants\/bankette-empfaenge\/","title":{"rendered":"Bankette &#038; Empf\u00e4nge"},"content":{"rendered":"<p>Das Hotel Napoleon ist der ideale Ort f\u00fcr Ihre Hochzeit in Rom. Wir organisieren mit Freude jedes noch so kleine Detail f\u00fcr Sie und bereiten ein perfektes Men\u00fc zu, um Ihre Hochzeit zum sch\u00f6nsten Tag in Ihrem Leben zu machen.<\/p>\n<p>Sie k\u00f6nnen Ihr Men\u00fc aus unseren Listen mit Spezialit\u00e4ten zusammenstellen. Wir schicken Ihnen gerne Vorschl\u00e4ge und Preise, wenn wir Ihre Auswahl erhalten.<br \/>\n<em>Menu receptions<\/em><\/p>\n<p>Aus unserer Weinliste k\u00f6nnen Sie Rot- und Wei\u00dfweine ausw\u00e4hlen, die w\u00e4hrend des Empfanges serviert werden. Vor, w\u00e4hrend oder nach dem Dinner steht unser Barmann bereit, um ihre besonderen W\u00fcnsche zu erf\u00fcllen. Bei Bestellungen von mehr als 10 Flaschen erhalten Sie einen Rabatt von 10% des normalen Preises.<br \/>\n<em>Wine list<\/em><\/p>\n<ul>\n<li>Sie k\u00f6nnen den Festsaal mit runden oder l\u00e4nglichen Tischen \u2013 Platz f\u00fcr 70 Personen \u2013 gestalten lassen.<\/li>\n<li>Blumengedecke f\u00fcr die Tische sind im Preis enthalten. Blumen f\u00fcr Bouquets &amp; Bouttonniers k\u00f6nnen fr\u00fchzeitig in dem netten kleinen Blumengesch\u00e4ft vor unserem Hotel ausgesucht und arrangiert werden.<\/li>\n<li>Wir k\u00f6nnen auch musikalische Unterhaltung zur Verf\u00fcgung stellen: Live Musik in verschiedenen Zusammenstellungen \u2013 Klavier; Klavier und Saxophon; Jazz Band (Klavier, Saxophon, Drums und Bass); elektronische Musik und Gesang. Bitte kontaktieren Sie uns, wenn Sie mehr \u00fcber Verf\u00fcgbarkeit und Preise erfahren wollen. Zus\u00e4tzlich ist eine Stereoanlage mit MP3-Anschluss ohne Kosten verf\u00fcgbar.<\/li>\n<li>Wir helfen gerne dabei, f\u00fcr die Braut und die G\u00e4ste einen Termin bei einem Friseur um die Ecke zu organisieren, oder \u2013 mit einem Aufschlag \u2013 in Ihrem Hotelzimmer. F\u00fcr dieses Service bitten wir um fr\u00fchzeitige Buchung.<\/li>\n<\/ul>\n","protected":false},"excerpt":{"rendered":"<p>Das Hotel Napoleon ist der ideale Ort f\u00fcr Ihre Hochzeit in Rom. Wir organisieren mit [&hellip;]<\/p>\n","protected":false},"author":13,"featured_media":0,"parent":117,"menu_order":5,"comment_status":"closed","ping_status":"closed","template":"template-single-restaurant.php","meta":{"footnotes":""},"class_list":["post-138","page","type-page","status-publish","hentry"],"yoast_head":"<!-- This site is optimized with the Yoast SEO plugin v26.9 - https:\/\/yoast.com\/product\/yoast-seo-wordpress\/ -->\n<title>Bankette &amp; Empf\u00e4nge - Hotel Napoleon Roma<\/title>\n<meta name=\"robots\" content=\"index, follow, max-snippet:-1, max-image-preview:large, max-video-preview:-1\" \/>\n<link rel=\"canonical\" href=\"https:\/\/www.napoleon.it\/de\/restaurants\/bankette-empfaenge\/\" \/>\n<meta property=\"og:locale\" content=\"de_DE\" \/>\n<meta property=\"og:type\" content=\"article\" \/>\n<meta property=\"og:title\" content=\"Bankette &amp; Empf\u00e4nge - Hotel Napoleon Roma\" \/>\n<meta property=\"og:description\" content=\"Das Hotel Napoleon ist der ideale Ort f\u00fcr Ihre Hochzeit in Rom. Wir organisieren mit [&hellip;]\" \/>\n<meta property=\"og:url\" content=\"https:\/\/www.napoleon.it\/de\/restaurants\/bankette-empfaenge\/\" \/>\n<meta property=\"og:site_name\" content=\"Hotel Napoleon Roma\" \/>\n<meta property=\"article:modified_time\" content=\"2020-07-08T13:27:26+00:00\" \/>\n<meta name=\"twitter:card\" content=\"summary_large_image\" \/>\n<meta name=\"twitter:label1\" content=\"Gesch\u00e4tzte Lesezeit\" \/>\n\t<meta name=\"twitter:data1\" content=\"1 Minute\" \/>\n<script type=\"application\/ld+json\" class=\"yoast-schema-graph\">{\"@context\":\"https:\/\/schema.org\",\"@graph\":[{\"@type\":\"WebPage\",\"@id\":\"https:\/\/www.napoleon.it\/de\/restaurants\/bankette-empfaenge\/\",\"url\":\"https:\/\/www.napoleon.it\/de\/restaurants\/bankette-empfaenge\/\",\"name\":\"Bankette & Empf\u00e4nge - Hotel Napoleon Roma\",\"isPartOf\":{\"@id\":\"https:\/\/www.napoleon.it\/de\/#website\"},\"datePublished\":\"2020-07-08T13:19:10+00:00\",\"dateModified\":\"2020-07-08T13:27:26+00:00\",\"breadcrumb\":{\"@id\":\"https:\/\/www.napoleon.it\/de\/restaurants\/bankette-empfaenge\/#breadcrumb\"},\"inLanguage\":\"de-DE\",\"potentialAction\":[{\"@type\":\"ReadAction\",\"target\":[\"https:\/\/www.napoleon.it\/de\/restaurants\/bankette-empfaenge\/\"]}]},{\"@type\":\"BreadcrumbList\",\"@id\":\"https:\/\/www.napoleon.it\/de\/restaurants\/bankette-empfaenge\/#breadcrumb\",\"itemListElement\":[{\"@type\":\"ListItem\",\"position\":1,\"name\":\"Home\",\"item\":\"https:\/\/www.napoleon.it\/de\/\"},{\"@type\":\"ListItem\",\"position\":2,\"name\":\"Restaurants\",\"item\":\"https:\/\/www.napoleon.it\/de\/restaurants\/\"},{\"@type\":\"ListItem\",\"position\":3,\"name\":\"Bankette &#038; Empf\u00e4nge\"}]},{\"@type\":\"WebSite\",\"@id\":\"https:\/\/www.napoleon.it\/de\/#website\",\"url\":\"https:\/\/www.napoleon.it\/de\/\",\"name\":\"Hotel Napoleon Roma\",\"description\":\"Ecco un altro sito ms.decms.eu\",\"potentialAction\":[{\"@type\":\"SearchAction\",\"target\":{\"@type\":\"EntryPoint\",\"urlTemplate\":\"https:\/\/www.napoleon.it\/de\/?s={search_term_string}\"},\"query-input\":{\"@type\":\"PropertyValueSpecification\",\"valueRequired\":true,\"valueName\":\"search_term_string\"}}],\"inLanguage\":\"de-DE\"}]}<\/script>\n<!-- \/ Yoast SEO plugin. -->","yoast_head_json":{"title":"Bankette & Empf\u00e4nge - Hotel Napoleon Roma","robots":{"index":"index","follow":"follow","max-snippet":"max-snippet:-1","max-image-preview":"max-image-preview:large","max-video-preview":"max-video-preview:-1"},"canonical":"https:\/\/www.napoleon.it\/de\/restaurants\/bankette-empfaenge\/","og_locale":"de_DE","og_type":"article","og_title":"Bankette & Empf\u00e4nge - Hotel Napoleon Roma","og_description":"Das Hotel Napoleon ist der ideale Ort f\u00fcr Ihre Hochzeit in Rom. Wir organisieren mit [&hellip;]","og_url":"https:\/\/www.napoleon.it\/de\/restaurants\/bankette-empfaenge\/","og_site_name":"Hotel Napoleon Roma","article_modified_time":"2020-07-08T13:27:26+00:00","twitter_card":"summary_large_image","twitter_misc":{"Gesch\u00e4tzte Lesezeit":"1 Minute"},"schema":{"@context":"https:\/\/schema.org","@graph":[{"@type":"WebPage","@id":"https:\/\/www.napoleon.it\/de\/restaurants\/bankette-empfaenge\/","url":"https:\/\/www.napoleon.it\/de\/restaurants\/bankette-empfaenge\/","name":"Bankette & Empf\u00e4nge - Hotel Napoleon Roma","isPartOf":{"@id":"https:\/\/www.napoleon.it\/de\/#website"},"datePublished":"2020-07-08T13:19:10+00:00","dateModified":"2020-07-08T13:27:26+00:00","breadcrumb":{"@id":"https:\/\/www.napoleon.it\/de\/restaurants\/bankette-empfaenge\/#breadcrumb"},"inLanguage":"de-DE","potentialAction":[{"@type":"ReadAction","target":["https:\/\/www.napoleon.it\/de\/restaurants\/bankette-empfaenge\/"]}]},{"@type":"BreadcrumbList","@id":"https:\/\/www.napoleon.it\/de\/restaurants\/bankette-empfaenge\/#breadcrumb","itemListElement":[{"@type":"ListItem","position":1,"name":"Home","item":"https:\/\/www.napoleon.it\/de\/"},{"@type":"ListItem","position":2,"name":"Restaurants","item":"https:\/\/www.napoleon.it\/de\/restaurants\/"},{"@type":"ListItem","position":3,"name":"Bankette &#038; Empf\u00e4nge"}]},{"@type":"WebSite","@id":"https:\/\/www.napoleon.it\/de\/#website","url":"https:\/\/www.napoleon.it\/de\/","name":"Hotel Napoleon Roma","description":"Ecco un altro sito ms.decms.eu","potentialAction":[{"@type":"SearchAction","target":{"@type":"EntryPoint","urlTemplate":"https:\/\/www.napoleon.it\/de\/?s={search_term_string}"},"query-input":{"@type":"PropertyValueSpecification","valueRequired":true,"valueName":"search_term_string"}}],"inLanguage":"de-DE"}]}},"acf":[],"_links":{"self":[{"href":"https:\/\/www.napoleon.it\/de\/wp-json\/wp\/v2\/pages\/138","targetHints":{"allow":["GET"]}}],"collection":[{"href":"https:\/\/www.napoleon.it\/de\/wp-json\/wp\/v2\/pages"}],"about":[{"href":"https:\/\/www.napoleon.it\/de\/wp-json\/wp\/v2\/types\/page"}],"author":[{"embeddable":true,"href":"https:\/\/www.napoleon.it\/de\/wp-json\/wp\/v2\/users\/13"}],"replies":[{"embeddable":true,"href":"https:\/\/www.napoleon.it\/de\/wp-json\/wp\/v2\/comments?post=138"}],"version-history":[{"count":0,"href":"https:\/\/www.napoleon.it\/de\/wp-json\/wp\/v2\/pages\/138\/revisions"}],"up":[{"embeddable":true,"href":"https:\/\/www.napoleon.it\/de\/wp-json\/wp\/v2\/pages\/117"}],"wp:attachment":[{"href":"https:\/\/www.napoleon.it\/de\/wp-json\/wp\/v2\/media?parent=138"}],"curies":[{"name":"wp","href":"https:\/\/api.w.org\/{rel}","templated":true}]}}