{"id":160,"date":"2020-07-08T15:56:10","date_gmt":"2020-07-08T13:56:10","guid":{"rendered":"http:\/\/napoleon.ms.decms.eu\/?page_id=160"},"modified":"2020-07-08T15:56:10","modified_gmt":"2020-07-08T13:56:10","slug":"umweltschutzpolitik","status":"publish","type":"page","link":"https:\/\/www.napoleon.it\/de\/umweltschutzpolitik\/","title":{"rendered":"Umweltschutzpolitik"},"content":{"rendered":"<p>Im Bewusstsein \u00fcber die Notwendigkeit der Erhaltung unserer Umwelt wurde im Hotel Napoleon ein Umweltschutzprogramm durchgesetzt. Dieses soll aktiv einen Beitrag zur Schonung und zur Verbesserung der Umwelt leisten, der Umweltverschmutzung vorbeugen,und den kommenden Generationen eine bessere Zukunft erm\u00f6glichen.<\/p>\n<p>Wir geben unser Bestes, unseren Betrieb so umweltfreundlich wie m\u00f6glich zu f\u00fchren. Es ist uns jedoch bewusst, dass es trotzdem nur ein kleiner Beitrag ist, den wir in diesem Zusammenhang leisten k\u00f6nnen.<\/p>\n<p>[widget??]<\/p>\n<p><strong>Interventionen im Detail<\/strong>:<\/p>\n<ol>\n<li>Im Laufe des Jahres 2009 wurde die neue Heizungsanlage mit zwei Hochleistungs-Zentralheizungen und s\u00e4mtliche Heizk\u00f6rper mit Thermostatventil eingerichtet. Durch diese Intervention haben sich der Verbrauch von Gas Methan um 40% und die Abgasverschmutzung um 80% reduziert.<\/li>\n<li>Wir sind zur Zeit dabei alle Gl\u00fchlampen der letzten Generation mit den neusten Modellen auszuwechseln. Die neuen Gl\u00fchlampen werden bei selber Lichtausstrahlung 75% weniger Watt verbrauchen.<\/li>\n<li>Die Abf\u00e4lle werden regelm\u00e4\u00dfig sortiert. Wir haben mit spezialisierten Firmen Partnerschaften gegr\u00fcndet, die den K\u00fcchen\u00f6labfall 100% recyceln, die Druckerpatronen wiederverwerten, usw\u2026<\/li>\n<li>Die Energieeinsparung und der Kampf gegen die Umweltverschmutzung werden von uns auch durch den bewussten Umgang mit Wasser-und Reinigungsmittelverbrauch umgesetzt: im Hotel Napoleon werden die Bettw\u00e4sche und die Badehandt\u00fccher etc. t\u00e4glich gewechselt. Falls der Gast der Meinung ist, die Bettw\u00e4sche ist nicht wechselbed\u00fcrftig, hat er die M\u00f6glichkeit einen Zettel auszuf\u00fcllen und\u00a0 diesen dem Zimmerservice auf dem Bett zu hinterlassen. Schmutzige Badet\u00fccher k\u00f6nnen einfach auf den Boden geworfen werden.<\/li>\n<li>Sensibilisierung aller Mitarbeiter, um selber die Energiesparma\u00dfnahmen respektieren zu lernen. Wir sensibilisieren alle MitarbeiterInnen f\u00fcr unsere umweltbewusste Philosophie, so dass sie die die Energiesparma\u00dfnahmen respektieren und selbst aktiv umsetzten.<\/li>\n<\/ol>\n","protected":false},"excerpt":{"rendered":"<p>Im Bewusstsein \u00fcber die Notwendigkeit der Erhaltung unserer Umwelt wurde im Hotel Napoleon ein Umweltschutzprogramm [&hellip;]<\/p>\n","protected":false},"author":13,"featured_media":0,"parent":0,"menu_order":11,"comment_status":"closed","ping_status":"closed","template":"","meta":{"footnotes":""},"class_list":["post-160","page","type-page","status-publish","hentry"],"yoast_head":"<!-- This site is optimized with the Yoast SEO plugin v26.9 - https:\/\/yoast.com\/product\/yoast-seo-wordpress\/ -->\n<title>Umweltschutzpolitik - Hotel Napoleon Roma<\/title>\n<meta name=\"robots\" content=\"index, follow, max-snippet:-1, max-image-preview:large, max-video-preview:-1\" \/>\n<link rel=\"canonical\" href=\"https:\/\/www.napoleon.it\/de\/umweltschutzpolitik\/\" \/>\n<meta property=\"og:locale\" content=\"de_DE\" \/>\n<meta property=\"og:type\" content=\"article\" \/>\n<meta property=\"og:title\" content=\"Umweltschutzpolitik - Hotel Napoleon Roma\" \/>\n<meta property=\"og:description\" content=\"Im Bewusstsein \u00fcber die Notwendigkeit der Erhaltung unserer Umwelt wurde im Hotel Napoleon ein Umweltschutzprogramm [&hellip;]\" \/>\n<meta property=\"og:url\" content=\"https:\/\/www.napoleon.it\/de\/umweltschutzpolitik\/\" \/>\n<meta property=\"og:site_name\" content=\"Hotel Napoleon Roma\" \/>\n<meta name=\"twitter:card\" content=\"summary_large_image\" \/>\n<meta name=\"twitter:label1\" content=\"Gesch\u00e4tzte Lesezeit\" \/>\n\t<meta name=\"twitter:data1\" content=\"1 Minute\" \/>\n<script type=\"application\/ld+json\" class=\"yoast-schema-graph\">{\"@context\":\"https:\/\/schema.org\",\"@graph\":[{\"@type\":\"WebPage\",\"@id\":\"https:\/\/www.napoleon.it\/de\/umweltschutzpolitik\/\",\"url\":\"https:\/\/www.napoleon.it\/de\/umweltschutzpolitik\/\",\"name\":\"Umweltschutzpolitik - Hotel Napoleon Roma\",\"isPartOf\":{\"@id\":\"https:\/\/www.napoleon.it\/de\/#website\"},\"datePublished\":\"2020-07-08T13:56:10+00:00\",\"breadcrumb\":{\"@id\":\"https:\/\/www.napoleon.it\/de\/umweltschutzpolitik\/#breadcrumb\"},\"inLanguage\":\"de-DE\",\"potentialAction\":[{\"@type\":\"ReadAction\",\"target\":[\"https:\/\/www.napoleon.it\/de\/umweltschutzpolitik\/\"]}]},{\"@type\":\"BreadcrumbList\",\"@id\":\"https:\/\/www.napoleon.it\/de\/umweltschutzpolitik\/#breadcrumb\",\"itemListElement\":[{\"@type\":\"ListItem\",\"position\":1,\"name\":\"Home\",\"item\":\"https:\/\/www.napoleon.it\/de\/\"},{\"@type\":\"ListItem\",\"position\":2,\"name\":\"Umweltschutzpolitik\"}]},{\"@type\":\"WebSite\",\"@id\":\"https:\/\/www.napoleon.it\/de\/#website\",\"url\":\"https:\/\/www.napoleon.it\/de\/\",\"name\":\"Hotel Napoleon Roma\",\"description\":\"Ecco un altro sito ms.decms.eu\",\"potentialAction\":[{\"@type\":\"SearchAction\",\"target\":{\"@type\":\"EntryPoint\",\"urlTemplate\":\"https:\/\/www.napoleon.it\/de\/?s={search_term_string}\"},\"query-input\":{\"@type\":\"PropertyValueSpecification\",\"valueRequired\":true,\"valueName\":\"search_term_string\"}}],\"inLanguage\":\"de-DE\"}]}<\/script>\n<!-- \/ Yoast SEO plugin. -->","yoast_head_json":{"title":"Umweltschutzpolitik - Hotel Napoleon Roma","robots":{"index":"index","follow":"follow","max-snippet":"max-snippet:-1","max-image-preview":"max-image-preview:large","max-video-preview":"max-video-preview:-1"},"canonical":"https:\/\/www.napoleon.it\/de\/umweltschutzpolitik\/","og_locale":"de_DE","og_type":"article","og_title":"Umweltschutzpolitik - Hotel Napoleon Roma","og_description":"Im Bewusstsein \u00fcber die Notwendigkeit der Erhaltung unserer Umwelt wurde im Hotel Napoleon ein Umweltschutzprogramm [&hellip;]","og_url":"https:\/\/www.napoleon.it\/de\/umweltschutzpolitik\/","og_site_name":"Hotel Napoleon Roma","twitter_card":"summary_large_image","twitter_misc":{"Gesch\u00e4tzte Lesezeit":"1 Minute"},"schema":{"@context":"https:\/\/schema.org","@graph":[{"@type":"WebPage","@id":"https:\/\/www.napoleon.it\/de\/umweltschutzpolitik\/","url":"https:\/\/www.napoleon.it\/de\/umweltschutzpolitik\/","name":"Umweltschutzpolitik - Hotel Napoleon Roma","isPartOf":{"@id":"https:\/\/www.napoleon.it\/de\/#website"},"datePublished":"2020-07-08T13:56:10+00:00","breadcrumb":{"@id":"https:\/\/www.napoleon.it\/de\/umweltschutzpolitik\/#breadcrumb"},"inLanguage":"de-DE","potentialAction":[{"@type":"ReadAction","target":["https:\/\/www.napoleon.it\/de\/umweltschutzpolitik\/"]}]},{"@type":"BreadcrumbList","@id":"https:\/\/www.napoleon.it\/de\/umweltschutzpolitik\/#breadcrumb","itemListElement":[{"@type":"ListItem","position":1,"name":"Home","item":"https:\/\/www.napoleon.it\/de\/"},{"@type":"ListItem","position":2,"name":"Umweltschutzpolitik"}]},{"@type":"WebSite","@id":"https:\/\/www.napoleon.it\/de\/#website","url":"https:\/\/www.napoleon.it\/de\/","name":"Hotel Napoleon Roma","description":"Ecco un altro sito ms.decms.eu","potentialAction":[{"@type":"SearchAction","target":{"@type":"EntryPoint","urlTemplate":"https:\/\/www.napoleon.it\/de\/?s={search_term_string}"},"query-input":{"@type":"PropertyValueSpecification","valueRequired":true,"valueName":"search_term_string"}}],"inLanguage":"de-DE"}]}},"acf":[],"_links":{"self":[{"href":"https:\/\/www.napoleon.it\/de\/wp-json\/wp\/v2\/pages\/160","targetHints":{"allow":["GET"]}}],"collection":[{"href":"https:\/\/www.napoleon.it\/de\/wp-json\/wp\/v2\/pages"}],"about":[{"href":"https:\/\/www.napoleon.it\/de\/wp-json\/wp\/v2\/types\/page"}],"author":[{"embeddable":true,"href":"https:\/\/www.napoleon.it\/de\/wp-json\/wp\/v2\/users\/13"}],"replies":[{"embeddable":true,"href":"https:\/\/www.napoleon.it\/de\/wp-json\/wp\/v2\/comments?post=160"}],"version-history":[{"count":0,"href":"https:\/\/www.napoleon.it\/de\/wp-json\/wp\/v2\/pages\/160\/revisions"}],"wp:attachment":[{"href":"https:\/\/www.napoleon.it\/de\/wp-json\/wp\/v2\/media?parent=160"}],"curies":[{"name":"wp","href":"https:\/\/api.w.org\/{rel}","templated":true}]}}