{"id":165,"date":"2020-07-08T16:58:14","date_gmt":"2020-07-08T14:58:14","guid":{"rendered":"http:\/\/napoleon.ms.decms.eu\/?page_id=165"},"modified":"2020-07-08T16:58:14","modified_gmt":"2020-07-08T14:58:14","slug":"wo-wir-sind","status":"publish","type":"page","link":"https:\/\/www.napoleon.it\/de\/wo-wir-sind\/","title":{"rendered":"Wo Wir Sind"},"content":{"rendered":"<p>Das Hotel Napoleon liegt zwischen den G\u00e4rten von Piazza Vittorio Emanuele und der Via Merulana, im Herzen des Stadtviertels Esquilin, im Zentrum von Rom, in einer <strong>strategischen Lage f\u00fcr einen optimalen Besuch der Stadt<\/strong>.<\/p>\n<p>Die <strong>Metro-Station Vittorio Emanuele<\/strong> befindet sich direkt vor dem Hotel und erm\u00f6glicht Ihnen eine einfache und schnelle Verbindung zu all den wichtigen Orten der ewigen Stadt. Der gr\u00f6\u00dfte Vorteil jedoch ist, dass Sie von unserem Hotel aus viele wichtige Pl\u00e4tze und Sehensw\u00fcrdigkeiten in wenigen Minuten zu Fu\u00df erreichen k\u00f6nnen.<\/p>\n<table>\n<tbody>\n<tr>\n<th><strong>Flughafentransfer<\/strong><br \/>\nPrivate Transfer mit einer Limousine, einem Minibus und einem Bus mit Fahrer vom\/zum Flughafen und Hafen.<\/th>\n<th><strong>Parkgarage<\/strong><br \/>\nParkgarage in 300 mt Entfernung vom Hotel mit Parkservice.<\/th>\n<th><strong>Roma Pass<\/strong><br \/>\nRoma Pass \u2013 Die Card bietet Erm\u00e4\u00dfigungen, um die Sch\u00f6nheiten Roms zu genie\u00dfen.<\/th>\n<\/tr>\n<tr>\n<th><strong>F\u00fchrungen<\/strong><br \/>\nDie Concierge-Mitarbeiter Innen k\u00f6nnen Reservierungen f\u00fcr F\u00fchrungen von Rom vornehmen.<\/th>\n<th><strong>Karte von Rom<\/strong><br \/>\nKarte von Rom an der Rezeption erh\u00e4ltlich.<\/th>\n<th><strong>Briefmarken und Fahrscheine<\/strong><br \/>\nBriefmarken und Fahrscheine f\u00fcr \u00f6ffentliche Verkehrsmittel k\u00f6nnen Sie bei uns erhalten.<\/th>\n<\/tr>\n<\/tbody>\n<\/table>\n","protected":false},"excerpt":{"rendered":"<p>Das Hotel Napoleon liegt zwischen den G\u00e4rten von Piazza Vittorio Emanuele und der Via Merulana, [&hellip;]<\/p>\n","protected":false},"author":13,"featured_media":0,"parent":0,"menu_order":6,"comment_status":"closed","ping_status":"closed","template":"","meta":{"footnotes":""},"class_list":["post-165","page","type-page","status-publish","hentry"],"yoast_head":"<!-- This site is optimized with the Yoast SEO plugin v26.9 - https:\/\/yoast.com\/product\/yoast-seo-wordpress\/ -->\n<title>Wo Wir Sind - Hotel Napoleon Roma<\/title>\n<meta name=\"robots\" content=\"index, follow, max-snippet:-1, max-image-preview:large, max-video-preview:-1\" \/>\n<link rel=\"canonical\" href=\"https:\/\/www.napoleon.it\/de\/wo-wir-sind\/\" \/>\n<meta property=\"og:locale\" content=\"de_DE\" \/>\n<meta property=\"og:type\" content=\"article\" \/>\n<meta property=\"og:title\" content=\"Wo Wir Sind - Hotel Napoleon Roma\" \/>\n<meta property=\"og:description\" content=\"Das Hotel Napoleon liegt zwischen den G\u00e4rten von Piazza Vittorio Emanuele und der Via Merulana, [&hellip;]\" \/>\n<meta property=\"og:url\" content=\"https:\/\/www.napoleon.it\/de\/wo-wir-sind\/\" \/>\n<meta property=\"og:site_name\" content=\"Hotel Napoleon Roma\" \/>\n<meta name=\"twitter:card\" content=\"summary_large_image\" \/>\n<meta name=\"twitter:label1\" content=\"Gesch\u00e4tzte Lesezeit\" \/>\n\t<meta name=\"twitter:data1\" content=\"1 Minute\" \/>\n<script type=\"application\/ld+json\" class=\"yoast-schema-graph\">{\"@context\":\"https:\/\/schema.org\",\"@graph\":[{\"@type\":\"WebPage\",\"@id\":\"https:\/\/www.napoleon.it\/de\/wo-wir-sind\/\",\"url\":\"https:\/\/www.napoleon.it\/de\/wo-wir-sind\/\",\"name\":\"Wo Wir Sind - Hotel Napoleon Roma\",\"isPartOf\":{\"@id\":\"https:\/\/www.napoleon.it\/de\/#website\"},\"datePublished\":\"2020-07-08T14:58:14+00:00\",\"breadcrumb\":{\"@id\":\"https:\/\/www.napoleon.it\/de\/wo-wir-sind\/#breadcrumb\"},\"inLanguage\":\"de-DE\",\"potentialAction\":[{\"@type\":\"ReadAction\",\"target\":[\"https:\/\/www.napoleon.it\/de\/wo-wir-sind\/\"]}]},{\"@type\":\"BreadcrumbList\",\"@id\":\"https:\/\/www.napoleon.it\/de\/wo-wir-sind\/#breadcrumb\",\"itemListElement\":[{\"@type\":\"ListItem\",\"position\":1,\"name\":\"Home\",\"item\":\"https:\/\/www.napoleon.it\/de\/\"},{\"@type\":\"ListItem\",\"position\":2,\"name\":\"Wo Wir Sind\"}]},{\"@type\":\"WebSite\",\"@id\":\"https:\/\/www.napoleon.it\/de\/#website\",\"url\":\"https:\/\/www.napoleon.it\/de\/\",\"name\":\"Hotel Napoleon Roma\",\"description\":\"Ecco un altro sito ms.decms.eu\",\"potentialAction\":[{\"@type\":\"SearchAction\",\"target\":{\"@type\":\"EntryPoint\",\"urlTemplate\":\"https:\/\/www.napoleon.it\/de\/?s={search_term_string}\"},\"query-input\":{\"@type\":\"PropertyValueSpecification\",\"valueRequired\":true,\"valueName\":\"search_term_string\"}}],\"inLanguage\":\"de-DE\"}]}<\/script>\n<!-- \/ Yoast SEO plugin. -->","yoast_head_json":{"title":"Wo Wir Sind - Hotel Napoleon Roma","robots":{"index":"index","follow":"follow","max-snippet":"max-snippet:-1","max-image-preview":"max-image-preview:large","max-video-preview":"max-video-preview:-1"},"canonical":"https:\/\/www.napoleon.it\/de\/wo-wir-sind\/","og_locale":"de_DE","og_type":"article","og_title":"Wo Wir Sind - Hotel Napoleon Roma","og_description":"Das Hotel Napoleon liegt zwischen den G\u00e4rten von Piazza Vittorio Emanuele und der Via Merulana, [&hellip;]","og_url":"https:\/\/www.napoleon.it\/de\/wo-wir-sind\/","og_site_name":"Hotel Napoleon Roma","twitter_card":"summary_large_image","twitter_misc":{"Gesch\u00e4tzte Lesezeit":"1 Minute"},"schema":{"@context":"https:\/\/schema.org","@graph":[{"@type":"WebPage","@id":"https:\/\/www.napoleon.it\/de\/wo-wir-sind\/","url":"https:\/\/www.napoleon.it\/de\/wo-wir-sind\/","name":"Wo Wir Sind - Hotel Napoleon Roma","isPartOf":{"@id":"https:\/\/www.napoleon.it\/de\/#website"},"datePublished":"2020-07-08T14:58:14+00:00","breadcrumb":{"@id":"https:\/\/www.napoleon.it\/de\/wo-wir-sind\/#breadcrumb"},"inLanguage":"de-DE","potentialAction":[{"@type":"ReadAction","target":["https:\/\/www.napoleon.it\/de\/wo-wir-sind\/"]}]},{"@type":"BreadcrumbList","@id":"https:\/\/www.napoleon.it\/de\/wo-wir-sind\/#breadcrumb","itemListElement":[{"@type":"ListItem","position":1,"name":"Home","item":"https:\/\/www.napoleon.it\/de\/"},{"@type":"ListItem","position":2,"name":"Wo Wir Sind"}]},{"@type":"WebSite","@id":"https:\/\/www.napoleon.it\/de\/#website","url":"https:\/\/www.napoleon.it\/de\/","name":"Hotel Napoleon Roma","description":"Ecco un altro sito ms.decms.eu","potentialAction":[{"@type":"SearchAction","target":{"@type":"EntryPoint","urlTemplate":"https:\/\/www.napoleon.it\/de\/?s={search_term_string}"},"query-input":{"@type":"PropertyValueSpecification","valueRequired":true,"valueName":"search_term_string"}}],"inLanguage":"de-DE"}]}},"acf":[],"_links":{"self":[{"href":"https:\/\/www.napoleon.it\/de\/wp-json\/wp\/v2\/pages\/165","targetHints":{"allow":["GET"]}}],"collection":[{"href":"https:\/\/www.napoleon.it\/de\/wp-json\/wp\/v2\/pages"}],"about":[{"href":"https:\/\/www.napoleon.it\/de\/wp-json\/wp\/v2\/types\/page"}],"author":[{"embeddable":true,"href":"https:\/\/www.napoleon.it\/de\/wp-json\/wp\/v2\/users\/13"}],"replies":[{"embeddable":true,"href":"https:\/\/www.napoleon.it\/de\/wp-json\/wp\/v2\/comments?post=165"}],"version-history":[{"count":0,"href":"https:\/\/www.napoleon.it\/de\/wp-json\/wp\/v2\/pages\/165\/revisions"}],"wp:attachment":[{"href":"https:\/\/www.napoleon.it\/de\/wp-json\/wp\/v2\/media?parent=165"}],"curies":[{"name":"wp","href":"https:\/\/api.w.org\/{rel}","templated":true}]}}