{"id":169,"date":"2020-07-08T17:07:56","date_gmt":"2020-07-08T15:07:56","guid":{"rendered":"http:\/\/napoleon.ms.decms.eu\/?page_id=169"},"modified":"2020-07-08T17:09:07","modified_gmt":"2020-07-08T15:09:07","slug":"routen-zu-fuss","status":"publish","type":"page","link":"https:\/\/www.napoleon.it\/de\/wo-wir-sind\/routen-zu-fuss\/","title":{"rendered":"Routen zu Fu\u00df"},"content":{"rendered":"<h4>Monumentales Rom &#8211; von der Via dei Fori Imperiali bis zum Kolosseum<\/h4>\n<p>In Richtung Westen, weniger als 1 km entfernt, finden Sie das ber\u00fchmteste Monument Roms: das Kolosseum und das gro\u00dfe arch\u00e4ologische Gebiet des Forum Romanum, den Heiligen Weg, den Palatin und die M\u00e4rkte von Traianei. Eine Route, die sich zwischen den ber\u00fchmten Sehensw\u00fcrdigkeiten der Hauptstadt erstreckt, beginnend mit dem Kolosseum. Erleben Sie die Atmosph\u00e4re des antiken Roms in all seiner Pracht, in den Stra\u00dfen, die diese Stadt \u201eewig\u201c gemacht haben.<\/p>\n<p>Laden Sie den Leitfaden herunter (.pdf)<\/p>\n<p>&nbsp;<\/p>\n<h4>Der Anbruch des christlichen Roms &#8211; von San Giovanni in Laterano bis Santa Croce in Gerusalemme<\/h4>\n<p>In Richtung S\u00fcden finden Sie die Basilika Santa Croce, die Basilika San Giovanni und die Lateranensi-Pal\u00e4ste. Es handelt sich um eine Route zwischen zwei herrlichen Pl\u00e4tzen: der Platz aus dem achtzehnten Jahrhundert, der sich vor der Basilika San Giovanni in Laterano ausbreitet, und der vor der Kirche von Santa Croce in Gerusalemme mit dem nahliegenden Museum f\u00fcr Musikinstrumente.<\/p>\n<p>Laden Sie den Leitfaden herunter (.pdf)<\/p>\n<p>&nbsp;<\/p>\n<h4>Renaissance und Barock Rom<\/h4>\n<p>Sie \u00fcberqueren den Rione Monti, der am dichtesten besiedelten Stadtviertel des antiken Roms einst gewesen ist, ein Labyrinth von Gassen, kleinen Gesch\u00e4ften und M\u00e4rkten. In letzter Zeit wurden die alten Gassen zu einem der innovativsten Viertel der Stadt mit vielen Bars und Restaurants umgestaltet.<\/p>\n<p>Laden Sie den Leitfaden herunter (.pdf)<\/p>\n<p>&nbsp;<\/p>\n<h4>Das Rad der Geschichte &#8211; The Oppian und Esquiline Hills<\/h4>\n<p>Eine Route, um den Oppian und den Esquiline-H\u00fcgel zu entdecken, einer der sieben H\u00fcgel des antiken Roms, wo sich \u00fcberall Spuren der antiken Vergangenheit befinden.<\/p>\n<p>Laden Sie den Leitfaden herunter (.pdf)<\/p>\n","protected":false},"excerpt":{"rendered":"<p>Monumentales Rom &#8211; von der Via dei Fori Imperiali bis zum Kolosseum In Richtung Westen, [&hellip;]<\/p>\n","protected":false},"author":13,"featured_media":0,"parent":165,"menu_order":1,"comment_status":"closed","ping_status":"closed","template":"","meta":{"footnotes":""},"class_list":["post-169","page","type-page","status-publish","hentry"],"yoast_head":"<!-- This site is optimized with the Yoast SEO plugin v26.9 - https:\/\/yoast.com\/product\/yoast-seo-wordpress\/ -->\n<title>Routen zu Fu\u00df - Hotel Napoleon Roma<\/title>\n<meta name=\"robots\" content=\"index, follow, max-snippet:-1, max-image-preview:large, max-video-preview:-1\" \/>\n<link rel=\"canonical\" href=\"https:\/\/www.napoleon.it\/de\/wo-wir-sind\/routen-zu-fuss\/\" \/>\n<meta property=\"og:locale\" content=\"de_DE\" \/>\n<meta property=\"og:type\" content=\"article\" \/>\n<meta property=\"og:title\" content=\"Routen zu Fu\u00df - Hotel Napoleon Roma\" \/>\n<meta property=\"og:description\" content=\"Monumentales Rom &#8211; von der Via dei Fori Imperiali bis zum Kolosseum In Richtung Westen, [&hellip;]\" \/>\n<meta property=\"og:url\" content=\"https:\/\/www.napoleon.it\/de\/wo-wir-sind\/routen-zu-fuss\/\" \/>\n<meta property=\"og:site_name\" content=\"Hotel Napoleon Roma\" \/>\n<meta property=\"article:modified_time\" content=\"2020-07-08T15:09:07+00:00\" \/>\n<meta name=\"twitter:card\" content=\"summary_large_image\" \/>\n<meta name=\"twitter:label1\" content=\"Gesch\u00e4tzte Lesezeit\" \/>\n\t<meta name=\"twitter:data1\" content=\"1 Minute\" \/>\n<script type=\"application\/ld+json\" class=\"yoast-schema-graph\">{\"@context\":\"https:\/\/schema.org\",\"@graph\":[{\"@type\":\"WebPage\",\"@id\":\"https:\/\/www.napoleon.it\/de\/wo-wir-sind\/routen-zu-fuss\/\",\"url\":\"https:\/\/www.napoleon.it\/de\/wo-wir-sind\/routen-zu-fuss\/\",\"name\":\"Routen zu Fu\u00df - Hotel Napoleon Roma\",\"isPartOf\":{\"@id\":\"https:\/\/www.napoleon.it\/de\/#website\"},\"datePublished\":\"2020-07-08T15:07:56+00:00\",\"dateModified\":\"2020-07-08T15:09:07+00:00\",\"breadcrumb\":{\"@id\":\"https:\/\/www.napoleon.it\/de\/wo-wir-sind\/routen-zu-fuss\/#breadcrumb\"},\"inLanguage\":\"de-DE\",\"potentialAction\":[{\"@type\":\"ReadAction\",\"target\":[\"https:\/\/www.napoleon.it\/de\/wo-wir-sind\/routen-zu-fuss\/\"]}]},{\"@type\":\"BreadcrumbList\",\"@id\":\"https:\/\/www.napoleon.it\/de\/wo-wir-sind\/routen-zu-fuss\/#breadcrumb\",\"itemListElement\":[{\"@type\":\"ListItem\",\"position\":1,\"name\":\"Home\",\"item\":\"https:\/\/www.napoleon.it\/de\/\"},{\"@type\":\"ListItem\",\"position\":2,\"name\":\"Wo Wir Sind\",\"item\":\"https:\/\/www.napoleon.it\/de\/wo-wir-sind\/\"},{\"@type\":\"ListItem\",\"position\":3,\"name\":\"Routen zu Fu\u00df\"}]},{\"@type\":\"WebSite\",\"@id\":\"https:\/\/www.napoleon.it\/de\/#website\",\"url\":\"https:\/\/www.napoleon.it\/de\/\",\"name\":\"Hotel Napoleon Roma\",\"description\":\"Ecco un altro sito ms.decms.eu\",\"potentialAction\":[{\"@type\":\"SearchAction\",\"target\":{\"@type\":\"EntryPoint\",\"urlTemplate\":\"https:\/\/www.napoleon.it\/de\/?s={search_term_string}\"},\"query-input\":{\"@type\":\"PropertyValueSpecification\",\"valueRequired\":true,\"valueName\":\"search_term_string\"}}],\"inLanguage\":\"de-DE\"}]}<\/script>\n<!-- \/ Yoast SEO plugin. -->","yoast_head_json":{"title":"Routen zu Fu\u00df - Hotel Napoleon Roma","robots":{"index":"index","follow":"follow","max-snippet":"max-snippet:-1","max-image-preview":"max-image-preview:large","max-video-preview":"max-video-preview:-1"},"canonical":"https:\/\/www.napoleon.it\/de\/wo-wir-sind\/routen-zu-fuss\/","og_locale":"de_DE","og_type":"article","og_title":"Routen zu Fu\u00df - Hotel Napoleon Roma","og_description":"Monumentales Rom &#8211; von der Via dei Fori Imperiali bis zum Kolosseum In Richtung Westen, [&hellip;]","og_url":"https:\/\/www.napoleon.it\/de\/wo-wir-sind\/routen-zu-fuss\/","og_site_name":"Hotel Napoleon Roma","article_modified_time":"2020-07-08T15:09:07+00:00","twitter_card":"summary_large_image","twitter_misc":{"Gesch\u00e4tzte Lesezeit":"1 Minute"},"schema":{"@context":"https:\/\/schema.org","@graph":[{"@type":"WebPage","@id":"https:\/\/www.napoleon.it\/de\/wo-wir-sind\/routen-zu-fuss\/","url":"https:\/\/www.napoleon.it\/de\/wo-wir-sind\/routen-zu-fuss\/","name":"Routen zu Fu\u00df - Hotel Napoleon Roma","isPartOf":{"@id":"https:\/\/www.napoleon.it\/de\/#website"},"datePublished":"2020-07-08T15:07:56+00:00","dateModified":"2020-07-08T15:09:07+00:00","breadcrumb":{"@id":"https:\/\/www.napoleon.it\/de\/wo-wir-sind\/routen-zu-fuss\/#breadcrumb"},"inLanguage":"de-DE","potentialAction":[{"@type":"ReadAction","target":["https:\/\/www.napoleon.it\/de\/wo-wir-sind\/routen-zu-fuss\/"]}]},{"@type":"BreadcrumbList","@id":"https:\/\/www.napoleon.it\/de\/wo-wir-sind\/routen-zu-fuss\/#breadcrumb","itemListElement":[{"@type":"ListItem","position":1,"name":"Home","item":"https:\/\/www.napoleon.it\/de\/"},{"@type":"ListItem","position":2,"name":"Wo Wir Sind","item":"https:\/\/www.napoleon.it\/de\/wo-wir-sind\/"},{"@type":"ListItem","position":3,"name":"Routen zu Fu\u00df"}]},{"@type":"WebSite","@id":"https:\/\/www.napoleon.it\/de\/#website","url":"https:\/\/www.napoleon.it\/de\/","name":"Hotel Napoleon Roma","description":"Ecco un altro sito ms.decms.eu","potentialAction":[{"@type":"SearchAction","target":{"@type":"EntryPoint","urlTemplate":"https:\/\/www.napoleon.it\/de\/?s={search_term_string}"},"query-input":{"@type":"PropertyValueSpecification","valueRequired":true,"valueName":"search_term_string"}}],"inLanguage":"de-DE"}]}},"acf":[],"_links":{"self":[{"href":"https:\/\/www.napoleon.it\/de\/wp-json\/wp\/v2\/pages\/169","targetHints":{"allow":["GET"]}}],"collection":[{"href":"https:\/\/www.napoleon.it\/de\/wp-json\/wp\/v2\/pages"}],"about":[{"href":"https:\/\/www.napoleon.it\/de\/wp-json\/wp\/v2\/types\/page"}],"author":[{"embeddable":true,"href":"https:\/\/www.napoleon.it\/de\/wp-json\/wp\/v2\/users\/13"}],"replies":[{"embeddable":true,"href":"https:\/\/www.napoleon.it\/de\/wp-json\/wp\/v2\/comments?post=169"}],"version-history":[{"count":0,"href":"https:\/\/www.napoleon.it\/de\/wp-json\/wp\/v2\/pages\/169\/revisions"}],"up":[{"embeddable":true,"href":"https:\/\/www.napoleon.it\/de\/wp-json\/wp\/v2\/pages\/165"}],"wp:attachment":[{"href":"https:\/\/www.napoleon.it\/de\/wp-json\/wp\/v2\/media?parent=169"}],"curies":[{"name":"wp","href":"https:\/\/api.w.org\/{rel}","templated":true}]}}