{"id":174,"date":"2020-07-08T17:22:04","date_gmt":"2020-07-08T15:22:04","guid":{"rendered":"http:\/\/napoleon.ms.decms.eu\/?page_id=174"},"modified":"2020-07-08T17:22:32","modified_gmt":"2020-07-08T15:22:32","slug":"piazza-vittorio-emanuele","status":"publish","type":"page","link":"https:\/\/www.napoleon.it\/de\/wo-wir-sind\/piazza-vittorio-emanuele\/","title":{"rendered":"Piazza Vittorio Emanuele"},"content":{"rendered":"<h4>Die G\u00e4rten \u2013 zwischen Geschichte und Legende<\/h4>\n<p>In der Mitte des Platzes befindet sich ein gro\u00dfer, k\u00fcrzlich restaurierter Garten, in dem \u00dcberreste der sogenannten Marios-Troph\u00e4en freigelegt sind: eine Ruine eines Springbrunnens aus der Zeit der Severer. Die \u00dcberreste der antiken Villa von Prinz Poniatowsky, ein Adel polnischer Abstammung und ber\u00fchmter Alchemist von \u201a700, wo das \u201eMagic Door\u201c mehr Interesse am Besuch des Parks weckt. Auf den antiken S\u00e4ulen finden Sie alchemistische Symbole. Die Legende besagt, dass sich dort eine Zauberformel verbirgt, in der einfache Metalle in Gold umgewandelt werden.<\/p>\n<p>&nbsp;<\/p>\n<h4>Um zu besuchen<\/h4>\n<p>Um den Park herum gibt es mehrere St\u00e4nde zum Trinken und Blumenst\u00e4nde. In der Umgebung der Piazza Vittorio finden Sie zahlreiche Restaurants, von denen einige die wichtigsten in Rom sind. In der N\u00e4he der Piazza Vittorio, in der Principe Eugenio Stra\u00dfe, finden Sie \u201eIl Palazzo del Freddo\u201c, die \u00e4lteste Eisdiele Italiens, die weltweit f\u00fcr ein hervorragendes Eis aus Kunsthandwerk bekannt ist. Das Geb\u00e4ude zeigt Gegenst\u00e4nde und Dokumente, die die Geschichte Italiens erz\u00e4hlen. Einen Besuch wert ist der Esquilino-Markt, der sich einst auf der Piazza Vittorio befand und sich heute in einem Geb\u00e4ude in der N\u00e4he des Platzes befindet. Die R\u00f6mer nennen es den \u201eProduzentenmarkt\u201c: Eine sch\u00f6ne Mischung aus frischen und schmackhaften Produkten von lokalen Bauern, Indern und Kaufleuten aus dem Nahen Osten.<\/p>\n<p>&nbsp;<\/p>\n<h4>Die Veranstaltungen und das Sommerkino<\/h4>\n<p>W\u00e4hrend der Sommersaison bietet Piazza Vittorio Musikfestivals und Freiluftkino sowie verschiedene Theater-, Foto- und Kunstveranstaltungen. Alle diese Veranstaltungen bereichern die Piazza Vittorio mit magischer und kreativer Energie.<\/p>\n<p>&nbsp;<\/p>\n<h4>Geschichte und Architektur<\/h4>\n<p>Der Architekt Kock projektierte den heutigen Platz zwischen 1882 und 1887: Piazza Vittorio Emanuele II, Zentrum von Rione Esquilino. Es wurde nach dem ersten K\u00f6nig von Italien, Vittorio Emanuele II, benannt.<br \/>\nDie Piazza Vittorio, wie sie h\u00e4ufiger genannt wird, ist ein breiter rechteckiger Platz, der vollst\u00e4ndig von Arkaden im piemontesischen Stil umgeben ist. Der einzige dieser Art in Rom ist mit seinen Abmessungen von 316 x 147 Metern einer der gr\u00f6\u00dften Pl\u00e4tze der Hauptstadt.<\/p>\n<p>&nbsp;<\/p>\n<h4>Die ber\u00fchmte Band und der \u201eGeist des Platzes\u201c<\/h4>\n<p>Das Orchester von Piazza Vittorio, das auch durch einen erfolgreichen Film mit demselben Namen bekannt ist, repr\u00e4sentiert wahrscheinlich besser als alles andere den wahren Geist der Piazza Vittorio: Ein weltoffener Schmelztiegel, der aktiv ist und ein hohes Niveau an Kultur und Kunst ausdr\u00fccken kann.<\/p>\n","protected":false},"excerpt":{"rendered":"<p>Die G\u00e4rten \u2013 zwischen Geschichte und Legende In der Mitte des Platzes befindet sich ein [&hellip;]<\/p>\n","protected":false},"author":13,"featured_media":0,"parent":165,"menu_order":2,"comment_status":"closed","ping_status":"closed","template":"","meta":{"footnotes":""},"class_list":["post-174","page","type-page","status-publish","hentry"],"yoast_head":"<!-- This site is optimized with the Yoast SEO plugin v26.9 - https:\/\/yoast.com\/product\/yoast-seo-wordpress\/ -->\n<title>Piazza Vittorio Emanuele - Hotel Napoleon Roma<\/title>\n<meta name=\"robots\" content=\"index, follow, max-snippet:-1, max-image-preview:large, max-video-preview:-1\" \/>\n<link rel=\"canonical\" href=\"https:\/\/www.napoleon.it\/de\/wo-wir-sind\/piazza-vittorio-emanuele\/\" \/>\n<meta property=\"og:locale\" content=\"de_DE\" \/>\n<meta property=\"og:type\" content=\"article\" \/>\n<meta property=\"og:title\" content=\"Piazza Vittorio Emanuele - Hotel Napoleon Roma\" \/>\n<meta property=\"og:description\" content=\"Die G\u00e4rten \u2013 zwischen Geschichte und Legende In der Mitte des Platzes befindet sich ein [&hellip;]\" \/>\n<meta property=\"og:url\" content=\"https:\/\/www.napoleon.it\/de\/wo-wir-sind\/piazza-vittorio-emanuele\/\" \/>\n<meta property=\"og:site_name\" content=\"Hotel Napoleon Roma\" \/>\n<meta property=\"article:modified_time\" content=\"2020-07-08T15:22:32+00:00\" \/>\n<meta name=\"twitter:card\" content=\"summary_large_image\" \/>\n<meta name=\"twitter:label1\" content=\"Gesch\u00e4tzte Lesezeit\" \/>\n\t<meta name=\"twitter:data1\" content=\"2 Minuten\" \/>\n<script type=\"application\/ld+json\" class=\"yoast-schema-graph\">{\"@context\":\"https:\/\/schema.org\",\"@graph\":[{\"@type\":\"WebPage\",\"@id\":\"https:\/\/www.napoleon.it\/de\/wo-wir-sind\/piazza-vittorio-emanuele\/\",\"url\":\"https:\/\/www.napoleon.it\/de\/wo-wir-sind\/piazza-vittorio-emanuele\/\",\"name\":\"Piazza Vittorio Emanuele - Hotel Napoleon Roma\",\"isPartOf\":{\"@id\":\"https:\/\/www.napoleon.it\/de\/#website\"},\"datePublished\":\"2020-07-08T15:22:04+00:00\",\"dateModified\":\"2020-07-08T15:22:32+00:00\",\"breadcrumb\":{\"@id\":\"https:\/\/www.napoleon.it\/de\/wo-wir-sind\/piazza-vittorio-emanuele\/#breadcrumb\"},\"inLanguage\":\"de-DE\",\"potentialAction\":[{\"@type\":\"ReadAction\",\"target\":[\"https:\/\/www.napoleon.it\/de\/wo-wir-sind\/piazza-vittorio-emanuele\/\"]}]},{\"@type\":\"BreadcrumbList\",\"@id\":\"https:\/\/www.napoleon.it\/de\/wo-wir-sind\/piazza-vittorio-emanuele\/#breadcrumb\",\"itemListElement\":[{\"@type\":\"ListItem\",\"position\":1,\"name\":\"Home\",\"item\":\"https:\/\/www.napoleon.it\/de\/\"},{\"@type\":\"ListItem\",\"position\":2,\"name\":\"Wo Wir Sind\",\"item\":\"https:\/\/www.napoleon.it\/de\/wo-wir-sind\/\"},{\"@type\":\"ListItem\",\"position\":3,\"name\":\"Piazza Vittorio Emanuele\"}]},{\"@type\":\"WebSite\",\"@id\":\"https:\/\/www.napoleon.it\/de\/#website\",\"url\":\"https:\/\/www.napoleon.it\/de\/\",\"name\":\"Hotel Napoleon Roma\",\"description\":\"Ecco un altro sito ms.decms.eu\",\"potentialAction\":[{\"@type\":\"SearchAction\",\"target\":{\"@type\":\"EntryPoint\",\"urlTemplate\":\"https:\/\/www.napoleon.it\/de\/?s={search_term_string}\"},\"query-input\":{\"@type\":\"PropertyValueSpecification\",\"valueRequired\":true,\"valueName\":\"search_term_string\"}}],\"inLanguage\":\"de-DE\"}]}<\/script>\n<!-- \/ Yoast SEO plugin. -->","yoast_head_json":{"title":"Piazza Vittorio Emanuele - Hotel Napoleon Roma","robots":{"index":"index","follow":"follow","max-snippet":"max-snippet:-1","max-image-preview":"max-image-preview:large","max-video-preview":"max-video-preview:-1"},"canonical":"https:\/\/www.napoleon.it\/de\/wo-wir-sind\/piazza-vittorio-emanuele\/","og_locale":"de_DE","og_type":"article","og_title":"Piazza Vittorio Emanuele - Hotel Napoleon Roma","og_description":"Die G\u00e4rten \u2013 zwischen Geschichte und Legende In der Mitte des Platzes befindet sich ein [&hellip;]","og_url":"https:\/\/www.napoleon.it\/de\/wo-wir-sind\/piazza-vittorio-emanuele\/","og_site_name":"Hotel Napoleon Roma","article_modified_time":"2020-07-08T15:22:32+00:00","twitter_card":"summary_large_image","twitter_misc":{"Gesch\u00e4tzte Lesezeit":"2 Minuten"},"schema":{"@context":"https:\/\/schema.org","@graph":[{"@type":"WebPage","@id":"https:\/\/www.napoleon.it\/de\/wo-wir-sind\/piazza-vittorio-emanuele\/","url":"https:\/\/www.napoleon.it\/de\/wo-wir-sind\/piazza-vittorio-emanuele\/","name":"Piazza Vittorio Emanuele - Hotel Napoleon Roma","isPartOf":{"@id":"https:\/\/www.napoleon.it\/de\/#website"},"datePublished":"2020-07-08T15:22:04+00:00","dateModified":"2020-07-08T15:22:32+00:00","breadcrumb":{"@id":"https:\/\/www.napoleon.it\/de\/wo-wir-sind\/piazza-vittorio-emanuele\/#breadcrumb"},"inLanguage":"de-DE","potentialAction":[{"@type":"ReadAction","target":["https:\/\/www.napoleon.it\/de\/wo-wir-sind\/piazza-vittorio-emanuele\/"]}]},{"@type":"BreadcrumbList","@id":"https:\/\/www.napoleon.it\/de\/wo-wir-sind\/piazza-vittorio-emanuele\/#breadcrumb","itemListElement":[{"@type":"ListItem","position":1,"name":"Home","item":"https:\/\/www.napoleon.it\/de\/"},{"@type":"ListItem","position":2,"name":"Wo Wir Sind","item":"https:\/\/www.napoleon.it\/de\/wo-wir-sind\/"},{"@type":"ListItem","position":3,"name":"Piazza Vittorio Emanuele"}]},{"@type":"WebSite","@id":"https:\/\/www.napoleon.it\/de\/#website","url":"https:\/\/www.napoleon.it\/de\/","name":"Hotel Napoleon Roma","description":"Ecco un altro sito ms.decms.eu","potentialAction":[{"@type":"SearchAction","target":{"@type":"EntryPoint","urlTemplate":"https:\/\/www.napoleon.it\/de\/?s={search_term_string}"},"query-input":{"@type":"PropertyValueSpecification","valueRequired":true,"valueName":"search_term_string"}}],"inLanguage":"de-DE"}]}},"acf":[],"_links":{"self":[{"href":"https:\/\/www.napoleon.it\/de\/wp-json\/wp\/v2\/pages\/174","targetHints":{"allow":["GET"]}}],"collection":[{"href":"https:\/\/www.napoleon.it\/de\/wp-json\/wp\/v2\/pages"}],"about":[{"href":"https:\/\/www.napoleon.it\/de\/wp-json\/wp\/v2\/types\/page"}],"author":[{"embeddable":true,"href":"https:\/\/www.napoleon.it\/de\/wp-json\/wp\/v2\/users\/13"}],"replies":[{"embeddable":true,"href":"https:\/\/www.napoleon.it\/de\/wp-json\/wp\/v2\/comments?post=174"}],"version-history":[{"count":0,"href":"https:\/\/www.napoleon.it\/de\/wp-json\/wp\/v2\/pages\/174\/revisions"}],"up":[{"embeddable":true,"href":"https:\/\/www.napoleon.it\/de\/wp-json\/wp\/v2\/pages\/165"}],"wp:attachment":[{"href":"https:\/\/www.napoleon.it\/de\/wp-json\/wp\/v2\/media?parent=174"}],"curies":[{"name":"wp","href":"https:\/\/api.w.org\/{rel}","templated":true}]}}