{"id":195,"date":"2020-07-08T17:46:24","date_gmt":"2020-07-08T15:46:24","guid":{"rendered":"http:\/\/napoleon.ms.decms.eu\/?page_id=195"},"modified":"2020-07-08T17:46:24","modified_gmt":"2020-07-08T15:46:24","slug":"tripadvisor-hall-of-fame","status":"publish","type":"page","link":"https:\/\/www.napoleon.it\/de\/rom-news\/tripadvisor-hall-of-fame\/","title":{"rendered":"Tripadvisor \u201eHall of Fame\u201c"},"content":{"rendered":"<p>\u201eJetzt befindet sich das Hotel Napoleon in der\u201c Hall of Fame \u201e! Ein gro\u00dfartiger Moment in der Geschichte unseres Hotels. Die prestigetr\u00e4chtige Auszeichnung, die im Hotel Napoleon verliehen wurde, f\u00fcr f\u00fcnf aufeinanderfolgende Jahre das Zertifikat der Exzellenz erhalten zu haben, dank der Bewertungen unserer G\u00e4ste. Wir m\u00f6chten allen herzlich danken, die uns in diesen Jahren\u2026<\/p>\n<div class=\"testimonial-vcard\">\n<h4 class=\"testimonial-name\" style=\"text-align: right;\"><span class=\"text-primary\">Roberto Cioce<br \/>\n<\/span><span class=\"text-secondary color-secondary\">Hotellier<\/span><\/h4>\n<\/div>\n","protected":false},"excerpt":{"rendered":"<p>\u201eJetzt befindet sich das Hotel Napoleon in der\u201c Hall of Fame \u201e! Ein gro\u00dfartiger Moment [&hellip;]<\/p>\n","protected":false},"author":13,"featured_media":0,"parent":186,"menu_order":46,"comment_status":"closed","ping_status":"closed","template":"","meta":{"footnotes":""},"class_list":["post-195","page","type-page","status-publish","hentry"],"yoast_head":"<!-- This site is optimized with the Yoast SEO plugin v26.9 - https:\/\/yoast.com\/product\/yoast-seo-wordpress\/ -->\n<title>Tripadvisor \u201eHall of Fame\u201c - Hotel Napoleon Roma<\/title>\n<meta name=\"robots\" content=\"index, follow, max-snippet:-1, max-image-preview:large, max-video-preview:-1\" \/>\n<link rel=\"canonical\" href=\"https:\/\/www.napoleon.it\/de\/rom-news\/tripadvisor-hall-of-fame\/\" \/>\n<meta property=\"og:locale\" content=\"de_DE\" \/>\n<meta property=\"og:type\" content=\"article\" \/>\n<meta property=\"og:title\" content=\"Tripadvisor \u201eHall of Fame\u201c - Hotel Napoleon Roma\" \/>\n<meta property=\"og:description\" content=\"\u201eJetzt befindet sich das Hotel Napoleon in der\u201c Hall of Fame \u201e! Ein gro\u00dfartiger Moment [&hellip;]\" \/>\n<meta property=\"og:url\" content=\"https:\/\/www.napoleon.it\/de\/rom-news\/tripadvisor-hall-of-fame\/\" \/>\n<meta property=\"og:site_name\" content=\"Hotel Napoleon Roma\" \/>\n<meta name=\"twitter:card\" content=\"summary_large_image\" \/>\n<script type=\"application\/ld+json\" class=\"yoast-schema-graph\">{\"@context\":\"https:\/\/schema.org\",\"@graph\":[{\"@type\":\"WebPage\",\"@id\":\"https:\/\/www.napoleon.it\/de\/rom-news\/tripadvisor-hall-of-fame\/\",\"url\":\"https:\/\/www.napoleon.it\/de\/rom-news\/tripadvisor-hall-of-fame\/\",\"name\":\"Tripadvisor \u201eHall of Fame\u201c - Hotel Napoleon Roma\",\"isPartOf\":{\"@id\":\"https:\/\/www.napoleon.it\/de\/#website\"},\"datePublished\":\"2020-07-08T15:46:24+00:00\",\"breadcrumb\":{\"@id\":\"https:\/\/www.napoleon.it\/de\/rom-news\/tripadvisor-hall-of-fame\/#breadcrumb\"},\"inLanguage\":\"de-DE\",\"potentialAction\":[{\"@type\":\"ReadAction\",\"target\":[\"https:\/\/www.napoleon.it\/de\/rom-news\/tripadvisor-hall-of-fame\/\"]}]},{\"@type\":\"BreadcrumbList\",\"@id\":\"https:\/\/www.napoleon.it\/de\/rom-news\/tripadvisor-hall-of-fame\/#breadcrumb\",\"itemListElement\":[{\"@type\":\"ListItem\",\"position\":1,\"name\":\"Home\",\"item\":\"https:\/\/www.napoleon.it\/de\/\"},{\"@type\":\"ListItem\",\"position\":2,\"name\":\"Rom News\",\"item\":\"https:\/\/www.napoleon.it\/de\/rom-news\/\"},{\"@type\":\"ListItem\",\"position\":3,\"name\":\"Tripadvisor \u201eHall of Fame\u201c\"}]},{\"@type\":\"WebSite\",\"@id\":\"https:\/\/www.napoleon.it\/de\/#website\",\"url\":\"https:\/\/www.napoleon.it\/de\/\",\"name\":\"Hotel Napoleon Roma\",\"description\":\"Ecco un altro sito ms.decms.eu\",\"potentialAction\":[{\"@type\":\"SearchAction\",\"target\":{\"@type\":\"EntryPoint\",\"urlTemplate\":\"https:\/\/www.napoleon.it\/de\/?s={search_term_string}\"},\"query-input\":{\"@type\":\"PropertyValueSpecification\",\"valueRequired\":true,\"valueName\":\"search_term_string\"}}],\"inLanguage\":\"de-DE\"}]}<\/script>\n<!-- \/ Yoast SEO plugin. -->","yoast_head_json":{"title":"Tripadvisor \u201eHall of Fame\u201c - Hotel Napoleon Roma","robots":{"index":"index","follow":"follow","max-snippet":"max-snippet:-1","max-image-preview":"max-image-preview:large","max-video-preview":"max-video-preview:-1"},"canonical":"https:\/\/www.napoleon.it\/de\/rom-news\/tripadvisor-hall-of-fame\/","og_locale":"de_DE","og_type":"article","og_title":"Tripadvisor \u201eHall of Fame\u201c - Hotel Napoleon Roma","og_description":"\u201eJetzt befindet sich das Hotel Napoleon in der\u201c Hall of Fame \u201e! Ein gro\u00dfartiger Moment [&hellip;]","og_url":"https:\/\/www.napoleon.it\/de\/rom-news\/tripadvisor-hall-of-fame\/","og_site_name":"Hotel Napoleon Roma","twitter_card":"summary_large_image","schema":{"@context":"https:\/\/schema.org","@graph":[{"@type":"WebPage","@id":"https:\/\/www.napoleon.it\/de\/rom-news\/tripadvisor-hall-of-fame\/","url":"https:\/\/www.napoleon.it\/de\/rom-news\/tripadvisor-hall-of-fame\/","name":"Tripadvisor \u201eHall of Fame\u201c - Hotel Napoleon Roma","isPartOf":{"@id":"https:\/\/www.napoleon.it\/de\/#website"},"datePublished":"2020-07-08T15:46:24+00:00","breadcrumb":{"@id":"https:\/\/www.napoleon.it\/de\/rom-news\/tripadvisor-hall-of-fame\/#breadcrumb"},"inLanguage":"de-DE","potentialAction":[{"@type":"ReadAction","target":["https:\/\/www.napoleon.it\/de\/rom-news\/tripadvisor-hall-of-fame\/"]}]},{"@type":"BreadcrumbList","@id":"https:\/\/www.napoleon.it\/de\/rom-news\/tripadvisor-hall-of-fame\/#breadcrumb","itemListElement":[{"@type":"ListItem","position":1,"name":"Home","item":"https:\/\/www.napoleon.it\/de\/"},{"@type":"ListItem","position":2,"name":"Rom News","item":"https:\/\/www.napoleon.it\/de\/rom-news\/"},{"@type":"ListItem","position":3,"name":"Tripadvisor \u201eHall of Fame\u201c"}]},{"@type":"WebSite","@id":"https:\/\/www.napoleon.it\/de\/#website","url":"https:\/\/www.napoleon.it\/de\/","name":"Hotel Napoleon Roma","description":"Ecco un altro sito ms.decms.eu","potentialAction":[{"@type":"SearchAction","target":{"@type":"EntryPoint","urlTemplate":"https:\/\/www.napoleon.it\/de\/?s={search_term_string}"},"query-input":{"@type":"PropertyValueSpecification","valueRequired":true,"valueName":"search_term_string"}}],"inLanguage":"de-DE"}]}},"acf":[],"_links":{"self":[{"href":"https:\/\/www.napoleon.it\/de\/wp-json\/wp\/v2\/pages\/195","targetHints":{"allow":["GET"]}}],"collection":[{"href":"https:\/\/www.napoleon.it\/de\/wp-json\/wp\/v2\/pages"}],"about":[{"href":"https:\/\/www.napoleon.it\/de\/wp-json\/wp\/v2\/types\/page"}],"author":[{"embeddable":true,"href":"https:\/\/www.napoleon.it\/de\/wp-json\/wp\/v2\/users\/13"}],"replies":[{"embeddable":true,"href":"https:\/\/www.napoleon.it\/de\/wp-json\/wp\/v2\/comments?post=195"}],"version-history":[{"count":0,"href":"https:\/\/www.napoleon.it\/de\/wp-json\/wp\/v2\/pages\/195\/revisions"}],"up":[{"embeddable":true,"href":"https:\/\/www.napoleon.it\/de\/wp-json\/wp\/v2\/pages\/186"}],"wp:attachment":[{"href":"https:\/\/www.napoleon.it\/de\/wp-json\/wp\/v2\/media?parent=195"}],"curies":[{"name":"wp","href":"https:\/\/api.w.org\/{rel}","templated":true}]}}