{"id":208,"date":"2020-07-08T18:03:35","date_gmt":"2020-07-08T16:03:35","guid":{"rendered":"http:\/\/napoleon.ms.decms.eu\/?page_id=208"},"modified":"2020-07-08T18:03:35","modified_gmt":"2020-07-08T16:03:35","slug":"fuehrungen-durch-rom","status":"publish","type":"page","link":"https:\/\/www.napoleon.it\/de\/rom-news\/fuehrungen-durch-rom\/","title":{"rendered":"F\u00fchrungen durch Rom"},"content":{"rendered":"<p>Die Concierge-Mitarbeiter k\u00f6nnen Reservierungen f\u00fcr F\u00fchrungen von Rom vornehmen.<\/p>\n<ul>\n<li>Spanische Treppen, Fontana di Trevi, Piazza Navona<\/li>\n<li>Kolosseum, St\u00e4tten des antiken Rom<\/li>\n<li>Vatikan, Vatikanischen Museen und die St. Peters Kirche<\/li>\n<li>Christliches Rom, antike Via Appia; Historisches Rom<\/li>\n<li>Barockes Rom<\/li>\n<li>Castel Sant\u2019Angelo und der Segen des Papstes (Sonntagmorgen)<\/li>\n<li>Rom bei Nacht und Rom bei Nacht mit Dinner<\/li>\n<li>Tivoli und seine Villen<\/li>\n<li>Castelli Romani<\/li>\n<li>Antikes Ostia<\/li>\n<\/ul>\n","protected":false},"excerpt":{"rendered":"<p>Die Concierge-Mitarbeiter k\u00f6nnen Reservierungen f\u00fcr F\u00fchrungen von Rom vornehmen. Spanische Treppen, Fontana di Trevi, Piazza [&hellip;]<\/p>\n","protected":false},"author":13,"featured_media":0,"parent":186,"menu_order":50,"comment_status":"closed","ping_status":"closed","template":"","meta":{"footnotes":""},"class_list":["post-208","page","type-page","status-publish","hentry"],"yoast_head":"<!-- This site is optimized with the Yoast SEO plugin v26.9 - https:\/\/yoast.com\/product\/yoast-seo-wordpress\/ -->\n<title>F\u00fchrungen durch Rom - Hotel Napoleon Roma<\/title>\n<meta name=\"robots\" content=\"index, follow, max-snippet:-1, max-image-preview:large, max-video-preview:-1\" \/>\n<link rel=\"canonical\" href=\"https:\/\/www.napoleon.it\/de\/rom-news\/fuehrungen-durch-rom\/\" \/>\n<meta property=\"og:locale\" content=\"de_DE\" \/>\n<meta property=\"og:type\" content=\"article\" \/>\n<meta property=\"og:title\" content=\"F\u00fchrungen durch Rom - Hotel Napoleon Roma\" \/>\n<meta property=\"og:description\" content=\"Die Concierge-Mitarbeiter k\u00f6nnen Reservierungen f\u00fcr F\u00fchrungen von Rom vornehmen. Spanische Treppen, Fontana di Trevi, Piazza [&hellip;]\" \/>\n<meta property=\"og:url\" content=\"https:\/\/www.napoleon.it\/de\/rom-news\/fuehrungen-durch-rom\/\" \/>\n<meta property=\"og:site_name\" content=\"Hotel Napoleon Roma\" \/>\n<meta name=\"twitter:card\" content=\"summary_large_image\" \/>\n<script type=\"application\/ld+json\" class=\"yoast-schema-graph\">{\"@context\":\"https:\/\/schema.org\",\"@graph\":[{\"@type\":\"WebPage\",\"@id\":\"https:\/\/www.napoleon.it\/de\/rom-news\/fuehrungen-durch-rom\/\",\"url\":\"https:\/\/www.napoleon.it\/de\/rom-news\/fuehrungen-durch-rom\/\",\"name\":\"F\u00fchrungen durch Rom - Hotel Napoleon Roma\",\"isPartOf\":{\"@id\":\"https:\/\/www.napoleon.it\/de\/#website\"},\"datePublished\":\"2020-07-08T16:03:35+00:00\",\"breadcrumb\":{\"@id\":\"https:\/\/www.napoleon.it\/de\/rom-news\/fuehrungen-durch-rom\/#breadcrumb\"},\"inLanguage\":\"de-DE\",\"potentialAction\":[{\"@type\":\"ReadAction\",\"target\":[\"https:\/\/www.napoleon.it\/de\/rom-news\/fuehrungen-durch-rom\/\"]}]},{\"@type\":\"BreadcrumbList\",\"@id\":\"https:\/\/www.napoleon.it\/de\/rom-news\/fuehrungen-durch-rom\/#breadcrumb\",\"itemListElement\":[{\"@type\":\"ListItem\",\"position\":1,\"name\":\"Home\",\"item\":\"https:\/\/www.napoleon.it\/de\/\"},{\"@type\":\"ListItem\",\"position\":2,\"name\":\"Rom News\",\"item\":\"https:\/\/www.napoleon.it\/de\/rom-news\/\"},{\"@type\":\"ListItem\",\"position\":3,\"name\":\"F\u00fchrungen durch Rom\"}]},{\"@type\":\"WebSite\",\"@id\":\"https:\/\/www.napoleon.it\/de\/#website\",\"url\":\"https:\/\/www.napoleon.it\/de\/\",\"name\":\"Hotel Napoleon Roma\",\"description\":\"Ecco un altro sito ms.decms.eu\",\"potentialAction\":[{\"@type\":\"SearchAction\",\"target\":{\"@type\":\"EntryPoint\",\"urlTemplate\":\"https:\/\/www.napoleon.it\/de\/?s={search_term_string}\"},\"query-input\":{\"@type\":\"PropertyValueSpecification\",\"valueRequired\":true,\"valueName\":\"search_term_string\"}}],\"inLanguage\":\"de-DE\"}]}<\/script>\n<!-- \/ Yoast SEO plugin. -->","yoast_head_json":{"title":"F\u00fchrungen durch Rom - Hotel Napoleon Roma","robots":{"index":"index","follow":"follow","max-snippet":"max-snippet:-1","max-image-preview":"max-image-preview:large","max-video-preview":"max-video-preview:-1"},"canonical":"https:\/\/www.napoleon.it\/de\/rom-news\/fuehrungen-durch-rom\/","og_locale":"de_DE","og_type":"article","og_title":"F\u00fchrungen durch Rom - Hotel Napoleon Roma","og_description":"Die Concierge-Mitarbeiter k\u00f6nnen Reservierungen f\u00fcr F\u00fchrungen von Rom vornehmen. Spanische Treppen, Fontana di Trevi, Piazza [&hellip;]","og_url":"https:\/\/www.napoleon.it\/de\/rom-news\/fuehrungen-durch-rom\/","og_site_name":"Hotel Napoleon Roma","twitter_card":"summary_large_image","schema":{"@context":"https:\/\/schema.org","@graph":[{"@type":"WebPage","@id":"https:\/\/www.napoleon.it\/de\/rom-news\/fuehrungen-durch-rom\/","url":"https:\/\/www.napoleon.it\/de\/rom-news\/fuehrungen-durch-rom\/","name":"F\u00fchrungen durch Rom - Hotel Napoleon Roma","isPartOf":{"@id":"https:\/\/www.napoleon.it\/de\/#website"},"datePublished":"2020-07-08T16:03:35+00:00","breadcrumb":{"@id":"https:\/\/www.napoleon.it\/de\/rom-news\/fuehrungen-durch-rom\/#breadcrumb"},"inLanguage":"de-DE","potentialAction":[{"@type":"ReadAction","target":["https:\/\/www.napoleon.it\/de\/rom-news\/fuehrungen-durch-rom\/"]}]},{"@type":"BreadcrumbList","@id":"https:\/\/www.napoleon.it\/de\/rom-news\/fuehrungen-durch-rom\/#breadcrumb","itemListElement":[{"@type":"ListItem","position":1,"name":"Home","item":"https:\/\/www.napoleon.it\/de\/"},{"@type":"ListItem","position":2,"name":"Rom News","item":"https:\/\/www.napoleon.it\/de\/rom-news\/"},{"@type":"ListItem","position":3,"name":"F\u00fchrungen durch Rom"}]},{"@type":"WebSite","@id":"https:\/\/www.napoleon.it\/de\/#website","url":"https:\/\/www.napoleon.it\/de\/","name":"Hotel Napoleon Roma","description":"Ecco un altro sito ms.decms.eu","potentialAction":[{"@type":"SearchAction","target":{"@type":"EntryPoint","urlTemplate":"https:\/\/www.napoleon.it\/de\/?s={search_term_string}"},"query-input":{"@type":"PropertyValueSpecification","valueRequired":true,"valueName":"search_term_string"}}],"inLanguage":"de-DE"}]}},"acf":[],"_links":{"self":[{"href":"https:\/\/www.napoleon.it\/de\/wp-json\/wp\/v2\/pages\/208","targetHints":{"allow":["GET"]}}],"collection":[{"href":"https:\/\/www.napoleon.it\/de\/wp-json\/wp\/v2\/pages"}],"about":[{"href":"https:\/\/www.napoleon.it\/de\/wp-json\/wp\/v2\/types\/page"}],"author":[{"embeddable":true,"href":"https:\/\/www.napoleon.it\/de\/wp-json\/wp\/v2\/users\/13"}],"replies":[{"embeddable":true,"href":"https:\/\/www.napoleon.it\/de\/wp-json\/wp\/v2\/comments?post=208"}],"version-history":[{"count":0,"href":"https:\/\/www.napoleon.it\/de\/wp-json\/wp\/v2\/pages\/208\/revisions"}],"up":[{"embeddable":true,"href":"https:\/\/www.napoleon.it\/de\/wp-json\/wp\/v2\/pages\/186"}],"wp:attachment":[{"href":"https:\/\/www.napoleon.it\/de\/wp-json\/wp\/v2\/media?parent=208"}],"curies":[{"name":"wp","href":"https:\/\/api.w.org\/{rel}","templated":true}]}}