{"id":216,"date":"2020-07-08T18:06:34","date_gmt":"2020-07-08T16:06:34","guid":{"rendered":"http:\/\/napoleon.ms.decms.eu\/?page_id=216"},"modified":"2020-09-11T10:14:29","modified_gmt":"2020-09-11T08:14:29","slug":"privatsphaere","status":"publish","type":"page","link":"https:\/\/www.napoleon.it\/de\/privatsphaere\/","title":{"rendered":"Privatsph\u00e4re"},"content":{"rendered":"<h4>INFORMATIVA SULLA PRIVACY POLICY AZIENDALE<br \/>\ndella soc. Napoleon Gestione Alberghi s.r.l.<\/h4>\n<p>&nbsp;<\/p>\n<p>Introduzione.<br \/>\nSi informa l\u2019Interessato (cliente, utente e\/o visitatore del sito) che il D.lgs. n. 196\/2003 (cd. \u201cCodice in materia di protezione dei Dati Personali\u201d &#8211; di seguito, per brevit\u00e0, il \u201c\u200bCodice\u200b\u201d) e il Regolamento UE n. 2016\/679 (di seguito, per brevit\u00e0, \u201c\u200bGDPR\u200b\u201d) prevedono la tutela del Trattamento dei Dati Personali. In conformit\u00e0\u0300 a quanto previsto dal Codice, dal GDPR e dalla normativa vigente in materia, il Trattamento sar\u00e0 improntato ai principi di correttezza, liceit\u00e0 e trasparenza nel rispetto dei diritti e delle libert\u00e0 fondamentali, della dignit\u00e0 dell\u2019Interessato, con particolare riferimento alla riservatezza, all\u2019identit\u00e0 personale e al diritto alla protezione dei Dati Personali.<br \/>\nLa presente informativa \u00e8 resa ai sensi degli artt. 13 e 14 del GDPR ed \u00e8 soggetta ad aggiornamenti dei quali \u00e8 data pubblicit\u00e0 sul sito <strong>www.napoleon.it<\/strong>. Si consiglia, quindi, di controllare regolarmente l\u2019informativa e di riferirsi alla versione pi\u00f9 aggiornata.<strong>\u00a0<\/strong><\/p>\n<p>&nbsp;<\/p>\n<p><strong>Definizioni<br \/>\n<\/strong>Ai fini della presente informativa si intende per:<\/p>\n<ol>\n<li><strong>Banca Dati\u200b,<\/strong> qualsiasi complesso organizzato di Dati Personali, ripartito in una o pi\u00f9 unit\u00e0 dislocate in uno o pi\u00f9 siti di NAPOLEON GESTIONE ALBERGHI s.r.l. e delle societ\u00e0 controllate e collegate;<\/li>\n<li><strong>Cliente\u200b<\/strong>, la persona fisica, la persona giuridica, la pubblica amministrazione e qualsiasi altro ente, associazione od organismo che abbia sottoscritto un contratto di consulenza di intermediazione assicurativa con la scrivente societ\u00e0;<\/li>\n<li><strong>Comunicazione<\/strong>\u200b, dare conoscenza dei Dati Personali a uno o pi\u00f9 soggetti determinati diversi dall\u2019Interessato, dal rappresentante del Titolare nel territorio dello Stato, dal Responsabile e dagli Incaricati, in qualunque forma, anche mediante la loro messa a disposizione o consultazione;<\/li>\n<li><strong>Consenso<\/strong>\u200b, qualsiasi manifestazione di volont\u00e0 libera, specifica, informata e inequivocabile dell\u2019interessato, con la quale lo stesso manifesta il proprio assenso, mediante dichiarazione o azione positiva inequivocabile, che i Dati Personali che lo riguardano siano oggetto di Trattamento;<\/li>\n<li><strong>Dato Personale<\/strong>\u200b, qualunque informazione relativa a persona fisica, identificata o identificabile, anche indirettamente, mediante riferimento a qualsiasi altra informazione, ivi compreso un numero di identificazione personale o alias;<\/li>\n<li><strong>Incaricato<\/strong>\u200b, la persona fisica autorizzata a compiere operazioni di Trattamento dal Titolare o dal Responsabile;<\/li>\n<li><strong>Interessato<\/strong>\u200b, la persona fisica, cui si riferiscono i Dati Personali;<\/li>\n<li><strong>Pseudonimizzazione<\/strong>\u200b, il Trattamento dei Dati Personali in modo tale che non possano essere attribuiti a un Interessato specifico senza l&#8217;utilizzo di informazioni aggiuntive, a condizione che tali informazioni aggiuntive siano conservate separatamente e soggette a misure tecniche e organizzative volte a garantire che i Dati Personali non siano attribuiti a una persona fisica identificata o identificabile;<\/li>\n<li><strong>Responsabile<\/strong>\u200b, la persona fisica, la persona giuridica, la pubblica amministrazione e qualsiasi altro ente, associazione od organismo preposti dal Titolare al Trattamento di Dati Personali;<\/li>\n<li><strong>Titolare<\/strong>\u200b, la persona fisica, la persona giuridica, la pubblica amministrazione e qualsiasi altro ente, associazione od organismo cui competono, anche unitamente ad altro Titolare, le decisioni in ordine alle finalit\u00e0, alle modalit\u00e0 del Trattamento di Dati Personali e agli strumenti utilizzati, ivi compreso il profilo della sicurezza;<\/li>\n<li><strong>Trattamento<\/strong>\u200b, qualunque operazione o complesso di operazioni, effettuati anche senza l\u2019ausilio di strumenti elettronici, concernenti la raccolta, la registrazione, l\u2019organizzazione, la conservazione, la consultazione, l\u2019elaborazione, la modificazione, la selezione, l\u2019estrazione, il raffronto, l\u2019utilizzo, l\u2019interconnessione, il blocco, la comunicazione, la diffusione, la cancellazione e la distruzione di dati, anche se non registrati in una Banca Dati;<\/li>\n<\/ol>\n<p>&nbsp;<\/p>\n<p><strong>Titolare del Trattamento<br \/>\n<\/strong>Il Titolare del Trattamento dei Dati \u00e8 <strong>Napoleon Gestione Alberghi s.r.l.<\/strong> (per brevit\u00e0 NAPOLEON HOTEL), con sede legale in Piazza Vittorio Emanuele II, 105 00185 Roma, Italia &#8211; P.IVA 00894781004 &#8211; C.F.00443840582 &#8211; Registro imprese Roma: RM-253401 salvo quanto previsto nell\u2019apposita informativa rilasciata all\u2019Interessato in riferimento alle prestazioni fornite dal Titolare, la societ\u00e0 potr\u00e0 nominare uno o pi\u00f9 Responsabili del Trattamento, a norma dell\u2019art. 28 del GDPR.<\/p>\n<p>&nbsp;<\/p>\n<p><strong>Tipi di Dati trattati<br \/>\n<\/strong>Dati relativi alle anagrafiche quali nomi, cognomi e indirizzi di residenza (obbligatori per legge e necessari per concludere un contratto), dati di contatto (non obbligatori) e dati relativi a riferimenti bancari (eventuali) o anche di salute (eventuali) che si acquisiscono nel corso della normale esecuzione contrattuale tra le parti.<\/p>\n<p><strong>Dati forniti volontariamente dagli utenti.<br \/>\n<\/strong>L\u2019invio volontario, facoltativo ed esplicito di Dati a NAPOLEON HOTEL da parte dell\u2019Utente (es. in occasione della registrazione nella Banca Dati di NAPOLEON HOTEL ovvero dell\u2019inserimento dei propri Dati mediante compilazione di appositi moduli, anche al fine di verificare la possibilit\u00e0 di accedere ai servizi dalla stessa forniti, e l\u2019invio di posta elettronica agli indirizzi indicati sul sito web), comporta la successiva acquisizione dell\u2019indirizzo del mittente e dei Dati dallo stesso forniti, per i quali l\u2019Utente rilascia espresso Consenso al loro Trattamento.<br \/>\nDati forniti volontariamente dagli Utenti per finalit\u00e0 di marketing qualora l\u2019Utente abbia manifestano il Consenso al Trattamento dei Dati Personali anche per ricevere comunicazioni pubblicitarie e promozionali sui servizi di NAPOLEON HOTEL, usufruire di sconti, omaggi e offerte esclusive.<br \/>\nAi sensi dell\u2019art. 7 del GDPR, l\u2019Interessato ha il diritto di revocare il proprio consenso in qualsiasi momento mediante semplice comunicazione scritta all\u2019indirizzo <em>infobook@napoleon.it<\/em>. La revoca del consenso non pregiudica la liceit\u00e0 del Trattamento basata sul consenso prima della revoca. In caso di revoca del Consenso, i Dati dell\u2019Interessato verranno cancellati.<\/p>\n<p><strong>Dati raccolti tramite il sito www.napoleon.it.<br \/>\n<\/strong>L\u2019uso del sito \u200b www.napoleon.it per la trasmissione di comunicazioni e-mail consente di rilevare l\u2019apertura di un messaggio, da quale indirizzo IP o con quale tipo di browser viene aperta l\u2019email, e altri dettagli tecnici. La raccolta di tali Dati \u00e8 funzionale all\u2019utilizzo del servizio offerto da NAPOLEON HOTEL e costituisce parte integrante delle funzionalit\u00e0 del sistema di invio dei messaggi.<br \/>\nCon la registrazione nell\u2019Area Clienti del sito www.napoleon.it, l\u2019Utente autorizza NAPOLEON HOTEL a trattare i Dati Personali quali, a titolo esemplificativo e non esaustivo, il nome, il cognome, il numero di telefono e l\u2019indirizzo e-mail, al solo fine di completare e gestire il processo di creazione, registrazione e fruizione delle funzionalit\u00e0\u0300 dell\u2019Area Clienti. Per l\u2019erogazione dei servizi connessi all\u2019Area Clienti, NAPOLEON HOTEL potrebbe acquisire altre tipologie di dati quali i dati relativi alla carta di credito.<\/p>\n<p>&nbsp;<\/p>\n<p><strong>Modalit\u00e0, Finalit\u00e0 e Base giuridica<br \/>\n<\/strong>I Dati Personali sono trattati (in modo lecito, corretto e trasparente nei confronti dell\u2019interessato) mediante strumenti elettronici, informatici e telematici, o mediante elaborazioni manuali con logiche correlate alle finalit\u00e0 per le quali i Dati sono stati raccolti;<br \/>\nI predetti dai potranno essere trattati per finalit\u00e0 strettamente correlate al soggiorno in hotel (svolgimento delle attivit\u00e0 di relazione con il Cliente secondo quanto previsto dal contratto) nonch\u00e9 per la gestione amministrativa e fiscale della clientela e la base giuridica applicata sar\u00e0 la seguente:<\/p>\n<ol>\n<li>Esecuzione del contratto alberghiero;<\/li>\n<li>Rispetto dell\u2019obbligo di legge sulla Pubblica Sicurezza;<\/li>\n<li>adempimento di obblighi di legge (es. contabile, fiscale), o per ottemperare alle richieste dell\u2019Autorit\u00e0 Giudiziaria;<\/li>\n<\/ol>\n<p>In ogni caso, i Dati conferiti sono conservati da NAPOLEON HOTEL per il periodo strettamente necessario e comunque in conformit\u00e0\u0300 alle vigenti disposizioni normative in materia.<\/p>\n<p>&nbsp;<\/p>\n<p><strong>Destinatari dei Dati<br \/>\n<\/strong>Nei limiti pertinenti alle finalit\u00e0 di trattamento indicate, i dati raccolti potranno essere comunicati a dipendenti, partner, consulenti o societ\u00e0 di consulenza che prestino alla nostra societ\u00e0 servizi ed attivit\u00e0 di assistenza e consulenza in materia fiscale e legale, nominati Autorizzati o Responsabili dal Titolare del Trattamento. I predetti dati non saranno in alcun modo oggetto di diffusione.<\/p>\n<p>&nbsp;<\/p>\n<p><strong>Luogo di Trattamento dei dati e loro trasferimento<br \/>\n<\/strong>I Trattamenti dei Dati Personali connessi ai servizi forniti hanno luogo presso le sedi di NAPOLEON HOTEL e delle societ\u00e0 collegate e controllate e sono curati solo da personale autorizzato al Trattamento.<br \/>\nIl Trattamento e la conservazione dei Dati avvengono su server o comunque supporti ubicati all\u2019interno dell\u2019Unione Europea, anche presso societ\u00e0 terze incaricate e debitamente nominate quali Responsabili del Trattamento. Attualmente, i server sono ubicati in Italia. I Dati non sono trasferiti fuori dall\u2019Unione Europea. Il Titolare si riserva la facolt\u00e0 di modificare l\u2019ubicazione dei server anche fuori dall\u2019Unione Europea, assicurando, in tal caso, che il trasferimento avverr\u00e0 in conformit\u00e0 alle disposizioni di legge applicabili, con le\u00a0\u00a0\u00a0\u00a0\u00a0\u00a0\u00a0\u00a0\u00a0\u00a0 adeguate garanzie previste dall\u2019art. 46 del GDPR.<\/p>\n<p>&nbsp;<\/p>\n<p><strong>Sicurezza delle informazioni<br \/>\n<\/strong>Tutte le informazioni raccolte sul sito www.napoleon.it vengono memorizzate e mantenute in strutture sicure che limitano l\u2019accesso esclusivamente al personale autorizzato. Il sito \u200b www.napoleon.it \u00e8 controllato regolarmente per verificare l\u2019eventuale presenza di violazioni della sicurezza, e assicurare che le informazioni raccolte siano al sicuro da chi intende visualizzarle senza autorizzazione.<br \/>\nNAPOLEON HOTEL si attiene alle misure di sicurezza prescritte dalle leggi e dalle normative applicabili e a tutte le misure adeguate secondo i criteri attualmente pi\u00f9\u0300 all\u2019avanguardia, per assicurare e garantire la riservatezza dei Dati Personali degli Utenti, e ridurre al minimo, per quanto possibile, i pericoli costituiti dall\u2019accesso non autorizzato, dalla rimozione, perdita o dal danneggiamento dei Dati Personali degli Utenti.<\/p>\n<p>&nbsp;<\/p>\n<p><strong>Diritti dell\u2019Interessato<br \/>\n<\/strong>Gli interessati hanno il diritto di ottenere dal Titolare del Trattamento, nei casi previsti, l&#8217;accesso ai propri dati personali e la rettifica e portabilit\u00e0 o la cancellazione degli stessi o la limitazione del trattamento che li riguarda o di opporsi al trattamento (artt. 15 e ss. del Regolamento). L\u2019interessato potr\u00e0 ottenere l\u2019indicazione dell\u2019origine dei dati, delle finalit\u00e0 e modalit\u00e0 del trattamento, della logica applicata in caso di trattamento effettuato con l\u2019ausilio di strumenti elettronici, degli estremi identificativi degli eventuali soggetti che effettuano il trattamento in qualit\u00e0 di responsabili o incaricati.<\/p>\n<p>&nbsp;<\/p>\n<p><strong>RECLAMO<br \/>\n<\/strong>l&#8217;interessato ha diritto di proporre reclamo all&#8217;Autorit\u00e0 di controllo e pu\u00f2 rivolgersi a: Garante per la protezione dei dati personali (www.garanteprivact.it).<\/p>\n<p>&nbsp;<\/p>\n<p><strong>Informazioni<br \/>\n<\/strong>Le informazioni e le richieste in materia di privacy, anche in relazione ai diritti dell\u2019Interessato, possono essere rivolte a NAPOLEON HOTEL tramite posta elettronica all\u2019indirizzo <em>infobook@napoleon.it<\/em><\/p>\n","protected":false},"excerpt":{"rendered":"<p>INFORMATIVA SULLA PRIVACY POLICY AZIENDALE della soc. Napoleon Gestione Alberghi s.r.l. &nbsp; Introduzione. Si informa [&hellip;]<\/p>\n","protected":false},"author":13,"featured_media":0,"parent":0,"menu_order":14,"comment_status":"closed","ping_status":"closed","template":"","meta":{"footnotes":""},"class_list":["post-216","page","type-page","status-publish","hentry"],"yoast_head":"<!-- This site is optimized with the Yoast SEO plugin v26.9 - https:\/\/yoast.com\/product\/yoast-seo-wordpress\/ -->\n<title>Privatsph\u00e4re - Hotel Napoleon Roma<\/title>\n<meta name=\"robots\" content=\"index, follow, max-snippet:-1, max-image-preview:large, max-video-preview:-1\" \/>\n<link rel=\"canonical\" href=\"https:\/\/www.napoleon.it\/de\/privatsphaere\/\" \/>\n<meta property=\"og:locale\" content=\"de_DE\" \/>\n<meta property=\"og:type\" content=\"article\" \/>\n<meta property=\"og:title\" content=\"Privatsph\u00e4re - Hotel Napoleon Roma\" \/>\n<meta property=\"og:description\" content=\"INFORMATIVA SULLA PRIVACY POLICY AZIENDALE della soc. Napoleon Gestione Alberghi s.r.l. &nbsp; Introduzione. Si informa [&hellip;]\" \/>\n<meta property=\"og:url\" content=\"https:\/\/www.napoleon.it\/de\/privatsphaere\/\" \/>\n<meta property=\"og:site_name\" content=\"Hotel Napoleon Roma\" \/>\n<meta property=\"article:modified_time\" content=\"2020-09-11T08:14:29+00:00\" \/>\n<meta name=\"twitter:card\" content=\"summary_large_image\" \/>\n<meta name=\"twitter:label1\" content=\"Gesch\u00e4tzte Lesezeit\" \/>\n\t<meta name=\"twitter:data1\" content=\"8 Minuten\" \/>\n<script type=\"application\/ld+json\" class=\"yoast-schema-graph\">{\"@context\":\"https:\/\/schema.org\",\"@graph\":[{\"@type\":\"WebPage\",\"@id\":\"https:\/\/www.napoleon.it\/de\/privatsphaere\/\",\"url\":\"https:\/\/www.napoleon.it\/de\/privatsphaere\/\",\"name\":\"Privatsph\u00e4re - Hotel Napoleon Roma\",\"isPartOf\":{\"@id\":\"https:\/\/www.napoleon.it\/de\/#website\"},\"datePublished\":\"2020-07-08T16:06:34+00:00\",\"dateModified\":\"2020-09-11T08:14:29+00:00\",\"breadcrumb\":{\"@id\":\"https:\/\/www.napoleon.it\/de\/privatsphaere\/#breadcrumb\"},\"inLanguage\":\"de-DE\",\"potentialAction\":[{\"@type\":\"ReadAction\",\"target\":[\"https:\/\/www.napoleon.it\/de\/privatsphaere\/\"]}]},{\"@type\":\"BreadcrumbList\",\"@id\":\"https:\/\/www.napoleon.it\/de\/privatsphaere\/#breadcrumb\",\"itemListElement\":[{\"@type\":\"ListItem\",\"position\":1,\"name\":\"Home\",\"item\":\"https:\/\/www.napoleon.it\/de\/\"},{\"@type\":\"ListItem\",\"position\":2,\"name\":\"Privatsph\u00e4re\"}]},{\"@type\":\"WebSite\",\"@id\":\"https:\/\/www.napoleon.it\/de\/#website\",\"url\":\"https:\/\/www.napoleon.it\/de\/\",\"name\":\"Hotel Napoleon Roma\",\"description\":\"Ecco un altro sito ms.decms.eu\",\"potentialAction\":[{\"@type\":\"SearchAction\",\"target\":{\"@type\":\"EntryPoint\",\"urlTemplate\":\"https:\/\/www.napoleon.it\/de\/?s={search_term_string}\"},\"query-input\":{\"@type\":\"PropertyValueSpecification\",\"valueRequired\":true,\"valueName\":\"search_term_string\"}}],\"inLanguage\":\"de-DE\"}]}<\/script>\n<!-- \/ Yoast SEO plugin. -->","yoast_head_json":{"title":"Privatsph\u00e4re - Hotel Napoleon Roma","robots":{"index":"index","follow":"follow","max-snippet":"max-snippet:-1","max-image-preview":"max-image-preview:large","max-video-preview":"max-video-preview:-1"},"canonical":"https:\/\/www.napoleon.it\/de\/privatsphaere\/","og_locale":"de_DE","og_type":"article","og_title":"Privatsph\u00e4re - Hotel Napoleon Roma","og_description":"INFORMATIVA SULLA PRIVACY POLICY AZIENDALE della soc. Napoleon Gestione Alberghi s.r.l. &nbsp; Introduzione. Si informa [&hellip;]","og_url":"https:\/\/www.napoleon.it\/de\/privatsphaere\/","og_site_name":"Hotel Napoleon Roma","article_modified_time":"2020-09-11T08:14:29+00:00","twitter_card":"summary_large_image","twitter_misc":{"Gesch\u00e4tzte Lesezeit":"8 Minuten"},"schema":{"@context":"https:\/\/schema.org","@graph":[{"@type":"WebPage","@id":"https:\/\/www.napoleon.it\/de\/privatsphaere\/","url":"https:\/\/www.napoleon.it\/de\/privatsphaere\/","name":"Privatsph\u00e4re - Hotel Napoleon Roma","isPartOf":{"@id":"https:\/\/www.napoleon.it\/de\/#website"},"datePublished":"2020-07-08T16:06:34+00:00","dateModified":"2020-09-11T08:14:29+00:00","breadcrumb":{"@id":"https:\/\/www.napoleon.it\/de\/privatsphaere\/#breadcrumb"},"inLanguage":"de-DE","potentialAction":[{"@type":"ReadAction","target":["https:\/\/www.napoleon.it\/de\/privatsphaere\/"]}]},{"@type":"BreadcrumbList","@id":"https:\/\/www.napoleon.it\/de\/privatsphaere\/#breadcrumb","itemListElement":[{"@type":"ListItem","position":1,"name":"Home","item":"https:\/\/www.napoleon.it\/de\/"},{"@type":"ListItem","position":2,"name":"Privatsph\u00e4re"}]},{"@type":"WebSite","@id":"https:\/\/www.napoleon.it\/de\/#website","url":"https:\/\/www.napoleon.it\/de\/","name":"Hotel Napoleon Roma","description":"Ecco un altro sito ms.decms.eu","potentialAction":[{"@type":"SearchAction","target":{"@type":"EntryPoint","urlTemplate":"https:\/\/www.napoleon.it\/de\/?s={search_term_string}"},"query-input":{"@type":"PropertyValueSpecification","valueRequired":true,"valueName":"search_term_string"}}],"inLanguage":"de-DE"}]}},"acf":[],"_links":{"self":[{"href":"https:\/\/www.napoleon.it\/de\/wp-json\/wp\/v2\/pages\/216","targetHints":{"allow":["GET"]}}],"collection":[{"href":"https:\/\/www.napoleon.it\/de\/wp-json\/wp\/v2\/pages"}],"about":[{"href":"https:\/\/www.napoleon.it\/de\/wp-json\/wp\/v2\/types\/page"}],"author":[{"embeddable":true,"href":"https:\/\/www.napoleon.it\/de\/wp-json\/wp\/v2\/users\/13"}],"replies":[{"embeddable":true,"href":"https:\/\/www.napoleon.it\/de\/wp-json\/wp\/v2\/comments?post=216"}],"version-history":[{"count":0,"href":"https:\/\/www.napoleon.it\/de\/wp-json\/wp\/v2\/pages\/216\/revisions"}],"wp:attachment":[{"href":"https:\/\/www.napoleon.it\/de\/wp-json\/wp\/v2\/media?parent=216"}],"curies":[{"name":"wp","href":"https:\/\/api.w.org\/{rel}","templated":true}]}}