{"id":81,"date":"2020-07-07T16:02:23","date_gmt":"2020-07-07T14:02:23","guid":{"rendered":"http:\/\/napoleon.ms.decms.eu\/?page_id=81"},"modified":"2024-02-19T14:28:53","modified_gmt":"2024-02-19T13:28:53","slug":"hotel-napoleon-rom","status":"publish","type":"page","link":"https:\/\/www.napoleon.it\/de\/","title":{"rendered":"Hotel Napoleon Rom"},"content":{"rendered":"<h4 style=\"text-align: center\">4-Sterne-Hotel Rom<\/h4>\n<p>Das <strong>Hotel Napoleon<\/strong> ist ein gem\u00fctliches, elegantes und sehr ruhiges Hotel direkt im Zentrum von Rom. Wir hei\u00dfen unsere G\u00e4ste in einer hellen, ger\u00e4umigen und eleganten Umgebung willkommen, eingerichtet mit wertvollem antiken Mobiliar und weichen, warmen Textilien. Im gesamten Hotel sind<strong> WLAN-Anschluss<\/strong> und Sky Tv vorhanden. In der Lounge befinden sich zwei extra Internetanschl\u00fcsse mit PCs, deren N\u00fctzung kostenlos ist.<\/p>\n<p>Sowohl in unserem <strong>bistrot <i>\u201c LA ROCHELLE\u201d <\/i>als auch in der Bar<\/strong> werden Sie eine angenehme, freundliche und ruhige Atmosph\u00e4re vorfinden. Eine der besonderen Qualit\u00e4ten unseres Hotels ist die ruhige Atmosph\u00e4re, die in den S\u00e4len und Zimmern herrscht \u2013 eine Eigenschaft, die im Zentrum von Rom nur schwer zu finden ist. Das Hotel wurde in einem Palast des 19. Jahrhunderts erbaut und seine Fenster blicken auf die gro\u00dfen, sonnigen Innenh\u00f6fe des Palastes, weit weg vom L\u00e4rm des Verkehrs.<\/p>\n","protected":false},"excerpt":{"rendered":"<p>4-Sterne-Hotel Rom Das Hotel Napoleon ist ein gem\u00fctliches, elegantes und sehr ruhiges Hotel direkt im [&hellip;]<\/p>\n","protected":false},"author":13,"featured_media":0,"parent":0,"menu_order":1,"comment_status":"closed","ping_status":"closed","template":"","meta":{"footnotes":""},"class_list":["post-81","page","type-page","status-publish","hentry"],"yoast_head":"<!-- This site is optimized with the Yoast SEO plugin v26.9 - https:\/\/yoast.com\/product\/yoast-seo-wordpress\/ -->\n<title>Hotel Napoleon Rom - Hotel Napoleon Roma<\/title>\n<meta name=\"robots\" content=\"index, follow, max-snippet:-1, max-image-preview:large, max-video-preview:-1\" \/>\n<link rel=\"canonical\" href=\"https:\/\/www.napoleon.it\/de\/\" \/>\n<meta property=\"og:locale\" content=\"de_DE\" \/>\n<meta property=\"og:type\" content=\"article\" \/>\n<meta property=\"og:title\" content=\"Hotel Napoleon Rom - Hotel Napoleon Roma\" \/>\n<meta property=\"og:description\" content=\"4-Sterne-Hotel Rom Das Hotel Napoleon ist ein gem\u00fctliches, elegantes und sehr ruhiges Hotel direkt im [&hellip;]\" \/>\n<meta property=\"og:url\" content=\"https:\/\/www.napoleon.it\/de\/\" \/>\n<meta property=\"og:site_name\" content=\"Hotel Napoleon Roma\" \/>\n<meta property=\"article:modified_time\" content=\"2024-02-19T13:28:53+00:00\" \/>\n<meta name=\"twitter:card\" content=\"summary_large_image\" \/>\n<meta name=\"twitter:label1\" content=\"Gesch\u00e4tzte Lesezeit\" \/>\n\t<meta name=\"twitter:data1\" content=\"1 Minute\" \/>\n<script type=\"application\/ld+json\" class=\"yoast-schema-graph\">{\"@context\":\"https:\/\/schema.org\",\"@graph\":[{\"@type\":\"WebPage\",\"@id\":\"https:\/\/www.napoleon.it\/de\/\",\"url\":\"https:\/\/www.napoleon.it\/de\/\",\"name\":\"Hotel Napoleon Rom - Hotel Napoleon Roma\",\"isPartOf\":{\"@id\":\"https:\/\/www.napoleon.it\/de\/#website\"},\"datePublished\":\"2020-07-07T14:02:23+00:00\",\"dateModified\":\"2024-02-19T13:28:53+00:00\",\"breadcrumb\":{\"@id\":\"https:\/\/www.napoleon.it\/de\/#breadcrumb\"},\"inLanguage\":\"de-DE\",\"potentialAction\":[{\"@type\":\"ReadAction\",\"target\":[\"https:\/\/www.napoleon.it\/de\/\"]}]},{\"@type\":\"BreadcrumbList\",\"@id\":\"https:\/\/www.napoleon.it\/de\/#breadcrumb\",\"itemListElement\":[{\"@type\":\"ListItem\",\"position\":1,\"name\":\"Home\",\"item\":\"https:\/\/www.napoleon.it\/de\/\"},{\"@type\":\"ListItem\",\"position\":2,\"name\":\"Hotel Napoleon Rom\"}]},{\"@type\":\"WebSite\",\"@id\":\"https:\/\/www.napoleon.it\/de\/#website\",\"url\":\"https:\/\/www.napoleon.it\/de\/\",\"name\":\"Hotel Napoleon Roma\",\"description\":\"Ecco un altro sito ms.decms.eu\",\"potentialAction\":[{\"@type\":\"SearchAction\",\"target\":{\"@type\":\"EntryPoint\",\"urlTemplate\":\"https:\/\/www.napoleon.it\/de\/?s={search_term_string}\"},\"query-input\":{\"@type\":\"PropertyValueSpecification\",\"valueRequired\":true,\"valueName\":\"search_term_string\"}}],\"inLanguage\":\"de-DE\"}]}<\/script>\n<!-- \/ Yoast SEO plugin. -->","yoast_head_json":{"title":"Hotel Napoleon Rom - Hotel Napoleon Roma","robots":{"index":"index","follow":"follow","max-snippet":"max-snippet:-1","max-image-preview":"max-image-preview:large","max-video-preview":"max-video-preview:-1"},"canonical":"https:\/\/www.napoleon.it\/de\/","og_locale":"de_DE","og_type":"article","og_title":"Hotel Napoleon Rom - Hotel Napoleon Roma","og_description":"4-Sterne-Hotel Rom Das Hotel Napoleon ist ein gem\u00fctliches, elegantes und sehr ruhiges Hotel direkt im [&hellip;]","og_url":"https:\/\/www.napoleon.it\/de\/","og_site_name":"Hotel Napoleon Roma","article_modified_time":"2024-02-19T13:28:53+00:00","twitter_card":"summary_large_image","twitter_misc":{"Gesch\u00e4tzte Lesezeit":"1 Minute"},"schema":{"@context":"https:\/\/schema.org","@graph":[{"@type":"WebPage","@id":"https:\/\/www.napoleon.it\/de\/","url":"https:\/\/www.napoleon.it\/de\/","name":"Hotel Napoleon Rom - Hotel Napoleon Roma","isPartOf":{"@id":"https:\/\/www.napoleon.it\/de\/#website"},"datePublished":"2020-07-07T14:02:23+00:00","dateModified":"2024-02-19T13:28:53+00:00","breadcrumb":{"@id":"https:\/\/www.napoleon.it\/de\/#breadcrumb"},"inLanguage":"de-DE","potentialAction":[{"@type":"ReadAction","target":["https:\/\/www.napoleon.it\/de\/"]}]},{"@type":"BreadcrumbList","@id":"https:\/\/www.napoleon.it\/de\/#breadcrumb","itemListElement":[{"@type":"ListItem","position":1,"name":"Home","item":"https:\/\/www.napoleon.it\/de\/"},{"@type":"ListItem","position":2,"name":"Hotel Napoleon Rom"}]},{"@type":"WebSite","@id":"https:\/\/www.napoleon.it\/de\/#website","url":"https:\/\/www.napoleon.it\/de\/","name":"Hotel Napoleon Roma","description":"Ecco un altro sito ms.decms.eu","potentialAction":[{"@type":"SearchAction","target":{"@type":"EntryPoint","urlTemplate":"https:\/\/www.napoleon.it\/de\/?s={search_term_string}"},"query-input":{"@type":"PropertyValueSpecification","valueRequired":true,"valueName":"search_term_string"}}],"inLanguage":"de-DE"}]}},"acf":[],"_links":{"self":[{"href":"https:\/\/www.napoleon.it\/de\/wp-json\/wp\/v2\/pages\/81","targetHints":{"allow":["GET"]}}],"collection":[{"href":"https:\/\/www.napoleon.it\/de\/wp-json\/wp\/v2\/pages"}],"about":[{"href":"https:\/\/www.napoleon.it\/de\/wp-json\/wp\/v2\/types\/page"}],"author":[{"embeddable":true,"href":"https:\/\/www.napoleon.it\/de\/wp-json\/wp\/v2\/users\/13"}],"replies":[{"embeddable":true,"href":"https:\/\/www.napoleon.it\/de\/wp-json\/wp\/v2\/comments?post=81"}],"version-history":[{"count":0,"href":"https:\/\/www.napoleon.it\/de\/wp-json\/wp\/v2\/pages\/81\/revisions"}],"wp:attachment":[{"href":"https:\/\/www.napoleon.it\/de\/wp-json\/wp\/v2\/media?parent=81"}],"curies":[{"name":"wp","href":"https:\/\/api.w.org\/{rel}","templated":true}]}}