{"id":84,"date":"2020-07-07T16:28:08","date_gmt":"2020-07-07T14:28:08","guid":{"rendered":"http:\/\/napoleon.ms.decms.eu\/?page_id=84"},"modified":"2026-03-18T16:04:01","modified_gmt":"2026-03-18T15:04:01","slug":"zimmer","status":"publish","type":"page","link":"https:\/\/www.napoleon.it\/de\/zimmer\/","title":{"rendered":"Zimmer"},"content":{"rendered":"<p>Die 75 Zimmer des Hotels Napoleon blicken alle auf helle und ruhige Innenh\u00f6fe und garantieren so eine Ruhe, die im Zentrum von Rom einzigartig ist.<\/p>\n<p>Die Einrichtung im antiken Stil kombiniert mit edlen Stoffen verleiht den Zimmern eine gem\u00fctliche und diskrete Eleganz. Unsere M\u00f6bel werden von italienischen Handwerkern aus italienischer Kastanie nach antiken und urspr\u00fcnglichen Techniken gefertigt, was \u2013 letztes \u2013 heutzutage leider eine Seltenheit ist.<\/p>\n<p>Zusammen mit sorgf\u00e4ltig ausgew\u00e4hlten Stoffen, weichen, eleganten Farben und Teppichb\u00f6den, die regelm\u00e4\u00dfig ausgetauscht werden, entsteht eine warme und charmante Atmosph\u00e4re, wie in alten Zeiten.<\/p>\n<h4 style=\"text-align: center;\"><\/h4>\n<h4 style=\"text-align: center;\">Zimmerservice<\/h4>\n<p style=\"text-align: center;\">Zugleich sind unsere Zimmer mit all dem modernen Komfort ausgestattet, der Ihren Aufenthalt entspannend und sorgenfrei macht.<\/p>\n<table>\n<tbody>\n<tr>\n<th><strong>Klimaanlage<\/strong><\/th>\n<th><strong>Sat-TV<\/strong><\/th>\n<th><strong>Telefon<\/strong><\/th>\n<\/tr>\n<tr>\n<th><strong>Sicherheitsbox<\/strong><\/th>\n<th><strong>Minibar<\/strong><\/th>\n<th><strong>Unabh\u00e4ngige Heizung<\/strong><\/th>\n<\/tr>\n<tr>\n<th><strong>F\u00f6n<\/strong><\/th>\n<th><strong>Weck-Service<\/strong><\/th>\n<th><strong>Kostenfreies WLAN<\/strong><br \/>\nDas ganze Hotel ist mit einem high-speed WLAN- Zugang ausgestattet.<\/th>\n<\/tr>\n<tr>\n<th><strong>24h Portier<\/strong><br \/>\nZu welcher Zeit auch immer Sie ankommen, unser Portier wird sich um Ihr Gep\u00e4ck k\u00fcmmern und dieses in Ihr Zimmer tragen.<\/th>\n<th><strong>4h Zimmerservice<\/strong><br \/>\nZimmerservice Sie k\u00f6nnen Ihr Fr\u00fchst\u00fcck, Mittagessen, Abendessen oder einen Snack in Ihrem Zimmer zu sich nehmen.<\/th>\n<th><strong>Wasserkocher<\/strong><br \/>\nWasserkocher mit Tee und Kaffee in allen Zimmern.<\/th>\n<\/tr>\n<tr>\n<th><strong>Gep\u00e4ckraum<\/strong><br \/>\nGep\u00e4ckraum verf\u00fcgbar f\u00fcr fr\u00fche Ank\u00fcnfte und Abfl\u00fcge nach dem check-out.<\/th>\n<th><strong>Kissenauswahl<\/strong><br \/>\nEine Auswahl an Kissen wird Ihnen zur Verf\u00fcgung gestellt. Fragen Sie das Personal.<\/th>\n<th><strong>Badem\u00e4ntel<\/strong><br \/>\nIn den Superior-Zimmern sind die Badezimmer mit Badem\u00e4nteln und Hausschuhen ausgestattet.<\/th>\n<\/tr>\n<tr>\n<th><strong>Extra Bett<\/strong><br \/>\nZustellbett f\u00fcr Kinder unter 12 Jahren kostenlos.<\/th>\n<th><strong>Babybett<\/strong><br \/>\nKinderbetten und Betten f\u00fcr Kinder bis 3 Jahre kostenlos.<\/th>\n<th><strong>2 mt lange Betten<\/strong><br \/>\nEinige Zimmer sind mit 2 mt langen Betten ausgestattet.<\/th>\n<\/tr>\n<tr>\n<th>B<strong>ar &amp; Restaurant -10%<\/strong><br \/>\n10% Rabatt an der Bar und im Restaurant.<\/th>\n<th><strong>Umweltpolitik<\/strong><br \/>\nKenntnis der Wichtigkeit von Umweltschutz.<\/th>\n<th><strong>Fr\u00fchst\u00fcck<\/strong><br \/>\n(wenn nicht im tarif enthalten) \u20ac15,00<\/th>\n<\/tr>\n<\/tbody>\n<\/table>\n","protected":false},"excerpt":{"rendered":"<p>Die 75 Zimmer des Hotels Napoleon blicken alle auf helle und ruhige Innenh\u00f6fe und garantieren [&hellip;]<\/p>\n","protected":false},"author":13,"featured_media":0,"parent":0,"menu_order":2,"comment_status":"closed","ping_status":"closed","template":"template-rooms.php","meta":{"footnotes":""},"class_list":["post-84","page","type-page","status-publish","hentry"],"yoast_head":"<!-- This site is optimized with the Yoast SEO plugin v26.9 - https:\/\/yoast.com\/product\/yoast-seo-wordpress\/ -->\n<title>Zimmer - Hotel Napoleon Roma<\/title>\n<meta name=\"robots\" content=\"index, follow, max-snippet:-1, max-image-preview:large, max-video-preview:-1\" \/>\n<link rel=\"canonical\" href=\"https:\/\/www.napoleon.it\/de\/zimmer\/\" \/>\n<meta property=\"og:locale\" content=\"de_DE\" \/>\n<meta property=\"og:type\" content=\"article\" \/>\n<meta property=\"og:title\" content=\"Zimmer - Hotel Napoleon Roma\" \/>\n<meta property=\"og:description\" content=\"Die 75 Zimmer des Hotels Napoleon blicken alle auf helle und ruhige Innenh\u00f6fe und garantieren [&hellip;]\" \/>\n<meta property=\"og:url\" content=\"https:\/\/www.napoleon.it\/de\/zimmer\/\" \/>\n<meta property=\"og:site_name\" content=\"Hotel Napoleon Roma\" \/>\n<meta property=\"article:modified_time\" content=\"2026-03-18T15:04:01+00:00\" \/>\n<meta name=\"twitter:card\" content=\"summary_large_image\" \/>\n<meta name=\"twitter:label1\" content=\"Gesch\u00e4tzte Lesezeit\" \/>\n\t<meta name=\"twitter:data1\" content=\"2 Minuten\" \/>\n<script type=\"application\/ld+json\" class=\"yoast-schema-graph\">{\"@context\":\"https:\/\/schema.org\",\"@graph\":[{\"@type\":\"WebPage\",\"@id\":\"https:\/\/www.napoleon.it\/de\/zimmer\/\",\"url\":\"https:\/\/www.napoleon.it\/de\/zimmer\/\",\"name\":\"Zimmer - Hotel Napoleon Roma\",\"isPartOf\":{\"@id\":\"https:\/\/www.napoleon.it\/de\/#website\"},\"datePublished\":\"2020-07-07T14:28:08+00:00\",\"dateModified\":\"2026-03-18T15:04:01+00:00\",\"breadcrumb\":{\"@id\":\"https:\/\/www.napoleon.it\/de\/zimmer\/#breadcrumb\"},\"inLanguage\":\"de-DE\",\"potentialAction\":[{\"@type\":\"ReadAction\",\"target\":[\"https:\/\/www.napoleon.it\/de\/zimmer\/\"]}]},{\"@type\":\"BreadcrumbList\",\"@id\":\"https:\/\/www.napoleon.it\/de\/zimmer\/#breadcrumb\",\"itemListElement\":[{\"@type\":\"ListItem\",\"position\":1,\"name\":\"Home\",\"item\":\"https:\/\/www.napoleon.it\/de\/\"},{\"@type\":\"ListItem\",\"position\":2,\"name\":\"Zimmer\"}]},{\"@type\":\"WebSite\",\"@id\":\"https:\/\/www.napoleon.it\/de\/#website\",\"url\":\"https:\/\/www.napoleon.it\/de\/\",\"name\":\"Hotel Napoleon Roma\",\"description\":\"Ecco un altro sito ms.decms.eu\",\"potentialAction\":[{\"@type\":\"SearchAction\",\"target\":{\"@type\":\"EntryPoint\",\"urlTemplate\":\"https:\/\/www.napoleon.it\/de\/?s={search_term_string}\"},\"query-input\":{\"@type\":\"PropertyValueSpecification\",\"valueRequired\":true,\"valueName\":\"search_term_string\"}}],\"inLanguage\":\"de-DE\"}]}<\/script>\n<!-- \/ Yoast SEO plugin. -->","yoast_head_json":{"title":"Zimmer - Hotel Napoleon Roma","robots":{"index":"index","follow":"follow","max-snippet":"max-snippet:-1","max-image-preview":"max-image-preview:large","max-video-preview":"max-video-preview:-1"},"canonical":"https:\/\/www.napoleon.it\/de\/zimmer\/","og_locale":"de_DE","og_type":"article","og_title":"Zimmer - Hotel Napoleon Roma","og_description":"Die 75 Zimmer des Hotels Napoleon blicken alle auf helle und ruhige Innenh\u00f6fe und garantieren [&hellip;]","og_url":"https:\/\/www.napoleon.it\/de\/zimmer\/","og_site_name":"Hotel Napoleon Roma","article_modified_time":"2026-03-18T15:04:01+00:00","twitter_card":"summary_large_image","twitter_misc":{"Gesch\u00e4tzte Lesezeit":"2 Minuten"},"schema":{"@context":"https:\/\/schema.org","@graph":[{"@type":"WebPage","@id":"https:\/\/www.napoleon.it\/de\/zimmer\/","url":"https:\/\/www.napoleon.it\/de\/zimmer\/","name":"Zimmer - Hotel Napoleon Roma","isPartOf":{"@id":"https:\/\/www.napoleon.it\/de\/#website"},"datePublished":"2020-07-07T14:28:08+00:00","dateModified":"2026-03-18T15:04:01+00:00","breadcrumb":{"@id":"https:\/\/www.napoleon.it\/de\/zimmer\/#breadcrumb"},"inLanguage":"de-DE","potentialAction":[{"@type":"ReadAction","target":["https:\/\/www.napoleon.it\/de\/zimmer\/"]}]},{"@type":"BreadcrumbList","@id":"https:\/\/www.napoleon.it\/de\/zimmer\/#breadcrumb","itemListElement":[{"@type":"ListItem","position":1,"name":"Home","item":"https:\/\/www.napoleon.it\/de\/"},{"@type":"ListItem","position":2,"name":"Zimmer"}]},{"@type":"WebSite","@id":"https:\/\/www.napoleon.it\/de\/#website","url":"https:\/\/www.napoleon.it\/de\/","name":"Hotel Napoleon Roma","description":"Ecco un altro sito ms.decms.eu","potentialAction":[{"@type":"SearchAction","target":{"@type":"EntryPoint","urlTemplate":"https:\/\/www.napoleon.it\/de\/?s={search_term_string}"},"query-input":{"@type":"PropertyValueSpecification","valueRequired":true,"valueName":"search_term_string"}}],"inLanguage":"de-DE"}]}},"acf":[],"_links":{"self":[{"href":"https:\/\/www.napoleon.it\/de\/wp-json\/wp\/v2\/pages\/84","targetHints":{"allow":["GET"]}}],"collection":[{"href":"https:\/\/www.napoleon.it\/de\/wp-json\/wp\/v2\/pages"}],"about":[{"href":"https:\/\/www.napoleon.it\/de\/wp-json\/wp\/v2\/types\/page"}],"author":[{"embeddable":true,"href":"https:\/\/www.napoleon.it\/de\/wp-json\/wp\/v2\/users\/13"}],"replies":[{"embeddable":true,"href":"https:\/\/www.napoleon.it\/de\/wp-json\/wp\/v2\/comments?post=84"}],"version-history":[{"count":0,"href":"https:\/\/www.napoleon.it\/de\/wp-json\/wp\/v2\/pages\/84\/revisions"}],"wp:attachment":[{"href":"https:\/\/www.napoleon.it\/de\/wp-json\/wp\/v2\/media?parent=84"}],"curies":[{"name":"wp","href":"https:\/\/api.w.org\/{rel}","templated":true}]}}