{"id":115,"date":"2020-07-08T11:44:58","date_gmt":"2020-07-08T09:44:58","guid":{"rendered":"http:\/\/napoleon.ms.decms.eu\/?page_id=115"},"modified":"2023-12-04T17:51:36","modified_gmt":"2023-12-04T16:51:36","slug":"servicios","status":"publish","type":"page","link":"https:\/\/www.napoleon.it\/es\/servicios\/","title":{"rendered":"Servicios"},"content":{"rendered":"<p>El Hotel Napole\u00f3n ofrece <strong>muchos servicios \u00fatiles<\/strong> para facilitar la estancia de sus hu\u00e9spedes y garantizar que aprecien Roma de la mejor manera.<\/p>\n<p>Un <strong>personal excepcionalmente atento y preparado<\/strong> est\u00e1 listo para responder a todas sus solicitudes, <strong>disponible las 24 horas, los 7 d\u00edas de la semana<\/strong>.<\/p>\n<p>Gracias a nuestra experiencia y conocimiento de Roma, puede consultarnos con confianza.<\/p>\n<p>&nbsp;<\/p>\n<h4 style=\"text-align: center;\">Informaci\u00f3n \u00fatil<\/h4>\n<table class=\"services\">\n<tbody>\n<tr>\n<th><strong>Check-in 24h<\/strong><br \/>\nGarantizamos que la habitaci\u00f3n estar\u00e1 preparada dentro de las 14.00 del d\u00eda de llegada. \u2013 En el caso de que llegasen antes, nuestra Conserje cuidar\u00e1 vuestras maletas, mientras un desayuno gratuito estar\u00e1 disponible en nuestros amplios salones.<\/th>\n<th><strong>Check-out<\/strong><br \/>\nPedimos cort\u00e9smente a nuestros hu\u00e9spedes de dejar la habitaci\u00f3n dentro de las 11:00. \u2013 En el caso que necesiten usar la habitaci\u00f3n por m\u00e1s tiempo, es posible solicitarlo en la Recepci\u00f3n. La prolongaci\u00f3n depende de la disponibilidad y la necesidad del Hotel. Es posible dejar las maletas en la Porter\u00eda hasta la salida.<\/th>\n<\/tr>\n<tr>\n<th><strong>Internet WiFi gratis<\/strong><br \/>\nConexi\u00f3n wi-fi en fibra \u00f3ptica alta velocidad gratuita en todo el hotel.<\/th>\n<th><strong>Conserje 24 horas<\/strong><br \/>\nLa Conserje est\u00e1 siempre disponible para informaci\u00f3n, asistencia y sugerencias.<\/th>\n<\/tr>\n<\/tbody>\n<\/table>\n<p>&nbsp;<\/p>\n<table>\n<tbody>\n<tr>\n<th><strong>Terraza en la azotea<\/strong><br \/>\nUna terraza amueblada en el sexto piso est\u00e1 disponible para los hu\u00e9spedes.<\/th>\n<th><strong>Traslado Aeropuerto<\/strong><br \/>\nTraslado privado en sed\u00e1n, minib\u00fas y autob\u00fas con conductor de\/al los aeropuertos y el puerto.<\/th>\n<th><strong>Estaciones Internet<\/strong><br \/>\nDos estaciones de Internet gratuitas con conexi\u00f3n de alta velocidad est\u00e1n a disposici\u00f3n.<\/th>\n<\/tr>\n<tr>\n<th><strong>Porterage 24h<\/strong><br \/>\nA cualquier hora llegu\u00e9is nuestro maletero se ocupar\u00e1 de vuestro equipaje.<\/th>\n<th><strong>Garaje concertado<\/strong><br \/>\nGaraje concertado a 300 m del Hotel con servicio de retiro y entrega del veh\u00edculo.<\/th>\n<th><strong>Servicio de habitaci\u00f3n 24h<\/strong><br \/>\nServicio de habitaci\u00f3n para desayunos, refrigerios, bebidas y comidas en la comodidad de su habitaci\u00f3n.<\/th>\n<\/tr>\n<tr>\n<th><strong>Tetera con t\u00e9 y caf\u00e9<\/strong><br \/>\nTetera con t\u00e9 y caf\u00e9 est\u00e1 incluido en todas las habitaciones.<\/th>\n<th><strong>Visitas Guiadas<\/strong><br \/>\nLa Conserje puede efectuar reservas para visitas guiadas por Roma.<\/th>\n<th><strong>Lavander\u00eda servicio r\u00e1pido<\/strong><br \/>\nUn servicio de lavander\u00eda y lavado en seco est\u00e1 disponible todos los d\u00edas.<\/th>\n<\/tr>\n<tr>\n<th><strong>Sala de equipajes<\/strong><br \/>\nSala de equipajes disponible para llegadas anticipadas y salidas despu\u00e9s de check-out.<\/th>\n<th><strong>Entretenimiento<\/strong><br \/>\nAsesoramiento y reservas para restaurantes, museos, teatros, conciertos y eventos.<\/th>\n<th><strong>Mapa de Roma<\/strong><br \/>\nMapa de Roma disponible en la recepci\u00f3n.<\/th>\n<\/tr>\n<tr>\n<th><strong>Reuniones\/Banquetes<\/strong><br \/>\nSalas para reuniones y recepciones disponibles<\/th>\n<th><strong>Bar y Restaurante -10%<\/strong><br \/>\n10% de descuento en el bar y restaurante. \u00a1Solo para reservas en la web oficial!<\/th>\n<th><strong>Fotocopias, fax, impresora<\/strong><br \/>\nA disposici\u00f3n de los clientes gratuitamente.<\/th>\n<\/tr>\n<tr>\n<th><strong>Planchado<\/strong><br \/>\nPlanchado a disposici\u00f3n en nuestra lavander\u00eda.<\/th>\n<th><strong>Peri\u00f3dicos<\/strong><br \/>\nA disposici\u00f3n peri\u00f3dicos nacionales, internacionales y revistas.<\/th>\n<th><strong>Reservas de coche<\/strong><br \/>\nReservas de coche privado con chofer o de un coche en alquiler.<\/th>\n<\/tr>\n<tr>\n<\/tr>\n<tr>\n<th><strong>Ascensor<\/strong><br \/>\nEl hotel dispone de dos ascensores dedicados a los hu\u00e9spedes.<\/th>\n<th><strong>Cuidado de ni\u00f1os<\/strong><br \/>\nEl servicio baby-sitting disponible a petici\u00f3n.<\/th>\n<th><strong>Pol\u00edtica ambiental<\/strong><br \/>\nConciencia de la importancia de protecci\u00f3n del medio ambiente.<\/th>\n<\/tr>\n<\/tbody>\n<\/table>\n","protected":false},"excerpt":{"rendered":"<p>El Hotel Napole\u00f3n ofrece muchos servicios \u00fatiles para facilitar la estancia de sus hu\u00e9spedes y [&hellip;]<\/p>\n","protected":false},"author":13,"featured_media":0,"parent":0,"menu_order":3,"comment_status":"closed","ping_status":"closed","template":"template-services.php","meta":{"footnotes":""},"class_list":["post-115","page","type-page","status-publish","hentry"],"yoast_head":"<!-- This site is optimized with the Yoast SEO plugin v26.9 - https:\/\/yoast.com\/product\/yoast-seo-wordpress\/ -->\n<title>Servicios - Hotel Napoleon Roma<\/title>\n<meta name=\"robots\" content=\"index, follow, max-snippet:-1, max-image-preview:large, max-video-preview:-1\" \/>\n<link rel=\"canonical\" href=\"https:\/\/www.napoleon.it\/es\/servicios\/\" \/>\n<meta property=\"og:locale\" content=\"es_ES\" \/>\n<meta property=\"og:type\" content=\"article\" \/>\n<meta property=\"og:title\" content=\"Servicios - Hotel Napoleon Roma\" \/>\n<meta property=\"og:description\" content=\"El Hotel Napole\u00f3n ofrece muchos servicios \u00fatiles para facilitar la estancia de sus hu\u00e9spedes y [&hellip;]\" \/>\n<meta property=\"og:url\" content=\"https:\/\/www.napoleon.it\/es\/servicios\/\" \/>\n<meta property=\"og:site_name\" content=\"Hotel Napoleon Roma\" \/>\n<meta property=\"article:modified_time\" content=\"2023-12-04T16:51:36+00:00\" \/>\n<meta name=\"twitter:card\" content=\"summary_large_image\" \/>\n<meta name=\"twitter:label1\" content=\"Tiempo de lectura\" \/>\n\t<meta name=\"twitter:data1\" content=\"2 minutos\" \/>\n<script type=\"application\/ld+json\" class=\"yoast-schema-graph\">{\"@context\":\"https:\/\/schema.org\",\"@graph\":[{\"@type\":\"WebPage\",\"@id\":\"https:\/\/www.napoleon.it\/es\/servicios\/\",\"url\":\"https:\/\/www.napoleon.it\/es\/servicios\/\",\"name\":\"Servicios - Hotel Napoleon Roma\",\"isPartOf\":{\"@id\":\"https:\/\/www.napoleon.it\/es\/#website\"},\"datePublished\":\"2020-07-08T09:44:58+00:00\",\"dateModified\":\"2023-12-04T16:51:36+00:00\",\"breadcrumb\":{\"@id\":\"https:\/\/www.napoleon.it\/es\/servicios\/#breadcrumb\"},\"inLanguage\":\"es\",\"potentialAction\":[{\"@type\":\"ReadAction\",\"target\":[\"https:\/\/www.napoleon.it\/es\/servicios\/\"]}]},{\"@type\":\"BreadcrumbList\",\"@id\":\"https:\/\/www.napoleon.it\/es\/servicios\/#breadcrumb\",\"itemListElement\":[{\"@type\":\"ListItem\",\"position\":1,\"name\":\"Home\",\"item\":\"https:\/\/www.napoleon.it\/es\/\"},{\"@type\":\"ListItem\",\"position\":2,\"name\":\"Servicios\"}]},{\"@type\":\"WebSite\",\"@id\":\"https:\/\/www.napoleon.it\/es\/#website\",\"url\":\"https:\/\/www.napoleon.it\/es\/\",\"name\":\"Hotel Napoleon Roma\",\"description\":\"Ecco un altro sito ms.decms.eu\",\"potentialAction\":[{\"@type\":\"SearchAction\",\"target\":{\"@type\":\"EntryPoint\",\"urlTemplate\":\"https:\/\/www.napoleon.it\/es\/?s={search_term_string}\"},\"query-input\":{\"@type\":\"PropertyValueSpecification\",\"valueRequired\":true,\"valueName\":\"search_term_string\"}}],\"inLanguage\":\"es\"}]}<\/script>\n<!-- \/ Yoast SEO plugin. -->","yoast_head_json":{"title":"Servicios - Hotel Napoleon Roma","robots":{"index":"index","follow":"follow","max-snippet":"max-snippet:-1","max-image-preview":"max-image-preview:large","max-video-preview":"max-video-preview:-1"},"canonical":"https:\/\/www.napoleon.it\/es\/servicios\/","og_locale":"es_ES","og_type":"article","og_title":"Servicios - Hotel Napoleon Roma","og_description":"El Hotel Napole\u00f3n ofrece muchos servicios \u00fatiles para facilitar la estancia de sus hu\u00e9spedes y [&hellip;]","og_url":"https:\/\/www.napoleon.it\/es\/servicios\/","og_site_name":"Hotel Napoleon Roma","article_modified_time":"2023-12-04T16:51:36+00:00","twitter_card":"summary_large_image","twitter_misc":{"Tiempo de lectura":"2 minutos"},"schema":{"@context":"https:\/\/schema.org","@graph":[{"@type":"WebPage","@id":"https:\/\/www.napoleon.it\/es\/servicios\/","url":"https:\/\/www.napoleon.it\/es\/servicios\/","name":"Servicios - Hotel Napoleon Roma","isPartOf":{"@id":"https:\/\/www.napoleon.it\/es\/#website"},"datePublished":"2020-07-08T09:44:58+00:00","dateModified":"2023-12-04T16:51:36+00:00","breadcrumb":{"@id":"https:\/\/www.napoleon.it\/es\/servicios\/#breadcrumb"},"inLanguage":"es","potentialAction":[{"@type":"ReadAction","target":["https:\/\/www.napoleon.it\/es\/servicios\/"]}]},{"@type":"BreadcrumbList","@id":"https:\/\/www.napoleon.it\/es\/servicios\/#breadcrumb","itemListElement":[{"@type":"ListItem","position":1,"name":"Home","item":"https:\/\/www.napoleon.it\/es\/"},{"@type":"ListItem","position":2,"name":"Servicios"}]},{"@type":"WebSite","@id":"https:\/\/www.napoleon.it\/es\/#website","url":"https:\/\/www.napoleon.it\/es\/","name":"Hotel Napoleon Roma","description":"Ecco un altro sito ms.decms.eu","potentialAction":[{"@type":"SearchAction","target":{"@type":"EntryPoint","urlTemplate":"https:\/\/www.napoleon.it\/es\/?s={search_term_string}"},"query-input":{"@type":"PropertyValueSpecification","valueRequired":true,"valueName":"search_term_string"}}],"inLanguage":"es"}]}},"acf":[],"_links":{"self":[{"href":"https:\/\/www.napoleon.it\/es\/wp-json\/wp\/v2\/pages\/115","targetHints":{"allow":["GET"]}}],"collection":[{"href":"https:\/\/www.napoleon.it\/es\/wp-json\/wp\/v2\/pages"}],"about":[{"href":"https:\/\/www.napoleon.it\/es\/wp-json\/wp\/v2\/types\/page"}],"author":[{"embeddable":true,"href":"https:\/\/www.napoleon.it\/es\/wp-json\/wp\/v2\/users\/13"}],"replies":[{"embeddable":true,"href":"https:\/\/www.napoleon.it\/es\/wp-json\/wp\/v2\/comments?post=115"}],"version-history":[{"count":0,"href":"https:\/\/www.napoleon.it\/es\/wp-json\/wp\/v2\/pages\/115\/revisions"}],"wp:attachment":[{"href":"https:\/\/www.napoleon.it\/es\/wp-json\/wp\/v2\/media?parent=115"}],"curies":[{"name":"wp","href":"https:\/\/api.w.org\/{rel}","templated":true}]}}