{"id":140,"date":"2020-07-08T15:28:52","date_gmt":"2020-07-08T13:28:52","guid":{"rendered":"http:\/\/napoleon.ms.decms.eu\/?page_id=140"},"modified":"2020-07-08T15:30:29","modified_gmt":"2020-07-08T13:30:29","slug":"banquetes-y-recepciones","status":"publish","type":"page","link":"https:\/\/www.napoleon.it\/es\/restaurantes\/banquetes-y-recepciones\/","title":{"rendered":"Banquetes y Recepciones"},"content":{"rendered":"<p>El Hotel Napole\u00f3n es un lugar ideal para vuestras recepciones en Roma<br \/>\nEstaremos encantados de organizar todos los detalles y de preparar un men\u00fa perfecto para hacer memorable vuestra recepci\u00f3n.<\/p>\n<p>Podr\u00e9is realizar vuestro men\u00fa preferido escogiendo los platos de la lista del men\u00fa de ejemplo o de la Lista Especial. Os enviaremos los precios y las sugerencias apenas recibamos vuestra elecci\u00f3n.<br \/>\n<em>Menu receptions<\/em><\/p>\n<p>Para los vinos, que s\u00f3lo servimos durante las recepciones, pod\u00e9is escoger vuestros preferidos de las lista de vinos. Igualmente antes, durante y despu\u00e9s el banquete nuestros baristas estar\u00e1n siempre preparados para satisfacer vuestras exigencias m\u00e1s especiales. Un descuento especial del 10% del precio para solicitudes de m\u00e1s de 10 botellas.<br \/>\n<em>Wine list<\/em><\/p>\n<ul>\n<li>Las sala se puede preparar en diversos modos con mesas redondas o largas, con una cabida de hasta 70 hu\u00e9spedes.<\/li>\n<li>Las flores para las mesas y para el centro de las mesas las preparamos nosotros, incluidas en el precio.<br \/>\nLas flores paras los bouquets &amp; boutonnieres se pueden solicitar, con un poco de anticipaci\u00f3n, en el puesto de flores frente al Hotel.<\/li>\n<li>Podemos adem\u00e1s proporcionarles el entretenimiento musical: la m\u00fasica en directo est\u00e1 disponible en diversos g\u00e9neros: un piano solista, sax y piano, jazz band, m\u00fasica de baile y cantante. Os rogamos contactarnos para los precios y la disponibilidad. Tambi\u00e9n est\u00e1 disponible un sistema est\u00e9reo con conexi\u00f3n MP3 sin ning\u00fan tipo de coste a\u00f1adido.<\/li>\n<li>Podemos ayudar los esposos y los hu\u00e9spedes a organizar una cita con el peluquero en el negocio cercano al hotel, o con un coste a\u00f1adido, en la habitaci\u00f3n. Os sugerimos cort\u00e9smente de reservar con anticipaci\u00f3n.<\/li>\n<\/ul>\n","protected":false},"excerpt":{"rendered":"<p>El Hotel Napole\u00f3n es un lugar ideal para vuestras recepciones en Roma Estaremos encantados de [&hellip;]<\/p>\n","protected":false},"author":13,"featured_media":0,"parent":119,"menu_order":5,"comment_status":"closed","ping_status":"closed","template":"template-single-restaurant.php","meta":{"footnotes":""},"class_list":["post-140","page","type-page","status-publish","hentry"],"yoast_head":"<!-- This site is optimized with the Yoast SEO plugin v26.9 - https:\/\/yoast.com\/product\/yoast-seo-wordpress\/ -->\n<title>Banquetes y Recepciones - Hotel Napoleon Roma<\/title>\n<meta name=\"robots\" content=\"index, follow, max-snippet:-1, max-image-preview:large, max-video-preview:-1\" \/>\n<link rel=\"canonical\" href=\"https:\/\/www.napoleon.it\/es\/restaurantes\/banquetes-y-recepciones\/\" \/>\n<meta property=\"og:locale\" content=\"es_ES\" \/>\n<meta property=\"og:type\" content=\"article\" \/>\n<meta property=\"og:title\" content=\"Banquetes y Recepciones - Hotel Napoleon Roma\" \/>\n<meta property=\"og:description\" content=\"El Hotel Napole\u00f3n es un lugar ideal para vuestras recepciones en Roma Estaremos encantados de [&hellip;]\" \/>\n<meta property=\"og:url\" content=\"https:\/\/www.napoleon.it\/es\/restaurantes\/banquetes-y-recepciones\/\" \/>\n<meta property=\"og:site_name\" content=\"Hotel Napoleon Roma\" \/>\n<meta property=\"article:modified_time\" content=\"2020-07-08T13:30:29+00:00\" \/>\n<meta name=\"twitter:card\" content=\"summary_large_image\" \/>\n<meta name=\"twitter:label1\" content=\"Tiempo de lectura\" \/>\n\t<meta name=\"twitter:data1\" content=\"1 minuto\" \/>\n<script type=\"application\/ld+json\" class=\"yoast-schema-graph\">{\"@context\":\"https:\/\/schema.org\",\"@graph\":[{\"@type\":\"WebPage\",\"@id\":\"https:\/\/www.napoleon.it\/es\/restaurantes\/banquetes-y-recepciones\/\",\"url\":\"https:\/\/www.napoleon.it\/es\/restaurantes\/banquetes-y-recepciones\/\",\"name\":\"Banquetes y Recepciones - Hotel Napoleon Roma\",\"isPartOf\":{\"@id\":\"https:\/\/www.napoleon.it\/es\/#website\"},\"datePublished\":\"2020-07-08T13:28:52+00:00\",\"dateModified\":\"2020-07-08T13:30:29+00:00\",\"breadcrumb\":{\"@id\":\"https:\/\/www.napoleon.it\/es\/restaurantes\/banquetes-y-recepciones\/#breadcrumb\"},\"inLanguage\":\"es\",\"potentialAction\":[{\"@type\":\"ReadAction\",\"target\":[\"https:\/\/www.napoleon.it\/es\/restaurantes\/banquetes-y-recepciones\/\"]}]},{\"@type\":\"BreadcrumbList\",\"@id\":\"https:\/\/www.napoleon.it\/es\/restaurantes\/banquetes-y-recepciones\/#breadcrumb\",\"itemListElement\":[{\"@type\":\"ListItem\",\"position\":1,\"name\":\"Home\",\"item\":\"https:\/\/www.napoleon.it\/es\/\"},{\"@type\":\"ListItem\",\"position\":2,\"name\":\"Restaurantes\",\"item\":\"https:\/\/www.napoleon.it\/es\/restaurantes\/\"},{\"@type\":\"ListItem\",\"position\":3,\"name\":\"Banquetes y Recepciones\"}]},{\"@type\":\"WebSite\",\"@id\":\"https:\/\/www.napoleon.it\/es\/#website\",\"url\":\"https:\/\/www.napoleon.it\/es\/\",\"name\":\"Hotel Napoleon Roma\",\"description\":\"Ecco un altro sito ms.decms.eu\",\"potentialAction\":[{\"@type\":\"SearchAction\",\"target\":{\"@type\":\"EntryPoint\",\"urlTemplate\":\"https:\/\/www.napoleon.it\/es\/?s={search_term_string}\"},\"query-input\":{\"@type\":\"PropertyValueSpecification\",\"valueRequired\":true,\"valueName\":\"search_term_string\"}}],\"inLanguage\":\"es\"}]}<\/script>\n<!-- \/ Yoast SEO plugin. -->","yoast_head_json":{"title":"Banquetes y Recepciones - Hotel Napoleon Roma","robots":{"index":"index","follow":"follow","max-snippet":"max-snippet:-1","max-image-preview":"max-image-preview:large","max-video-preview":"max-video-preview:-1"},"canonical":"https:\/\/www.napoleon.it\/es\/restaurantes\/banquetes-y-recepciones\/","og_locale":"es_ES","og_type":"article","og_title":"Banquetes y Recepciones - Hotel Napoleon Roma","og_description":"El Hotel Napole\u00f3n es un lugar ideal para vuestras recepciones en Roma Estaremos encantados de [&hellip;]","og_url":"https:\/\/www.napoleon.it\/es\/restaurantes\/banquetes-y-recepciones\/","og_site_name":"Hotel Napoleon Roma","article_modified_time":"2020-07-08T13:30:29+00:00","twitter_card":"summary_large_image","twitter_misc":{"Tiempo de lectura":"1 minuto"},"schema":{"@context":"https:\/\/schema.org","@graph":[{"@type":"WebPage","@id":"https:\/\/www.napoleon.it\/es\/restaurantes\/banquetes-y-recepciones\/","url":"https:\/\/www.napoleon.it\/es\/restaurantes\/banquetes-y-recepciones\/","name":"Banquetes y Recepciones - Hotel Napoleon Roma","isPartOf":{"@id":"https:\/\/www.napoleon.it\/es\/#website"},"datePublished":"2020-07-08T13:28:52+00:00","dateModified":"2020-07-08T13:30:29+00:00","breadcrumb":{"@id":"https:\/\/www.napoleon.it\/es\/restaurantes\/banquetes-y-recepciones\/#breadcrumb"},"inLanguage":"es","potentialAction":[{"@type":"ReadAction","target":["https:\/\/www.napoleon.it\/es\/restaurantes\/banquetes-y-recepciones\/"]}]},{"@type":"BreadcrumbList","@id":"https:\/\/www.napoleon.it\/es\/restaurantes\/banquetes-y-recepciones\/#breadcrumb","itemListElement":[{"@type":"ListItem","position":1,"name":"Home","item":"https:\/\/www.napoleon.it\/es\/"},{"@type":"ListItem","position":2,"name":"Restaurantes","item":"https:\/\/www.napoleon.it\/es\/restaurantes\/"},{"@type":"ListItem","position":3,"name":"Banquetes y Recepciones"}]},{"@type":"WebSite","@id":"https:\/\/www.napoleon.it\/es\/#website","url":"https:\/\/www.napoleon.it\/es\/","name":"Hotel Napoleon Roma","description":"Ecco un altro sito ms.decms.eu","potentialAction":[{"@type":"SearchAction","target":{"@type":"EntryPoint","urlTemplate":"https:\/\/www.napoleon.it\/es\/?s={search_term_string}"},"query-input":{"@type":"PropertyValueSpecification","valueRequired":true,"valueName":"search_term_string"}}],"inLanguage":"es"}]}},"acf":[],"_links":{"self":[{"href":"https:\/\/www.napoleon.it\/es\/wp-json\/wp\/v2\/pages\/140","targetHints":{"allow":["GET"]}}],"collection":[{"href":"https:\/\/www.napoleon.it\/es\/wp-json\/wp\/v2\/pages"}],"about":[{"href":"https:\/\/www.napoleon.it\/es\/wp-json\/wp\/v2\/types\/page"}],"author":[{"embeddable":true,"href":"https:\/\/www.napoleon.it\/es\/wp-json\/wp\/v2\/users\/13"}],"replies":[{"embeddable":true,"href":"https:\/\/www.napoleon.it\/es\/wp-json\/wp\/v2\/comments?post=140"}],"version-history":[{"count":0,"href":"https:\/\/www.napoleon.it\/es\/wp-json\/wp\/v2\/pages\/140\/revisions"}],"up":[{"embeddable":true,"href":"https:\/\/www.napoleon.it\/es\/wp-json\/wp\/v2\/pages\/119"}],"wp:attachment":[{"href":"https:\/\/www.napoleon.it\/es\/wp-json\/wp\/v2\/media?parent=140"}],"curies":[{"name":"wp","href":"https:\/\/api.w.org\/{rel}","templated":true}]}}