{"id":171,"date":"2020-07-08T17:05:31","date_gmt":"2020-07-08T15:05:31","guid":{"rendered":"http:\/\/napoleon.ms.decms.eu\/?page_id=171"},"modified":"2020-07-08T17:09:35","modified_gmt":"2020-07-08T15:09:35","slug":"itinerarios-a-pie","status":"publish","type":"page","link":"https:\/\/www.napoleon.it\/es\/donde-estamos\/itinerarios-a-pie\/","title":{"rendered":"Itinerarios a pie"},"content":{"rendered":"<h4>Roma monumental &#8211; desde Via dei Fori Imperiali hasta el Coliseo<\/h4>\n<p>Hacia el oeste, a menos de 1 km, encontrar\u00e1 el monumento m\u00e1s famoso de Roma: el Coliseo y la gran zona arqueol\u00f3gica del Foro Romano, el Camino Sagrado, la Colina Palatina y los Mercados Traianei. Una ruta que se abre paso entre los famosos lugares de la capital, comenzando por el Coliseo. Sum\u00e9rjase en la atm\u00f3sfera de la antigua Roma en todo su esplendor, en las calles que hicieron a esta ciudad \u00abeterna\u00bb.<\/p>\n<p>Descargue la gu\u00eda (.pdf)<\/p>\n<p>&nbsp;<\/p>\n<h4>El amanecer de la Roma cristiana: desde San Giovanni in Laterano a Santa Croce in Gerusalemme<\/h4>\n<p>Hacia el sur se encuentran la Bas\u00edlica de Santa Croce, la Bas\u00edlica de San Giovanni y los Palacios Lateranensi. Es una ruta que transcurre entre dos espl\u00e9ndidas plazas: la plaza del siglo XVIII que se extiende frente a la Bas\u00edlica de San Giovanni in Laterano, que se ha convertido en un extra\u00f1o giro del destino en el punto de encuentro para las manifestaciones que regularmente tienen lugar aqu\u00ed y en la de la Iglesia de Santa Croce en Gerusalemme con su Museo adjunto de instrumentos musicales.<\/p>\n<p>Descargue la gu\u00eda (.pdf)<\/p>\n<p>&nbsp;<\/p>\n<h4>Romana renacentista y barroca<\/h4>\n<p>Cruzar el Rione Monti, que era la zona m\u00e1s densamente poblada de la antigua Roma, un laberinto de callejones, peque\u00f1as tiendas y mercados. Hoy en d\u00eda contin\u00faa manteniendo esta connotaci\u00f3n popular acompa\u00f1ada, sin embargo, por un lado m\u00e1s innovador que hace de los barrios marginales una de las \u00e1reas m\u00e1s innovadoras de la ciudad, llena de bares y restaurantes. El soberano gobernante de todo el distrito es la imponente Bas\u00edlica de Santa Maria Maggiore que domina la plaza del mismo nombre.<\/p>\n<p>Descargue la gu\u00eda (.pdf)<\/p>\n<p>&nbsp;<\/p>\n<h4>La rueda de la historia &#8211; Las colinas de Oppian y Esquiline<\/h4>\n<p>Un itinerario para descubrir el Oppian y la colina Esquiline, una de las siete colinas de la antigua Roma, donde en todas partes hay vestigios del pasado antiguo.<\/p>\n<p>Descargue la gu\u00eda (.pdf)<\/p>\n","protected":false},"excerpt":{"rendered":"<p>Roma monumental &#8211; desde Via dei Fori Imperiali hasta el Coliseo Hacia el oeste, a [&hellip;]<\/p>\n","protected":false},"author":13,"featured_media":0,"parent":167,"menu_order":1,"comment_status":"closed","ping_status":"closed","template":"","meta":{"footnotes":""},"class_list":["post-171","page","type-page","status-publish","hentry"],"yoast_head":"<!-- This site is optimized with the Yoast SEO plugin v26.9 - https:\/\/yoast.com\/product\/yoast-seo-wordpress\/ -->\n<title>Itinerarios a pie - Hotel Napoleon Roma<\/title>\n<meta name=\"robots\" content=\"index, follow, max-snippet:-1, max-image-preview:large, max-video-preview:-1\" \/>\n<link rel=\"canonical\" href=\"https:\/\/www.napoleon.it\/es\/donde-estamos\/itinerarios-a-pie\/\" \/>\n<meta property=\"og:locale\" content=\"es_ES\" \/>\n<meta property=\"og:type\" content=\"article\" \/>\n<meta property=\"og:title\" content=\"Itinerarios a pie - Hotel Napoleon Roma\" \/>\n<meta property=\"og:description\" content=\"Roma monumental &#8211; desde Via dei Fori Imperiali hasta el Coliseo Hacia el oeste, a [&hellip;]\" \/>\n<meta property=\"og:url\" content=\"https:\/\/www.napoleon.it\/es\/donde-estamos\/itinerarios-a-pie\/\" \/>\n<meta property=\"og:site_name\" content=\"Hotel Napoleon Roma\" \/>\n<meta property=\"article:modified_time\" content=\"2020-07-08T15:09:35+00:00\" \/>\n<meta name=\"twitter:card\" content=\"summary_large_image\" \/>\n<meta name=\"twitter:label1\" content=\"Tiempo de lectura\" \/>\n\t<meta name=\"twitter:data1\" content=\"2 minutos\" \/>\n<script type=\"application\/ld+json\" class=\"yoast-schema-graph\">{\"@context\":\"https:\/\/schema.org\",\"@graph\":[{\"@type\":\"WebPage\",\"@id\":\"https:\/\/www.napoleon.it\/es\/donde-estamos\/itinerarios-a-pie\/\",\"url\":\"https:\/\/www.napoleon.it\/es\/donde-estamos\/itinerarios-a-pie\/\",\"name\":\"Itinerarios a pie - Hotel Napoleon Roma\",\"isPartOf\":{\"@id\":\"https:\/\/www.napoleon.it\/es\/#website\"},\"datePublished\":\"2020-07-08T15:05:31+00:00\",\"dateModified\":\"2020-07-08T15:09:35+00:00\",\"breadcrumb\":{\"@id\":\"https:\/\/www.napoleon.it\/es\/donde-estamos\/itinerarios-a-pie\/#breadcrumb\"},\"inLanguage\":\"es\",\"potentialAction\":[{\"@type\":\"ReadAction\",\"target\":[\"https:\/\/www.napoleon.it\/es\/donde-estamos\/itinerarios-a-pie\/\"]}]},{\"@type\":\"BreadcrumbList\",\"@id\":\"https:\/\/www.napoleon.it\/es\/donde-estamos\/itinerarios-a-pie\/#breadcrumb\",\"itemListElement\":[{\"@type\":\"ListItem\",\"position\":1,\"name\":\"Home\",\"item\":\"https:\/\/www.napoleon.it\/es\/\"},{\"@type\":\"ListItem\",\"position\":2,\"name\":\"Donde estamos\",\"item\":\"https:\/\/www.napoleon.it\/es\/donde-estamos\/\"},{\"@type\":\"ListItem\",\"position\":3,\"name\":\"Itinerarios a pie\"}]},{\"@type\":\"WebSite\",\"@id\":\"https:\/\/www.napoleon.it\/es\/#website\",\"url\":\"https:\/\/www.napoleon.it\/es\/\",\"name\":\"Hotel Napoleon Roma\",\"description\":\"Ecco un altro sito ms.decms.eu\",\"potentialAction\":[{\"@type\":\"SearchAction\",\"target\":{\"@type\":\"EntryPoint\",\"urlTemplate\":\"https:\/\/www.napoleon.it\/es\/?s={search_term_string}\"},\"query-input\":{\"@type\":\"PropertyValueSpecification\",\"valueRequired\":true,\"valueName\":\"search_term_string\"}}],\"inLanguage\":\"es\"}]}<\/script>\n<!-- \/ Yoast SEO plugin. -->","yoast_head_json":{"title":"Itinerarios a pie - Hotel Napoleon Roma","robots":{"index":"index","follow":"follow","max-snippet":"max-snippet:-1","max-image-preview":"max-image-preview:large","max-video-preview":"max-video-preview:-1"},"canonical":"https:\/\/www.napoleon.it\/es\/donde-estamos\/itinerarios-a-pie\/","og_locale":"es_ES","og_type":"article","og_title":"Itinerarios a pie - Hotel Napoleon Roma","og_description":"Roma monumental &#8211; desde Via dei Fori Imperiali hasta el Coliseo Hacia el oeste, a [&hellip;]","og_url":"https:\/\/www.napoleon.it\/es\/donde-estamos\/itinerarios-a-pie\/","og_site_name":"Hotel Napoleon Roma","article_modified_time":"2020-07-08T15:09:35+00:00","twitter_card":"summary_large_image","twitter_misc":{"Tiempo de lectura":"2 minutos"},"schema":{"@context":"https:\/\/schema.org","@graph":[{"@type":"WebPage","@id":"https:\/\/www.napoleon.it\/es\/donde-estamos\/itinerarios-a-pie\/","url":"https:\/\/www.napoleon.it\/es\/donde-estamos\/itinerarios-a-pie\/","name":"Itinerarios a pie - Hotel Napoleon Roma","isPartOf":{"@id":"https:\/\/www.napoleon.it\/es\/#website"},"datePublished":"2020-07-08T15:05:31+00:00","dateModified":"2020-07-08T15:09:35+00:00","breadcrumb":{"@id":"https:\/\/www.napoleon.it\/es\/donde-estamos\/itinerarios-a-pie\/#breadcrumb"},"inLanguage":"es","potentialAction":[{"@type":"ReadAction","target":["https:\/\/www.napoleon.it\/es\/donde-estamos\/itinerarios-a-pie\/"]}]},{"@type":"BreadcrumbList","@id":"https:\/\/www.napoleon.it\/es\/donde-estamos\/itinerarios-a-pie\/#breadcrumb","itemListElement":[{"@type":"ListItem","position":1,"name":"Home","item":"https:\/\/www.napoleon.it\/es\/"},{"@type":"ListItem","position":2,"name":"Donde estamos","item":"https:\/\/www.napoleon.it\/es\/donde-estamos\/"},{"@type":"ListItem","position":3,"name":"Itinerarios a pie"}]},{"@type":"WebSite","@id":"https:\/\/www.napoleon.it\/es\/#website","url":"https:\/\/www.napoleon.it\/es\/","name":"Hotel Napoleon Roma","description":"Ecco un altro sito ms.decms.eu","potentialAction":[{"@type":"SearchAction","target":{"@type":"EntryPoint","urlTemplate":"https:\/\/www.napoleon.it\/es\/?s={search_term_string}"},"query-input":{"@type":"PropertyValueSpecification","valueRequired":true,"valueName":"search_term_string"}}],"inLanguage":"es"}]}},"acf":[],"_links":{"self":[{"href":"https:\/\/www.napoleon.it\/es\/wp-json\/wp\/v2\/pages\/171","targetHints":{"allow":["GET"]}}],"collection":[{"href":"https:\/\/www.napoleon.it\/es\/wp-json\/wp\/v2\/pages"}],"about":[{"href":"https:\/\/www.napoleon.it\/es\/wp-json\/wp\/v2\/types\/page"}],"author":[{"embeddable":true,"href":"https:\/\/www.napoleon.it\/es\/wp-json\/wp\/v2\/users\/13"}],"replies":[{"embeddable":true,"href":"https:\/\/www.napoleon.it\/es\/wp-json\/wp\/v2\/comments?post=171"}],"version-history":[{"count":0,"href":"https:\/\/www.napoleon.it\/es\/wp-json\/wp\/v2\/pages\/171\/revisions"}],"up":[{"embeddable":true,"href":"https:\/\/www.napoleon.it\/es\/wp-json\/wp\/v2\/pages\/167"}],"wp:attachment":[{"href":"https:\/\/www.napoleon.it\/es\/wp-json\/wp\/v2\/media?parent=171"}],"curies":[{"name":"wp","href":"https:\/\/api.w.org\/{rel}","templated":true}]}}