{"id":176,"date":"2020-07-08T17:24:38","date_gmt":"2020-07-08T15:24:38","guid":{"rendered":"http:\/\/napoleon.ms.decms.eu\/?page_id=176"},"modified":"2020-07-08T17:30:55","modified_gmt":"2020-07-08T15:30:55","slug":"plaza-vittorio-emanuele","status":"publish","type":"page","link":"https:\/\/www.napoleon.it\/es\/donde-estamos\/plaza-vittorio-emanuele\/","title":{"rendered":"Plaza Vittorio Emanuele"},"content":{"rendered":"<h4>Los jardines \u2013 entre historia y leyenda<\/h4>\n<p>En el centro de la plaza hay un gran jard\u00edn (recientemente restaurado) que expone restos de los llamados trofeos de Marios: una ruina de una fuente de la Era Severiana. Los restos de la antigua Villa del Pr\u00edncipe Poniatowsky, un noble de origen polaco y famoso alquimista del \u2018700, donde la \u00abPuerta M\u00e1gica\u00bb, da m\u00e1s inter\u00e9s en visitar el parque.\u00a1Puedes encontrar s\u00edmbolos alqu\u00edmicos en los pilares antiguos, y la leyenda dice que hay una f\u00f3rmula m\u00e1gica escondida all\u00ed sobre la transformaci\u00f3n de metales simples en oro!<\/p>\n<p>&nbsp;<\/p>\n<h4>Para visitar alrededor<\/h4>\n<p>Alrededor del parque hay varios puestos para tomar algo y puestos de flores y en los alrededores de Piazza Vittorio hay muchos restaurantes, algunos de los cuales son los m\u00e1s importantes de Roma. Cerca de Piazza Vittorio, en la calle Pr\u00edncipe Eugenio, se encuentra \u00abIl Palazzo del Freddo\u00bb, la tienda de helados m\u00e1s antigua de Italia, reconocida en el mundo por su excelente helado artesanal. El edificio expone objetos y documentos que hablan de la historia de Italia. Merece la pena visitar el mercado de Esquilino, que una vez estuvo en Piazza Vittorio y hoy en d\u00eda se encuentra en un edificio cerca de la plaza. Los romanos lo llaman \u00abel mercado de los productores\u00bb: una mezcla encantadora con productos frescos y sabrosos de los agricultores locales, indios y vendedores de Medio Oriente.<\/p>\n<p>&nbsp;<\/p>\n<h4>Los eventos y el cine de verano<\/h4>\n<p>Durante la temporada de verano, Piazza Vittorio ofrece festivales de m\u00fasica y cine al aire libre, junto con varios eventos teatrales, fotogr\u00e1ficos y art\u00edsticos. Todos estos eventos enriquecen la Piazza Vittorio con magia y energ\u00eda creativa.<\/p>\n<p>&nbsp;<\/p>\n<h4>Historia y arquitectura<\/h4>\n<p>El arquitecto Kock proyect\u00f3 la plaza de hoy entre 1882 y 1887: Piazza Vittorio Emanuele II, centro de Rione Esquilino. Fue nombrado despu\u00e9s del primer rey de Italia, Vittorio Emanuele II.<br \/>\nPiazza Vittorio, como se le llama m\u00e1s com\u00fanmente, es una amplia plaza rectangular completamente rodeada de arcadas de estilo piamontesa, la \u00fanica de este tipo en Roma y con sus dimensiones de 316\u00d7147 metros de lado, es una de las plazas m\u00e1s grandes de la capital.<\/p>\n<p>&nbsp;<\/p>\n<h4>La famosa banda y el \u00abesp\u00edritu de la plaza\u00bb<\/h4>\n<p>La Orquesta de Piazza Vittorio, tambi\u00e9n conocida a trav\u00e9s de una exitosa pel\u00edcula con el mismo nombre, representa probablemente mejor que cualquier otra cosa el verdadero esp\u00edritu de Piazza Vittorio: un crisol cosmopolita, activo y capaz de expresar un alto nivel de cultura y arte.<\/p>\n","protected":false},"excerpt":{"rendered":"<p>Los jardines \u2013 entre historia y leyenda En el centro de la plaza hay un [&hellip;]<\/p>\n","protected":false},"author":13,"featured_media":0,"parent":167,"menu_order":2,"comment_status":"closed","ping_status":"closed","template":"","meta":{"footnotes":""},"class_list":["post-176","page","type-page","status-publish","hentry"],"yoast_head":"<!-- This site is optimized with the Yoast SEO plugin v26.9 - https:\/\/yoast.com\/product\/yoast-seo-wordpress\/ -->\n<title>Plaza Vittorio Emanuele - Hotel Napoleon Roma<\/title>\n<meta name=\"robots\" content=\"index, follow, max-snippet:-1, max-image-preview:large, max-video-preview:-1\" \/>\n<link rel=\"canonical\" href=\"https:\/\/www.napoleon.it\/es\/donde-estamos\/plaza-vittorio-emanuele\/\" \/>\n<meta property=\"og:locale\" content=\"es_ES\" \/>\n<meta property=\"og:type\" content=\"article\" \/>\n<meta property=\"og:title\" content=\"Plaza Vittorio Emanuele - Hotel Napoleon Roma\" \/>\n<meta property=\"og:description\" content=\"Los jardines \u2013 entre historia y leyenda En el centro de la plaza hay un [&hellip;]\" \/>\n<meta property=\"og:url\" content=\"https:\/\/www.napoleon.it\/es\/donde-estamos\/plaza-vittorio-emanuele\/\" \/>\n<meta property=\"og:site_name\" content=\"Hotel Napoleon Roma\" \/>\n<meta property=\"article:modified_time\" content=\"2020-07-08T15:30:55+00:00\" \/>\n<meta name=\"twitter:card\" content=\"summary_large_image\" \/>\n<meta name=\"twitter:label1\" content=\"Tiempo de lectura\" \/>\n\t<meta name=\"twitter:data1\" content=\"2 minutos\" \/>\n<script type=\"application\/ld+json\" class=\"yoast-schema-graph\">{\"@context\":\"https:\/\/schema.org\",\"@graph\":[{\"@type\":\"WebPage\",\"@id\":\"https:\/\/www.napoleon.it\/es\/donde-estamos\/plaza-vittorio-emanuele\/\",\"url\":\"https:\/\/www.napoleon.it\/es\/donde-estamos\/plaza-vittorio-emanuele\/\",\"name\":\"Plaza Vittorio Emanuele - Hotel Napoleon Roma\",\"isPartOf\":{\"@id\":\"https:\/\/www.napoleon.it\/es\/#website\"},\"datePublished\":\"2020-07-08T15:24:38+00:00\",\"dateModified\":\"2020-07-08T15:30:55+00:00\",\"breadcrumb\":{\"@id\":\"https:\/\/www.napoleon.it\/es\/donde-estamos\/plaza-vittorio-emanuele\/#breadcrumb\"},\"inLanguage\":\"es\",\"potentialAction\":[{\"@type\":\"ReadAction\",\"target\":[\"https:\/\/www.napoleon.it\/es\/donde-estamos\/plaza-vittorio-emanuele\/\"]}]},{\"@type\":\"BreadcrumbList\",\"@id\":\"https:\/\/www.napoleon.it\/es\/donde-estamos\/plaza-vittorio-emanuele\/#breadcrumb\",\"itemListElement\":[{\"@type\":\"ListItem\",\"position\":1,\"name\":\"Home\",\"item\":\"https:\/\/www.napoleon.it\/es\/\"},{\"@type\":\"ListItem\",\"position\":2,\"name\":\"Donde estamos\",\"item\":\"https:\/\/www.napoleon.it\/es\/donde-estamos\/\"},{\"@type\":\"ListItem\",\"position\":3,\"name\":\"Plaza Vittorio Emanuele\"}]},{\"@type\":\"WebSite\",\"@id\":\"https:\/\/www.napoleon.it\/es\/#website\",\"url\":\"https:\/\/www.napoleon.it\/es\/\",\"name\":\"Hotel Napoleon Roma\",\"description\":\"Ecco un altro sito ms.decms.eu\",\"potentialAction\":[{\"@type\":\"SearchAction\",\"target\":{\"@type\":\"EntryPoint\",\"urlTemplate\":\"https:\/\/www.napoleon.it\/es\/?s={search_term_string}\"},\"query-input\":{\"@type\":\"PropertyValueSpecification\",\"valueRequired\":true,\"valueName\":\"search_term_string\"}}],\"inLanguage\":\"es\"}]}<\/script>\n<!-- \/ Yoast SEO plugin. -->","yoast_head_json":{"title":"Plaza Vittorio Emanuele - Hotel Napoleon Roma","robots":{"index":"index","follow":"follow","max-snippet":"max-snippet:-1","max-image-preview":"max-image-preview:large","max-video-preview":"max-video-preview:-1"},"canonical":"https:\/\/www.napoleon.it\/es\/donde-estamos\/plaza-vittorio-emanuele\/","og_locale":"es_ES","og_type":"article","og_title":"Plaza Vittorio Emanuele - Hotel Napoleon Roma","og_description":"Los jardines \u2013 entre historia y leyenda En el centro de la plaza hay un [&hellip;]","og_url":"https:\/\/www.napoleon.it\/es\/donde-estamos\/plaza-vittorio-emanuele\/","og_site_name":"Hotel Napoleon Roma","article_modified_time":"2020-07-08T15:30:55+00:00","twitter_card":"summary_large_image","twitter_misc":{"Tiempo de lectura":"2 minutos"},"schema":{"@context":"https:\/\/schema.org","@graph":[{"@type":"WebPage","@id":"https:\/\/www.napoleon.it\/es\/donde-estamos\/plaza-vittorio-emanuele\/","url":"https:\/\/www.napoleon.it\/es\/donde-estamos\/plaza-vittorio-emanuele\/","name":"Plaza Vittorio Emanuele - Hotel Napoleon Roma","isPartOf":{"@id":"https:\/\/www.napoleon.it\/es\/#website"},"datePublished":"2020-07-08T15:24:38+00:00","dateModified":"2020-07-08T15:30:55+00:00","breadcrumb":{"@id":"https:\/\/www.napoleon.it\/es\/donde-estamos\/plaza-vittorio-emanuele\/#breadcrumb"},"inLanguage":"es","potentialAction":[{"@type":"ReadAction","target":["https:\/\/www.napoleon.it\/es\/donde-estamos\/plaza-vittorio-emanuele\/"]}]},{"@type":"BreadcrumbList","@id":"https:\/\/www.napoleon.it\/es\/donde-estamos\/plaza-vittorio-emanuele\/#breadcrumb","itemListElement":[{"@type":"ListItem","position":1,"name":"Home","item":"https:\/\/www.napoleon.it\/es\/"},{"@type":"ListItem","position":2,"name":"Donde estamos","item":"https:\/\/www.napoleon.it\/es\/donde-estamos\/"},{"@type":"ListItem","position":3,"name":"Plaza Vittorio Emanuele"}]},{"@type":"WebSite","@id":"https:\/\/www.napoleon.it\/es\/#website","url":"https:\/\/www.napoleon.it\/es\/","name":"Hotel Napoleon Roma","description":"Ecco un altro sito ms.decms.eu","potentialAction":[{"@type":"SearchAction","target":{"@type":"EntryPoint","urlTemplate":"https:\/\/www.napoleon.it\/es\/?s={search_term_string}"},"query-input":{"@type":"PropertyValueSpecification","valueRequired":true,"valueName":"search_term_string"}}],"inLanguage":"es"}]}},"acf":[],"_links":{"self":[{"href":"https:\/\/www.napoleon.it\/es\/wp-json\/wp\/v2\/pages\/176","targetHints":{"allow":["GET"]}}],"collection":[{"href":"https:\/\/www.napoleon.it\/es\/wp-json\/wp\/v2\/pages"}],"about":[{"href":"https:\/\/www.napoleon.it\/es\/wp-json\/wp\/v2\/types\/page"}],"author":[{"embeddable":true,"href":"https:\/\/www.napoleon.it\/es\/wp-json\/wp\/v2\/users\/13"}],"replies":[{"embeddable":true,"href":"https:\/\/www.napoleon.it\/es\/wp-json\/wp\/v2\/comments?post=176"}],"version-history":[{"count":0,"href":"https:\/\/www.napoleon.it\/es\/wp-json\/wp\/v2\/pages\/176\/revisions"}],"up":[{"embeddable":true,"href":"https:\/\/www.napoleon.it\/es\/wp-json\/wp\/v2\/pages\/167"}],"wp:attachment":[{"href":"https:\/\/www.napoleon.it\/es\/wp-json\/wp\/v2\/media?parent=176"}],"curies":[{"name":"wp","href":"https:\/\/api.w.org\/{rel}","templated":true}]}}