{"id":193,"date":"2020-07-08T17:44:06","date_gmt":"2020-07-08T15:44:06","guid":{"rendered":"http:\/\/napoleon.ms.decms.eu\/?page_id=193"},"modified":"2020-07-08T17:44:06","modified_gmt":"2020-07-08T15:44:06","slug":"gimnasio-en-hotel","status":"publish","type":"page","link":"https:\/\/www.napoleon.it\/es\/noticias-de-roma\/gimnasio-en-hotel\/","title":{"rendered":"Gimnasio en Hotel"},"content":{"rendered":"<p>El Hotel Napole\u00f3n en Roma est\u00e1 equipado con un gimnasio en el piso superior del hotel donde puede hacer ejercicios y mantenerse en forma durante sus vacaciones en Roma.<\/p>\n<p>Un gimnasio gratuito est\u00e1 a disposici\u00f3n de nuestros hu\u00e9spedes, equipado con los mejores equipos, abierto todos los d\u00edas de 9:00 a.m. a 9:00 p.m.<\/p>\n","protected":false},"excerpt":{"rendered":"<p>El Hotel Napole\u00f3n en Roma est\u00e1 equipado con un gimnasio en el piso superior del [&hellip;]<\/p>\n","protected":false},"author":13,"featured_media":0,"parent":188,"menu_order":45,"comment_status":"closed","ping_status":"closed","template":"","meta":{"footnotes":""},"class_list":["post-193","page","type-page","status-publish","hentry"],"yoast_head":"<!-- This site is optimized with the Yoast SEO plugin v26.9 - https:\/\/yoast.com\/product\/yoast-seo-wordpress\/ -->\n<title>Gimnasio en Hotel - Hotel Napoleon Roma<\/title>\n<meta name=\"robots\" content=\"index, follow, max-snippet:-1, max-image-preview:large, max-video-preview:-1\" \/>\n<link rel=\"canonical\" href=\"https:\/\/www.napoleon.it\/es\/noticias-de-roma\/gimnasio-en-hotel\/\" \/>\n<meta property=\"og:locale\" content=\"es_ES\" \/>\n<meta property=\"og:type\" content=\"article\" \/>\n<meta property=\"og:title\" content=\"Gimnasio en Hotel - Hotel Napoleon Roma\" \/>\n<meta property=\"og:description\" content=\"El Hotel Napole\u00f3n en Roma est\u00e1 equipado con un gimnasio en el piso superior del [&hellip;]\" \/>\n<meta property=\"og:url\" content=\"https:\/\/www.napoleon.it\/es\/noticias-de-roma\/gimnasio-en-hotel\/\" \/>\n<meta property=\"og:site_name\" content=\"Hotel Napoleon Roma\" \/>\n<meta name=\"twitter:card\" content=\"summary_large_image\" \/>\n<script type=\"application\/ld+json\" class=\"yoast-schema-graph\">{\"@context\":\"https:\/\/schema.org\",\"@graph\":[{\"@type\":\"WebPage\",\"@id\":\"https:\/\/www.napoleon.it\/es\/noticias-de-roma\/gimnasio-en-hotel\/\",\"url\":\"https:\/\/www.napoleon.it\/es\/noticias-de-roma\/gimnasio-en-hotel\/\",\"name\":\"Gimnasio en Hotel - Hotel Napoleon Roma\",\"isPartOf\":{\"@id\":\"https:\/\/www.napoleon.it\/es\/#website\"},\"datePublished\":\"2020-07-08T15:44:06+00:00\",\"breadcrumb\":{\"@id\":\"https:\/\/www.napoleon.it\/es\/noticias-de-roma\/gimnasio-en-hotel\/#breadcrumb\"},\"inLanguage\":\"es\",\"potentialAction\":[{\"@type\":\"ReadAction\",\"target\":[\"https:\/\/www.napoleon.it\/es\/noticias-de-roma\/gimnasio-en-hotel\/\"]}]},{\"@type\":\"BreadcrumbList\",\"@id\":\"https:\/\/www.napoleon.it\/es\/noticias-de-roma\/gimnasio-en-hotel\/#breadcrumb\",\"itemListElement\":[{\"@type\":\"ListItem\",\"position\":1,\"name\":\"Home\",\"item\":\"https:\/\/www.napoleon.it\/es\/\"},{\"@type\":\"ListItem\",\"position\":2,\"name\":\"Noticias de Roma\",\"item\":\"https:\/\/www.napoleon.it\/es\/noticias-de-roma\/\"},{\"@type\":\"ListItem\",\"position\":3,\"name\":\"Gimnasio en Hotel\"}]},{\"@type\":\"WebSite\",\"@id\":\"https:\/\/www.napoleon.it\/es\/#website\",\"url\":\"https:\/\/www.napoleon.it\/es\/\",\"name\":\"Hotel Napoleon Roma\",\"description\":\"Ecco un altro sito ms.decms.eu\",\"potentialAction\":[{\"@type\":\"SearchAction\",\"target\":{\"@type\":\"EntryPoint\",\"urlTemplate\":\"https:\/\/www.napoleon.it\/es\/?s={search_term_string}\"},\"query-input\":{\"@type\":\"PropertyValueSpecification\",\"valueRequired\":true,\"valueName\":\"search_term_string\"}}],\"inLanguage\":\"es\"}]}<\/script>\n<!-- \/ Yoast SEO plugin. -->","yoast_head_json":{"title":"Gimnasio en Hotel - Hotel Napoleon Roma","robots":{"index":"index","follow":"follow","max-snippet":"max-snippet:-1","max-image-preview":"max-image-preview:large","max-video-preview":"max-video-preview:-1"},"canonical":"https:\/\/www.napoleon.it\/es\/noticias-de-roma\/gimnasio-en-hotel\/","og_locale":"es_ES","og_type":"article","og_title":"Gimnasio en Hotel - Hotel Napoleon Roma","og_description":"El Hotel Napole\u00f3n en Roma est\u00e1 equipado con un gimnasio en el piso superior del [&hellip;]","og_url":"https:\/\/www.napoleon.it\/es\/noticias-de-roma\/gimnasio-en-hotel\/","og_site_name":"Hotel Napoleon Roma","twitter_card":"summary_large_image","schema":{"@context":"https:\/\/schema.org","@graph":[{"@type":"WebPage","@id":"https:\/\/www.napoleon.it\/es\/noticias-de-roma\/gimnasio-en-hotel\/","url":"https:\/\/www.napoleon.it\/es\/noticias-de-roma\/gimnasio-en-hotel\/","name":"Gimnasio en Hotel - Hotel Napoleon Roma","isPartOf":{"@id":"https:\/\/www.napoleon.it\/es\/#website"},"datePublished":"2020-07-08T15:44:06+00:00","breadcrumb":{"@id":"https:\/\/www.napoleon.it\/es\/noticias-de-roma\/gimnasio-en-hotel\/#breadcrumb"},"inLanguage":"es","potentialAction":[{"@type":"ReadAction","target":["https:\/\/www.napoleon.it\/es\/noticias-de-roma\/gimnasio-en-hotel\/"]}]},{"@type":"BreadcrumbList","@id":"https:\/\/www.napoleon.it\/es\/noticias-de-roma\/gimnasio-en-hotel\/#breadcrumb","itemListElement":[{"@type":"ListItem","position":1,"name":"Home","item":"https:\/\/www.napoleon.it\/es\/"},{"@type":"ListItem","position":2,"name":"Noticias de Roma","item":"https:\/\/www.napoleon.it\/es\/noticias-de-roma\/"},{"@type":"ListItem","position":3,"name":"Gimnasio en Hotel"}]},{"@type":"WebSite","@id":"https:\/\/www.napoleon.it\/es\/#website","url":"https:\/\/www.napoleon.it\/es\/","name":"Hotel Napoleon Roma","description":"Ecco un altro sito ms.decms.eu","potentialAction":[{"@type":"SearchAction","target":{"@type":"EntryPoint","urlTemplate":"https:\/\/www.napoleon.it\/es\/?s={search_term_string}"},"query-input":{"@type":"PropertyValueSpecification","valueRequired":true,"valueName":"search_term_string"}}],"inLanguage":"es"}]}},"acf":[],"_links":{"self":[{"href":"https:\/\/www.napoleon.it\/es\/wp-json\/wp\/v2\/pages\/193","targetHints":{"allow":["GET"]}}],"collection":[{"href":"https:\/\/www.napoleon.it\/es\/wp-json\/wp\/v2\/pages"}],"about":[{"href":"https:\/\/www.napoleon.it\/es\/wp-json\/wp\/v2\/types\/page"}],"author":[{"embeddable":true,"href":"https:\/\/www.napoleon.it\/es\/wp-json\/wp\/v2\/users\/13"}],"replies":[{"embeddable":true,"href":"https:\/\/www.napoleon.it\/es\/wp-json\/wp\/v2\/comments?post=193"}],"version-history":[{"count":0,"href":"https:\/\/www.napoleon.it\/es\/wp-json\/wp\/v2\/pages\/193\/revisions"}],"up":[{"embeddable":true,"href":"https:\/\/www.napoleon.it\/es\/wp-json\/wp\/v2\/pages\/188"}],"wp:attachment":[{"href":"https:\/\/www.napoleon.it\/es\/wp-json\/wp\/v2\/media?parent=193"}],"curies":[{"name":"wp","href":"https:\/\/api.w.org\/{rel}","templated":true}]}}