{"id":197,"date":"2020-07-08T17:47:14","date_gmt":"2020-07-08T15:47:14","guid":{"rendered":"http:\/\/napoleon.ms.decms.eu\/?page_id=197"},"modified":"2020-07-08T17:52:48","modified_gmt":"2020-07-08T15:52:48","slug":"tripadvisor-hall-of-fame","status":"publish","type":"page","link":"https:\/\/www.napoleon.it\/es\/noticias-de-roma\/tripadvisor-hall-of-fame\/","title":{"rendered":"Tripadvisor \u00abHall of Fame\u00bb"},"content":{"rendered":"<p>\u00ab\u00a1Ahora el Hotel Napole\u00f3n est\u00e1 en el \u00abSal\u00f3n de la Fama\u00bb! Un gran momento en la historia de nuestro hotel. El prestigioso premio otorgado en el Hotel Napole\u00f3n por haber obtenido durante 5 a\u00f1os consecutivos el certificado de Excelencia, gracias a los comentarios de nuestros hu\u00e9spedes. \u00a1Queremos agradecer a todos los que en estos a\u00f1os\u2026<\/p>\n<h4 style=\"text-align: right;\">Roberto Cioce<br \/>\nHotellier<\/h4>\n","protected":false},"excerpt":{"rendered":"<p>\u00ab\u00a1Ahora el Hotel Napole\u00f3n est\u00e1 en el \u00abSal\u00f3n de la Fama\u00bb! Un gran momento en [&hellip;]<\/p>\n","protected":false},"author":13,"featured_media":0,"parent":188,"menu_order":46,"comment_status":"closed","ping_status":"closed","template":"","meta":{"footnotes":""},"class_list":["post-197","page","type-page","status-publish","hentry"],"yoast_head":"<!-- This site is optimized with the Yoast SEO plugin v26.9 - https:\/\/yoast.com\/product\/yoast-seo-wordpress\/ -->\n<title>Tripadvisor \u00abHall of Fame\u00bb - Hotel Napoleon Roma<\/title>\n<meta name=\"robots\" content=\"index, follow, max-snippet:-1, max-image-preview:large, max-video-preview:-1\" \/>\n<link rel=\"canonical\" href=\"https:\/\/www.napoleon.it\/es\/noticias-de-roma\/tripadvisor-hall-of-fame\/\" \/>\n<meta property=\"og:locale\" content=\"es_ES\" \/>\n<meta property=\"og:type\" content=\"article\" \/>\n<meta property=\"og:title\" content=\"Tripadvisor \u00abHall of Fame\u00bb - Hotel Napoleon Roma\" \/>\n<meta property=\"og:description\" content=\"\u00ab\u00a1Ahora el Hotel Napole\u00f3n est\u00e1 en el \u00abSal\u00f3n de la Fama\u00bb! Un gran momento en [&hellip;]\" \/>\n<meta property=\"og:url\" content=\"https:\/\/www.napoleon.it\/es\/noticias-de-roma\/tripadvisor-hall-of-fame\/\" \/>\n<meta property=\"og:site_name\" content=\"Hotel Napoleon Roma\" \/>\n<meta property=\"article:modified_time\" content=\"2020-07-08T15:52:48+00:00\" \/>\n<meta name=\"twitter:card\" content=\"summary_large_image\" \/>\n<script type=\"application\/ld+json\" class=\"yoast-schema-graph\">{\"@context\":\"https:\/\/schema.org\",\"@graph\":[{\"@type\":\"WebPage\",\"@id\":\"https:\/\/www.napoleon.it\/es\/noticias-de-roma\/tripadvisor-hall-of-fame\/\",\"url\":\"https:\/\/www.napoleon.it\/es\/noticias-de-roma\/tripadvisor-hall-of-fame\/\",\"name\":\"Tripadvisor \u00abHall of Fame\u00bb - Hotel Napoleon Roma\",\"isPartOf\":{\"@id\":\"https:\/\/www.napoleon.it\/es\/#website\"},\"datePublished\":\"2020-07-08T15:47:14+00:00\",\"dateModified\":\"2020-07-08T15:52:48+00:00\",\"breadcrumb\":{\"@id\":\"https:\/\/www.napoleon.it\/es\/noticias-de-roma\/tripadvisor-hall-of-fame\/#breadcrumb\"},\"inLanguage\":\"es\",\"potentialAction\":[{\"@type\":\"ReadAction\",\"target\":[\"https:\/\/www.napoleon.it\/es\/noticias-de-roma\/tripadvisor-hall-of-fame\/\"]}]},{\"@type\":\"BreadcrumbList\",\"@id\":\"https:\/\/www.napoleon.it\/es\/noticias-de-roma\/tripadvisor-hall-of-fame\/#breadcrumb\",\"itemListElement\":[{\"@type\":\"ListItem\",\"position\":1,\"name\":\"Home\",\"item\":\"https:\/\/www.napoleon.it\/es\/\"},{\"@type\":\"ListItem\",\"position\":2,\"name\":\"Noticias de Roma\",\"item\":\"https:\/\/www.napoleon.it\/es\/noticias-de-roma\/\"},{\"@type\":\"ListItem\",\"position\":3,\"name\":\"Tripadvisor \u00abHall of Fame\u00bb\"}]},{\"@type\":\"WebSite\",\"@id\":\"https:\/\/www.napoleon.it\/es\/#website\",\"url\":\"https:\/\/www.napoleon.it\/es\/\",\"name\":\"Hotel Napoleon Roma\",\"description\":\"Ecco un altro sito ms.decms.eu\",\"potentialAction\":[{\"@type\":\"SearchAction\",\"target\":{\"@type\":\"EntryPoint\",\"urlTemplate\":\"https:\/\/www.napoleon.it\/es\/?s={search_term_string}\"},\"query-input\":{\"@type\":\"PropertyValueSpecification\",\"valueRequired\":true,\"valueName\":\"search_term_string\"}}],\"inLanguage\":\"es\"}]}<\/script>\n<!-- \/ Yoast SEO plugin. -->","yoast_head_json":{"title":"Tripadvisor \u00abHall of Fame\u00bb - Hotel Napoleon Roma","robots":{"index":"index","follow":"follow","max-snippet":"max-snippet:-1","max-image-preview":"max-image-preview:large","max-video-preview":"max-video-preview:-1"},"canonical":"https:\/\/www.napoleon.it\/es\/noticias-de-roma\/tripadvisor-hall-of-fame\/","og_locale":"es_ES","og_type":"article","og_title":"Tripadvisor \u00abHall of Fame\u00bb - Hotel Napoleon Roma","og_description":"\u00ab\u00a1Ahora el Hotel Napole\u00f3n est\u00e1 en el \u00abSal\u00f3n de la Fama\u00bb! Un gran momento en [&hellip;]","og_url":"https:\/\/www.napoleon.it\/es\/noticias-de-roma\/tripadvisor-hall-of-fame\/","og_site_name":"Hotel Napoleon Roma","article_modified_time":"2020-07-08T15:52:48+00:00","twitter_card":"summary_large_image","schema":{"@context":"https:\/\/schema.org","@graph":[{"@type":"WebPage","@id":"https:\/\/www.napoleon.it\/es\/noticias-de-roma\/tripadvisor-hall-of-fame\/","url":"https:\/\/www.napoleon.it\/es\/noticias-de-roma\/tripadvisor-hall-of-fame\/","name":"Tripadvisor \u00abHall of Fame\u00bb - Hotel Napoleon Roma","isPartOf":{"@id":"https:\/\/www.napoleon.it\/es\/#website"},"datePublished":"2020-07-08T15:47:14+00:00","dateModified":"2020-07-08T15:52:48+00:00","breadcrumb":{"@id":"https:\/\/www.napoleon.it\/es\/noticias-de-roma\/tripadvisor-hall-of-fame\/#breadcrumb"},"inLanguage":"es","potentialAction":[{"@type":"ReadAction","target":["https:\/\/www.napoleon.it\/es\/noticias-de-roma\/tripadvisor-hall-of-fame\/"]}]},{"@type":"BreadcrumbList","@id":"https:\/\/www.napoleon.it\/es\/noticias-de-roma\/tripadvisor-hall-of-fame\/#breadcrumb","itemListElement":[{"@type":"ListItem","position":1,"name":"Home","item":"https:\/\/www.napoleon.it\/es\/"},{"@type":"ListItem","position":2,"name":"Noticias de Roma","item":"https:\/\/www.napoleon.it\/es\/noticias-de-roma\/"},{"@type":"ListItem","position":3,"name":"Tripadvisor \u00abHall of Fame\u00bb"}]},{"@type":"WebSite","@id":"https:\/\/www.napoleon.it\/es\/#website","url":"https:\/\/www.napoleon.it\/es\/","name":"Hotel Napoleon Roma","description":"Ecco un altro sito ms.decms.eu","potentialAction":[{"@type":"SearchAction","target":{"@type":"EntryPoint","urlTemplate":"https:\/\/www.napoleon.it\/es\/?s={search_term_string}"},"query-input":{"@type":"PropertyValueSpecification","valueRequired":true,"valueName":"search_term_string"}}],"inLanguage":"es"}]}},"acf":[],"_links":{"self":[{"href":"https:\/\/www.napoleon.it\/es\/wp-json\/wp\/v2\/pages\/197","targetHints":{"allow":["GET"]}}],"collection":[{"href":"https:\/\/www.napoleon.it\/es\/wp-json\/wp\/v2\/pages"}],"about":[{"href":"https:\/\/www.napoleon.it\/es\/wp-json\/wp\/v2\/types\/page"}],"author":[{"embeddable":true,"href":"https:\/\/www.napoleon.it\/es\/wp-json\/wp\/v2\/users\/13"}],"replies":[{"embeddable":true,"href":"https:\/\/www.napoleon.it\/es\/wp-json\/wp\/v2\/comments?post=197"}],"version-history":[{"count":0,"href":"https:\/\/www.napoleon.it\/es\/wp-json\/wp\/v2\/pages\/197\/revisions"}],"up":[{"embeddable":true,"href":"https:\/\/www.napoleon.it\/es\/wp-json\/wp\/v2\/pages\/188"}],"wp:attachment":[{"href":"https:\/\/www.napoleon.it\/es\/wp-json\/wp\/v2\/media?parent=197"}],"curies":[{"name":"wp","href":"https:\/\/api.w.org\/{rel}","templated":true}]}}