{"id":86,"date":"2020-07-07T16:29:25","date_gmt":"2020-07-07T14:29:25","guid":{"rendered":"http:\/\/napoleon.ms.decms.eu\/?page_id=86"},"modified":"2026-03-18T16:04:45","modified_gmt":"2026-03-18T15:04:45","slug":"habitaciones","status":"publish","type":"page","link":"https:\/\/www.napoleon.it\/es\/habitaciones\/","title":{"rendered":"Habitaciones"},"content":{"rendered":"<p>Las 75 habitaciones del Hotel Napole\u00f3n se asoman a luminosos y tranquilos patios internos, garantizando un silencio \u00fanico para ser un hotel del centro de Roma.<\/p>\n<p>La decoraci\u00f3n de estilo antiguo, est\u00e1 enriquecida por tejidos preciosos de colores suaves y elegantes, dotan a las habitaciones de un encanto y una calidez de las casas de otro tiempo, al mismo tiempo est\u00e1n equipadas con todas las comodidades.<\/p>\n<p>&nbsp;<\/p>\n<h4 style=\"text-align: center;\">Servicios de habitaciones<\/h4>\n<p style=\"text-align: center;\">Todas las habitaciones est\u00e1n equipadas con todas las comodidades modernas para una estancia relajante.<\/p>\n<table>\n<tbody>\n<tr>\n<th><strong>Aire acondicionado<\/strong><\/th>\n<th><strong>Televisi\u00f3n<\/strong><\/th>\n<th><strong>Tel\u00e9fono<\/strong><\/th>\n<\/tr>\n<tr>\n<th><strong>Caja fuerte<\/strong><\/th>\n<th><strong>Minibar<\/strong><\/th>\n<th><strong>Calefacci\u00f3n individual<\/strong><\/th>\n<\/tr>\n<tr>\n<th><strong>Secador de pelo<\/strong><\/th>\n<th><strong>Servicio de despertador<\/strong><\/th>\n<th><strong>Internet WiFi gratis<\/strong><br \/>\nConexi\u00f3n wi-fi en fibra \u00f3ptica alta velocidad gratuita en todo el hotel.<\/th>\n<\/tr>\n<tr>\n<th><strong>Porterage 24h<\/strong><br \/>\nA cualquier hora llegu\u00e9is nuestro maletero se ocupar\u00e1 de vuestro equipaje<\/th>\n<th><strong>Servicio de habitaci\u00f3n 24h<\/strong><br \/>\nServicio de habitaci\u00f3n para desayunos, refrigerios, bebidas y comidas en la comodidad de su habitaci\u00f3n.<\/th>\n<th><strong>Tetera con t\u00e9 y caf\u00e9<\/strong><br \/>\nTetera con t\u00e9 y caf\u00e9 est\u00e1 incluido en todas las habitaciones.<\/th>\n<\/tr>\n<tr>\n<th><strong>Sala de equipajes<\/strong><br \/>\nSala de equipajes disponible para llegadas anticipadas y salidas despu\u00e9s de check-out.<\/th>\n<th><strong>Elecci\u00f3n de almohadas<\/strong><br \/>\nElecci\u00f3n de almohadas disponibles al preguntar al personal.<\/th>\n<th><strong>Batas de ba\u00f1o<\/strong><br \/>\nEn las habitaciones superiores los ba\u00f1os est\u00e1n enriquecidos con batas de ba\u00f1o y zapatillas.<\/th>\n<\/tr>\n<tr>\n<th><strong>Cama adicional<\/strong><br \/>\nCama supletoria para ni\u00f1os menores de 12 a\u00f1os sin cargo.<\/th>\n<th>Cunas de bebes<\/p>\n<p>Cunas y camas para ni\u00f1os de hasta 3 a\u00f1os sin cargo.<\/th>\n<th><strong>Camas de 2 m de largo<\/strong><br \/>\nAlgunas habitaciones est\u00e1n equipadas con camas de 2 m de largo.<\/th>\n<\/tr>\n<tr>\n<th><strong>Bar y Restaurante -10%<\/strong><br \/>\n10% de descuento en el bar y restaurante. \u00a1Solo para reservas en la web oficial!<\/th>\n<th><strong>Pol\u00edtica ambiental<\/strong><br \/>\nConciencia de la importancia de protecci\u00f3n del medio ambiente.<\/th>\n<th><strong>Desayuno<\/strong><br \/>\n(si no est\u00e1 incluido en la tarifa) \u20ac15,00<\/th>\n<\/tr>\n<\/tbody>\n<\/table>\n","protected":false},"excerpt":{"rendered":"<p>Las 75 habitaciones del Hotel Napole\u00f3n se asoman a luminosos y tranquilos patios internos, garantizando [&hellip;]<\/p>\n","protected":false},"author":13,"featured_media":0,"parent":0,"menu_order":2,"comment_status":"closed","ping_status":"closed","template":"template-rooms.php","meta":{"footnotes":""},"class_list":["post-86","page","type-page","status-publish","hentry"],"yoast_head":"<!-- This site is optimized with the Yoast SEO plugin v26.9 - https:\/\/yoast.com\/product\/yoast-seo-wordpress\/ -->\n<title>Habitaciones - Hotel Napoleon Roma<\/title>\n<meta name=\"robots\" content=\"index, follow, max-snippet:-1, max-image-preview:large, max-video-preview:-1\" \/>\n<link rel=\"canonical\" href=\"https:\/\/www.napoleon.it\/es\/habitaciones\/\" \/>\n<meta property=\"og:locale\" content=\"es_ES\" \/>\n<meta property=\"og:type\" content=\"article\" \/>\n<meta property=\"og:title\" content=\"Habitaciones - Hotel Napoleon Roma\" \/>\n<meta property=\"og:description\" content=\"Las 75 habitaciones del Hotel Napole\u00f3n se asoman a luminosos y tranquilos patios internos, garantizando [&hellip;]\" \/>\n<meta property=\"og:url\" content=\"https:\/\/www.napoleon.it\/es\/habitaciones\/\" \/>\n<meta property=\"og:site_name\" content=\"Hotel Napoleon Roma\" \/>\n<meta property=\"article:modified_time\" content=\"2026-03-18T15:04:45+00:00\" \/>\n<meta name=\"twitter:card\" content=\"summary_large_image\" \/>\n<meta name=\"twitter:label1\" content=\"Tiempo de lectura\" \/>\n\t<meta name=\"twitter:data1\" content=\"2 minutos\" \/>\n<script type=\"application\/ld+json\" class=\"yoast-schema-graph\">{\"@context\":\"https:\/\/schema.org\",\"@graph\":[{\"@type\":\"WebPage\",\"@id\":\"https:\/\/www.napoleon.it\/es\/habitaciones\/\",\"url\":\"https:\/\/www.napoleon.it\/es\/habitaciones\/\",\"name\":\"Habitaciones - Hotel Napoleon Roma\",\"isPartOf\":{\"@id\":\"https:\/\/www.napoleon.it\/es\/#website\"},\"datePublished\":\"2020-07-07T14:29:25+00:00\",\"dateModified\":\"2026-03-18T15:04:45+00:00\",\"breadcrumb\":{\"@id\":\"https:\/\/www.napoleon.it\/es\/habitaciones\/#breadcrumb\"},\"inLanguage\":\"es\",\"potentialAction\":[{\"@type\":\"ReadAction\",\"target\":[\"https:\/\/www.napoleon.it\/es\/habitaciones\/\"]}]},{\"@type\":\"BreadcrumbList\",\"@id\":\"https:\/\/www.napoleon.it\/es\/habitaciones\/#breadcrumb\",\"itemListElement\":[{\"@type\":\"ListItem\",\"position\":1,\"name\":\"Home\",\"item\":\"https:\/\/www.napoleon.it\/es\/\"},{\"@type\":\"ListItem\",\"position\":2,\"name\":\"Habitaciones\"}]},{\"@type\":\"WebSite\",\"@id\":\"https:\/\/www.napoleon.it\/es\/#website\",\"url\":\"https:\/\/www.napoleon.it\/es\/\",\"name\":\"Hotel Napoleon Roma\",\"description\":\"Ecco un altro sito ms.decms.eu\",\"potentialAction\":[{\"@type\":\"SearchAction\",\"target\":{\"@type\":\"EntryPoint\",\"urlTemplate\":\"https:\/\/www.napoleon.it\/es\/?s={search_term_string}\"},\"query-input\":{\"@type\":\"PropertyValueSpecification\",\"valueRequired\":true,\"valueName\":\"search_term_string\"}}],\"inLanguage\":\"es\"}]}<\/script>\n<!-- \/ Yoast SEO plugin. -->","yoast_head_json":{"title":"Habitaciones - Hotel Napoleon Roma","robots":{"index":"index","follow":"follow","max-snippet":"max-snippet:-1","max-image-preview":"max-image-preview:large","max-video-preview":"max-video-preview:-1"},"canonical":"https:\/\/www.napoleon.it\/es\/habitaciones\/","og_locale":"es_ES","og_type":"article","og_title":"Habitaciones - Hotel Napoleon Roma","og_description":"Las 75 habitaciones del Hotel Napole\u00f3n se asoman a luminosos y tranquilos patios internos, garantizando [&hellip;]","og_url":"https:\/\/www.napoleon.it\/es\/habitaciones\/","og_site_name":"Hotel Napoleon Roma","article_modified_time":"2026-03-18T15:04:45+00:00","twitter_card":"summary_large_image","twitter_misc":{"Tiempo de lectura":"2 minutos"},"schema":{"@context":"https:\/\/schema.org","@graph":[{"@type":"WebPage","@id":"https:\/\/www.napoleon.it\/es\/habitaciones\/","url":"https:\/\/www.napoleon.it\/es\/habitaciones\/","name":"Habitaciones - Hotel Napoleon Roma","isPartOf":{"@id":"https:\/\/www.napoleon.it\/es\/#website"},"datePublished":"2020-07-07T14:29:25+00:00","dateModified":"2026-03-18T15:04:45+00:00","breadcrumb":{"@id":"https:\/\/www.napoleon.it\/es\/habitaciones\/#breadcrumb"},"inLanguage":"es","potentialAction":[{"@type":"ReadAction","target":["https:\/\/www.napoleon.it\/es\/habitaciones\/"]}]},{"@type":"BreadcrumbList","@id":"https:\/\/www.napoleon.it\/es\/habitaciones\/#breadcrumb","itemListElement":[{"@type":"ListItem","position":1,"name":"Home","item":"https:\/\/www.napoleon.it\/es\/"},{"@type":"ListItem","position":2,"name":"Habitaciones"}]},{"@type":"WebSite","@id":"https:\/\/www.napoleon.it\/es\/#website","url":"https:\/\/www.napoleon.it\/es\/","name":"Hotel Napoleon Roma","description":"Ecco un altro sito ms.decms.eu","potentialAction":[{"@type":"SearchAction","target":{"@type":"EntryPoint","urlTemplate":"https:\/\/www.napoleon.it\/es\/?s={search_term_string}"},"query-input":{"@type":"PropertyValueSpecification","valueRequired":true,"valueName":"search_term_string"}}],"inLanguage":"es"}]}},"acf":[],"_links":{"self":[{"href":"https:\/\/www.napoleon.it\/es\/wp-json\/wp\/v2\/pages\/86","targetHints":{"allow":["GET"]}}],"collection":[{"href":"https:\/\/www.napoleon.it\/es\/wp-json\/wp\/v2\/pages"}],"about":[{"href":"https:\/\/www.napoleon.it\/es\/wp-json\/wp\/v2\/types\/page"}],"author":[{"embeddable":true,"href":"https:\/\/www.napoleon.it\/es\/wp-json\/wp\/v2\/users\/13"}],"replies":[{"embeddable":true,"href":"https:\/\/www.napoleon.it\/es\/wp-json\/wp\/v2\/comments?post=86"}],"version-history":[{"count":0,"href":"https:\/\/www.napoleon.it\/es\/wp-json\/wp\/v2\/pages\/86\/revisions"}],"wp:attachment":[{"href":"https:\/\/www.napoleon.it\/es\/wp-json\/wp\/v2\/media?parent=86"}],"curies":[{"name":"wp","href":"https:\/\/api.w.org\/{rel}","templated":true}]}}