{"id":99,"date":"2020-07-08T10:18:42","date_gmt":"2020-07-08T08:18:42","guid":{"rendered":"http:\/\/napoleon.ms.decms.eu\/?page_id=99"},"modified":"2025-10-14T10:25:51","modified_gmt":"2025-10-14T08:25:51","slug":"habitacion-doble","status":"publish","type":"page","link":"https:\/\/www.napoleon.it\/es\/habitaciones\/habitacion-doble\/","title":{"rendered":"Habitaci\u00f3n Doble"},"content":{"rendered":"<p><strong>Ocupaci\u00f3n m\u00e1xima<\/strong> 2 personas \u2013 recomendado para parejas, familias con un hijo, soltero.<\/p>\n<p>Las <strong>habitaci\u00f3n doble<\/strong>\u00a0est\u00e1n equipadas con una cama doble de 190\u00d7160 cm (6,46\u00d75,25 pies) y tienen medidas de 15 m\u00b2 (18 yr\u00b2) + ba\u00f1o.<\/p>\n<p>Todas las habitaciones tienen <strong>ba\u00f1o privado<\/strong>. Todos los ba\u00f1os, renovados recientemente, est\u00e1n dotados de plato de ba\u00f1o y ba\u00f1era garantizando un flujo constante de agua caliente.<\/p>\n<p>Todas las habitaciones son para <strong>no fumadores<\/strong>. Es posible fumar en la terraza de las habitaciones amueblado y equipado con toldos y en la terraza en el sexto piso.<\/p>\n","protected":false},"excerpt":{"rendered":"<p>Ocupaci\u00f3n m\u00e1xima 2 personas \u2013 recomendado para parejas, familias con un hijo, soltero. Las habitaci\u00f3n [&hellip;]<\/p>\n","protected":false},"author":13,"featured_media":0,"parent":86,"menu_order":2,"comment_status":"closed","ping_status":"closed","template":"template-single-room.php","meta":{"footnotes":""},"class_list":["post-99","page","type-page","status-publish","hentry"],"yoast_head":"<!-- This site is optimized with the Yoast SEO plugin v26.9 - https:\/\/yoast.com\/product\/yoast-seo-wordpress\/ -->\n<title>Habitaci\u00f3n Doble - Hotel Napoleon Roma<\/title>\n<meta name=\"robots\" content=\"index, follow, max-snippet:-1, max-image-preview:large, max-video-preview:-1\" \/>\n<link rel=\"canonical\" href=\"https:\/\/www.napoleon.it\/es\/habitaciones\/habitacion-doble\/\" \/>\n<meta property=\"og:locale\" content=\"es_ES\" \/>\n<meta property=\"og:type\" content=\"article\" \/>\n<meta property=\"og:title\" content=\"Habitaci\u00f3n Doble - Hotel Napoleon Roma\" \/>\n<meta property=\"og:description\" content=\"Ocupaci\u00f3n m\u00e1xima 2 personas \u2013 recomendado para parejas, familias con un hijo, soltero. Las habitaci\u00f3n [&hellip;]\" \/>\n<meta property=\"og:url\" content=\"https:\/\/www.napoleon.it\/es\/habitaciones\/habitacion-doble\/\" \/>\n<meta property=\"og:site_name\" content=\"Hotel Napoleon Roma\" \/>\n<meta property=\"article:modified_time\" content=\"2025-10-14T08:25:51+00:00\" \/>\n<meta name=\"twitter:card\" content=\"summary_large_image\" \/>\n<meta name=\"twitter:label1\" content=\"Tiempo de lectura\" \/>\n\t<meta name=\"twitter:data1\" content=\"1 minuto\" \/>\n<script type=\"application\/ld+json\" class=\"yoast-schema-graph\">{\"@context\":\"https:\/\/schema.org\",\"@graph\":[{\"@type\":\"WebPage\",\"@id\":\"https:\/\/www.napoleon.it\/es\/habitaciones\/habitacion-doble\/\",\"url\":\"https:\/\/www.napoleon.it\/es\/habitaciones\/habitacion-doble\/\",\"name\":\"Habitaci\u00f3n Doble - Hotel Napoleon Roma\",\"isPartOf\":{\"@id\":\"https:\/\/www.napoleon.it\/es\/#website\"},\"datePublished\":\"2020-07-08T08:18:42+00:00\",\"dateModified\":\"2025-10-14T08:25:51+00:00\",\"breadcrumb\":{\"@id\":\"https:\/\/www.napoleon.it\/es\/habitaciones\/habitacion-doble\/#breadcrumb\"},\"inLanguage\":\"es\",\"potentialAction\":[{\"@type\":\"ReadAction\",\"target\":[\"https:\/\/www.napoleon.it\/es\/habitaciones\/habitacion-doble\/\"]}]},{\"@type\":\"BreadcrumbList\",\"@id\":\"https:\/\/www.napoleon.it\/es\/habitaciones\/habitacion-doble\/#breadcrumb\",\"itemListElement\":[{\"@type\":\"ListItem\",\"position\":1,\"name\":\"Home\",\"item\":\"https:\/\/www.napoleon.it\/es\/\"},{\"@type\":\"ListItem\",\"position\":2,\"name\":\"Habitaciones\",\"item\":\"https:\/\/www.napoleon.it\/es\/habitaciones\/\"},{\"@type\":\"ListItem\",\"position\":3,\"name\":\"Habitaci\u00f3n Doble\"}]},{\"@type\":\"WebSite\",\"@id\":\"https:\/\/www.napoleon.it\/es\/#website\",\"url\":\"https:\/\/www.napoleon.it\/es\/\",\"name\":\"Hotel Napoleon Roma\",\"description\":\"Ecco un altro sito ms.decms.eu\",\"potentialAction\":[{\"@type\":\"SearchAction\",\"target\":{\"@type\":\"EntryPoint\",\"urlTemplate\":\"https:\/\/www.napoleon.it\/es\/?s={search_term_string}\"},\"query-input\":{\"@type\":\"PropertyValueSpecification\",\"valueRequired\":true,\"valueName\":\"search_term_string\"}}],\"inLanguage\":\"es\"}]}<\/script>\n<!-- \/ Yoast SEO plugin. -->","yoast_head_json":{"title":"Habitaci\u00f3n Doble - Hotel Napoleon Roma","robots":{"index":"index","follow":"follow","max-snippet":"max-snippet:-1","max-image-preview":"max-image-preview:large","max-video-preview":"max-video-preview:-1"},"canonical":"https:\/\/www.napoleon.it\/es\/habitaciones\/habitacion-doble\/","og_locale":"es_ES","og_type":"article","og_title":"Habitaci\u00f3n Doble - Hotel Napoleon Roma","og_description":"Ocupaci\u00f3n m\u00e1xima 2 personas \u2013 recomendado para parejas, familias con un hijo, soltero. Las habitaci\u00f3n [&hellip;]","og_url":"https:\/\/www.napoleon.it\/es\/habitaciones\/habitacion-doble\/","og_site_name":"Hotel Napoleon Roma","article_modified_time":"2025-10-14T08:25:51+00:00","twitter_card":"summary_large_image","twitter_misc":{"Tiempo de lectura":"1 minuto"},"schema":{"@context":"https:\/\/schema.org","@graph":[{"@type":"WebPage","@id":"https:\/\/www.napoleon.it\/es\/habitaciones\/habitacion-doble\/","url":"https:\/\/www.napoleon.it\/es\/habitaciones\/habitacion-doble\/","name":"Habitaci\u00f3n Doble - Hotel Napoleon Roma","isPartOf":{"@id":"https:\/\/www.napoleon.it\/es\/#website"},"datePublished":"2020-07-08T08:18:42+00:00","dateModified":"2025-10-14T08:25:51+00:00","breadcrumb":{"@id":"https:\/\/www.napoleon.it\/es\/habitaciones\/habitacion-doble\/#breadcrumb"},"inLanguage":"es","potentialAction":[{"@type":"ReadAction","target":["https:\/\/www.napoleon.it\/es\/habitaciones\/habitacion-doble\/"]}]},{"@type":"BreadcrumbList","@id":"https:\/\/www.napoleon.it\/es\/habitaciones\/habitacion-doble\/#breadcrumb","itemListElement":[{"@type":"ListItem","position":1,"name":"Home","item":"https:\/\/www.napoleon.it\/es\/"},{"@type":"ListItem","position":2,"name":"Habitaciones","item":"https:\/\/www.napoleon.it\/es\/habitaciones\/"},{"@type":"ListItem","position":3,"name":"Habitaci\u00f3n Doble"}]},{"@type":"WebSite","@id":"https:\/\/www.napoleon.it\/es\/#website","url":"https:\/\/www.napoleon.it\/es\/","name":"Hotel Napoleon Roma","description":"Ecco un altro sito ms.decms.eu","potentialAction":[{"@type":"SearchAction","target":{"@type":"EntryPoint","urlTemplate":"https:\/\/www.napoleon.it\/es\/?s={search_term_string}"},"query-input":{"@type":"PropertyValueSpecification","valueRequired":true,"valueName":"search_term_string"}}],"inLanguage":"es"}]}},"acf":[],"_links":{"self":[{"href":"https:\/\/www.napoleon.it\/es\/wp-json\/wp\/v2\/pages\/99","targetHints":{"allow":["GET"]}}],"collection":[{"href":"https:\/\/www.napoleon.it\/es\/wp-json\/wp\/v2\/pages"}],"about":[{"href":"https:\/\/www.napoleon.it\/es\/wp-json\/wp\/v2\/types\/page"}],"author":[{"embeddable":true,"href":"https:\/\/www.napoleon.it\/es\/wp-json\/wp\/v2\/users\/13"}],"replies":[{"embeddable":true,"href":"https:\/\/www.napoleon.it\/es\/wp-json\/wp\/v2\/comments?post=99"}],"version-history":[{"count":0,"href":"https:\/\/www.napoleon.it\/es\/wp-json\/wp\/v2\/pages\/99\/revisions"}],"up":[{"embeddable":true,"href":"https:\/\/www.napoleon.it\/es\/wp-json\/wp\/v2\/pages\/86"}],"wp:attachment":[{"href":"https:\/\/www.napoleon.it\/es\/wp-json\/wp\/v2\/media?parent=99"}],"curies":[{"name":"wp","href":"https:\/\/api.w.org\/{rel}","templated":true}]}}