{"id":108,"date":"2020-07-08T10:48:21","date_gmt":"2020-07-08T08:48:21","guid":{"rendered":"http:\/\/napoleon.ms.decms.eu\/?page_id=108"},"modified":"2025-10-14T10:27:38","modified_gmt":"2025-10-14T08:27:38","slug":"chambres-triples-classic","status":"publish","type":"page","link":"https:\/\/www.napoleon.it\/fr\/chambres\/chambres-triples-classic\/","title":{"rendered":"Chambres Triples Classic"},"content":{"rendered":"<p><strong>Occupation maximale<\/strong> 3 personnes \u2013 recommand\u00e9 pour les amis et la famille avec deux enfants.<\/p>\n<p>Les <strong>chambres triples<\/strong> mesurent environ 24 m\u00b2 + salle de bain et sont meubl\u00e9es avec un grand lit 190\u00d7160 cm et un lit simple ou bien trois lits s\u00e9par\u00e9s 190\u00d790 cm.<\/p>\n<p>Toutes les chambres ont une salle de <strong>bains priv\u00e9e<\/strong>. Toutes les salles de bains, r\u00e9cemment restructur\u00e9es, disposent d\u2019une douche ou d\u2019une baignoire, qui garantissent un flux constant d\u2019eau chaude.<\/p>\n<p>Toutes les chambres sont <strong>non-fumeur<\/strong>. Est permis de fumer sur la terrasse des chambres, meubl\u00e9 et \u00e9quip\u00e9 avec des auvents, et sur la terrasse au 6\u00e8me \u00e9tage.<\/p>\n","protected":false},"excerpt":{"rendered":"<p>Occupation maximale 3 personnes \u2013 recommand\u00e9 pour les amis et la famille avec deux enfants. [&hellip;]<\/p>\n","protected":false},"author":13,"featured_media":0,"parent":87,"menu_order":5,"comment_status":"closed","ping_status":"closed","template":"template-single-room.php","meta":{"footnotes":""},"class_list":["post-108","page","type-page","status-publish","hentry"],"yoast_head":"<!-- This site is optimized with the Yoast SEO plugin v26.9 - https:\/\/yoast.com\/product\/yoast-seo-wordpress\/ -->\n<title>Chambres Triples Classic - Hotel Napoleon Roma<\/title>\n<meta name=\"robots\" content=\"index, follow, max-snippet:-1, max-image-preview:large, max-video-preview:-1\" \/>\n<link rel=\"canonical\" href=\"https:\/\/www.napoleon.it\/fr\/chambres\/chambres-triples-classic\/\" \/>\n<meta property=\"og:locale\" content=\"fr_FR\" \/>\n<meta property=\"og:type\" content=\"article\" \/>\n<meta property=\"og:title\" content=\"Chambres Triples Classic - Hotel Napoleon Roma\" \/>\n<meta property=\"og:description\" content=\"Occupation maximale 3 personnes \u2013 recommand\u00e9 pour les amis et la famille avec deux enfants. [&hellip;]\" \/>\n<meta property=\"og:url\" content=\"https:\/\/www.napoleon.it\/fr\/chambres\/chambres-triples-classic\/\" \/>\n<meta property=\"og:site_name\" content=\"Hotel Napoleon Roma\" \/>\n<meta property=\"article:modified_time\" content=\"2025-10-14T08:27:38+00:00\" \/>\n<meta name=\"twitter:card\" content=\"summary_large_image\" \/>\n<meta name=\"twitter:label1\" content=\"Dur\u00e9e de lecture estim\u00e9e\" \/>\n\t<meta name=\"twitter:data1\" content=\"1 minute\" \/>\n<script type=\"application\/ld+json\" class=\"yoast-schema-graph\">{\"@context\":\"https:\/\/schema.org\",\"@graph\":[{\"@type\":\"WebPage\",\"@id\":\"https:\/\/www.napoleon.it\/fr\/chambres\/chambres-triples-classic\/\",\"url\":\"https:\/\/www.napoleon.it\/fr\/chambres\/chambres-triples-classic\/\",\"name\":\"Chambres Triples Classic - Hotel Napoleon Roma\",\"isPartOf\":{\"@id\":\"https:\/\/www.napoleon.it\/fr\/#website\"},\"datePublished\":\"2020-07-08T08:48:21+00:00\",\"dateModified\":\"2025-10-14T08:27:38+00:00\",\"breadcrumb\":{\"@id\":\"https:\/\/www.napoleon.it\/fr\/chambres\/chambres-triples-classic\/#breadcrumb\"},\"inLanguage\":\"fr-FR\",\"potentialAction\":[{\"@type\":\"ReadAction\",\"target\":[\"https:\/\/www.napoleon.it\/fr\/chambres\/chambres-triples-classic\/\"]}]},{\"@type\":\"BreadcrumbList\",\"@id\":\"https:\/\/www.napoleon.it\/fr\/chambres\/chambres-triples-classic\/#breadcrumb\",\"itemListElement\":[{\"@type\":\"ListItem\",\"position\":1,\"name\":\"Home\",\"item\":\"https:\/\/www.napoleon.it\/fr\/\"},{\"@type\":\"ListItem\",\"position\":2,\"name\":\"Chambres\",\"item\":\"https:\/\/www.napoleon.it\/fr\/chambres\/\"},{\"@type\":\"ListItem\",\"position\":3,\"name\":\"Chambres Triples Classic\"}]},{\"@type\":\"WebSite\",\"@id\":\"https:\/\/www.napoleon.it\/fr\/#website\",\"url\":\"https:\/\/www.napoleon.it\/fr\/\",\"name\":\"Hotel Napoleon Roma\",\"description\":\"Ecco un altro sito ms.decms.eu\",\"potentialAction\":[{\"@type\":\"SearchAction\",\"target\":{\"@type\":\"EntryPoint\",\"urlTemplate\":\"https:\/\/www.napoleon.it\/fr\/?s={search_term_string}\"},\"query-input\":{\"@type\":\"PropertyValueSpecification\",\"valueRequired\":true,\"valueName\":\"search_term_string\"}}],\"inLanguage\":\"fr-FR\"}]}<\/script>\n<!-- \/ Yoast SEO plugin. -->","yoast_head_json":{"title":"Chambres Triples Classic - Hotel Napoleon Roma","robots":{"index":"index","follow":"follow","max-snippet":"max-snippet:-1","max-image-preview":"max-image-preview:large","max-video-preview":"max-video-preview:-1"},"canonical":"https:\/\/www.napoleon.it\/fr\/chambres\/chambres-triples-classic\/","og_locale":"fr_FR","og_type":"article","og_title":"Chambres Triples Classic - Hotel Napoleon Roma","og_description":"Occupation maximale 3 personnes \u2013 recommand\u00e9 pour les amis et la famille avec deux enfants. [&hellip;]","og_url":"https:\/\/www.napoleon.it\/fr\/chambres\/chambres-triples-classic\/","og_site_name":"Hotel Napoleon Roma","article_modified_time":"2025-10-14T08:27:38+00:00","twitter_card":"summary_large_image","twitter_misc":{"Dur\u00e9e de lecture estim\u00e9e":"1 minute"},"schema":{"@context":"https:\/\/schema.org","@graph":[{"@type":"WebPage","@id":"https:\/\/www.napoleon.it\/fr\/chambres\/chambres-triples-classic\/","url":"https:\/\/www.napoleon.it\/fr\/chambres\/chambres-triples-classic\/","name":"Chambres Triples Classic - Hotel Napoleon Roma","isPartOf":{"@id":"https:\/\/www.napoleon.it\/fr\/#website"},"datePublished":"2020-07-08T08:48:21+00:00","dateModified":"2025-10-14T08:27:38+00:00","breadcrumb":{"@id":"https:\/\/www.napoleon.it\/fr\/chambres\/chambres-triples-classic\/#breadcrumb"},"inLanguage":"fr-FR","potentialAction":[{"@type":"ReadAction","target":["https:\/\/www.napoleon.it\/fr\/chambres\/chambres-triples-classic\/"]}]},{"@type":"BreadcrumbList","@id":"https:\/\/www.napoleon.it\/fr\/chambres\/chambres-triples-classic\/#breadcrumb","itemListElement":[{"@type":"ListItem","position":1,"name":"Home","item":"https:\/\/www.napoleon.it\/fr\/"},{"@type":"ListItem","position":2,"name":"Chambres","item":"https:\/\/www.napoleon.it\/fr\/chambres\/"},{"@type":"ListItem","position":3,"name":"Chambres Triples Classic"}]},{"@type":"WebSite","@id":"https:\/\/www.napoleon.it\/fr\/#website","url":"https:\/\/www.napoleon.it\/fr\/","name":"Hotel Napoleon Roma","description":"Ecco un altro sito ms.decms.eu","potentialAction":[{"@type":"SearchAction","target":{"@type":"EntryPoint","urlTemplate":"https:\/\/www.napoleon.it\/fr\/?s={search_term_string}"},"query-input":{"@type":"PropertyValueSpecification","valueRequired":true,"valueName":"search_term_string"}}],"inLanguage":"fr-FR"}]}},"acf":[],"_links":{"self":[{"href":"https:\/\/www.napoleon.it\/fr\/wp-json\/wp\/v2\/pages\/108","targetHints":{"allow":["GET"]}}],"collection":[{"href":"https:\/\/www.napoleon.it\/fr\/wp-json\/wp\/v2\/pages"}],"about":[{"href":"https:\/\/www.napoleon.it\/fr\/wp-json\/wp\/v2\/types\/page"}],"author":[{"embeddable":true,"href":"https:\/\/www.napoleon.it\/fr\/wp-json\/wp\/v2\/users\/13"}],"replies":[{"embeddable":true,"href":"https:\/\/www.napoleon.it\/fr\/wp-json\/wp\/v2\/comments?post=108"}],"version-history":[{"count":0,"href":"https:\/\/www.napoleon.it\/fr\/wp-json\/wp\/v2\/pages\/108\/revisions"}],"up":[{"embeddable":true,"href":"https:\/\/www.napoleon.it\/fr\/wp-json\/wp\/v2\/pages\/87"}],"wp:attachment":[{"href":"https:\/\/www.napoleon.it\/fr\/wp-json\/wp\/v2\/media?parent=108"}],"curies":[{"name":"wp","href":"https:\/\/api.w.org\/{rel}","templated":true}]}}