{"id":112,"date":"2020-07-08T10:59:43","date_gmt":"2020-07-08T08:59:43","guid":{"rendered":"http:\/\/napoleon.ms.decms.eu\/?page_id=112"},"modified":"2023-12-04T16:52:26","modified_gmt":"2023-12-04T15:52:26","slug":"services","status":"publish","type":"page","link":"https:\/\/www.napoleon.it\/fr\/services\/","title":{"rendered":"Services"},"content":{"rendered":"<p>L\u2019Hotel Napoleon propose de <strong>nombreux services utiles<\/strong> pour faciliter le s\u00e9jour de ses clients et leur permettre d\u2019appr\u00e9cier au mieux Rome.<\/p>\n<p>Un <strong>personnel exceptionnellement attentif et pr\u00e9par\u00e9<\/strong> est pr\u00eat \u00e0 r\u00e9pondre \u00e0 toutes vos demandes, <strong>disponible 24 heures sur 24, 7 jours sur 7<\/strong>.<\/p>\n<p>Gr\u00e2ce \u00e0 notre exp\u00e9rience et \u00e0 notre connaissance de Rome, vous pouvez nous contacter en toute s\u00e9curit\u00e9.<\/p>\n<p>&nbsp;<\/p>\n<h4 style=\"text-align: center;\">Informations utiles<\/h4>\n<table class=\"services\">\n<tbody>\n<tr>\n<th><strong>Check-in 24h<\/strong><br \/>\nNous vous garantissons que votre chambre sera pr\u00eate avant 14h00. \u2013 Si vous arrivez t\u00f4t, l\u2019enregistrement s\u2019effectue sans frais, sous r\u00e9serve de disponibilit\u00e9. Vous pouvez vous reposer un peu dans le salon. Un petit d\u00e9jeuner gratuit sera disponible \u00e0 votre arriv\u00e9e jusqu\u2019\u00e0 10h00.<\/th>\n<th><strong>Check-out<\/strong><br \/>\nNous demandons \u00e0 nos invit\u00e9s de quitter leur chambre avant 11h00. \u2013 Demandez \u00e0 notre r\u00e9ception si vous avez besoin d\u2019un d\u00e9part tardif, nous serons ravis d\u2019accueillir votre demande en fonction des disponibilit\u00e9s.<\/th>\n<\/tr>\n<\/tbody>\n<\/table>\n<p>&nbsp;<\/p>\n<table>\n<tbody>\n<tr>\n<th><strong>Wi-Fi Gratuit<\/strong><br \/>\nConnexion WiFi haut d\u00e9bit \u00e0 fibre optique gratuite dans tout l\u2019h\u00f4tel.<\/th>\n<th><strong>Concierge 24h<\/strong><br \/>\nLa Conciergerie de l\u2019h\u00f4tel est toujours pr\u00eats \u00e0 fournir des informations et de l\u2019assistance.<\/th>\n<th><strong>Blanchisserie rapide<\/strong><br \/>\nUn service de blanchisserie est disponible tous les jours.<\/th>\n<\/tr>\n<tr>\n<th><strong>Terrasse sur le toit<\/strong><br \/>\nUne terrasse meubl\u00e9e au 6\u00e8me \u00e9tage est \u00e0 votre disposition.<\/th>\n<th><strong>Transfert A\u00e9roport<\/strong><br \/>\nTransfert priv\u00e9 en berline, mini-bus et bus avec chauffeur de et vers les a\u00e9roports et le port.<\/th>\n<th><strong>Poste Internet gratuit<\/strong><br \/>\nDeux stations Internet gratuites avec connexion haut d\u00e9bit sont \u00e0 la disposition.<\/th>\n<\/tr>\n<tr>\n<th><strong>Portier 24h\/24<\/strong><br \/>\nQuel que soit l\u2019heure vous arrivez notre bagagiste\/portier se chargera de vos bagages.<\/th>\n<th><strong>Garage<\/strong><br \/>\nLe Garage conventionn\u00e9 est \u00e0 300 mt de l\u2019H\u00f4tel.<\/th>\n<th><strong>Service de chambre<\/strong><br \/>\nService en chambre pour le petit-d\u00e9jeuner, des collations, des boissons et des repas dans votre chambre.<\/th>\n<\/tr>\n<tr>\n<th><strong>Th\u00e9 et cafeti\u00e8re<\/strong><br \/>\nUne bouilloire avec th\u00e9 et caf\u00e9 est inclus dans toutes les chambres gratuitement.<\/th>\n<th><strong>Visites guid\u00e9es<\/strong><br \/>\nLe personnel de la conciergerie pourra vous r\u00e9server des visites guid\u00e9es de Rome.<\/th>\n<th><strong>Carte de Rome<\/strong><br \/>\nCarte de Rome disponible \u00e0 la r\u00e9ception.<\/th>\n<\/tr>\n<tr>\n<th><strong>Salle des bagages<\/strong><br \/>\nSalle des bagages disponible pour les arriv\u00e9es anticip\u00e9es et pour les d\u00e9parts apr\u00e8s check-out.<\/th>\n<th><strong>Divertissement<\/strong><br \/>\nLa conciergerie pourra vous sugg\u00e9rer des r\u00e9servations pour restaurants, mus\u00e9es, etc.<\/th>\n<th><strong>R\u00e9union\/Banquet<\/strong><br \/>\nSalles pour r\u00e9unions et r\u00e9ceptions disponibles<\/th>\n<\/tr>\n<tr>\n<th><strong>Bar &amp; Restaurant -10%<\/strong><br \/>\n10% de r\u00e9duction sur les prix de le bar et restaurant. Seulement sur le site officiel!<\/th>\n<th><strong>Fer \u00e0 r\u00e9passer<\/strong><br \/>\nFer \u00e0 r\u00e9passer Vous pouvez l\u2019utiliser dans notre blanchisserie.<\/th>\n<th><strong>Fax, photocopies, imprimante<\/strong><br \/>\nVous sont offert gratuitement.<\/th>\n<\/tr>\n<tr>\n<th><strong>Journaux<\/strong><br \/>\nPlusieurs journaux Italiens ou internationaux et plusieurs magazines et hebdomadaires.<\/th>\n<th><strong>Ascenseur<\/strong><br \/>\nL\u2019h\u00f4tel dispose de deux ascenseurs d\u00e9di\u00e9s aux clients.<\/th>\n<th><strong>R\u00e9servations de voitures<\/strong><br \/>\nR\u00e9servations de voitures avec chauffeur ou sans.<\/th>\n<\/tr>\n<tr>\n<th><strong>Baby-sitting<\/strong><br \/>\nBaby-sitting disponible sur demande.<\/th>\n<th colspan=\"2\"><strong>Environmental policy<\/strong><br \/>\nConscience de l\u2019importance de la protection de l&rsquo;environnement.<\/th>\n<\/tr>\n<\/tbody>\n<\/table>\n","protected":false},"excerpt":{"rendered":"<p>L\u2019Hotel Napoleon propose de nombreux services utiles pour faciliter le s\u00e9jour de ses clients et [&hellip;]<\/p>\n","protected":false},"author":13,"featured_media":0,"parent":0,"menu_order":3,"comment_status":"closed","ping_status":"closed","template":"template-services.php","meta":{"footnotes":""},"class_list":["post-112","page","type-page","status-publish","hentry"],"yoast_head":"<!-- This site is optimized with the Yoast SEO plugin v26.9 - https:\/\/yoast.com\/product\/yoast-seo-wordpress\/ -->\n<title>Services - Hotel Napoleon Roma<\/title>\n<meta name=\"robots\" content=\"index, follow, max-snippet:-1, max-image-preview:large, max-video-preview:-1\" \/>\n<link rel=\"canonical\" href=\"https:\/\/www.napoleon.it\/fr\/services\/\" \/>\n<meta property=\"og:locale\" content=\"fr_FR\" \/>\n<meta property=\"og:type\" content=\"article\" \/>\n<meta property=\"og:title\" content=\"Services - Hotel Napoleon Roma\" \/>\n<meta property=\"og:description\" content=\"L\u2019Hotel Napoleon propose de nombreux services utiles pour faciliter le s\u00e9jour de ses clients et [&hellip;]\" \/>\n<meta property=\"og:url\" content=\"https:\/\/www.napoleon.it\/fr\/services\/\" \/>\n<meta property=\"og:site_name\" content=\"Hotel Napoleon Roma\" \/>\n<meta property=\"article:modified_time\" content=\"2023-12-04T15:52:26+00:00\" \/>\n<meta name=\"twitter:card\" content=\"summary_large_image\" \/>\n<meta name=\"twitter:label1\" content=\"Dur\u00e9e de lecture estim\u00e9e\" \/>\n\t<meta name=\"twitter:data1\" content=\"2 minutes\" \/>\n<script type=\"application\/ld+json\" class=\"yoast-schema-graph\">{\"@context\":\"https:\/\/schema.org\",\"@graph\":[{\"@type\":\"WebPage\",\"@id\":\"https:\/\/www.napoleon.it\/fr\/services\/\",\"url\":\"https:\/\/www.napoleon.it\/fr\/services\/\",\"name\":\"Services - Hotel Napoleon Roma\",\"isPartOf\":{\"@id\":\"https:\/\/www.napoleon.it\/fr\/#website\"},\"datePublished\":\"2020-07-08T08:59:43+00:00\",\"dateModified\":\"2023-12-04T15:52:26+00:00\",\"breadcrumb\":{\"@id\":\"https:\/\/www.napoleon.it\/fr\/services\/#breadcrumb\"},\"inLanguage\":\"fr-FR\",\"potentialAction\":[{\"@type\":\"ReadAction\",\"target\":[\"https:\/\/www.napoleon.it\/fr\/services\/\"]}]},{\"@type\":\"BreadcrumbList\",\"@id\":\"https:\/\/www.napoleon.it\/fr\/services\/#breadcrumb\",\"itemListElement\":[{\"@type\":\"ListItem\",\"position\":1,\"name\":\"Home\",\"item\":\"https:\/\/www.napoleon.it\/fr\/\"},{\"@type\":\"ListItem\",\"position\":2,\"name\":\"Services\"}]},{\"@type\":\"WebSite\",\"@id\":\"https:\/\/www.napoleon.it\/fr\/#website\",\"url\":\"https:\/\/www.napoleon.it\/fr\/\",\"name\":\"Hotel Napoleon Roma\",\"description\":\"Ecco un altro sito ms.decms.eu\",\"potentialAction\":[{\"@type\":\"SearchAction\",\"target\":{\"@type\":\"EntryPoint\",\"urlTemplate\":\"https:\/\/www.napoleon.it\/fr\/?s={search_term_string}\"},\"query-input\":{\"@type\":\"PropertyValueSpecification\",\"valueRequired\":true,\"valueName\":\"search_term_string\"}}],\"inLanguage\":\"fr-FR\"}]}<\/script>\n<!-- \/ Yoast SEO plugin. -->","yoast_head_json":{"title":"Services - Hotel Napoleon Roma","robots":{"index":"index","follow":"follow","max-snippet":"max-snippet:-1","max-image-preview":"max-image-preview:large","max-video-preview":"max-video-preview:-1"},"canonical":"https:\/\/www.napoleon.it\/fr\/services\/","og_locale":"fr_FR","og_type":"article","og_title":"Services - Hotel Napoleon Roma","og_description":"L\u2019Hotel Napoleon propose de nombreux services utiles pour faciliter le s\u00e9jour de ses clients et [&hellip;]","og_url":"https:\/\/www.napoleon.it\/fr\/services\/","og_site_name":"Hotel Napoleon Roma","article_modified_time":"2023-12-04T15:52:26+00:00","twitter_card":"summary_large_image","twitter_misc":{"Dur\u00e9e de lecture estim\u00e9e":"2 minutes"},"schema":{"@context":"https:\/\/schema.org","@graph":[{"@type":"WebPage","@id":"https:\/\/www.napoleon.it\/fr\/services\/","url":"https:\/\/www.napoleon.it\/fr\/services\/","name":"Services - Hotel Napoleon Roma","isPartOf":{"@id":"https:\/\/www.napoleon.it\/fr\/#website"},"datePublished":"2020-07-08T08:59:43+00:00","dateModified":"2023-12-04T15:52:26+00:00","breadcrumb":{"@id":"https:\/\/www.napoleon.it\/fr\/services\/#breadcrumb"},"inLanguage":"fr-FR","potentialAction":[{"@type":"ReadAction","target":["https:\/\/www.napoleon.it\/fr\/services\/"]}]},{"@type":"BreadcrumbList","@id":"https:\/\/www.napoleon.it\/fr\/services\/#breadcrumb","itemListElement":[{"@type":"ListItem","position":1,"name":"Home","item":"https:\/\/www.napoleon.it\/fr\/"},{"@type":"ListItem","position":2,"name":"Services"}]},{"@type":"WebSite","@id":"https:\/\/www.napoleon.it\/fr\/#website","url":"https:\/\/www.napoleon.it\/fr\/","name":"Hotel Napoleon Roma","description":"Ecco un altro sito ms.decms.eu","potentialAction":[{"@type":"SearchAction","target":{"@type":"EntryPoint","urlTemplate":"https:\/\/www.napoleon.it\/fr\/?s={search_term_string}"},"query-input":{"@type":"PropertyValueSpecification","valueRequired":true,"valueName":"search_term_string"}}],"inLanguage":"fr-FR"}]}},"acf":[],"_links":{"self":[{"href":"https:\/\/www.napoleon.it\/fr\/wp-json\/wp\/v2\/pages\/112","targetHints":{"allow":["GET"]}}],"collection":[{"href":"https:\/\/www.napoleon.it\/fr\/wp-json\/wp\/v2\/pages"}],"about":[{"href":"https:\/\/www.napoleon.it\/fr\/wp-json\/wp\/v2\/types\/page"}],"author":[{"embeddable":true,"href":"https:\/\/www.napoleon.it\/fr\/wp-json\/wp\/v2\/users\/13"}],"replies":[{"embeddable":true,"href":"https:\/\/www.napoleon.it\/fr\/wp-json\/wp\/v2\/comments?post=112"}],"version-history":[{"count":0,"href":"https:\/\/www.napoleon.it\/fr\/wp-json\/wp\/v2\/pages\/112\/revisions"}],"wp:attachment":[{"href":"https:\/\/www.napoleon.it\/fr\/wp-json\/wp\/v2\/media?parent=112"}],"curies":[{"name":"wp","href":"https:\/\/api.w.org\/{rel}","templated":true}]}}