{"id":128,"date":"2020-07-08T15:11:43","date_gmt":"2020-07-08T13:11:43","guid":{"rendered":"http:\/\/napoleon.ms.decms.eu\/?page_id=128"},"modified":"2023-12-04T15:22:24","modified_gmt":"2023-12-04T14:22:24","slug":"restaurant","status":"publish","type":"page","link":"https:\/\/www.napoleon.it\/fr\/restauration\/restaurant\/","title":{"rendered":"Restaurant"},"content":{"rendered":"<p>Le Bistrot \u00a0\u00bb la Rochelle\u00a0\u00bb de H\u00f4tel Napol\u00e9on, accueillant et r\u00e9serv\u00e9 comprenant \u2013 10 tables pour 30 places \u2013 est l\u2019endroit id\u00e9al pour go\u00fbter des plats de haute qualit\u00e0, savamment cuisin\u00e9s \u00e0 un prix raisonnable. Parmi les delicieux mets vous pouvez essayer le menu Italien et go\u00fbter les meilleurs plats de la tradition italienne et romaine accompagn\u00e9 des vins des meilleurs crus.<\/p>\n<p>Vous trouverez le personnel tr\u00e8s disponible, aimable pret \u00e0 vous servir et conseiller.<\/p>\n<ul>\n<li style=\"list-style-type: none\">\n<ul>\n<li>Ouvert tous les jours pour le d\u00eener de 19h \u00e0 22h30 (derni\u00e8re commande).<\/li>\n<li>Nous vous sugg\u00e9rons de r\u00e9server votre table \u00e0 l\u2019avance.<\/li>\n<\/ul>\n<\/li>\n<\/ul>\n<ul>\n<li>Les taxes et le service sont inclus dans le prix.<\/li>\n<\/ul>\n","protected":false},"excerpt":{"rendered":"<p>Le Bistrot \u00a0\u00bb la Rochelle\u00a0\u00bb de H\u00f4tel Napol\u00e9on, accueillant et r\u00e9serv\u00e9 comprenant \u2013 10 tables [&hellip;]<\/p>\n","protected":false},"author":13,"featured_media":0,"parent":116,"menu_order":3,"comment_status":"closed","ping_status":"closed","template":"template-single-restaurant.php","meta":{"footnotes":""},"class_list":["post-128","page","type-page","status-publish","hentry"],"yoast_head":"<!-- This site is optimized with the Yoast SEO plugin v26.9 - https:\/\/yoast.com\/product\/yoast-seo-wordpress\/ -->\n<title>Restaurant - Hotel Napoleon Roma<\/title>\n<meta name=\"robots\" content=\"index, follow, max-snippet:-1, max-image-preview:large, max-video-preview:-1\" \/>\n<link rel=\"canonical\" href=\"https:\/\/www.napoleon.it\/fr\/restauration\/restaurant\/\" \/>\n<meta property=\"og:locale\" content=\"fr_FR\" \/>\n<meta property=\"og:type\" content=\"article\" \/>\n<meta property=\"og:title\" content=\"Restaurant - Hotel Napoleon Roma\" \/>\n<meta property=\"og:description\" content=\"Le Bistrot \u00a0\u00bb la Rochelle\u00a0\u00bb de H\u00f4tel Napol\u00e9on, accueillant et r\u00e9serv\u00e9 comprenant \u2013 10 tables [&hellip;]\" \/>\n<meta property=\"og:url\" content=\"https:\/\/www.napoleon.it\/fr\/restauration\/restaurant\/\" \/>\n<meta property=\"og:site_name\" content=\"Hotel Napoleon Roma\" \/>\n<meta property=\"article:modified_time\" content=\"2023-12-04T14:22:24+00:00\" \/>\n<meta name=\"twitter:card\" content=\"summary_large_image\" \/>\n<meta name=\"twitter:label1\" content=\"Dur\u00e9e de lecture estim\u00e9e\" \/>\n\t<meta name=\"twitter:data1\" content=\"1 minute\" \/>\n<script type=\"application\/ld+json\" class=\"yoast-schema-graph\">{\"@context\":\"https:\/\/schema.org\",\"@graph\":[{\"@type\":\"WebPage\",\"@id\":\"https:\/\/www.napoleon.it\/fr\/restauration\/restaurant\/\",\"url\":\"https:\/\/www.napoleon.it\/fr\/restauration\/restaurant\/\",\"name\":\"Restaurant - Hotel Napoleon Roma\",\"isPartOf\":{\"@id\":\"https:\/\/www.napoleon.it\/fr\/#website\"},\"datePublished\":\"2020-07-08T13:11:43+00:00\",\"dateModified\":\"2023-12-04T14:22:24+00:00\",\"breadcrumb\":{\"@id\":\"https:\/\/www.napoleon.it\/fr\/restauration\/restaurant\/#breadcrumb\"},\"inLanguage\":\"fr-FR\",\"potentialAction\":[{\"@type\":\"ReadAction\",\"target\":[\"https:\/\/www.napoleon.it\/fr\/restauration\/restaurant\/\"]}]},{\"@type\":\"BreadcrumbList\",\"@id\":\"https:\/\/www.napoleon.it\/fr\/restauration\/restaurant\/#breadcrumb\",\"itemListElement\":[{\"@type\":\"ListItem\",\"position\":1,\"name\":\"Home\",\"item\":\"https:\/\/www.napoleon.it\/fr\/\"},{\"@type\":\"ListItem\",\"position\":2,\"name\":\"Restauration\",\"item\":\"https:\/\/www.napoleon.it\/fr\/restauration\/\"},{\"@type\":\"ListItem\",\"position\":3,\"name\":\"Restaurant\"}]},{\"@type\":\"WebSite\",\"@id\":\"https:\/\/www.napoleon.it\/fr\/#website\",\"url\":\"https:\/\/www.napoleon.it\/fr\/\",\"name\":\"Hotel Napoleon Roma\",\"description\":\"Ecco un altro sito ms.decms.eu\",\"potentialAction\":[{\"@type\":\"SearchAction\",\"target\":{\"@type\":\"EntryPoint\",\"urlTemplate\":\"https:\/\/www.napoleon.it\/fr\/?s={search_term_string}\"},\"query-input\":{\"@type\":\"PropertyValueSpecification\",\"valueRequired\":true,\"valueName\":\"search_term_string\"}}],\"inLanguage\":\"fr-FR\"}]}<\/script>\n<!-- \/ Yoast SEO plugin. -->","yoast_head_json":{"title":"Restaurant - Hotel Napoleon Roma","robots":{"index":"index","follow":"follow","max-snippet":"max-snippet:-1","max-image-preview":"max-image-preview:large","max-video-preview":"max-video-preview:-1"},"canonical":"https:\/\/www.napoleon.it\/fr\/restauration\/restaurant\/","og_locale":"fr_FR","og_type":"article","og_title":"Restaurant - Hotel Napoleon Roma","og_description":"Le Bistrot \u00a0\u00bb la Rochelle\u00a0\u00bb de H\u00f4tel Napol\u00e9on, accueillant et r\u00e9serv\u00e9 comprenant \u2013 10 tables [&hellip;]","og_url":"https:\/\/www.napoleon.it\/fr\/restauration\/restaurant\/","og_site_name":"Hotel Napoleon Roma","article_modified_time":"2023-12-04T14:22:24+00:00","twitter_card":"summary_large_image","twitter_misc":{"Dur\u00e9e de lecture estim\u00e9e":"1 minute"},"schema":{"@context":"https:\/\/schema.org","@graph":[{"@type":"WebPage","@id":"https:\/\/www.napoleon.it\/fr\/restauration\/restaurant\/","url":"https:\/\/www.napoleon.it\/fr\/restauration\/restaurant\/","name":"Restaurant - Hotel Napoleon Roma","isPartOf":{"@id":"https:\/\/www.napoleon.it\/fr\/#website"},"datePublished":"2020-07-08T13:11:43+00:00","dateModified":"2023-12-04T14:22:24+00:00","breadcrumb":{"@id":"https:\/\/www.napoleon.it\/fr\/restauration\/restaurant\/#breadcrumb"},"inLanguage":"fr-FR","potentialAction":[{"@type":"ReadAction","target":["https:\/\/www.napoleon.it\/fr\/restauration\/restaurant\/"]}]},{"@type":"BreadcrumbList","@id":"https:\/\/www.napoleon.it\/fr\/restauration\/restaurant\/#breadcrumb","itemListElement":[{"@type":"ListItem","position":1,"name":"Home","item":"https:\/\/www.napoleon.it\/fr\/"},{"@type":"ListItem","position":2,"name":"Restauration","item":"https:\/\/www.napoleon.it\/fr\/restauration\/"},{"@type":"ListItem","position":3,"name":"Restaurant"}]},{"@type":"WebSite","@id":"https:\/\/www.napoleon.it\/fr\/#website","url":"https:\/\/www.napoleon.it\/fr\/","name":"Hotel Napoleon Roma","description":"Ecco un altro sito ms.decms.eu","potentialAction":[{"@type":"SearchAction","target":{"@type":"EntryPoint","urlTemplate":"https:\/\/www.napoleon.it\/fr\/?s={search_term_string}"},"query-input":{"@type":"PropertyValueSpecification","valueRequired":true,"valueName":"search_term_string"}}],"inLanguage":"fr-FR"}]}},"acf":[],"_links":{"self":[{"href":"https:\/\/www.napoleon.it\/fr\/wp-json\/wp\/v2\/pages\/128","targetHints":{"allow":["GET"]}}],"collection":[{"href":"https:\/\/www.napoleon.it\/fr\/wp-json\/wp\/v2\/pages"}],"about":[{"href":"https:\/\/www.napoleon.it\/fr\/wp-json\/wp\/v2\/types\/page"}],"author":[{"embeddable":true,"href":"https:\/\/www.napoleon.it\/fr\/wp-json\/wp\/v2\/users\/13"}],"replies":[{"embeddable":true,"href":"https:\/\/www.napoleon.it\/fr\/wp-json\/wp\/v2\/comments?post=128"}],"version-history":[{"count":0,"href":"https:\/\/www.napoleon.it\/fr\/wp-json\/wp\/v2\/pages\/128\/revisions"}],"up":[{"embeddable":true,"href":"https:\/\/www.napoleon.it\/fr\/wp-json\/wp\/v2\/pages\/116"}],"wp:attachment":[{"href":"https:\/\/www.napoleon.it\/fr\/wp-json\/wp\/v2\/media?parent=128"}],"curies":[{"name":"wp","href":"https:\/\/api.w.org\/{rel}","templated":true}]}}