{"id":132,"date":"2020-07-08T15:15:45","date_gmt":"2020-07-08T13:15:45","guid":{"rendered":"http:\/\/napoleon.ms.decms.eu\/?page_id=132"},"modified":"2020-07-08T15:15:45","modified_gmt":"2020-07-08T13:15:45","slug":"temps-des-vins-et-cocktails","status":"publish","type":"page","link":"https:\/\/www.napoleon.it\/fr\/restauration\/temps-des-vins-et-cocktails\/","title":{"rendered":"Temps des vins et cocktails"},"content":{"rendered":"<p>Tous les mardis et samedis soirs \u00e0 19h00, tous les clients sont invit\u00e9s au bar de l\u2019h\u00f4tel pour une d\u00e9gustation de vins italiens raffin\u00e9s, de d\u00e9licieux cocktails et de produits du territoire. Deux bonnes occasions de rencontrer d\u2019autres invit\u00e9s, de discuter et de boire de bonnes lunettes offertes par la maison avec la contribution de notre barman Piero D\u2019Acunto \u2013 Best Italian Somelier 2013.<\/p>\n","protected":false},"excerpt":{"rendered":"<p>Tous les mardis et samedis soirs \u00e0 19h00, tous les clients sont invit\u00e9s au bar [&hellip;]<\/p>\n","protected":false},"author":13,"featured_media":0,"parent":116,"menu_order":4,"comment_status":"closed","ping_status":"closed","template":"","meta":{"footnotes":""},"class_list":["post-132","page","type-page","status-publish","hentry"],"yoast_head":"<!-- This site is optimized with the Yoast SEO plugin v26.9 - https:\/\/yoast.com\/product\/yoast-seo-wordpress\/ -->\n<title>Temps des vins et cocktails - Hotel Napoleon Roma<\/title>\n<meta name=\"robots\" content=\"index, follow, max-snippet:-1, max-image-preview:large, max-video-preview:-1\" \/>\n<link rel=\"canonical\" href=\"https:\/\/www.napoleon.it\/fr\/restauration\/temps-des-vins-et-cocktails\/\" \/>\n<meta property=\"og:locale\" content=\"fr_FR\" \/>\n<meta property=\"og:type\" content=\"article\" \/>\n<meta property=\"og:title\" content=\"Temps des vins et cocktails - Hotel Napoleon Roma\" \/>\n<meta property=\"og:description\" content=\"Tous les mardis et samedis soirs \u00e0 19h00, tous les clients sont invit\u00e9s au bar [&hellip;]\" \/>\n<meta property=\"og:url\" content=\"https:\/\/www.napoleon.it\/fr\/restauration\/temps-des-vins-et-cocktails\/\" \/>\n<meta property=\"og:site_name\" content=\"Hotel Napoleon Roma\" \/>\n<meta name=\"twitter:card\" content=\"summary_large_image\" \/>\n<script type=\"application\/ld+json\" class=\"yoast-schema-graph\">{\"@context\":\"https:\/\/schema.org\",\"@graph\":[{\"@type\":\"WebPage\",\"@id\":\"https:\/\/www.napoleon.it\/fr\/restauration\/temps-des-vins-et-cocktails\/\",\"url\":\"https:\/\/www.napoleon.it\/fr\/restauration\/temps-des-vins-et-cocktails\/\",\"name\":\"Temps des vins et cocktails - Hotel Napoleon Roma\",\"isPartOf\":{\"@id\":\"https:\/\/www.napoleon.it\/fr\/#website\"},\"datePublished\":\"2020-07-08T13:15:45+00:00\",\"breadcrumb\":{\"@id\":\"https:\/\/www.napoleon.it\/fr\/restauration\/temps-des-vins-et-cocktails\/#breadcrumb\"},\"inLanguage\":\"fr-FR\",\"potentialAction\":[{\"@type\":\"ReadAction\",\"target\":[\"https:\/\/www.napoleon.it\/fr\/restauration\/temps-des-vins-et-cocktails\/\"]}]},{\"@type\":\"BreadcrumbList\",\"@id\":\"https:\/\/www.napoleon.it\/fr\/restauration\/temps-des-vins-et-cocktails\/#breadcrumb\",\"itemListElement\":[{\"@type\":\"ListItem\",\"position\":1,\"name\":\"Home\",\"item\":\"https:\/\/www.napoleon.it\/fr\/\"},{\"@type\":\"ListItem\",\"position\":2,\"name\":\"Restauration\",\"item\":\"https:\/\/www.napoleon.it\/fr\/restauration\/\"},{\"@type\":\"ListItem\",\"position\":3,\"name\":\"Temps des vins et cocktails\"}]},{\"@type\":\"WebSite\",\"@id\":\"https:\/\/www.napoleon.it\/fr\/#website\",\"url\":\"https:\/\/www.napoleon.it\/fr\/\",\"name\":\"Hotel Napoleon Roma\",\"description\":\"Ecco un altro sito ms.decms.eu\",\"potentialAction\":[{\"@type\":\"SearchAction\",\"target\":{\"@type\":\"EntryPoint\",\"urlTemplate\":\"https:\/\/www.napoleon.it\/fr\/?s={search_term_string}\"},\"query-input\":{\"@type\":\"PropertyValueSpecification\",\"valueRequired\":true,\"valueName\":\"search_term_string\"}}],\"inLanguage\":\"fr-FR\"}]}<\/script>\n<!-- \/ Yoast SEO plugin. -->","yoast_head_json":{"title":"Temps des vins et cocktails - Hotel Napoleon Roma","robots":{"index":"index","follow":"follow","max-snippet":"max-snippet:-1","max-image-preview":"max-image-preview:large","max-video-preview":"max-video-preview:-1"},"canonical":"https:\/\/www.napoleon.it\/fr\/restauration\/temps-des-vins-et-cocktails\/","og_locale":"fr_FR","og_type":"article","og_title":"Temps des vins et cocktails - Hotel Napoleon Roma","og_description":"Tous les mardis et samedis soirs \u00e0 19h00, tous les clients sont invit\u00e9s au bar [&hellip;]","og_url":"https:\/\/www.napoleon.it\/fr\/restauration\/temps-des-vins-et-cocktails\/","og_site_name":"Hotel Napoleon Roma","twitter_card":"summary_large_image","schema":{"@context":"https:\/\/schema.org","@graph":[{"@type":"WebPage","@id":"https:\/\/www.napoleon.it\/fr\/restauration\/temps-des-vins-et-cocktails\/","url":"https:\/\/www.napoleon.it\/fr\/restauration\/temps-des-vins-et-cocktails\/","name":"Temps des vins et cocktails - Hotel Napoleon Roma","isPartOf":{"@id":"https:\/\/www.napoleon.it\/fr\/#website"},"datePublished":"2020-07-08T13:15:45+00:00","breadcrumb":{"@id":"https:\/\/www.napoleon.it\/fr\/restauration\/temps-des-vins-et-cocktails\/#breadcrumb"},"inLanguage":"fr-FR","potentialAction":[{"@type":"ReadAction","target":["https:\/\/www.napoleon.it\/fr\/restauration\/temps-des-vins-et-cocktails\/"]}]},{"@type":"BreadcrumbList","@id":"https:\/\/www.napoleon.it\/fr\/restauration\/temps-des-vins-et-cocktails\/#breadcrumb","itemListElement":[{"@type":"ListItem","position":1,"name":"Home","item":"https:\/\/www.napoleon.it\/fr\/"},{"@type":"ListItem","position":2,"name":"Restauration","item":"https:\/\/www.napoleon.it\/fr\/restauration\/"},{"@type":"ListItem","position":3,"name":"Temps des vins et cocktails"}]},{"@type":"WebSite","@id":"https:\/\/www.napoleon.it\/fr\/#website","url":"https:\/\/www.napoleon.it\/fr\/","name":"Hotel Napoleon Roma","description":"Ecco un altro sito ms.decms.eu","potentialAction":[{"@type":"SearchAction","target":{"@type":"EntryPoint","urlTemplate":"https:\/\/www.napoleon.it\/fr\/?s={search_term_string}"},"query-input":{"@type":"PropertyValueSpecification","valueRequired":true,"valueName":"search_term_string"}}],"inLanguage":"fr-FR"}]}},"acf":[],"_links":{"self":[{"href":"https:\/\/www.napoleon.it\/fr\/wp-json\/wp\/v2\/pages\/132","targetHints":{"allow":["GET"]}}],"collection":[{"href":"https:\/\/www.napoleon.it\/fr\/wp-json\/wp\/v2\/pages"}],"about":[{"href":"https:\/\/www.napoleon.it\/fr\/wp-json\/wp\/v2\/types\/page"}],"author":[{"embeddable":true,"href":"https:\/\/www.napoleon.it\/fr\/wp-json\/wp\/v2\/users\/13"}],"replies":[{"embeddable":true,"href":"https:\/\/www.napoleon.it\/fr\/wp-json\/wp\/v2\/comments?post=132"}],"version-history":[{"count":0,"href":"https:\/\/www.napoleon.it\/fr\/wp-json\/wp\/v2\/pages\/132\/revisions"}],"up":[{"embeddable":true,"href":"https:\/\/www.napoleon.it\/fr\/wp-json\/wp\/v2\/pages\/116"}],"wp:attachment":[{"href":"https:\/\/www.napoleon.it\/fr\/wp-json\/wp\/v2\/media?parent=132"}],"curies":[{"name":"wp","href":"https:\/\/api.w.org\/{rel}","templated":true}]}}