{"id":137,"date":"2020-07-08T15:17:38","date_gmt":"2020-07-08T13:17:38","guid":{"rendered":"http:\/\/napoleon.ms.decms.eu\/?page_id=137"},"modified":"2020-07-08T15:27:41","modified_gmt":"2020-07-08T13:27:41","slug":"banquets-receptions","status":"publish","type":"page","link":"https:\/\/www.napoleon.it\/fr\/restauration\/banquets-receptions\/","title":{"rendered":"Banquets &#038; R\u00e9ceptions"},"content":{"rendered":"<p>Nous sommes ravis d\u2019organiser des banquets et des r\u00e9ceptions pour des \u00e9v\u00e9nements tels que mariages, anniversaires et anniversaires. Nous nous occuperons de chaque d\u00e9tail pour rendre votre \u00e9v\u00e9nement agr\u00e9able et m\u00e9morable.<\/p>\n<p>Vous pouvez choisir le repas en prenant les plats du Menu ou la liste des sp\u00e9cialit\u00e9s. D\u00e8s r\u00e9ception de votre choix ou vous informera sur le prix.<br \/>\n<em>Menu receptions<\/em><\/p>\n<p>Le vins que nous servons pendant les r\u00e9ceptions, vous pourrez les choisir sur la liste des vins. Une remise de 10% est pr\u00e9vue pour une commande sup\u00e9rieure \u00e0 10 bouteilles.<br \/>\n<em>Wine list<\/em><\/p>\n<ul>\n<li>La disposition des tables (rondes ou rectangulaires) sera faite selon votre choix pour un maximum de 70 personnes.<\/li>\n<li>L\u2019Hotel se chargera des fleurs pour les tables, ils sont compris dans le prix. Vous pouvez commander les bouquets et boutonniers au kiosque \u00e0 fleurs en face de l\u2019h\u00f4tel.<\/li>\n<li>Nous pouvons aussi pourvoir \u00e0 la musique diff\u00e9rents genres de musique sont disponibles: avec soliste piano, saxo et piano, jazz band, dance music avec chanteur. Nous vous prions de nous contacter pour le<\/li>\n<li>prix et la r\u00e9servation de ce service. On peut aussi disposer d\u2019une cha\u00eene st\u00e9r\u00e9o MP3 sous autres frais. Le salon \u00e9tant insonoris\u00e9 on peut f\u00eater jusqu\u2019\u00e0 tard dans la nuit sans d\u00e9ranger les autres h\u00f4tes.<\/li>\n<li>On peut vous organiser un rendez-vous avec le coiffeur dans le salon de coiffure ou bien dans votre chambre avec suppl\u00e9ment. Nous vous conseillons vivement de r\u00e9server \u00e0 l\u2019avance.<\/li>\n<\/ul>\n","protected":false},"excerpt":{"rendered":"<p>Nous sommes ravis d\u2019organiser des banquets et des r\u00e9ceptions pour des \u00e9v\u00e9nements tels que mariages, [&hellip;]<\/p>\n","protected":false},"author":13,"featured_media":0,"parent":116,"menu_order":5,"comment_status":"closed","ping_status":"closed","template":"template-single-restaurant.php","meta":{"footnotes":""},"class_list":["post-137","page","type-page","status-publish","hentry"],"yoast_head":"<!-- This site is optimized with the Yoast SEO plugin v26.9 - https:\/\/yoast.com\/product\/yoast-seo-wordpress\/ -->\n<title>Banquets &amp; R\u00e9ceptions - Hotel Napoleon Roma<\/title>\n<meta name=\"robots\" content=\"index, follow, max-snippet:-1, max-image-preview:large, max-video-preview:-1\" \/>\n<link rel=\"canonical\" href=\"https:\/\/www.napoleon.it\/fr\/restauration\/banquets-receptions\/\" \/>\n<meta property=\"og:locale\" content=\"fr_FR\" \/>\n<meta property=\"og:type\" content=\"article\" \/>\n<meta property=\"og:title\" content=\"Banquets &amp; R\u00e9ceptions - Hotel Napoleon Roma\" \/>\n<meta property=\"og:description\" content=\"Nous sommes ravis d\u2019organiser des banquets et des r\u00e9ceptions pour des \u00e9v\u00e9nements tels que mariages, [&hellip;]\" \/>\n<meta property=\"og:url\" content=\"https:\/\/www.napoleon.it\/fr\/restauration\/banquets-receptions\/\" \/>\n<meta property=\"og:site_name\" content=\"Hotel Napoleon Roma\" \/>\n<meta property=\"article:modified_time\" content=\"2020-07-08T13:27:41+00:00\" \/>\n<meta name=\"twitter:card\" content=\"summary_large_image\" \/>\n<meta name=\"twitter:label1\" content=\"Dur\u00e9e de lecture estim\u00e9e\" \/>\n\t<meta name=\"twitter:data1\" content=\"1 minute\" \/>\n<script type=\"application\/ld+json\" class=\"yoast-schema-graph\">{\"@context\":\"https:\/\/schema.org\",\"@graph\":[{\"@type\":\"WebPage\",\"@id\":\"https:\/\/www.napoleon.it\/fr\/restauration\/banquets-receptions\/\",\"url\":\"https:\/\/www.napoleon.it\/fr\/restauration\/banquets-receptions\/\",\"name\":\"Banquets & R\u00e9ceptions - Hotel Napoleon Roma\",\"isPartOf\":{\"@id\":\"https:\/\/www.napoleon.it\/fr\/#website\"},\"datePublished\":\"2020-07-08T13:17:38+00:00\",\"dateModified\":\"2020-07-08T13:27:41+00:00\",\"breadcrumb\":{\"@id\":\"https:\/\/www.napoleon.it\/fr\/restauration\/banquets-receptions\/#breadcrumb\"},\"inLanguage\":\"fr-FR\",\"potentialAction\":[{\"@type\":\"ReadAction\",\"target\":[\"https:\/\/www.napoleon.it\/fr\/restauration\/banquets-receptions\/\"]}]},{\"@type\":\"BreadcrumbList\",\"@id\":\"https:\/\/www.napoleon.it\/fr\/restauration\/banquets-receptions\/#breadcrumb\",\"itemListElement\":[{\"@type\":\"ListItem\",\"position\":1,\"name\":\"Home\",\"item\":\"https:\/\/www.napoleon.it\/fr\/\"},{\"@type\":\"ListItem\",\"position\":2,\"name\":\"Restauration\",\"item\":\"https:\/\/www.napoleon.it\/fr\/restauration\/\"},{\"@type\":\"ListItem\",\"position\":3,\"name\":\"Banquets &#038; R\u00e9ceptions\"}]},{\"@type\":\"WebSite\",\"@id\":\"https:\/\/www.napoleon.it\/fr\/#website\",\"url\":\"https:\/\/www.napoleon.it\/fr\/\",\"name\":\"Hotel Napoleon Roma\",\"description\":\"Ecco un altro sito ms.decms.eu\",\"potentialAction\":[{\"@type\":\"SearchAction\",\"target\":{\"@type\":\"EntryPoint\",\"urlTemplate\":\"https:\/\/www.napoleon.it\/fr\/?s={search_term_string}\"},\"query-input\":{\"@type\":\"PropertyValueSpecification\",\"valueRequired\":true,\"valueName\":\"search_term_string\"}}],\"inLanguage\":\"fr-FR\"}]}<\/script>\n<!-- \/ Yoast SEO plugin. -->","yoast_head_json":{"title":"Banquets & R\u00e9ceptions - Hotel Napoleon Roma","robots":{"index":"index","follow":"follow","max-snippet":"max-snippet:-1","max-image-preview":"max-image-preview:large","max-video-preview":"max-video-preview:-1"},"canonical":"https:\/\/www.napoleon.it\/fr\/restauration\/banquets-receptions\/","og_locale":"fr_FR","og_type":"article","og_title":"Banquets & R\u00e9ceptions - Hotel Napoleon Roma","og_description":"Nous sommes ravis d\u2019organiser des banquets et des r\u00e9ceptions pour des \u00e9v\u00e9nements tels que mariages, [&hellip;]","og_url":"https:\/\/www.napoleon.it\/fr\/restauration\/banquets-receptions\/","og_site_name":"Hotel Napoleon Roma","article_modified_time":"2020-07-08T13:27:41+00:00","twitter_card":"summary_large_image","twitter_misc":{"Dur\u00e9e de lecture estim\u00e9e":"1 minute"},"schema":{"@context":"https:\/\/schema.org","@graph":[{"@type":"WebPage","@id":"https:\/\/www.napoleon.it\/fr\/restauration\/banquets-receptions\/","url":"https:\/\/www.napoleon.it\/fr\/restauration\/banquets-receptions\/","name":"Banquets & R\u00e9ceptions - Hotel Napoleon Roma","isPartOf":{"@id":"https:\/\/www.napoleon.it\/fr\/#website"},"datePublished":"2020-07-08T13:17:38+00:00","dateModified":"2020-07-08T13:27:41+00:00","breadcrumb":{"@id":"https:\/\/www.napoleon.it\/fr\/restauration\/banquets-receptions\/#breadcrumb"},"inLanguage":"fr-FR","potentialAction":[{"@type":"ReadAction","target":["https:\/\/www.napoleon.it\/fr\/restauration\/banquets-receptions\/"]}]},{"@type":"BreadcrumbList","@id":"https:\/\/www.napoleon.it\/fr\/restauration\/banquets-receptions\/#breadcrumb","itemListElement":[{"@type":"ListItem","position":1,"name":"Home","item":"https:\/\/www.napoleon.it\/fr\/"},{"@type":"ListItem","position":2,"name":"Restauration","item":"https:\/\/www.napoleon.it\/fr\/restauration\/"},{"@type":"ListItem","position":3,"name":"Banquets &#038; R\u00e9ceptions"}]},{"@type":"WebSite","@id":"https:\/\/www.napoleon.it\/fr\/#website","url":"https:\/\/www.napoleon.it\/fr\/","name":"Hotel Napoleon Roma","description":"Ecco un altro sito ms.decms.eu","potentialAction":[{"@type":"SearchAction","target":{"@type":"EntryPoint","urlTemplate":"https:\/\/www.napoleon.it\/fr\/?s={search_term_string}"},"query-input":{"@type":"PropertyValueSpecification","valueRequired":true,"valueName":"search_term_string"}}],"inLanguage":"fr-FR"}]}},"acf":[],"_links":{"self":[{"href":"https:\/\/www.napoleon.it\/fr\/wp-json\/wp\/v2\/pages\/137","targetHints":{"allow":["GET"]}}],"collection":[{"href":"https:\/\/www.napoleon.it\/fr\/wp-json\/wp\/v2\/pages"}],"about":[{"href":"https:\/\/www.napoleon.it\/fr\/wp-json\/wp\/v2\/types\/page"}],"author":[{"embeddable":true,"href":"https:\/\/www.napoleon.it\/fr\/wp-json\/wp\/v2\/users\/13"}],"replies":[{"embeddable":true,"href":"https:\/\/www.napoleon.it\/fr\/wp-json\/wp\/v2\/comments?post=137"}],"version-history":[{"count":0,"href":"https:\/\/www.napoleon.it\/fr\/wp-json\/wp\/v2\/pages\/137\/revisions"}],"up":[{"embeddable":true,"href":"https:\/\/www.napoleon.it\/fr\/wp-json\/wp\/v2\/pages\/116"}],"wp:attachment":[{"href":"https:\/\/www.napoleon.it\/fr\/wp-json\/wp\/v2\/media?parent=137"}],"curies":[{"name":"wp","href":"https:\/\/api.w.org\/{rel}","templated":true}]}}