{"id":164,"date":"2020-07-08T16:56:58","date_gmt":"2020-07-08T14:56:58","guid":{"rendered":"http:\/\/napoleon.ms.decms.eu\/?page_id=164"},"modified":"2020-07-08T16:56:58","modified_gmt":"2020-07-08T14:56:58","slug":"ou-sommes-nous","status":"publish","type":"page","link":"https:\/\/www.napoleon.it\/fr\/ou-sommes-nous\/","title":{"rendered":"Ou sommes nous"},"content":{"rendered":"<p>L\u2019Hotel Napoleon offre \u00e0 ses clients l\u2019<strong>avantage d\u2019un emplacement central et bien desservi<\/strong> pour visiter Rome. Vous pouvez facilement atteindre tous les sites de Rome <strong>\u00e0 pied ou en m\u00e9tro<\/strong>.<\/p>\n<p><strong>\u00c0 distance de marche de l\u2019h\u00f4tel<\/strong>, vous pourrez rejoindre \u00e0 pied de nombreux sites historiques de Rome tels que le <strong>Colis\u00e9e et le Forum romain<\/strong>, les grandes basiliques de <strong>Santa Maria Maggiore<\/strong> et <strong>San Giovanni in Laterano<\/strong>. En marchant un peu plus loin, vous atteignez la place d\u2019Espagne, la fontaine de Trevi, la place Navone et d\u2019autres lieux c\u00e9l\u00e8bres de Rome.<\/p>\n<p>La station de <strong>m\u00e9tro situ\u00e9e \u00e0 quelques m\u00e8tres de l\u2019h\u00f4tel<\/strong> permet \u00e0 nos clients de terminer leur visite de Rome en visitant la basilique Saint-Pierre et les mus\u00e9es du Vatican. <strong>Rome-Termini<\/strong>, la gare principale et la station de m\u00e9tro, se trouve \u00e0 15 minutes \u00e0 pied ou en m\u00e9tro.<\/p>\n<p>L\u2019Hotel Napoleon est situ\u00e9 sur la <strong>Piazza Vittorio Emanuele<\/strong> \u2013 Rione Esquilino, entre les jardins de la place et la Via Merulana<\/p>\n<table>\n<tbody>\n<tr>\n<th><strong>Transfert A\u00e9roport<\/strong><br \/>\nTransfert priv\u00e9 en berline, mini-bus et bus avec chauffeur de et vers les a\u00e9roports et le port.<\/th>\n<th><strong>Garage<\/strong><br \/>\nLe Garage conventionn\u00e9 est \u00e0 300 mt de l\u2019H\u00f4tel.<\/th>\n<th><strong>Roma Pass<\/strong><br \/>\nRoma Pass est la card qui propose des r\u00e9ductions pour profiter des beaut\u00e9s de Rome.<\/th>\n<\/tr>\n<tr>\n<th><strong>Visites guid\u00e9es<\/strong><br \/>\nLe personnel de la conciergerie pourra vous r\u00e9server des visites guid\u00e9es de Rome.<\/th>\n<th><strong>Carte de Rome<\/strong><br \/>\nCarte de Rome disponible \u00e0 la r\u00e9ception.<\/th>\n<th><strong>Timbres et tickets<\/strong><br \/>\nVous pouvez demander des timbres et des tickets pour le bus ou le m\u00e9tro.<\/th>\n<\/tr>\n<\/tbody>\n<\/table>\n","protected":false},"excerpt":{"rendered":"<p>L\u2019Hotel Napoleon offre \u00e0 ses clients l\u2019avantage d\u2019un emplacement central et bien desservi pour visiter [&hellip;]<\/p>\n","protected":false},"author":13,"featured_media":0,"parent":0,"menu_order":6,"comment_status":"closed","ping_status":"closed","template":"","meta":{"footnotes":""},"class_list":["post-164","page","type-page","status-publish","hentry"],"yoast_head":"<!-- This site is optimized with the Yoast SEO plugin v26.9 - https:\/\/yoast.com\/product\/yoast-seo-wordpress\/ -->\n<title>Ou sommes nous - Hotel Napoleon Roma<\/title>\n<meta name=\"robots\" content=\"index, follow, max-snippet:-1, max-image-preview:large, max-video-preview:-1\" \/>\n<link rel=\"canonical\" href=\"https:\/\/www.napoleon.it\/fr\/ou-sommes-nous\/\" \/>\n<meta property=\"og:locale\" content=\"fr_FR\" \/>\n<meta property=\"og:type\" content=\"article\" \/>\n<meta property=\"og:title\" content=\"Ou sommes nous - Hotel Napoleon Roma\" \/>\n<meta property=\"og:description\" content=\"L\u2019Hotel Napoleon offre \u00e0 ses clients l\u2019avantage d\u2019un emplacement central et bien desservi pour visiter [&hellip;]\" \/>\n<meta property=\"og:url\" content=\"https:\/\/www.napoleon.it\/fr\/ou-sommes-nous\/\" \/>\n<meta property=\"og:site_name\" content=\"Hotel Napoleon Roma\" \/>\n<meta name=\"twitter:card\" content=\"summary_large_image\" \/>\n<meta name=\"twitter:label1\" content=\"Dur\u00e9e de lecture estim\u00e9e\" \/>\n\t<meta name=\"twitter:data1\" content=\"1 minute\" \/>\n<script type=\"application\/ld+json\" class=\"yoast-schema-graph\">{\"@context\":\"https:\/\/schema.org\",\"@graph\":[{\"@type\":\"WebPage\",\"@id\":\"https:\/\/www.napoleon.it\/fr\/ou-sommes-nous\/\",\"url\":\"https:\/\/www.napoleon.it\/fr\/ou-sommes-nous\/\",\"name\":\"Ou sommes nous - Hotel Napoleon Roma\",\"isPartOf\":{\"@id\":\"https:\/\/www.napoleon.it\/fr\/#website\"},\"datePublished\":\"2020-07-08T14:56:58+00:00\",\"breadcrumb\":{\"@id\":\"https:\/\/www.napoleon.it\/fr\/ou-sommes-nous\/#breadcrumb\"},\"inLanguage\":\"fr-FR\",\"potentialAction\":[{\"@type\":\"ReadAction\",\"target\":[\"https:\/\/www.napoleon.it\/fr\/ou-sommes-nous\/\"]}]},{\"@type\":\"BreadcrumbList\",\"@id\":\"https:\/\/www.napoleon.it\/fr\/ou-sommes-nous\/#breadcrumb\",\"itemListElement\":[{\"@type\":\"ListItem\",\"position\":1,\"name\":\"Home\",\"item\":\"https:\/\/www.napoleon.it\/fr\/\"},{\"@type\":\"ListItem\",\"position\":2,\"name\":\"Ou sommes nous\"}]},{\"@type\":\"WebSite\",\"@id\":\"https:\/\/www.napoleon.it\/fr\/#website\",\"url\":\"https:\/\/www.napoleon.it\/fr\/\",\"name\":\"Hotel Napoleon Roma\",\"description\":\"Ecco un altro sito ms.decms.eu\",\"potentialAction\":[{\"@type\":\"SearchAction\",\"target\":{\"@type\":\"EntryPoint\",\"urlTemplate\":\"https:\/\/www.napoleon.it\/fr\/?s={search_term_string}\"},\"query-input\":{\"@type\":\"PropertyValueSpecification\",\"valueRequired\":true,\"valueName\":\"search_term_string\"}}],\"inLanguage\":\"fr-FR\"}]}<\/script>\n<!-- \/ Yoast SEO plugin. -->","yoast_head_json":{"title":"Ou sommes nous - Hotel Napoleon Roma","robots":{"index":"index","follow":"follow","max-snippet":"max-snippet:-1","max-image-preview":"max-image-preview:large","max-video-preview":"max-video-preview:-1"},"canonical":"https:\/\/www.napoleon.it\/fr\/ou-sommes-nous\/","og_locale":"fr_FR","og_type":"article","og_title":"Ou sommes nous - Hotel Napoleon Roma","og_description":"L\u2019Hotel Napoleon offre \u00e0 ses clients l\u2019avantage d\u2019un emplacement central et bien desservi pour visiter [&hellip;]","og_url":"https:\/\/www.napoleon.it\/fr\/ou-sommes-nous\/","og_site_name":"Hotel Napoleon Roma","twitter_card":"summary_large_image","twitter_misc":{"Dur\u00e9e de lecture estim\u00e9e":"1 minute"},"schema":{"@context":"https:\/\/schema.org","@graph":[{"@type":"WebPage","@id":"https:\/\/www.napoleon.it\/fr\/ou-sommes-nous\/","url":"https:\/\/www.napoleon.it\/fr\/ou-sommes-nous\/","name":"Ou sommes nous - Hotel Napoleon Roma","isPartOf":{"@id":"https:\/\/www.napoleon.it\/fr\/#website"},"datePublished":"2020-07-08T14:56:58+00:00","breadcrumb":{"@id":"https:\/\/www.napoleon.it\/fr\/ou-sommes-nous\/#breadcrumb"},"inLanguage":"fr-FR","potentialAction":[{"@type":"ReadAction","target":["https:\/\/www.napoleon.it\/fr\/ou-sommes-nous\/"]}]},{"@type":"BreadcrumbList","@id":"https:\/\/www.napoleon.it\/fr\/ou-sommes-nous\/#breadcrumb","itemListElement":[{"@type":"ListItem","position":1,"name":"Home","item":"https:\/\/www.napoleon.it\/fr\/"},{"@type":"ListItem","position":2,"name":"Ou sommes nous"}]},{"@type":"WebSite","@id":"https:\/\/www.napoleon.it\/fr\/#website","url":"https:\/\/www.napoleon.it\/fr\/","name":"Hotel Napoleon Roma","description":"Ecco un altro sito ms.decms.eu","potentialAction":[{"@type":"SearchAction","target":{"@type":"EntryPoint","urlTemplate":"https:\/\/www.napoleon.it\/fr\/?s={search_term_string}"},"query-input":{"@type":"PropertyValueSpecification","valueRequired":true,"valueName":"search_term_string"}}],"inLanguage":"fr-FR"}]}},"acf":[],"_links":{"self":[{"href":"https:\/\/www.napoleon.it\/fr\/wp-json\/wp\/v2\/pages\/164","targetHints":{"allow":["GET"]}}],"collection":[{"href":"https:\/\/www.napoleon.it\/fr\/wp-json\/wp\/v2\/pages"}],"about":[{"href":"https:\/\/www.napoleon.it\/fr\/wp-json\/wp\/v2\/types\/page"}],"author":[{"embeddable":true,"href":"https:\/\/www.napoleon.it\/fr\/wp-json\/wp\/v2\/users\/13"}],"replies":[{"embeddable":true,"href":"https:\/\/www.napoleon.it\/fr\/wp-json\/wp\/v2\/comments?post=164"}],"version-history":[{"count":0,"href":"https:\/\/www.napoleon.it\/fr\/wp-json\/wp\/v2\/pages\/164\/revisions"}],"wp:attachment":[{"href":"https:\/\/www.napoleon.it\/fr\/wp-json\/wp\/v2\/media?parent=164"}],"curies":[{"name":"wp","href":"https:\/\/api.w.org\/{rel}","templated":true}]}}