{"id":168,"date":"2020-07-08T17:03:41","date_gmt":"2020-07-08T15:03:41","guid":{"rendered":"http:\/\/napoleon.ms.decms.eu\/?page_id=168"},"modified":"2020-07-08T17:08:47","modified_gmt":"2020-07-08T15:08:47","slug":"itineraires-a-pied","status":"publish","type":"page","link":"https:\/\/www.napoleon.it\/fr\/ou-sommes-nous\/itineraires-a-pied\/","title":{"rendered":"Itin\u00e9raires \u00e0 pied"},"content":{"rendered":"<h4>Rome monumentale &#8211; de la Via dei Fori Imperiali au Colis\u00e9e<\/h4>\n<p>Vers l\u2019ouest, \u00e0 moins d\u20191 km, vous trouverez le monument le plus c\u00e9l\u00e8bre de Rome: le Colis\u00e9e et la grande zone arch\u00e9ologique du Forum romain, la Voie sainte, la colline palatine et les march\u00e9s Traianei. Un itin\u00e9raire qui se faufile parmi les sites c\u00e9l\u00e8bres de la capitale, \u00e0 commencer par le Colis\u00e9e. Impr\u00e9gnez-vous de l\u2019atmosph\u00e8re de la Rome antique dans toute sa splendeur, dans les rues qui ont rendu cette ville \u00ab\u00e9ternelle\u00bb.<\/p>\n<p>T\u00e9l\u00e9chargez le guide (.pdf)<\/p>\n<p>&nbsp;<\/p>\n<h4>L&rsquo;aube de la Rome chr\u00e9tienne &#8211; de San Giovanni in Laterano \u00e0 Santa Croce in Gerusalemme<\/h4>\n<p>Vers le sud, vous trouverez la basilique Santa Croce, la basilique San Giovanni et les palais Lateranensi. C\u2019est un itin\u00e9raire qui se d\u00e9roule entre deux splendides places: la place du dix-huiti\u00e8me si\u00e8cle qui s\u2019\u00e9tend devant la basilique de San Giovanni de Laterano et qui est devenue, par une \u00e9trange tournure du destin, le lieu de rendez-vous la\u00efc pour les manifestations qui se d\u00e9roulent r\u00e9guli\u00e8rement ici et celle de l\u2019\u00c9glise. de Santa Croce in Gerusalemme avec son mus\u00e9e des instruments de musique attenant.<\/p>\n<p>T\u00e9l\u00e9chargez le guide (.pdf)<\/p>\n<p>&nbsp;<\/p>\n<h4>Rome Renaissance et Baroque<\/h4>\n<p>Vous traversez la Rione Monti qui \u00e9tait la zone la plus dens\u00e9ment peupl\u00e9e de la Rome antique, un labyrinthe de ruelles, de petits magasins et de march\u00e9s. Aujourd\u2019hui, il continue de garder cette connotation populaire accompagn\u00e9e, toutefois, d\u2019une partie innovante qui fait du bidonville un des quartiers les plus innovants de la ville, regorgeant de bars et de restaurants. En r\u00e8gle g\u00e9n\u00e9rale, l\u2019imposante basilique Santa Maria Maggiore surplombant la place du m\u00eame nom est souveraine.<\/p>\n<p>T\u00e9l\u00e9chargez le guide (.pdf)<\/p>\n<p>&nbsp;<\/p>\n<h4>The wheel of history \u2013 The Oppian and Esquiline Hills<\/h4>\n<p>Un itin\u00e9raire pour d\u00e9couvrir l\u2019Oppian et la colline Esquiline, l\u2019une des sept collines de la Rome antique o\u00f9 l\u2019on trouve partout des traces du pass\u00e9.<\/p>\n<p>T\u00e9l\u00e9chargez le guide (.pdf)<\/p>\n","protected":false},"excerpt":{"rendered":"<p>Rome monumentale &#8211; de la Via dei Fori Imperiali au Colis\u00e9e Vers l\u2019ouest, \u00e0 moins [&hellip;]<\/p>\n","protected":false},"author":13,"featured_media":0,"parent":164,"menu_order":1,"comment_status":"closed","ping_status":"closed","template":"","meta":{"footnotes":""},"class_list":["post-168","page","type-page","status-publish","hentry"],"yoast_head":"<!-- This site is optimized with the Yoast SEO plugin v26.9 - https:\/\/yoast.com\/product\/yoast-seo-wordpress\/ -->\n<title>Itin\u00e9raires \u00e0 pied - Hotel Napoleon Roma<\/title>\n<meta name=\"robots\" content=\"index, follow, max-snippet:-1, max-image-preview:large, max-video-preview:-1\" \/>\n<link rel=\"canonical\" href=\"https:\/\/www.napoleon.it\/fr\/ou-sommes-nous\/itineraires-a-pied\/\" \/>\n<meta property=\"og:locale\" content=\"fr_FR\" \/>\n<meta property=\"og:type\" content=\"article\" \/>\n<meta property=\"og:title\" content=\"Itin\u00e9raires \u00e0 pied - Hotel Napoleon Roma\" \/>\n<meta property=\"og:description\" content=\"Rome monumentale &#8211; de la Via dei Fori Imperiali au Colis\u00e9e Vers l\u2019ouest, \u00e0 moins [&hellip;]\" \/>\n<meta property=\"og:url\" content=\"https:\/\/www.napoleon.it\/fr\/ou-sommes-nous\/itineraires-a-pied\/\" \/>\n<meta property=\"og:site_name\" content=\"Hotel Napoleon Roma\" \/>\n<meta property=\"article:modified_time\" content=\"2020-07-08T15:08:47+00:00\" \/>\n<meta name=\"twitter:card\" content=\"summary_large_image\" \/>\n<meta name=\"twitter:label1\" content=\"Dur\u00e9e de lecture estim\u00e9e\" \/>\n\t<meta name=\"twitter:data1\" content=\"2 minutes\" \/>\n<script type=\"application\/ld+json\" class=\"yoast-schema-graph\">{\"@context\":\"https:\/\/schema.org\",\"@graph\":[{\"@type\":\"WebPage\",\"@id\":\"https:\/\/www.napoleon.it\/fr\/ou-sommes-nous\/itineraires-a-pied\/\",\"url\":\"https:\/\/www.napoleon.it\/fr\/ou-sommes-nous\/itineraires-a-pied\/\",\"name\":\"Itin\u00e9raires \u00e0 pied - Hotel Napoleon Roma\",\"isPartOf\":{\"@id\":\"https:\/\/www.napoleon.it\/fr\/#website\"},\"datePublished\":\"2020-07-08T15:03:41+00:00\",\"dateModified\":\"2020-07-08T15:08:47+00:00\",\"breadcrumb\":{\"@id\":\"https:\/\/www.napoleon.it\/fr\/ou-sommes-nous\/itineraires-a-pied\/#breadcrumb\"},\"inLanguage\":\"fr-FR\",\"potentialAction\":[{\"@type\":\"ReadAction\",\"target\":[\"https:\/\/www.napoleon.it\/fr\/ou-sommes-nous\/itineraires-a-pied\/\"]}]},{\"@type\":\"BreadcrumbList\",\"@id\":\"https:\/\/www.napoleon.it\/fr\/ou-sommes-nous\/itineraires-a-pied\/#breadcrumb\",\"itemListElement\":[{\"@type\":\"ListItem\",\"position\":1,\"name\":\"Home\",\"item\":\"https:\/\/www.napoleon.it\/fr\/\"},{\"@type\":\"ListItem\",\"position\":2,\"name\":\"Ou sommes nous\",\"item\":\"https:\/\/www.napoleon.it\/fr\/ou-sommes-nous\/\"},{\"@type\":\"ListItem\",\"position\":3,\"name\":\"Itin\u00e9raires \u00e0 pied\"}]},{\"@type\":\"WebSite\",\"@id\":\"https:\/\/www.napoleon.it\/fr\/#website\",\"url\":\"https:\/\/www.napoleon.it\/fr\/\",\"name\":\"Hotel Napoleon Roma\",\"description\":\"Ecco un altro sito ms.decms.eu\",\"potentialAction\":[{\"@type\":\"SearchAction\",\"target\":{\"@type\":\"EntryPoint\",\"urlTemplate\":\"https:\/\/www.napoleon.it\/fr\/?s={search_term_string}\"},\"query-input\":{\"@type\":\"PropertyValueSpecification\",\"valueRequired\":true,\"valueName\":\"search_term_string\"}}],\"inLanguage\":\"fr-FR\"}]}<\/script>\n<!-- \/ Yoast SEO plugin. -->","yoast_head_json":{"title":"Itin\u00e9raires \u00e0 pied - Hotel Napoleon Roma","robots":{"index":"index","follow":"follow","max-snippet":"max-snippet:-1","max-image-preview":"max-image-preview:large","max-video-preview":"max-video-preview:-1"},"canonical":"https:\/\/www.napoleon.it\/fr\/ou-sommes-nous\/itineraires-a-pied\/","og_locale":"fr_FR","og_type":"article","og_title":"Itin\u00e9raires \u00e0 pied - Hotel Napoleon Roma","og_description":"Rome monumentale &#8211; de la Via dei Fori Imperiali au Colis\u00e9e Vers l\u2019ouest, \u00e0 moins [&hellip;]","og_url":"https:\/\/www.napoleon.it\/fr\/ou-sommes-nous\/itineraires-a-pied\/","og_site_name":"Hotel Napoleon Roma","article_modified_time":"2020-07-08T15:08:47+00:00","twitter_card":"summary_large_image","twitter_misc":{"Dur\u00e9e de lecture estim\u00e9e":"2 minutes"},"schema":{"@context":"https:\/\/schema.org","@graph":[{"@type":"WebPage","@id":"https:\/\/www.napoleon.it\/fr\/ou-sommes-nous\/itineraires-a-pied\/","url":"https:\/\/www.napoleon.it\/fr\/ou-sommes-nous\/itineraires-a-pied\/","name":"Itin\u00e9raires \u00e0 pied - Hotel Napoleon Roma","isPartOf":{"@id":"https:\/\/www.napoleon.it\/fr\/#website"},"datePublished":"2020-07-08T15:03:41+00:00","dateModified":"2020-07-08T15:08:47+00:00","breadcrumb":{"@id":"https:\/\/www.napoleon.it\/fr\/ou-sommes-nous\/itineraires-a-pied\/#breadcrumb"},"inLanguage":"fr-FR","potentialAction":[{"@type":"ReadAction","target":["https:\/\/www.napoleon.it\/fr\/ou-sommes-nous\/itineraires-a-pied\/"]}]},{"@type":"BreadcrumbList","@id":"https:\/\/www.napoleon.it\/fr\/ou-sommes-nous\/itineraires-a-pied\/#breadcrumb","itemListElement":[{"@type":"ListItem","position":1,"name":"Home","item":"https:\/\/www.napoleon.it\/fr\/"},{"@type":"ListItem","position":2,"name":"Ou sommes nous","item":"https:\/\/www.napoleon.it\/fr\/ou-sommes-nous\/"},{"@type":"ListItem","position":3,"name":"Itin\u00e9raires \u00e0 pied"}]},{"@type":"WebSite","@id":"https:\/\/www.napoleon.it\/fr\/#website","url":"https:\/\/www.napoleon.it\/fr\/","name":"Hotel Napoleon Roma","description":"Ecco un altro sito ms.decms.eu","potentialAction":[{"@type":"SearchAction","target":{"@type":"EntryPoint","urlTemplate":"https:\/\/www.napoleon.it\/fr\/?s={search_term_string}"},"query-input":{"@type":"PropertyValueSpecification","valueRequired":true,"valueName":"search_term_string"}}],"inLanguage":"fr-FR"}]}},"acf":[],"_links":{"self":[{"href":"https:\/\/www.napoleon.it\/fr\/wp-json\/wp\/v2\/pages\/168","targetHints":{"allow":["GET"]}}],"collection":[{"href":"https:\/\/www.napoleon.it\/fr\/wp-json\/wp\/v2\/pages"}],"about":[{"href":"https:\/\/www.napoleon.it\/fr\/wp-json\/wp\/v2\/types\/page"}],"author":[{"embeddable":true,"href":"https:\/\/www.napoleon.it\/fr\/wp-json\/wp\/v2\/users\/13"}],"replies":[{"embeddable":true,"href":"https:\/\/www.napoleon.it\/fr\/wp-json\/wp\/v2\/comments?post=168"}],"version-history":[{"count":0,"href":"https:\/\/www.napoleon.it\/fr\/wp-json\/wp\/v2\/pages\/168\/revisions"}],"up":[{"embeddable":true,"href":"https:\/\/www.napoleon.it\/fr\/wp-json\/wp\/v2\/pages\/164"}],"wp:attachment":[{"href":"https:\/\/www.napoleon.it\/fr\/wp-json\/wp\/v2\/media?parent=168"}],"curies":[{"name":"wp","href":"https:\/\/api.w.org\/{rel}","templated":true}]}}