{"id":173,"date":"2020-07-08T17:20:53","date_gmt":"2020-07-08T15:20:53","guid":{"rendered":"http:\/\/napoleon.ms.decms.eu\/?page_id=173"},"modified":"2020-07-08T17:20:53","modified_gmt":"2020-07-08T15:20:53","slug":"piazza-vittorio-emanuele","status":"publish","type":"page","link":"https:\/\/www.napoleon.it\/fr\/ou-sommes-nous\/piazza-vittorio-emanuele\/","title":{"rendered":"Piazza Vittorio Emanuele"},"content":{"rendered":"<h4>Les jardins \u2013 entre histoire et l\u00e9gende<\/h4>\n<p>Au milieu de la place se trouve un grand jardin (r\u00e9cemment restaur\u00e9) qui expose les vestiges des troph\u00e9es de ce que l\u2019on appelle les \u00ab\u00a0Marios ruines\u00a0\u00bb: la ruine d\u2019une fontaine de l\u2019\u00e9poque S\u00e9v\u00e9rienne. Les vestiges de l\u2019antique <strong>Villa du Prince Poniatowsky<\/strong>, noble noble d\u2019origine polonaise et c\u00e9l\u00e8bre alchimiste de l\u2019an 700, o\u00f9 la \u00ab\u00a0<strong>Porte magique<\/strong>\u00a0\u00bb donne plus d\u2019int\u00e9r\u00eat \u00e0 la visite du parc. Vous pouvez trouver des symboles alchimiques sur les anciens piliers, et la l\u00e9gende dit qu\u2019une formule magique est cach\u00e9e \u00e0 propos de la transformation de simples m\u00e9taux en or!<\/p>\n<p>&nbsp;<\/p>\n<h4>Pour visiter autour<\/h4>\n<p>Autour du parc, il y a plusieurs stands pour boire quelque chose et des stands de fleurs et dans les environs de la Piazza Vittorio, vous trouverez de nombreux restaurants, dont certains sont les plus importants de Rome. Pr\u00e8s de la Piazza Vittorio, dans la rue Principe Eugenio, vous trouverez \u00abIl Palazzo del Freddo\u00bb, le plus ancien marchand de glaces d\u2019Italie, r\u00e9put\u00e9 dans le monde entier pour son excellente glace artisanale. Le b\u00e2timent expose des objets et des documents qui racontent l\u2019histoire de l\u2019Italie.vLe march\u00e9 Esquilino, qui se trouvait autrefois sur la Piazza Vittorio et qui se trouve dans un b\u00e2timent proche de la place, m\u00e9rite une visite. Les Romains l\u2019appellent \u00able march\u00e9 des producteurs\u00bb: un joli m\u00e9lange de produits frais et savoureux des agriculteurs locaux, des vendeurs indiens et du Moyen-Orient.<\/p>\n<p>&nbsp;<\/p>\n<h4>Les \u00e9v\u00e9nements et le cin\u00e9ma d\u2019\u00e9t\u00e9<\/h4>\n<p>Pendant la saison estivale, Piazza Vittorio propose des festivals de musique et du cin\u00e9ma en plein air ainsi que plusieurs \u00e9v\u00e9nements th\u00e9\u00e2traux, photographiques et artistiques. Tous ces \u00e9v\u00e9nements enrichissent la Piazza Vittorio de magie et d\u2019\u00e9nergie cr\u00e9ative.<\/p>\n<h4>Histoire et architecture<\/h4>\n<p>L\u2019architecte Kock a projet\u00e9 la place d\u2019aujourd\u2019hui entre 1882 et 1887: <strong>Piazza Vittorio Emanuele II<\/strong>, au centre de Rione Esquilino. Il a \u00e9t\u00e9 nomm\u00e9 d\u2019apr\u00e8s le premier roi d\u2019Italie, Vittorio Emanuele II.<br \/>\nLa <strong>Piazza Vittorio<\/strong>, comme on l\u2019appelle plus commun\u00e9ment, est une large place rectangulaire enti\u00e8rement entour\u00e9e d\u2019arcades de style pi\u00e9montais, la seule de ce type \u00e0 Rome et avec ses dimensions de 316\u00d7147 m\u00e8tres de c\u00f4t\u00e9, est l\u2019une des plus grandes places de la Capitale.<\/p>\n<p>&nbsp;<\/p>\n<h4>Le c\u00e9l\u00e8bre groupe et \u00ab\u00a0l\u2019esprit de la place\u00a0\u00bb<\/h4>\n<p><strong>L\u2019orchestre de la Piazza Vittorio<\/strong>, \u00e9galement connu pour son film du m\u00eame nom, repr\u00e9sente sans doute mieux que tout le v\u00e9ritable esprit de la Piazza Vittorio: un melting-pot cosmopolite, actif et capable d\u2019exprimer un haut niveau de culture et d\u2019art.<\/p>\n","protected":false},"excerpt":{"rendered":"<p>Les jardins \u2013 entre histoire et l\u00e9gende Au milieu de la place se trouve un [&hellip;]<\/p>\n","protected":false},"author":13,"featured_media":0,"parent":164,"menu_order":2,"comment_status":"closed","ping_status":"closed","template":"","meta":{"footnotes":""},"class_list":["post-173","page","type-page","status-publish","hentry"],"yoast_head":"<!-- This site is optimized with the Yoast SEO plugin v26.9 - https:\/\/yoast.com\/product\/yoast-seo-wordpress\/ -->\n<title>Piazza Vittorio Emanuele - Hotel Napoleon Roma<\/title>\n<meta name=\"robots\" content=\"index, follow, max-snippet:-1, max-image-preview:large, max-video-preview:-1\" \/>\n<link rel=\"canonical\" href=\"https:\/\/www.napoleon.it\/fr\/ou-sommes-nous\/piazza-vittorio-emanuele\/\" \/>\n<meta property=\"og:locale\" content=\"fr_FR\" \/>\n<meta property=\"og:type\" content=\"article\" \/>\n<meta property=\"og:title\" content=\"Piazza Vittorio Emanuele - Hotel Napoleon Roma\" \/>\n<meta property=\"og:description\" content=\"Les jardins \u2013 entre histoire et l\u00e9gende Au milieu de la place se trouve un [&hellip;]\" \/>\n<meta property=\"og:url\" content=\"https:\/\/www.napoleon.it\/fr\/ou-sommes-nous\/piazza-vittorio-emanuele\/\" \/>\n<meta property=\"og:site_name\" content=\"Hotel Napoleon Roma\" \/>\n<meta name=\"twitter:card\" content=\"summary_large_image\" \/>\n<meta name=\"twitter:label1\" content=\"Dur\u00e9e de lecture estim\u00e9e\" \/>\n\t<meta name=\"twitter:data1\" content=\"2 minutes\" \/>\n<script type=\"application\/ld+json\" class=\"yoast-schema-graph\">{\"@context\":\"https:\/\/schema.org\",\"@graph\":[{\"@type\":\"WebPage\",\"@id\":\"https:\/\/www.napoleon.it\/fr\/ou-sommes-nous\/piazza-vittorio-emanuele\/\",\"url\":\"https:\/\/www.napoleon.it\/fr\/ou-sommes-nous\/piazza-vittorio-emanuele\/\",\"name\":\"Piazza Vittorio Emanuele - Hotel Napoleon Roma\",\"isPartOf\":{\"@id\":\"https:\/\/www.napoleon.it\/fr\/#website\"},\"datePublished\":\"2020-07-08T15:20:53+00:00\",\"breadcrumb\":{\"@id\":\"https:\/\/www.napoleon.it\/fr\/ou-sommes-nous\/piazza-vittorio-emanuele\/#breadcrumb\"},\"inLanguage\":\"fr-FR\",\"potentialAction\":[{\"@type\":\"ReadAction\",\"target\":[\"https:\/\/www.napoleon.it\/fr\/ou-sommes-nous\/piazza-vittorio-emanuele\/\"]}]},{\"@type\":\"BreadcrumbList\",\"@id\":\"https:\/\/www.napoleon.it\/fr\/ou-sommes-nous\/piazza-vittorio-emanuele\/#breadcrumb\",\"itemListElement\":[{\"@type\":\"ListItem\",\"position\":1,\"name\":\"Home\",\"item\":\"https:\/\/www.napoleon.it\/fr\/\"},{\"@type\":\"ListItem\",\"position\":2,\"name\":\"Ou sommes nous\",\"item\":\"https:\/\/www.napoleon.it\/fr\/ou-sommes-nous\/\"},{\"@type\":\"ListItem\",\"position\":3,\"name\":\"Piazza Vittorio Emanuele\"}]},{\"@type\":\"WebSite\",\"@id\":\"https:\/\/www.napoleon.it\/fr\/#website\",\"url\":\"https:\/\/www.napoleon.it\/fr\/\",\"name\":\"Hotel Napoleon Roma\",\"description\":\"Ecco un altro sito ms.decms.eu\",\"potentialAction\":[{\"@type\":\"SearchAction\",\"target\":{\"@type\":\"EntryPoint\",\"urlTemplate\":\"https:\/\/www.napoleon.it\/fr\/?s={search_term_string}\"},\"query-input\":{\"@type\":\"PropertyValueSpecification\",\"valueRequired\":true,\"valueName\":\"search_term_string\"}}],\"inLanguage\":\"fr-FR\"}]}<\/script>\n<!-- \/ Yoast SEO plugin. -->","yoast_head_json":{"title":"Piazza Vittorio Emanuele - Hotel Napoleon Roma","robots":{"index":"index","follow":"follow","max-snippet":"max-snippet:-1","max-image-preview":"max-image-preview:large","max-video-preview":"max-video-preview:-1"},"canonical":"https:\/\/www.napoleon.it\/fr\/ou-sommes-nous\/piazza-vittorio-emanuele\/","og_locale":"fr_FR","og_type":"article","og_title":"Piazza Vittorio Emanuele - Hotel Napoleon Roma","og_description":"Les jardins \u2013 entre histoire et l\u00e9gende Au milieu de la place se trouve un [&hellip;]","og_url":"https:\/\/www.napoleon.it\/fr\/ou-sommes-nous\/piazza-vittorio-emanuele\/","og_site_name":"Hotel Napoleon Roma","twitter_card":"summary_large_image","twitter_misc":{"Dur\u00e9e de lecture estim\u00e9e":"2 minutes"},"schema":{"@context":"https:\/\/schema.org","@graph":[{"@type":"WebPage","@id":"https:\/\/www.napoleon.it\/fr\/ou-sommes-nous\/piazza-vittorio-emanuele\/","url":"https:\/\/www.napoleon.it\/fr\/ou-sommes-nous\/piazza-vittorio-emanuele\/","name":"Piazza Vittorio Emanuele - Hotel Napoleon Roma","isPartOf":{"@id":"https:\/\/www.napoleon.it\/fr\/#website"},"datePublished":"2020-07-08T15:20:53+00:00","breadcrumb":{"@id":"https:\/\/www.napoleon.it\/fr\/ou-sommes-nous\/piazza-vittorio-emanuele\/#breadcrumb"},"inLanguage":"fr-FR","potentialAction":[{"@type":"ReadAction","target":["https:\/\/www.napoleon.it\/fr\/ou-sommes-nous\/piazza-vittorio-emanuele\/"]}]},{"@type":"BreadcrumbList","@id":"https:\/\/www.napoleon.it\/fr\/ou-sommes-nous\/piazza-vittorio-emanuele\/#breadcrumb","itemListElement":[{"@type":"ListItem","position":1,"name":"Home","item":"https:\/\/www.napoleon.it\/fr\/"},{"@type":"ListItem","position":2,"name":"Ou sommes nous","item":"https:\/\/www.napoleon.it\/fr\/ou-sommes-nous\/"},{"@type":"ListItem","position":3,"name":"Piazza Vittorio Emanuele"}]},{"@type":"WebSite","@id":"https:\/\/www.napoleon.it\/fr\/#website","url":"https:\/\/www.napoleon.it\/fr\/","name":"Hotel Napoleon Roma","description":"Ecco un altro sito ms.decms.eu","potentialAction":[{"@type":"SearchAction","target":{"@type":"EntryPoint","urlTemplate":"https:\/\/www.napoleon.it\/fr\/?s={search_term_string}"},"query-input":{"@type":"PropertyValueSpecification","valueRequired":true,"valueName":"search_term_string"}}],"inLanguage":"fr-FR"}]}},"acf":[],"_links":{"self":[{"href":"https:\/\/www.napoleon.it\/fr\/wp-json\/wp\/v2\/pages\/173","targetHints":{"allow":["GET"]}}],"collection":[{"href":"https:\/\/www.napoleon.it\/fr\/wp-json\/wp\/v2\/pages"}],"about":[{"href":"https:\/\/www.napoleon.it\/fr\/wp-json\/wp\/v2\/types\/page"}],"author":[{"embeddable":true,"href":"https:\/\/www.napoleon.it\/fr\/wp-json\/wp\/v2\/users\/13"}],"replies":[{"embeddable":true,"href":"https:\/\/www.napoleon.it\/fr\/wp-json\/wp\/v2\/comments?post=173"}],"version-history":[{"count":0,"href":"https:\/\/www.napoleon.it\/fr\/wp-json\/wp\/v2\/pages\/173\/revisions"}],"up":[{"embeddable":true,"href":"https:\/\/www.napoleon.it\/fr\/wp-json\/wp\/v2\/pages\/164"}],"wp:attachment":[{"href":"https:\/\/www.napoleon.it\/fr\/wp-json\/wp\/v2\/media?parent=173"}],"curies":[{"name":"wp","href":"https:\/\/api.w.org\/{rel}","templated":true}]}}