{"id":177,"date":"2020-07-08T17:33:03","date_gmt":"2020-07-08T15:33:03","guid":{"rendered":"http:\/\/napoleon.ms.decms.eu\/?page_id=177"},"modified":"2020-07-08T17:33:03","modified_gmt":"2020-07-08T15:33:03","slug":"divertissement-dans-la-zone","status":"publish","type":"page","link":"https:\/\/www.napoleon.it\/fr\/ou-sommes-nous\/divertissement-dans-la-zone\/","title":{"rendered":"Divertissement dans la zone"},"content":{"rendered":"<p>Nous sommes heureux de pouvoir vous sugg\u00e9rer plusieurs endroits autour de l\u2019H\u00f4tel Napol\u00e9on pour passer vos soir\u00e9es. Dans les environs, vous trouverez plusieurs bons restaurants, pubs et clubs branch\u00e9s. Beaucoup de lieux fr\u00e9quent\u00e9s jusque tard dans la nuit se trouvent dans le quartier de Monti, \u00e0 500 m\u00e8tres de la Piazza Vittorio et \u00e0 1 km du quartier de San Lorenzo, ancien quartier ouvrier et aujourd\u2019hui quartier populaire, notamment aupr\u00e8s des jeunes et des \u00e9tudiants.<\/p>\n<p>&nbsp;<\/p>\n<h4>Restaurants<\/h4>\n<ul>\n<li><b>Al Cavallino Bianco<\/b> Via Emanuele Filiberto 27 00185 Roma \u2013 Tel. 06 7049 7915<\/li>\n<li><b>La RomAntica<\/b> Via Emanuele Filiberto 52 00185 Roma\u00a0\u2013 Tel. 06 77071935<\/li>\n<li><b>Danilo<\/b> Via Petrarca 13 00185 Roma \u2013 Tel. 06 77200111<\/li>\n<li><b>Trattoria Morgana<\/b> Via Mecenate 19\/21 00184 Roma\u00a0\u2013 Tel. 06 4873122<\/li>\n<li><b>Il Tempio di Mecenate <\/b>Largo Leopardi 14\/18 00185 Roma<\/li>\n<li><b>Il Tempio Di Iside<\/b> Via P.Verri 11 Roma\u00a0\u2013 Tel. 067004741<\/li>\n<li><b> Baia Chia<\/b> Ristorante Sardo via Machiavelli 5\/A Roma\u00a0\u2013 Tel. 0670453452<\/li>\n<li><b>Cottura Zero Gradi<\/b> Via Labicana 50 Roma\u00a0\u2013 Tel. 0677204025<\/li>\n<li><b> Himalaya\u2019s Kashmir<\/b> Via Principe Amedeo 325\/327 Roma\u00a0\u2013 Tel. 06 4461072 \u2013 Ristorante Indiano<\/li>\n<li><b> Trattoria Monti<\/b> Via Di San Vito 13 00185 Roma\u00a0\u2013 Tel. 06 4466573<\/li>\n<li><b>Vecchia Roma<\/b> Via Ferruccio, 12\/b\/c, 00185 Roma RM Telefono: 06 446 7143<\/li>\n<li><b>Pizzeria Est Est Est<\/b> Via Genova 32 00184 Roma\u00a0\u2013 Tel. 06 4881107<\/li>\n<li><b>Hang Zhou<\/b> via S. Martino ai Monti 33\/C 00184 Roma \u2013 Tel. 064872732<\/li>\n<li><b>I Clementini<\/b> Via S. Giovanni in Laterano 106 \u2013 Tel. 06 70450935<\/li>\n<li><b> <\/b><b>Charly\u2019s Sauciere<\/b> Via San Giovanni in Laterano 270 Roma\u00a0\u2013 Tel. 06 70495666<\/li>\n<li><b>Naumachia<\/b> Via Celimontana 7 Roma \u2013 Tel. 06 7002764<\/li>\n<li><b>Trattoria Pommidoro <\/b>Piazza dei Sanniti, 44, 00185 Roma \u2013 Tel. 06 445 2692<\/li>\n<\/ul>\n<h4><\/h4>\n<h4>Coffee \/ Ice-cream shop<\/h4>\n<ul>\n<li><b>Palazzo Del Freddo Giovanni Fassi <\/b> Via Principe Eugenio 67 00185 Roma \u2013 Phone +39 06 4464740<\/li>\n<li><b>Pasticceria Regoli<\/b> Via dello Statuto 60 00185 Roma \u2013 Phone +39 06 4872812<\/li>\n<li><b>Antica Biscotteria <\/b>Via Carlo Botta 21\/23 Roma \u2013 Phone +39 06 70454229<\/li>\n<li><b> Panella L\u2019arte del Pane<\/b> Via Merulana Roma \u2013 Phone +39 06 5400185<\/li>\n<\/ul>\n<h4><\/h4>\n<h4>Club \/ Pub \/ Winery<\/h4>\n<ul>\n<li><strong>GATSBY CAFFE\u2019<\/strong> Piazza Vittorio Emanuele II, 106, 00185 Telefono 06 6933 9626<\/li>\n<li><b>Club Machiavelli\u2019s<\/b> Associazione Culturale Via Machiavelli 49 \u2013 Roma Tel. 06 7001757<\/li>\n<li><strong>Le Caveau<\/strong>\u00a0Via Conte Verde, 6 \u00a000185 Roma Telefono: 06 446 4744<\/li>\n<li><strong>Caronte<\/strong>\u00a0Wine Bar Via Machiavelli, 23, 00185 Roma RM Telefono: 06 700 1984<\/li>\n<li><b>Fiddlers Elbow<\/b> Via dell Olmata 43 00184 Roma \u2013 Tel. 06 4872110<\/li>\n<li><b> Druids Rock Pub<\/b> Piazza Dell\u2019Esquilino 1 00184 Roma \u2013 Tel. 06 474 1326<\/li>\n<li><b>Druids Den Irish Pub <\/b>Via San Martino ai Monti 28 00184 Roma \u2013 Tel. 06 4890 4781<\/li>\n<li><b>Ai Tre Scalini<\/b> \u2013 Bottiglieria dal 1895 \u2013 Via Panisperna, 251 00184 Roma<\/li>\n<li><b>La Barrique <\/b> Via del Boschetto 41 00184 Roma \u2013 Tel. 06 4782 5953\u200e<\/li>\n<li><b>Vineria Monti Doc<\/b> Via Giovanni Lanza, 93 00184 Roma \u2013 Tel. 06 4872696<\/li>\n<li><b>Ice Club<\/b> Via della Madonna dei Monti18 \u2013 00184 Roma<\/li>\n<\/ul>\n","protected":false},"excerpt":{"rendered":"<p>Nous sommes heureux de pouvoir vous sugg\u00e9rer plusieurs endroits autour de l\u2019H\u00f4tel Napol\u00e9on pour passer [&hellip;]<\/p>\n","protected":false},"author":13,"featured_media":0,"parent":164,"menu_order":3,"comment_status":"closed","ping_status":"closed","template":"","meta":{"footnotes":""},"class_list":["post-177","page","type-page","status-publish","hentry"],"yoast_head":"<!-- This site is optimized with the Yoast SEO plugin v26.9 - https:\/\/yoast.com\/product\/yoast-seo-wordpress\/ -->\n<title>Divertissement dans la zone - Hotel Napoleon Roma<\/title>\n<meta name=\"robots\" content=\"index, follow, max-snippet:-1, max-image-preview:large, max-video-preview:-1\" \/>\n<link rel=\"canonical\" href=\"https:\/\/www.napoleon.it\/fr\/ou-sommes-nous\/divertissement-dans-la-zone\/\" \/>\n<meta property=\"og:locale\" content=\"fr_FR\" \/>\n<meta property=\"og:type\" content=\"article\" \/>\n<meta property=\"og:title\" content=\"Divertissement dans la zone - Hotel Napoleon Roma\" \/>\n<meta property=\"og:description\" content=\"Nous sommes heureux de pouvoir vous sugg\u00e9rer plusieurs endroits autour de l\u2019H\u00f4tel Napol\u00e9on pour passer [&hellip;]\" \/>\n<meta property=\"og:url\" content=\"https:\/\/www.napoleon.it\/fr\/ou-sommes-nous\/divertissement-dans-la-zone\/\" \/>\n<meta property=\"og:site_name\" content=\"Hotel Napoleon Roma\" \/>\n<meta name=\"twitter:card\" content=\"summary_large_image\" \/>\n<meta name=\"twitter:label1\" content=\"Dur\u00e9e de lecture estim\u00e9e\" \/>\n\t<meta name=\"twitter:data1\" content=\"2 minutes\" \/>\n<script type=\"application\/ld+json\" class=\"yoast-schema-graph\">{\"@context\":\"https:\/\/schema.org\",\"@graph\":[{\"@type\":\"WebPage\",\"@id\":\"https:\/\/www.napoleon.it\/fr\/ou-sommes-nous\/divertissement-dans-la-zone\/\",\"url\":\"https:\/\/www.napoleon.it\/fr\/ou-sommes-nous\/divertissement-dans-la-zone\/\",\"name\":\"Divertissement dans la zone - Hotel Napoleon Roma\",\"isPartOf\":{\"@id\":\"https:\/\/www.napoleon.it\/fr\/#website\"},\"datePublished\":\"2020-07-08T15:33:03+00:00\",\"breadcrumb\":{\"@id\":\"https:\/\/www.napoleon.it\/fr\/ou-sommes-nous\/divertissement-dans-la-zone\/#breadcrumb\"},\"inLanguage\":\"fr-FR\",\"potentialAction\":[{\"@type\":\"ReadAction\",\"target\":[\"https:\/\/www.napoleon.it\/fr\/ou-sommes-nous\/divertissement-dans-la-zone\/\"]}]},{\"@type\":\"BreadcrumbList\",\"@id\":\"https:\/\/www.napoleon.it\/fr\/ou-sommes-nous\/divertissement-dans-la-zone\/#breadcrumb\",\"itemListElement\":[{\"@type\":\"ListItem\",\"position\":1,\"name\":\"Home\",\"item\":\"https:\/\/www.napoleon.it\/fr\/\"},{\"@type\":\"ListItem\",\"position\":2,\"name\":\"Ou sommes nous\",\"item\":\"https:\/\/www.napoleon.it\/fr\/ou-sommes-nous\/\"},{\"@type\":\"ListItem\",\"position\":3,\"name\":\"Divertissement dans la zone\"}]},{\"@type\":\"WebSite\",\"@id\":\"https:\/\/www.napoleon.it\/fr\/#website\",\"url\":\"https:\/\/www.napoleon.it\/fr\/\",\"name\":\"Hotel Napoleon Roma\",\"description\":\"Ecco un altro sito ms.decms.eu\",\"potentialAction\":[{\"@type\":\"SearchAction\",\"target\":{\"@type\":\"EntryPoint\",\"urlTemplate\":\"https:\/\/www.napoleon.it\/fr\/?s={search_term_string}\"},\"query-input\":{\"@type\":\"PropertyValueSpecification\",\"valueRequired\":true,\"valueName\":\"search_term_string\"}}],\"inLanguage\":\"fr-FR\"}]}<\/script>\n<!-- \/ Yoast SEO plugin. -->","yoast_head_json":{"title":"Divertissement dans la zone - Hotel Napoleon Roma","robots":{"index":"index","follow":"follow","max-snippet":"max-snippet:-1","max-image-preview":"max-image-preview:large","max-video-preview":"max-video-preview:-1"},"canonical":"https:\/\/www.napoleon.it\/fr\/ou-sommes-nous\/divertissement-dans-la-zone\/","og_locale":"fr_FR","og_type":"article","og_title":"Divertissement dans la zone - Hotel Napoleon Roma","og_description":"Nous sommes heureux de pouvoir vous sugg\u00e9rer plusieurs endroits autour de l\u2019H\u00f4tel Napol\u00e9on pour passer [&hellip;]","og_url":"https:\/\/www.napoleon.it\/fr\/ou-sommes-nous\/divertissement-dans-la-zone\/","og_site_name":"Hotel Napoleon Roma","twitter_card":"summary_large_image","twitter_misc":{"Dur\u00e9e de lecture estim\u00e9e":"2 minutes"},"schema":{"@context":"https:\/\/schema.org","@graph":[{"@type":"WebPage","@id":"https:\/\/www.napoleon.it\/fr\/ou-sommes-nous\/divertissement-dans-la-zone\/","url":"https:\/\/www.napoleon.it\/fr\/ou-sommes-nous\/divertissement-dans-la-zone\/","name":"Divertissement dans la zone - Hotel Napoleon Roma","isPartOf":{"@id":"https:\/\/www.napoleon.it\/fr\/#website"},"datePublished":"2020-07-08T15:33:03+00:00","breadcrumb":{"@id":"https:\/\/www.napoleon.it\/fr\/ou-sommes-nous\/divertissement-dans-la-zone\/#breadcrumb"},"inLanguage":"fr-FR","potentialAction":[{"@type":"ReadAction","target":["https:\/\/www.napoleon.it\/fr\/ou-sommes-nous\/divertissement-dans-la-zone\/"]}]},{"@type":"BreadcrumbList","@id":"https:\/\/www.napoleon.it\/fr\/ou-sommes-nous\/divertissement-dans-la-zone\/#breadcrumb","itemListElement":[{"@type":"ListItem","position":1,"name":"Home","item":"https:\/\/www.napoleon.it\/fr\/"},{"@type":"ListItem","position":2,"name":"Ou sommes nous","item":"https:\/\/www.napoleon.it\/fr\/ou-sommes-nous\/"},{"@type":"ListItem","position":3,"name":"Divertissement dans la zone"}]},{"@type":"WebSite","@id":"https:\/\/www.napoleon.it\/fr\/#website","url":"https:\/\/www.napoleon.it\/fr\/","name":"Hotel Napoleon Roma","description":"Ecco un altro sito ms.decms.eu","potentialAction":[{"@type":"SearchAction","target":{"@type":"EntryPoint","urlTemplate":"https:\/\/www.napoleon.it\/fr\/?s={search_term_string}"},"query-input":{"@type":"PropertyValueSpecification","valueRequired":true,"valueName":"search_term_string"}}],"inLanguage":"fr-FR"}]}},"acf":[],"_links":{"self":[{"href":"https:\/\/www.napoleon.it\/fr\/wp-json\/wp\/v2\/pages\/177","targetHints":{"allow":["GET"]}}],"collection":[{"href":"https:\/\/www.napoleon.it\/fr\/wp-json\/wp\/v2\/pages"}],"about":[{"href":"https:\/\/www.napoleon.it\/fr\/wp-json\/wp\/v2\/types\/page"}],"author":[{"embeddable":true,"href":"https:\/\/www.napoleon.it\/fr\/wp-json\/wp\/v2\/users\/13"}],"replies":[{"embeddable":true,"href":"https:\/\/www.napoleon.it\/fr\/wp-json\/wp\/v2\/comments?post=177"}],"version-history":[{"count":0,"href":"https:\/\/www.napoleon.it\/fr\/wp-json\/wp\/v2\/pages\/177\/revisions"}],"up":[{"embeddable":true,"href":"https:\/\/www.napoleon.it\/fr\/wp-json\/wp\/v2\/pages\/164"}],"wp:attachment":[{"href":"https:\/\/www.napoleon.it\/fr\/wp-json\/wp\/v2\/media?parent=177"}],"curies":[{"name":"wp","href":"https:\/\/api.w.org\/{rel}","templated":true}]}}