{"id":194,"date":"2020-07-08T17:45:56","date_gmt":"2020-07-08T15:45:56","guid":{"rendered":"http:\/\/napoleon.ms.decms.eu\/?page_id=194"},"modified":"2020-07-08T17:45:56","modified_gmt":"2020-07-08T15:45:56","slug":"tripadvisor-hall-of-fame","status":"publish","type":"page","link":"https:\/\/www.napoleon.it\/fr\/nouvelles-de-rome\/tripadvisor-hall-of-fame\/","title":{"rendered":"Tripadvisor \u00ab Hall of Fame \u00bb"},"content":{"rendered":"<p>\u00ab Maintenant, l\u2019h\u00f4tel Napol\u00e9on est dans le \u00ab Hall of Fame \u00bb Un grand moment dans l\u2019histoire de notre h\u00f4tel Le prestigieux prix \u00e0 l\u2019h\u00f4tel Napol\u00e9on Nous souhaitons remercier chaleureusement tous ceux qui nous ont choisis, soutenus et aid\u00e9s \u00e0 rester pour tant de milliers d\u2019invit\u00e9s! \u00bb<\/p>\n<h4 style=\"text-align: right;\">Roberto Cioce<br \/>\nHotellier<\/h4>\n","protected":false},"excerpt":{"rendered":"<p>\u00ab Maintenant, l\u2019h\u00f4tel Napol\u00e9on est dans le \u00ab Hall of Fame \u00bb Un grand moment [&hellip;]<\/p>\n","protected":false},"author":13,"featured_media":0,"parent":185,"menu_order":46,"comment_status":"closed","ping_status":"closed","template":"","meta":{"footnotes":""},"class_list":["post-194","page","type-page","status-publish","hentry"],"yoast_head":"<!-- This site is optimized with the Yoast SEO plugin v26.9 - https:\/\/yoast.com\/product\/yoast-seo-wordpress\/ -->\n<title>Tripadvisor \u00ab Hall of Fame \u00bb - Hotel Napoleon Roma<\/title>\n<meta name=\"robots\" content=\"index, follow, max-snippet:-1, max-image-preview:large, max-video-preview:-1\" \/>\n<link rel=\"canonical\" href=\"https:\/\/www.napoleon.it\/fr\/nouvelles-de-rome\/tripadvisor-hall-of-fame\/\" \/>\n<meta property=\"og:locale\" content=\"fr_FR\" \/>\n<meta property=\"og:type\" content=\"article\" \/>\n<meta property=\"og:title\" content=\"Tripadvisor \u00ab Hall of Fame \u00bb - Hotel Napoleon Roma\" \/>\n<meta property=\"og:description\" content=\"\u00ab Maintenant, l\u2019h\u00f4tel Napol\u00e9on est dans le \u00ab Hall of Fame \u00bb Un grand moment [&hellip;]\" \/>\n<meta property=\"og:url\" content=\"https:\/\/www.napoleon.it\/fr\/nouvelles-de-rome\/tripadvisor-hall-of-fame\/\" \/>\n<meta property=\"og:site_name\" content=\"Hotel Napoleon Roma\" \/>\n<meta name=\"twitter:card\" content=\"summary_large_image\" \/>\n<script type=\"application\/ld+json\" class=\"yoast-schema-graph\">{\"@context\":\"https:\/\/schema.org\",\"@graph\":[{\"@type\":\"WebPage\",\"@id\":\"https:\/\/www.napoleon.it\/fr\/nouvelles-de-rome\/tripadvisor-hall-of-fame\/\",\"url\":\"https:\/\/www.napoleon.it\/fr\/nouvelles-de-rome\/tripadvisor-hall-of-fame\/\",\"name\":\"Tripadvisor \u00ab Hall of Fame \u00bb - Hotel Napoleon Roma\",\"isPartOf\":{\"@id\":\"https:\/\/www.napoleon.it\/fr\/#website\"},\"datePublished\":\"2020-07-08T15:45:56+00:00\",\"breadcrumb\":{\"@id\":\"https:\/\/www.napoleon.it\/fr\/nouvelles-de-rome\/tripadvisor-hall-of-fame\/#breadcrumb\"},\"inLanguage\":\"fr-FR\",\"potentialAction\":[{\"@type\":\"ReadAction\",\"target\":[\"https:\/\/www.napoleon.it\/fr\/nouvelles-de-rome\/tripadvisor-hall-of-fame\/\"]}]},{\"@type\":\"BreadcrumbList\",\"@id\":\"https:\/\/www.napoleon.it\/fr\/nouvelles-de-rome\/tripadvisor-hall-of-fame\/#breadcrumb\",\"itemListElement\":[{\"@type\":\"ListItem\",\"position\":1,\"name\":\"Home\",\"item\":\"https:\/\/www.napoleon.it\/fr\/\"},{\"@type\":\"ListItem\",\"position\":2,\"name\":\"Nouvelles de Rome\",\"item\":\"https:\/\/www.napoleon.it\/fr\/nouvelles-de-rome\/\"},{\"@type\":\"ListItem\",\"position\":3,\"name\":\"Tripadvisor \u00ab Hall of Fame \u00bb\"}]},{\"@type\":\"WebSite\",\"@id\":\"https:\/\/www.napoleon.it\/fr\/#website\",\"url\":\"https:\/\/www.napoleon.it\/fr\/\",\"name\":\"Hotel Napoleon Roma\",\"description\":\"Ecco un altro sito ms.decms.eu\",\"potentialAction\":[{\"@type\":\"SearchAction\",\"target\":{\"@type\":\"EntryPoint\",\"urlTemplate\":\"https:\/\/www.napoleon.it\/fr\/?s={search_term_string}\"},\"query-input\":{\"@type\":\"PropertyValueSpecification\",\"valueRequired\":true,\"valueName\":\"search_term_string\"}}],\"inLanguage\":\"fr-FR\"}]}<\/script>\n<!-- \/ Yoast SEO plugin. -->","yoast_head_json":{"title":"Tripadvisor \u00ab Hall of Fame \u00bb - Hotel Napoleon Roma","robots":{"index":"index","follow":"follow","max-snippet":"max-snippet:-1","max-image-preview":"max-image-preview:large","max-video-preview":"max-video-preview:-1"},"canonical":"https:\/\/www.napoleon.it\/fr\/nouvelles-de-rome\/tripadvisor-hall-of-fame\/","og_locale":"fr_FR","og_type":"article","og_title":"Tripadvisor \u00ab Hall of Fame \u00bb - Hotel Napoleon Roma","og_description":"\u00ab Maintenant, l\u2019h\u00f4tel Napol\u00e9on est dans le \u00ab Hall of Fame \u00bb Un grand moment [&hellip;]","og_url":"https:\/\/www.napoleon.it\/fr\/nouvelles-de-rome\/tripadvisor-hall-of-fame\/","og_site_name":"Hotel Napoleon Roma","twitter_card":"summary_large_image","schema":{"@context":"https:\/\/schema.org","@graph":[{"@type":"WebPage","@id":"https:\/\/www.napoleon.it\/fr\/nouvelles-de-rome\/tripadvisor-hall-of-fame\/","url":"https:\/\/www.napoleon.it\/fr\/nouvelles-de-rome\/tripadvisor-hall-of-fame\/","name":"Tripadvisor \u00ab Hall of Fame \u00bb - Hotel Napoleon Roma","isPartOf":{"@id":"https:\/\/www.napoleon.it\/fr\/#website"},"datePublished":"2020-07-08T15:45:56+00:00","breadcrumb":{"@id":"https:\/\/www.napoleon.it\/fr\/nouvelles-de-rome\/tripadvisor-hall-of-fame\/#breadcrumb"},"inLanguage":"fr-FR","potentialAction":[{"@type":"ReadAction","target":["https:\/\/www.napoleon.it\/fr\/nouvelles-de-rome\/tripadvisor-hall-of-fame\/"]}]},{"@type":"BreadcrumbList","@id":"https:\/\/www.napoleon.it\/fr\/nouvelles-de-rome\/tripadvisor-hall-of-fame\/#breadcrumb","itemListElement":[{"@type":"ListItem","position":1,"name":"Home","item":"https:\/\/www.napoleon.it\/fr\/"},{"@type":"ListItem","position":2,"name":"Nouvelles de Rome","item":"https:\/\/www.napoleon.it\/fr\/nouvelles-de-rome\/"},{"@type":"ListItem","position":3,"name":"Tripadvisor \u00ab Hall of Fame \u00bb"}]},{"@type":"WebSite","@id":"https:\/\/www.napoleon.it\/fr\/#website","url":"https:\/\/www.napoleon.it\/fr\/","name":"Hotel Napoleon Roma","description":"Ecco un altro sito ms.decms.eu","potentialAction":[{"@type":"SearchAction","target":{"@type":"EntryPoint","urlTemplate":"https:\/\/www.napoleon.it\/fr\/?s={search_term_string}"},"query-input":{"@type":"PropertyValueSpecification","valueRequired":true,"valueName":"search_term_string"}}],"inLanguage":"fr-FR"}]}},"acf":[],"_links":{"self":[{"href":"https:\/\/www.napoleon.it\/fr\/wp-json\/wp\/v2\/pages\/194","targetHints":{"allow":["GET"]}}],"collection":[{"href":"https:\/\/www.napoleon.it\/fr\/wp-json\/wp\/v2\/pages"}],"about":[{"href":"https:\/\/www.napoleon.it\/fr\/wp-json\/wp\/v2\/types\/page"}],"author":[{"embeddable":true,"href":"https:\/\/www.napoleon.it\/fr\/wp-json\/wp\/v2\/users\/13"}],"replies":[{"embeddable":true,"href":"https:\/\/www.napoleon.it\/fr\/wp-json\/wp\/v2\/comments?post=194"}],"version-history":[{"count":0,"href":"https:\/\/www.napoleon.it\/fr\/wp-json\/wp\/v2\/pages\/194\/revisions"}],"up":[{"embeddable":true,"href":"https:\/\/www.napoleon.it\/fr\/wp-json\/wp\/v2\/pages\/185"}],"wp:attachment":[{"href":"https:\/\/www.napoleon.it\/fr\/wp-json\/wp\/v2\/media?parent=194"}],"curies":[{"name":"wp","href":"https:\/\/api.w.org\/{rel}","templated":true}]}}