{"id":80,"date":"2020-07-07T15:58:43","date_gmt":"2020-07-07T13:58:43","guid":{"rendered":"http:\/\/napoleon.ms.decms.eu\/?page_id=80"},"modified":"2024-02-19T14:25:40","modified_gmt":"2024-02-19T13:25:40","slug":"80-2","status":"publish","type":"page","link":"https:\/\/www.napoleon.it\/fr\/","title":{"rendered":"H\u00f4tel Napol\u00e9on Rome"},"content":{"rendered":"<h4 style=\"text-align: center\">H\u00f4tel 4 \u00e9toiles Rome<\/h4>\n<p>L\u2019<strong>Hotel Napoleon<\/strong> est un <strong>h\u00f4tel 4 \u00e9toiles<\/strong> charmant, \u00e9l\u00e9gant et tr\u00e8s calme situ\u00e9 dans le centre de Rome. L\u2019h\u00f4tel accueille ses clients dans des salons spacieux et confortables, enrichis par un mobilier ancien de qualit\u00e9, offrant une atmosph\u00e8re agr\u00e9able et relaxante.<\/p>\n<p><strong>WiFi gratuit<\/strong> dans tout l\u2019h\u00f4tel, deux stations Internet et une grande t\u00e9l\u00e9vision avec Sky Tv. Dans le <strong>bar et le bistrot <i>\u201c LA ROCHELLE\u201d <\/i><\/strong>de l\u2019h\u00f4tel, vous d\u00e9gusterez des produits authentiques dans une atmosph\u00e8re conviviale. Une des caract\u00e9ristiques de l\u2019h\u00f4tel est le <strong>calme de ses salons et de ses chambres<\/strong>. Il a \u00e9t\u00e9 construit dans un grand palais du XIXe si\u00e8cle et ses fen\u00eatres donnent sur de grandes cours int\u00e9rieures ensoleill\u00e9es.<\/p>\n","protected":false},"excerpt":{"rendered":"<p>H\u00f4tel 4 \u00e9toiles Rome L\u2019Hotel Napoleon est un h\u00f4tel 4 \u00e9toiles charmant, \u00e9l\u00e9gant et tr\u00e8s [&hellip;]<\/p>\n","protected":false},"author":13,"featured_media":0,"parent":0,"menu_order":1,"comment_status":"closed","ping_status":"closed","template":"","meta":{"footnotes":""},"class_list":["post-80","page","type-page","status-publish","hentry"],"yoast_head":"<!-- This site is optimized with the Yoast SEO plugin v26.9 - https:\/\/yoast.com\/product\/yoast-seo-wordpress\/ -->\n<title>H\u00f4tel Napol\u00e9on Rome - Hotel Napoleon Roma<\/title>\n<meta name=\"robots\" content=\"index, follow, max-snippet:-1, max-image-preview:large, max-video-preview:-1\" \/>\n<link rel=\"canonical\" href=\"https:\/\/www.napoleon.it\/fr\/\" \/>\n<meta property=\"og:locale\" content=\"fr_FR\" \/>\n<meta property=\"og:type\" content=\"article\" \/>\n<meta property=\"og:title\" content=\"H\u00f4tel Napol\u00e9on Rome - Hotel Napoleon Roma\" \/>\n<meta property=\"og:description\" content=\"H\u00f4tel 4 \u00e9toiles Rome L\u2019Hotel Napoleon est un h\u00f4tel 4 \u00e9toiles charmant, \u00e9l\u00e9gant et tr\u00e8s [&hellip;]\" \/>\n<meta property=\"og:url\" content=\"https:\/\/www.napoleon.it\/fr\/\" \/>\n<meta property=\"og:site_name\" content=\"Hotel Napoleon Roma\" \/>\n<meta property=\"article:modified_time\" content=\"2024-02-19T13:25:40+00:00\" \/>\n<meta name=\"twitter:card\" content=\"summary_large_image\" \/>\n<meta name=\"twitter:label1\" content=\"Dur\u00e9e de lecture estim\u00e9e\" \/>\n\t<meta name=\"twitter:data1\" content=\"1 minute\" \/>\n<script type=\"application\/ld+json\" class=\"yoast-schema-graph\">{\"@context\":\"https:\/\/schema.org\",\"@graph\":[{\"@type\":\"WebPage\",\"@id\":\"https:\/\/www.napoleon.it\/fr\/\",\"url\":\"https:\/\/www.napoleon.it\/fr\/\",\"name\":\"H\u00f4tel Napol\u00e9on Rome - Hotel Napoleon Roma\",\"isPartOf\":{\"@id\":\"https:\/\/www.napoleon.it\/fr\/#website\"},\"datePublished\":\"2020-07-07T13:58:43+00:00\",\"dateModified\":\"2024-02-19T13:25:40+00:00\",\"breadcrumb\":{\"@id\":\"https:\/\/www.napoleon.it\/fr\/#breadcrumb\"},\"inLanguage\":\"fr-FR\",\"potentialAction\":[{\"@type\":\"ReadAction\",\"target\":[\"https:\/\/www.napoleon.it\/fr\/\"]}]},{\"@type\":\"BreadcrumbList\",\"@id\":\"https:\/\/www.napoleon.it\/fr\/#breadcrumb\",\"itemListElement\":[{\"@type\":\"ListItem\",\"position\":1,\"name\":\"Home\",\"item\":\"https:\/\/www.napoleon.it\/fr\/\"},{\"@type\":\"ListItem\",\"position\":2,\"name\":\"H\u00f4tel Napol\u00e9on Rome\"}]},{\"@type\":\"WebSite\",\"@id\":\"https:\/\/www.napoleon.it\/fr\/#website\",\"url\":\"https:\/\/www.napoleon.it\/fr\/\",\"name\":\"Hotel Napoleon Roma\",\"description\":\"Ecco un altro sito ms.decms.eu\",\"potentialAction\":[{\"@type\":\"SearchAction\",\"target\":{\"@type\":\"EntryPoint\",\"urlTemplate\":\"https:\/\/www.napoleon.it\/fr\/?s={search_term_string}\"},\"query-input\":{\"@type\":\"PropertyValueSpecification\",\"valueRequired\":true,\"valueName\":\"search_term_string\"}}],\"inLanguage\":\"fr-FR\"}]}<\/script>\n<!-- \/ Yoast SEO plugin. -->","yoast_head_json":{"title":"H\u00f4tel Napol\u00e9on Rome - Hotel Napoleon Roma","robots":{"index":"index","follow":"follow","max-snippet":"max-snippet:-1","max-image-preview":"max-image-preview:large","max-video-preview":"max-video-preview:-1"},"canonical":"https:\/\/www.napoleon.it\/fr\/","og_locale":"fr_FR","og_type":"article","og_title":"H\u00f4tel Napol\u00e9on Rome - Hotel Napoleon Roma","og_description":"H\u00f4tel 4 \u00e9toiles Rome L\u2019Hotel Napoleon est un h\u00f4tel 4 \u00e9toiles charmant, \u00e9l\u00e9gant et tr\u00e8s [&hellip;]","og_url":"https:\/\/www.napoleon.it\/fr\/","og_site_name":"Hotel Napoleon Roma","article_modified_time":"2024-02-19T13:25:40+00:00","twitter_card":"summary_large_image","twitter_misc":{"Dur\u00e9e de lecture estim\u00e9e":"1 minute"},"schema":{"@context":"https:\/\/schema.org","@graph":[{"@type":"WebPage","@id":"https:\/\/www.napoleon.it\/fr\/","url":"https:\/\/www.napoleon.it\/fr\/","name":"H\u00f4tel Napol\u00e9on Rome - Hotel Napoleon Roma","isPartOf":{"@id":"https:\/\/www.napoleon.it\/fr\/#website"},"datePublished":"2020-07-07T13:58:43+00:00","dateModified":"2024-02-19T13:25:40+00:00","breadcrumb":{"@id":"https:\/\/www.napoleon.it\/fr\/#breadcrumb"},"inLanguage":"fr-FR","potentialAction":[{"@type":"ReadAction","target":["https:\/\/www.napoleon.it\/fr\/"]}]},{"@type":"BreadcrumbList","@id":"https:\/\/www.napoleon.it\/fr\/#breadcrumb","itemListElement":[{"@type":"ListItem","position":1,"name":"Home","item":"https:\/\/www.napoleon.it\/fr\/"},{"@type":"ListItem","position":2,"name":"H\u00f4tel Napol\u00e9on Rome"}]},{"@type":"WebSite","@id":"https:\/\/www.napoleon.it\/fr\/#website","url":"https:\/\/www.napoleon.it\/fr\/","name":"Hotel Napoleon Roma","description":"Ecco un altro sito ms.decms.eu","potentialAction":[{"@type":"SearchAction","target":{"@type":"EntryPoint","urlTemplate":"https:\/\/www.napoleon.it\/fr\/?s={search_term_string}"},"query-input":{"@type":"PropertyValueSpecification","valueRequired":true,"valueName":"search_term_string"}}],"inLanguage":"fr-FR"}]}},"acf":[],"_links":{"self":[{"href":"https:\/\/www.napoleon.it\/fr\/wp-json\/wp\/v2\/pages\/80","targetHints":{"allow":["GET"]}}],"collection":[{"href":"https:\/\/www.napoleon.it\/fr\/wp-json\/wp\/v2\/pages"}],"about":[{"href":"https:\/\/www.napoleon.it\/fr\/wp-json\/wp\/v2\/types\/page"}],"author":[{"embeddable":true,"href":"https:\/\/www.napoleon.it\/fr\/wp-json\/wp\/v2\/users\/13"}],"replies":[{"embeddable":true,"href":"https:\/\/www.napoleon.it\/fr\/wp-json\/wp\/v2\/comments?post=80"}],"version-history":[{"count":0,"href":"https:\/\/www.napoleon.it\/fr\/wp-json\/wp\/v2\/pages\/80\/revisions"}],"wp:attachment":[{"href":"https:\/\/www.napoleon.it\/fr\/wp-json\/wp\/v2\/media?parent=80"}],"curies":[{"name":"wp","href":"https:\/\/api.w.org\/{rel}","templated":true}]}}