{"id":87,"date":"2020-07-07T16:28:09","date_gmt":"2020-07-07T14:28:09","guid":{"rendered":"http:\/\/napoleon.ms.decms.eu\/?page_id=87"},"modified":"2026-03-18T16:03:14","modified_gmt":"2026-03-18T15:03:14","slug":"chambres","status":"publish","type":"page","link":"https:\/\/www.napoleon.it\/fr\/chambres\/","title":{"rendered":"Chambres"},"content":{"rendered":"<p>Donnant sur des cours pleines de lumi\u00e8re, les 75 chambres de l\u2019H\u00f4tel Napol\u00e9on, \u00e9l\u00e9gantes et confortables, garantissent le silence et la tranquillit\u00e9, ce qui est rare pour un h\u00f4tel situ\u00e9 au centre de Rome.<\/p>\n<p>L\u2019ameublement, avec son style antique enrichie avec des tissus pr\u00e9cieux, couleurs douces et \u00e9l\u00e9gantes, donnent \u00e0 la chambres une atmosph\u00e8re de charme, tout comme dans les temps anciens, et vous offre un sentiment de confort et accueil chaleureux.<\/p>\n<p>&nbsp;<\/p>\n<h4 style=\"text-align: center;\">Service de chambre<\/h4>\n<p style=\"text-align: center;\">Toutes les chambres sont \u00e9quip\u00e9es de tout le confort moderne pour un s\u00e9jour relaxant.<\/p>\n<table>\n<tbody>\n<tr>\n<th><strong>Climatisation<\/strong><\/th>\n<th><strong>TV satellite<\/strong><\/th>\n<th><strong>T\u00e9l\u00e9phone<\/strong><\/th>\n<\/tr>\n<tr>\n<th><strong>Coffre-fort<\/strong><\/th>\n<th><strong>Minibar<\/strong><\/th>\n<th><strong>Chauffage autonome<\/strong><\/th>\n<\/tr>\n<tr>\n<th><strong>S\u00e8che-cheveux<\/strong><\/th>\n<th><strong>Service de r\u00e9veil<\/strong><\/th>\n<th><strong>Wi-Fi Gratuit<\/strong><br \/>\nConnexion WiFi haut d\u00e9bit \u00e0 fibre optique gratuite dans tout l\u2019h\u00f4tel.<\/th>\n<\/tr>\n<tr>\n<th><strong>Portier 24h\/24<\/strong><br \/>\nQuel que soit l\u2019heure vous arrivez notre bagagiste\/portier se chargera de vos bagages.<\/th>\n<th><strong>Service de chambre<\/strong><br \/>\nService en chambre pour le petit-d\u00e9jeuner, des collations, des boissons et des repas dans votre chambre.<\/th>\n<th><strong>Th\u00e9 et cafeti\u00e8re<\/strong><br \/>\nUne bouilloire avec th\u00e9 et caf\u00e9 est inclus dans toutes les chambres gratuitement.<\/th>\n<\/tr>\n<tr>\n<th><strong>Salle des bagages<\/strong><br \/>\nSalle des bagages disponible pour les arriv\u00e9es anticip\u00e9es et pour les d\u00e9parts apr\u00e8s check-out.<\/th>\n<th><strong>Choix d\u2019oreillers<\/strong><br \/>\nChoix d\u2019oreillers mis \u00e0 disposition en demandant au personnel.<\/th>\n<th><strong>Des peignoirs<\/strong><br \/>\nDans les chambres sup\u00e9rieures, les salles de bains sont enrichies de peignoirs et de chaussons.<\/th>\n<\/tr>\n<tr>\n<th><strong>Lit suppl\u00e9mentaire<\/strong><br \/>\nLit suppl\u00e9mentaire pour les enfants de moins de 12 ans sans aucun frais.<\/th>\n<th><strong>Lit b\u00e9b\u00e9<\/strong><br \/>\nLits b\u00e9b\u00e9 et lits pour les enfants jusqu\u2019\u00e0 3 ans sans aucun frais.<\/th>\n<th><strong>Lits de 2 m de long<\/strong><br \/>\nCertaines chambres sont \u00e9quip\u00e9es de Lits de 2 m de long.<\/th>\n<\/tr>\n<tr>\n<th><strong>Bar &amp; Restaurant -10%<\/strong><br \/>\n10% de r\u00e9duction sur les prix de le bar et restaurant. Seulement sur le site officiel!<\/th>\n<th><strong>Environmental policy<\/strong><br \/>\nConscience de l\u2019importance de la protection de l&rsquo;environnement.<\/th>\n<th><strong>Petit-d\u00e9jeuner<\/strong><br \/>\n(si non compris dans le tarif) \u20ac15,00<\/th>\n<\/tr>\n<\/tbody>\n<\/table>\n","protected":false},"excerpt":{"rendered":"<p>Donnant sur des cours pleines de lumi\u00e8re, les 75 chambres de l\u2019H\u00f4tel Napol\u00e9on, \u00e9l\u00e9gantes et [&hellip;]<\/p>\n","protected":false},"author":13,"featured_media":0,"parent":0,"menu_order":2,"comment_status":"closed","ping_status":"closed","template":"template-rooms.php","meta":{"footnotes":""},"class_list":["post-87","page","type-page","status-publish","hentry"],"yoast_head":"<!-- This site is optimized with the Yoast SEO plugin v26.9 - https:\/\/yoast.com\/product\/yoast-seo-wordpress\/ -->\n<title>Chambres - Hotel Napoleon Roma<\/title>\n<meta name=\"robots\" content=\"index, follow, max-snippet:-1, max-image-preview:large, max-video-preview:-1\" \/>\n<link rel=\"canonical\" href=\"https:\/\/www.napoleon.it\/fr\/chambres\/\" \/>\n<meta property=\"og:locale\" content=\"fr_FR\" \/>\n<meta property=\"og:type\" content=\"article\" \/>\n<meta property=\"og:title\" content=\"Chambres - Hotel Napoleon Roma\" \/>\n<meta property=\"og:description\" content=\"Donnant sur des cours pleines de lumi\u00e8re, les 75 chambres de l\u2019H\u00f4tel Napol\u00e9on, \u00e9l\u00e9gantes et [&hellip;]\" \/>\n<meta property=\"og:url\" content=\"https:\/\/www.napoleon.it\/fr\/chambres\/\" \/>\n<meta property=\"og:site_name\" content=\"Hotel Napoleon Roma\" \/>\n<meta property=\"article:modified_time\" content=\"2026-03-18T15:03:14+00:00\" \/>\n<meta name=\"twitter:card\" content=\"summary_large_image\" \/>\n<meta name=\"twitter:label1\" content=\"Dur\u00e9e de lecture estim\u00e9e\" \/>\n\t<meta name=\"twitter:data1\" content=\"2 minutes\" \/>\n<script type=\"application\/ld+json\" class=\"yoast-schema-graph\">{\"@context\":\"https:\/\/schema.org\",\"@graph\":[{\"@type\":\"WebPage\",\"@id\":\"https:\/\/www.napoleon.it\/fr\/chambres\/\",\"url\":\"https:\/\/www.napoleon.it\/fr\/chambres\/\",\"name\":\"Chambres - Hotel Napoleon Roma\",\"isPartOf\":{\"@id\":\"https:\/\/www.napoleon.it\/fr\/#website\"},\"datePublished\":\"2020-07-07T14:28:09+00:00\",\"dateModified\":\"2026-03-18T15:03:14+00:00\",\"breadcrumb\":{\"@id\":\"https:\/\/www.napoleon.it\/fr\/chambres\/#breadcrumb\"},\"inLanguage\":\"fr-FR\",\"potentialAction\":[{\"@type\":\"ReadAction\",\"target\":[\"https:\/\/www.napoleon.it\/fr\/chambres\/\"]}]},{\"@type\":\"BreadcrumbList\",\"@id\":\"https:\/\/www.napoleon.it\/fr\/chambres\/#breadcrumb\",\"itemListElement\":[{\"@type\":\"ListItem\",\"position\":1,\"name\":\"Home\",\"item\":\"https:\/\/www.napoleon.it\/fr\/\"},{\"@type\":\"ListItem\",\"position\":2,\"name\":\"Chambres\"}]},{\"@type\":\"WebSite\",\"@id\":\"https:\/\/www.napoleon.it\/fr\/#website\",\"url\":\"https:\/\/www.napoleon.it\/fr\/\",\"name\":\"Hotel Napoleon Roma\",\"description\":\"Ecco un altro sito ms.decms.eu\",\"potentialAction\":[{\"@type\":\"SearchAction\",\"target\":{\"@type\":\"EntryPoint\",\"urlTemplate\":\"https:\/\/www.napoleon.it\/fr\/?s={search_term_string}\"},\"query-input\":{\"@type\":\"PropertyValueSpecification\",\"valueRequired\":true,\"valueName\":\"search_term_string\"}}],\"inLanguage\":\"fr-FR\"}]}<\/script>\n<!-- \/ Yoast SEO plugin. -->","yoast_head_json":{"title":"Chambres - Hotel Napoleon Roma","robots":{"index":"index","follow":"follow","max-snippet":"max-snippet:-1","max-image-preview":"max-image-preview:large","max-video-preview":"max-video-preview:-1"},"canonical":"https:\/\/www.napoleon.it\/fr\/chambres\/","og_locale":"fr_FR","og_type":"article","og_title":"Chambres - Hotel Napoleon Roma","og_description":"Donnant sur des cours pleines de lumi\u00e8re, les 75 chambres de l\u2019H\u00f4tel Napol\u00e9on, \u00e9l\u00e9gantes et [&hellip;]","og_url":"https:\/\/www.napoleon.it\/fr\/chambres\/","og_site_name":"Hotel Napoleon Roma","article_modified_time":"2026-03-18T15:03:14+00:00","twitter_card":"summary_large_image","twitter_misc":{"Dur\u00e9e de lecture estim\u00e9e":"2 minutes"},"schema":{"@context":"https:\/\/schema.org","@graph":[{"@type":"WebPage","@id":"https:\/\/www.napoleon.it\/fr\/chambres\/","url":"https:\/\/www.napoleon.it\/fr\/chambres\/","name":"Chambres - Hotel Napoleon Roma","isPartOf":{"@id":"https:\/\/www.napoleon.it\/fr\/#website"},"datePublished":"2020-07-07T14:28:09+00:00","dateModified":"2026-03-18T15:03:14+00:00","breadcrumb":{"@id":"https:\/\/www.napoleon.it\/fr\/chambres\/#breadcrumb"},"inLanguage":"fr-FR","potentialAction":[{"@type":"ReadAction","target":["https:\/\/www.napoleon.it\/fr\/chambres\/"]}]},{"@type":"BreadcrumbList","@id":"https:\/\/www.napoleon.it\/fr\/chambres\/#breadcrumb","itemListElement":[{"@type":"ListItem","position":1,"name":"Home","item":"https:\/\/www.napoleon.it\/fr\/"},{"@type":"ListItem","position":2,"name":"Chambres"}]},{"@type":"WebSite","@id":"https:\/\/www.napoleon.it\/fr\/#website","url":"https:\/\/www.napoleon.it\/fr\/","name":"Hotel Napoleon Roma","description":"Ecco un altro sito ms.decms.eu","potentialAction":[{"@type":"SearchAction","target":{"@type":"EntryPoint","urlTemplate":"https:\/\/www.napoleon.it\/fr\/?s={search_term_string}"},"query-input":{"@type":"PropertyValueSpecification","valueRequired":true,"valueName":"search_term_string"}}],"inLanguage":"fr-FR"}]}},"acf":[],"_links":{"self":[{"href":"https:\/\/www.napoleon.it\/fr\/wp-json\/wp\/v2\/pages\/87","targetHints":{"allow":["GET"]}}],"collection":[{"href":"https:\/\/www.napoleon.it\/fr\/wp-json\/wp\/v2\/pages"}],"about":[{"href":"https:\/\/www.napoleon.it\/fr\/wp-json\/wp\/v2\/types\/page"}],"author":[{"embeddable":true,"href":"https:\/\/www.napoleon.it\/fr\/wp-json\/wp\/v2\/users\/13"}],"replies":[{"embeddable":true,"href":"https:\/\/www.napoleon.it\/fr\/wp-json\/wp\/v2\/comments?post=87"}],"version-history":[{"count":0,"href":"https:\/\/www.napoleon.it\/fr\/wp-json\/wp\/v2\/pages\/87\/revisions"}],"wp:attachment":[{"href":"https:\/\/www.napoleon.it\/fr\/wp-json\/wp\/v2\/media?parent=87"}],"curies":[{"name":"wp","href":"https:\/\/api.w.org\/{rel}","templated":true}]}}