{"id":93,"date":"2020-07-07T17:55:31","date_gmt":"2020-07-07T15:55:31","guid":{"rendered":"http:\/\/napoleon.ms.decms.eu\/?page_id=93"},"modified":"2025-09-03T10:42:25","modified_gmt":"2025-09-03T08:42:25","slug":"chambre-simple","status":"publish","type":"page","link":"https:\/\/www.napoleon.it\/fr\/chambres\/chambre-simple\/","title":{"rendered":"Dus Superior \u2013 FRENCH BED"},"content":{"rendered":"<p><strong> Occupation maximale<\/strong> 1 personne \u2013 recommand\u00e9 pour les single.<\/p>\n<p>Les chambres simples ont une <strong>surface<\/strong> d\u2019environ 10 m\u00b2 + salle de bain et un lit de 190X90 cm<\/p>\n<p>Toutes les chambres ont une <strong>salle de bains priv\u00e9e<\/strong>: toutes les salles de bains, r\u00e9cemment restructur\u00e9es, disposent d\u2019une douche ou d\u2019une baignoire, qui garantissent un flux constant d\u2019eau chaude.<\/p>\n<p>Toutes les chambres sont <strong>non-fumeur<\/strong>. Est permis de fumer sur la terrasse des chambres, meubl\u00e9 et \u00e9quip\u00e9 avec des auvents, et sur la terrasse au 6\u00e8me \u00e9tage.<\/p>\n","protected":false},"excerpt":{"rendered":"<p>Occupation maximale 1 personne \u2013 recommand\u00e9 pour les single. Les chambres simples ont une surface [&hellip;]<\/p>\n","protected":false},"author":13,"featured_media":0,"parent":87,"menu_order":1,"comment_status":"closed","ping_status":"closed","template":"template-single-room.php","meta":{"footnotes":""},"class_list":["post-93","page","type-page","status-publish","hentry"],"yoast_head":"<!-- This site is optimized with the Yoast SEO plugin v26.9 - https:\/\/yoast.com\/product\/yoast-seo-wordpress\/ -->\n<title>Dus Superior \u2013 FRENCH BED - Hotel Napoleon Roma<\/title>\n<meta name=\"robots\" content=\"index, follow, max-snippet:-1, max-image-preview:large, max-video-preview:-1\" \/>\n<link rel=\"canonical\" href=\"https:\/\/www.napoleon.it\/fr\/chambres\/chambre-simple\/\" \/>\n<meta property=\"og:locale\" content=\"fr_FR\" \/>\n<meta property=\"og:type\" content=\"article\" \/>\n<meta property=\"og:title\" content=\"Dus Superior \u2013 FRENCH BED - Hotel Napoleon Roma\" \/>\n<meta property=\"og:description\" content=\"Occupation maximale 1 personne \u2013 recommand\u00e9 pour les single. Les chambres simples ont une surface [&hellip;]\" \/>\n<meta property=\"og:url\" content=\"https:\/\/www.napoleon.it\/fr\/chambres\/chambre-simple\/\" \/>\n<meta property=\"og:site_name\" content=\"Hotel Napoleon Roma\" \/>\n<meta property=\"article:modified_time\" content=\"2025-09-03T08:42:25+00:00\" \/>\n<meta name=\"twitter:card\" content=\"summary_large_image\" \/>\n<script type=\"application\/ld+json\" class=\"yoast-schema-graph\">{\"@context\":\"https:\/\/schema.org\",\"@graph\":[{\"@type\":\"WebPage\",\"@id\":\"https:\/\/www.napoleon.it\/fr\/chambres\/chambre-simple\/\",\"url\":\"https:\/\/www.napoleon.it\/fr\/chambres\/chambre-simple\/\",\"name\":\"Dus Superior \u2013 FRENCH BED - Hotel Napoleon Roma\",\"isPartOf\":{\"@id\":\"https:\/\/www.napoleon.it\/fr\/#website\"},\"datePublished\":\"2020-07-07T15:55:31+00:00\",\"dateModified\":\"2025-09-03T08:42:25+00:00\",\"breadcrumb\":{\"@id\":\"https:\/\/www.napoleon.it\/fr\/chambres\/chambre-simple\/#breadcrumb\"},\"inLanguage\":\"fr-FR\",\"potentialAction\":[{\"@type\":\"ReadAction\",\"target\":[\"https:\/\/www.napoleon.it\/fr\/chambres\/chambre-simple\/\"]}]},{\"@type\":\"BreadcrumbList\",\"@id\":\"https:\/\/www.napoleon.it\/fr\/chambres\/chambre-simple\/#breadcrumb\",\"itemListElement\":[{\"@type\":\"ListItem\",\"position\":1,\"name\":\"Home\",\"item\":\"https:\/\/www.napoleon.it\/fr\/\"},{\"@type\":\"ListItem\",\"position\":2,\"name\":\"Chambres\",\"item\":\"https:\/\/www.napoleon.it\/fr\/chambres\/\"},{\"@type\":\"ListItem\",\"position\":3,\"name\":\"Dus Superior \u2013 FRENCH BED\"}]},{\"@type\":\"WebSite\",\"@id\":\"https:\/\/www.napoleon.it\/fr\/#website\",\"url\":\"https:\/\/www.napoleon.it\/fr\/\",\"name\":\"Hotel Napoleon Roma\",\"description\":\"Ecco un altro sito ms.decms.eu\",\"potentialAction\":[{\"@type\":\"SearchAction\",\"target\":{\"@type\":\"EntryPoint\",\"urlTemplate\":\"https:\/\/www.napoleon.it\/fr\/?s={search_term_string}\"},\"query-input\":{\"@type\":\"PropertyValueSpecification\",\"valueRequired\":true,\"valueName\":\"search_term_string\"}}],\"inLanguage\":\"fr-FR\"}]}<\/script>\n<!-- \/ Yoast SEO plugin. -->","yoast_head_json":{"title":"Dus Superior \u2013 FRENCH BED - Hotel Napoleon Roma","robots":{"index":"index","follow":"follow","max-snippet":"max-snippet:-1","max-image-preview":"max-image-preview:large","max-video-preview":"max-video-preview:-1"},"canonical":"https:\/\/www.napoleon.it\/fr\/chambres\/chambre-simple\/","og_locale":"fr_FR","og_type":"article","og_title":"Dus Superior \u2013 FRENCH BED - Hotel Napoleon Roma","og_description":"Occupation maximale 1 personne \u2013 recommand\u00e9 pour les single. Les chambres simples ont une surface [&hellip;]","og_url":"https:\/\/www.napoleon.it\/fr\/chambres\/chambre-simple\/","og_site_name":"Hotel Napoleon Roma","article_modified_time":"2025-09-03T08:42:25+00:00","twitter_card":"summary_large_image","schema":{"@context":"https:\/\/schema.org","@graph":[{"@type":"WebPage","@id":"https:\/\/www.napoleon.it\/fr\/chambres\/chambre-simple\/","url":"https:\/\/www.napoleon.it\/fr\/chambres\/chambre-simple\/","name":"Dus Superior \u2013 FRENCH BED - Hotel Napoleon Roma","isPartOf":{"@id":"https:\/\/www.napoleon.it\/fr\/#website"},"datePublished":"2020-07-07T15:55:31+00:00","dateModified":"2025-09-03T08:42:25+00:00","breadcrumb":{"@id":"https:\/\/www.napoleon.it\/fr\/chambres\/chambre-simple\/#breadcrumb"},"inLanguage":"fr-FR","potentialAction":[{"@type":"ReadAction","target":["https:\/\/www.napoleon.it\/fr\/chambres\/chambre-simple\/"]}]},{"@type":"BreadcrumbList","@id":"https:\/\/www.napoleon.it\/fr\/chambres\/chambre-simple\/#breadcrumb","itemListElement":[{"@type":"ListItem","position":1,"name":"Home","item":"https:\/\/www.napoleon.it\/fr\/"},{"@type":"ListItem","position":2,"name":"Chambres","item":"https:\/\/www.napoleon.it\/fr\/chambres\/"},{"@type":"ListItem","position":3,"name":"Dus Superior \u2013 FRENCH BED"}]},{"@type":"WebSite","@id":"https:\/\/www.napoleon.it\/fr\/#website","url":"https:\/\/www.napoleon.it\/fr\/","name":"Hotel Napoleon Roma","description":"Ecco un altro sito ms.decms.eu","potentialAction":[{"@type":"SearchAction","target":{"@type":"EntryPoint","urlTemplate":"https:\/\/www.napoleon.it\/fr\/?s={search_term_string}"},"query-input":{"@type":"PropertyValueSpecification","valueRequired":true,"valueName":"search_term_string"}}],"inLanguage":"fr-FR"}]}},"acf":[],"_links":{"self":[{"href":"https:\/\/www.napoleon.it\/fr\/wp-json\/wp\/v2\/pages\/93","targetHints":{"allow":["GET"]}}],"collection":[{"href":"https:\/\/www.napoleon.it\/fr\/wp-json\/wp\/v2\/pages"}],"about":[{"href":"https:\/\/www.napoleon.it\/fr\/wp-json\/wp\/v2\/types\/page"}],"author":[{"embeddable":true,"href":"https:\/\/www.napoleon.it\/fr\/wp-json\/wp\/v2\/users\/13"}],"replies":[{"embeddable":true,"href":"https:\/\/www.napoleon.it\/fr\/wp-json\/wp\/v2\/comments?post=93"}],"version-history":[{"count":0,"href":"https:\/\/www.napoleon.it\/fr\/wp-json\/wp\/v2\/pages\/93\/revisions"}],"up":[{"embeddable":true,"href":"https:\/\/www.napoleon.it\/fr\/wp-json\/wp\/v2\/pages\/87"}],"wp:attachment":[{"href":"https:\/\/www.napoleon.it\/fr\/wp-json\/wp\/v2\/media?parent=93"}],"curies":[{"name":"wp","href":"https:\/\/api.w.org\/{rel}","templated":true}]}}