{"id":114,"date":"2020-07-08T11:16:53","date_gmt":"2020-07-08T09:16:53","guid":{"rendered":"http:\/\/napoleon.ms.decms.eu\/?page_id=114"},"modified":"2026-02-04T10:51:45","modified_gmt":"2026-02-04T09:51:45","slug":"servizi","status":"publish","type":"page","link":"https:\/\/www.napoleon.it\/it\/servizi\/","title":{"rendered":"Servizi"},"content":{"rendered":"<p>L\u2019Hotel Napoleon offre <strong>molti servizi utili<\/strong> per facilitare il soggiorno dei suoi ospiti e assicurare che vivano Roma\u00a0nel migliore dei modi.<\/p>\n<p>Uno <strong>staff <\/strong>eccezionalmente<strong> attento e preparato<\/strong> \u00e8 pronto a rispondere ad ogni vostra richiesta \u2013 <strong>Disponibile 24\/7<\/strong>.<\/p>\n<p>Grazie alla nostra esperienza e conoscenza di Roma, potete consultarci con fiducia.<\/p>\n<p>&nbsp;<\/p>\n<h4 style=\"text-align: center\">Info utili<\/h4>\n<table class=\"services\">\n<tbody>\n<tr>\n<th><strong>Check-in 24h<\/strong><br \/>\nGarantiamo la stanza pronta entro le 14:00. \u2013 In caso di arrivo in anticipo, il check-in \u00e8 gratuito su disponibilit\u00e0. I saloni sono a disposizione. Colazione gratuita per arrivi entro le 10.00.<\/th>\n<th><strong>Check-out<\/strong><br \/>\nSi prega di lasciare la camera entro le 11:00. \u2013 Nel caso si abbia bisogno di utilizzarla pi\u00f9 a lungo \u00e8 possibile chiederlo alla Reception. Il prolungamento \u00e8 gratuito ma dipende dalla disponibilit\u00e0.<\/th>\n<\/tr>\n<tr>\n<th><strong>WiFi gratis<\/strong><br \/>\nConnessione wi-fi in fibra ottica ad alta velocit\u00e0 gratuita in tutto l\u2019hotel.<\/th>\n<th><strong>Concierge 24h<\/strong><br \/>\nI Concierge sono sempre pronti per fornire informazioni, assistenza e consigli.<\/th>\n<\/tr>\n<\/tbody>\n<\/table>\n<p>&nbsp;<\/p>\n<table>\n<tbody>\n<tr>\n<th><strong>Terrazzo sul tetto<\/strong><br \/>\nUn terrazzo arredato al 6\u00b0 piano \u00e8 a disposizione degli ospiti.<\/th>\n<th><strong>Transfer Aeroporto<\/strong><br \/>\nTransfer privato in berlina, mini-bus e bus con autista da\/per gli aeroporti e il porto. Prenotabile tramite mail a: infobook@napoleon.it. Tariffa da 70.00\u20ac in su<\/th>\n<th><strong>Internet point gratuito<\/strong><br \/>\nNei saloni si trovano due postazioni internet gratuite.<\/th>\n<\/tr>\n<tr>\n<th><strong>Addetto ai bagagli 24h<\/strong><br \/>\nA qualunque ora arriverete un addetto si occuper\u00e0 dei vostri bagagli.<\/th>\n<th><strong>Garage convenzionato<\/strong><br \/>\nGarage convenzionato a 300 mt dall\u2019hotel con servizio di prelievo e consegna in albergo.<\/th>\n<th><strong>Servizio in camera 24h<\/strong><br \/>\nServizio in camera per colazioni, spuntini, drink e pasti comodamente nella vostra camera.<\/th>\n<\/tr>\n<tr>\n<th><strong>Bollitore con t\u00e8 e caff\u00e8<\/strong><br \/>\nBollitore con t\u00e8 e caff\u00e8 \u00e8 incluso in tutte le camere gratuitamente.<\/th>\n<th><strong>Prenotazioni visite guidate<\/strong><br \/>\nLo staff di portineria pu\u00f2 prenotare per voi visite guidate di Roma.<\/th>\n<th><strong>Mappa di Roma<\/strong><br \/>\nMappa di Roma gratuita disponibile in portineria.<\/th>\n<\/tr>\n<tr>\n<th><strong>Deposito bagagli<\/strong><br \/>\nDeposito bagagli disponibile per arrivi in anticipo e partenze successive al check-out.<\/th>\n<th><strong>Prenotazioni intrattenimenti<\/strong><br \/>\nConsigli e prenotazioni per ristoranti, musei, teatri, concerti, eventi sportivi.<\/th>\n<th><strong>Lavanderia servizio rapido<\/strong><br \/>\nServizio di lavanderia e lavaggio a secco disponibile tutti i giorni.<\/th>\n<\/tr>\n<tr>\n<th><strong>Sale riunioni\/banchetti<\/strong><br \/>\nSale per riunioni e ricevimenti disponibili.<\/th>\n<th><strong>Bar e Ristorante -10%<\/strong><br \/>\nSconto del 10% su tutte le consumazioni al bar e ristorante. Solo per prenotazioni sul sito ufficiale!<\/th>\n<th><strong>Fax, stampante, fotocopie<\/strong><br \/>\nA disposizione degli ospiti gratuitamente.<\/th>\n<\/tr>\n<tr>\n<th><strong>Servizio stireria<\/strong><br \/>\nFerro da stiro a disposizione in lavanderia.<\/th>\n<th><strong>Giornali<\/strong><br \/>\nA disposizione gratuitamente i principali quotidiani e riviste.<\/th>\n<th><strong>Autonoleggio<\/strong><br \/>\nPrenotazioni per auto privata con autista e per auto a noleggio.<\/th>\n<\/tr>\n<tr>\n<th><strong>Ascensore<\/strong><br \/>\nL\u2019hotel dispone di due ascensori dedicati agli ospiti.<\/th>\n<th><strong>Baby-sitting<\/strong><br \/>\nServizio di baby-sitting disponibile su richiesta.<\/th>\n<th><strong>Politica ambientale<\/strong><br \/>\nConsapevoli dell\u2019importanza che riveste la protezione dell\u2019ambiente.<\/th>\n<\/tr>\n<\/tbody>\n<\/table>\n","protected":false},"excerpt":{"rendered":"<p>L\u2019Hotel Napoleon offre molti servizi utili per facilitare il soggiorno dei suoi ospiti e assicurare [&hellip;]<\/p>\n","protected":false},"author":13,"featured_media":0,"parent":0,"menu_order":3,"comment_status":"closed","ping_status":"closed","template":"template-services.php","meta":{"footnotes":""},"class_list":["post-114","page","type-page","status-publish","hentry"],"yoast_head":"<!-- This site is optimized with the Yoast SEO plugin v26.9 - https:\/\/yoast.com\/product\/yoast-seo-wordpress\/ -->\n<title>Servizi - Hotel Napoleon Roma<\/title>\n<meta name=\"robots\" content=\"index, follow, max-snippet:-1, max-image-preview:large, max-video-preview:-1\" \/>\n<link rel=\"canonical\" href=\"https:\/\/www.napoleon.it\/it\/servizi\/\" \/>\n<meta property=\"og:locale\" content=\"it_IT\" \/>\n<meta property=\"og:type\" content=\"article\" \/>\n<meta property=\"og:title\" content=\"Servizi - Hotel Napoleon Roma\" \/>\n<meta property=\"og:description\" content=\"L\u2019Hotel Napoleon offre molti servizi utili per facilitare il soggiorno dei suoi ospiti e assicurare [&hellip;]\" \/>\n<meta property=\"og:url\" content=\"https:\/\/www.napoleon.it\/it\/servizi\/\" \/>\n<meta property=\"og:site_name\" content=\"Hotel Napoleon Roma\" \/>\n<meta property=\"article:modified_time\" content=\"2026-02-04T09:51:45+00:00\" \/>\n<meta name=\"twitter:card\" content=\"summary_large_image\" \/>\n<meta name=\"twitter:label1\" content=\"Tempo di lettura stimato\" \/>\n\t<meta name=\"twitter:data1\" content=\"3 minuti\" \/>\n<script type=\"application\/ld+json\" class=\"yoast-schema-graph\">{\"@context\":\"https:\/\/schema.org\",\"@graph\":[{\"@type\":\"WebPage\",\"@id\":\"https:\/\/www.napoleon.it\/it\/servizi\/\",\"url\":\"https:\/\/www.napoleon.it\/it\/servizi\/\",\"name\":\"Servizi - Hotel Napoleon Roma\",\"isPartOf\":{\"@id\":\"https:\/\/www.napoleon.it\/it\/#website\"},\"datePublished\":\"2020-07-08T09:16:53+00:00\",\"dateModified\":\"2026-02-04T09:51:45+00:00\",\"breadcrumb\":{\"@id\":\"https:\/\/www.napoleon.it\/it\/servizi\/#breadcrumb\"},\"inLanguage\":\"it-IT\",\"potentialAction\":[{\"@type\":\"ReadAction\",\"target\":[\"https:\/\/www.napoleon.it\/it\/servizi\/\"]}]},{\"@type\":\"BreadcrumbList\",\"@id\":\"https:\/\/www.napoleon.it\/it\/servizi\/#breadcrumb\",\"itemListElement\":[{\"@type\":\"ListItem\",\"position\":1,\"name\":\"Home\",\"item\":\"https:\/\/www.napoleon.it\/it\/\"},{\"@type\":\"ListItem\",\"position\":2,\"name\":\"Servizi\"}]},{\"@type\":\"WebSite\",\"@id\":\"https:\/\/www.napoleon.it\/it\/#website\",\"url\":\"https:\/\/www.napoleon.it\/it\/\",\"name\":\"Hotel Napoleon Roma\",\"description\":\"Ecco un altro sito ms.decms.eu\",\"potentialAction\":[{\"@type\":\"SearchAction\",\"target\":{\"@type\":\"EntryPoint\",\"urlTemplate\":\"https:\/\/www.napoleon.it\/it\/?s={search_term_string}\"},\"query-input\":{\"@type\":\"PropertyValueSpecification\",\"valueRequired\":true,\"valueName\":\"search_term_string\"}}],\"inLanguage\":\"it-IT\"}]}<\/script>\n<!-- \/ Yoast SEO plugin. -->","yoast_head_json":{"title":"Servizi - Hotel Napoleon Roma","robots":{"index":"index","follow":"follow","max-snippet":"max-snippet:-1","max-image-preview":"max-image-preview:large","max-video-preview":"max-video-preview:-1"},"canonical":"https:\/\/www.napoleon.it\/it\/servizi\/","og_locale":"it_IT","og_type":"article","og_title":"Servizi - Hotel Napoleon Roma","og_description":"L\u2019Hotel Napoleon offre molti servizi utili per facilitare il soggiorno dei suoi ospiti e assicurare [&hellip;]","og_url":"https:\/\/www.napoleon.it\/it\/servizi\/","og_site_name":"Hotel Napoleon Roma","article_modified_time":"2026-02-04T09:51:45+00:00","twitter_card":"summary_large_image","twitter_misc":{"Tempo di lettura stimato":"3 minuti"},"schema":{"@context":"https:\/\/schema.org","@graph":[{"@type":"WebPage","@id":"https:\/\/www.napoleon.it\/it\/servizi\/","url":"https:\/\/www.napoleon.it\/it\/servizi\/","name":"Servizi - Hotel Napoleon Roma","isPartOf":{"@id":"https:\/\/www.napoleon.it\/it\/#website"},"datePublished":"2020-07-08T09:16:53+00:00","dateModified":"2026-02-04T09:51:45+00:00","breadcrumb":{"@id":"https:\/\/www.napoleon.it\/it\/servizi\/#breadcrumb"},"inLanguage":"it-IT","potentialAction":[{"@type":"ReadAction","target":["https:\/\/www.napoleon.it\/it\/servizi\/"]}]},{"@type":"BreadcrumbList","@id":"https:\/\/www.napoleon.it\/it\/servizi\/#breadcrumb","itemListElement":[{"@type":"ListItem","position":1,"name":"Home","item":"https:\/\/www.napoleon.it\/it\/"},{"@type":"ListItem","position":2,"name":"Servizi"}]},{"@type":"WebSite","@id":"https:\/\/www.napoleon.it\/it\/#website","url":"https:\/\/www.napoleon.it\/it\/","name":"Hotel Napoleon Roma","description":"Ecco un altro sito ms.decms.eu","potentialAction":[{"@type":"SearchAction","target":{"@type":"EntryPoint","urlTemplate":"https:\/\/www.napoleon.it\/it\/?s={search_term_string}"},"query-input":{"@type":"PropertyValueSpecification","valueRequired":true,"valueName":"search_term_string"}}],"inLanguage":"it-IT"}]}},"acf":[],"_links":{"self":[{"href":"https:\/\/www.napoleon.it\/it\/wp-json\/wp\/v2\/pages\/114","targetHints":{"allow":["GET"]}}],"collection":[{"href":"https:\/\/www.napoleon.it\/it\/wp-json\/wp\/v2\/pages"}],"about":[{"href":"https:\/\/www.napoleon.it\/it\/wp-json\/wp\/v2\/types\/page"}],"author":[{"embeddable":true,"href":"https:\/\/www.napoleon.it\/it\/wp-json\/wp\/v2\/users\/13"}],"replies":[{"embeddable":true,"href":"https:\/\/www.napoleon.it\/it\/wp-json\/wp\/v2\/comments?post=114"}],"version-history":[{"count":0,"href":"https:\/\/www.napoleon.it\/it\/wp-json\/wp\/v2\/pages\/114\/revisions"}],"wp:attachment":[{"href":"https:\/\/www.napoleon.it\/it\/wp-json\/wp\/v2\/media?parent=114"}],"curies":[{"name":"wp","href":"https:\/\/api.w.org\/{rel}","templated":true}]}}