{"id":170,"date":"2020-07-08T17:12:22","date_gmt":"2020-07-08T15:12:22","guid":{"rendered":"http:\/\/napoleon.ms.decms.eu\/?page_id=170"},"modified":"2020-07-08T17:12:22","modified_gmt":"2020-07-08T15:12:22","slug":"itinerari-a-piedi","status":"publish","type":"page","link":"https:\/\/www.napoleon.it\/it\/dove-siamo\/itinerari-a-piedi\/","title":{"rendered":"Itinerari a piedi"},"content":{"rendered":"<h4>Roma monumentale &#8211; da via dei Fori Imperiali al Colosseo<\/h4>\n<p>Verso Ovest ad 1 km il monumento pi\u00f9 famoso di Roma: il Colosseo e la grande area archeologica del Foro Romano, la via Sacra, il Colle Palatino e i Mercati Traianei. Un percorso che si snoda nei luoghi simbolo della capitale, primo fra tutti il Colosseo. Immergetevi nell\u2019atmosfera della Roma maestosa, nelle strade che l\u2019hanno resa \u201ccitt\u00e0 eterna\u201d.<\/p>\n<p>Scarica la guida (.pdf)<\/p>\n<p>&nbsp;<\/p>\n<h4>Gli albori della Roma cristiana &#8211; da San Giovanni in Laterano a Santa Croce in Gerusalemme<\/h4>\n<p>Verso Sud le Basiliche di Santa Croce, San Giovanni in Laterano e i Palazzi Lateranensi. Un percorso che si snoda tra due splendide piazze, quella con la settecentesca Basilica di San Giovanni in Laterano, divenuta per un curioso destino una sorta di polo laico per le manifestazioni che periodicamente vi si tengono, e quella con la chiesa di Santa Croce in Gerusalemme, con annesso Museo degli strumenti musicali.<\/p>\n<p>Scarica la guida (.pdf)<\/p>\n<p>&nbsp;<\/p>\n<h4>Roma rinascimentale e barocca<\/h4>\n<p>Verso Nord si percorre il principale asse viario della Roma Rinascimentale e Barocca: la Basilica di Santa Maria Maggiore, Piazza Barberini, la Fontana di Trevi, Via Sistina, Piazza di Spagna, Piazza del Popolo. Si attraversa il Rione Monti che costituiva la parte pi\u00f9 popolosa della Roma antica, un dedalo di viuzze, botteghe e mercati. Oggi continua a mantenere questa connotazione popolare affiancata, per\u00f2, da un lato pi\u00f9 innovativo che rendono la Suburra uno dei luoghi pi\u00f9 innovativi della citt\u00e0, ricca di locali e ristoranti. Regina del quartiere \u00e8 senza dubbio l\u2019imponente Basilica di Santa Maria Maggiore che troneggia nella piazza omonima.<\/p>\n<p>Scarica la guida (.pdf)<\/p>\n<p>&nbsp;<\/p>\n<h4>La ruota della Storia \u2013 Il colle Oppio e L\u2019Esquilino<\/h4>\n<p>Un itinerario alla scoperta del colle Oppio e dell\u2019Esquilino, uno dei sette colli della Antica Roma dove dappertutto si trovano tracce dell\u2019antico passato.<\/p>\n<p>Scarica la guida (.pdf)<\/p>\n","protected":false},"excerpt":{"rendered":"<p>Roma monumentale &#8211; da via dei Fori Imperiali al Colosseo Verso Ovest ad 1 km [&hellip;]<\/p>\n","protected":false},"author":13,"featured_media":0,"parent":166,"menu_order":1,"comment_status":"closed","ping_status":"closed","template":"","meta":{"footnotes":""},"class_list":["post-170","page","type-page","status-publish","hentry"],"yoast_head":"<!-- This site is optimized with the Yoast SEO plugin v26.9 - https:\/\/yoast.com\/product\/yoast-seo-wordpress\/ -->\n<title>Itinerari a piedi - Hotel Napoleon Roma<\/title>\n<meta name=\"robots\" content=\"index, follow, max-snippet:-1, max-image-preview:large, max-video-preview:-1\" \/>\n<link rel=\"canonical\" href=\"https:\/\/www.napoleon.it\/it\/dove-siamo\/itinerari-a-piedi\/\" \/>\n<meta property=\"og:locale\" content=\"it_IT\" \/>\n<meta property=\"og:type\" content=\"article\" \/>\n<meta property=\"og:title\" content=\"Itinerari a piedi - Hotel Napoleon Roma\" \/>\n<meta property=\"og:description\" content=\"Roma monumentale &#8211; da via dei Fori Imperiali al Colosseo Verso Ovest ad 1 km [&hellip;]\" \/>\n<meta property=\"og:url\" content=\"https:\/\/www.napoleon.it\/it\/dove-siamo\/itinerari-a-piedi\/\" \/>\n<meta property=\"og:site_name\" content=\"Hotel Napoleon Roma\" \/>\n<meta name=\"twitter:card\" content=\"summary_large_image\" \/>\n<meta name=\"twitter:label1\" content=\"Tempo di lettura stimato\" \/>\n\t<meta name=\"twitter:data1\" content=\"2 minuti\" \/>\n<script type=\"application\/ld+json\" class=\"yoast-schema-graph\">{\"@context\":\"https:\/\/schema.org\",\"@graph\":[{\"@type\":\"WebPage\",\"@id\":\"https:\/\/www.napoleon.it\/it\/dove-siamo\/itinerari-a-piedi\/\",\"url\":\"https:\/\/www.napoleon.it\/it\/dove-siamo\/itinerari-a-piedi\/\",\"name\":\"Itinerari a piedi - Hotel Napoleon Roma\",\"isPartOf\":{\"@id\":\"https:\/\/www.napoleon.it\/it\/#website\"},\"datePublished\":\"2020-07-08T15:12:22+00:00\",\"breadcrumb\":{\"@id\":\"https:\/\/www.napoleon.it\/it\/dove-siamo\/itinerari-a-piedi\/#breadcrumb\"},\"inLanguage\":\"it-IT\",\"potentialAction\":[{\"@type\":\"ReadAction\",\"target\":[\"https:\/\/www.napoleon.it\/it\/dove-siamo\/itinerari-a-piedi\/\"]}]},{\"@type\":\"BreadcrumbList\",\"@id\":\"https:\/\/www.napoleon.it\/it\/dove-siamo\/itinerari-a-piedi\/#breadcrumb\",\"itemListElement\":[{\"@type\":\"ListItem\",\"position\":1,\"name\":\"Home\",\"item\":\"https:\/\/www.napoleon.it\/it\/\"},{\"@type\":\"ListItem\",\"position\":2,\"name\":\"Dove siamo\",\"item\":\"https:\/\/www.napoleon.it\/it\/dove-siamo\/\"},{\"@type\":\"ListItem\",\"position\":3,\"name\":\"Itinerari a piedi\"}]},{\"@type\":\"WebSite\",\"@id\":\"https:\/\/www.napoleon.it\/it\/#website\",\"url\":\"https:\/\/www.napoleon.it\/it\/\",\"name\":\"Hotel Napoleon Roma\",\"description\":\"Ecco un altro sito ms.decms.eu\",\"potentialAction\":[{\"@type\":\"SearchAction\",\"target\":{\"@type\":\"EntryPoint\",\"urlTemplate\":\"https:\/\/www.napoleon.it\/it\/?s={search_term_string}\"},\"query-input\":{\"@type\":\"PropertyValueSpecification\",\"valueRequired\":true,\"valueName\":\"search_term_string\"}}],\"inLanguage\":\"it-IT\"}]}<\/script>\n<!-- \/ Yoast SEO plugin. -->","yoast_head_json":{"title":"Itinerari a piedi - Hotel Napoleon Roma","robots":{"index":"index","follow":"follow","max-snippet":"max-snippet:-1","max-image-preview":"max-image-preview:large","max-video-preview":"max-video-preview:-1"},"canonical":"https:\/\/www.napoleon.it\/it\/dove-siamo\/itinerari-a-piedi\/","og_locale":"it_IT","og_type":"article","og_title":"Itinerari a piedi - Hotel Napoleon Roma","og_description":"Roma monumentale &#8211; da via dei Fori Imperiali al Colosseo Verso Ovest ad 1 km [&hellip;]","og_url":"https:\/\/www.napoleon.it\/it\/dove-siamo\/itinerari-a-piedi\/","og_site_name":"Hotel Napoleon Roma","twitter_card":"summary_large_image","twitter_misc":{"Tempo di lettura stimato":"2 minuti"},"schema":{"@context":"https:\/\/schema.org","@graph":[{"@type":"WebPage","@id":"https:\/\/www.napoleon.it\/it\/dove-siamo\/itinerari-a-piedi\/","url":"https:\/\/www.napoleon.it\/it\/dove-siamo\/itinerari-a-piedi\/","name":"Itinerari a piedi - Hotel Napoleon Roma","isPartOf":{"@id":"https:\/\/www.napoleon.it\/it\/#website"},"datePublished":"2020-07-08T15:12:22+00:00","breadcrumb":{"@id":"https:\/\/www.napoleon.it\/it\/dove-siamo\/itinerari-a-piedi\/#breadcrumb"},"inLanguage":"it-IT","potentialAction":[{"@type":"ReadAction","target":["https:\/\/www.napoleon.it\/it\/dove-siamo\/itinerari-a-piedi\/"]}]},{"@type":"BreadcrumbList","@id":"https:\/\/www.napoleon.it\/it\/dove-siamo\/itinerari-a-piedi\/#breadcrumb","itemListElement":[{"@type":"ListItem","position":1,"name":"Home","item":"https:\/\/www.napoleon.it\/it\/"},{"@type":"ListItem","position":2,"name":"Dove siamo","item":"https:\/\/www.napoleon.it\/it\/dove-siamo\/"},{"@type":"ListItem","position":3,"name":"Itinerari a piedi"}]},{"@type":"WebSite","@id":"https:\/\/www.napoleon.it\/it\/#website","url":"https:\/\/www.napoleon.it\/it\/","name":"Hotel Napoleon Roma","description":"Ecco un altro sito ms.decms.eu","potentialAction":[{"@type":"SearchAction","target":{"@type":"EntryPoint","urlTemplate":"https:\/\/www.napoleon.it\/it\/?s={search_term_string}"},"query-input":{"@type":"PropertyValueSpecification","valueRequired":true,"valueName":"search_term_string"}}],"inLanguage":"it-IT"}]}},"acf":[],"_links":{"self":[{"href":"https:\/\/www.napoleon.it\/it\/wp-json\/wp\/v2\/pages\/170","targetHints":{"allow":["GET"]}}],"collection":[{"href":"https:\/\/www.napoleon.it\/it\/wp-json\/wp\/v2\/pages"}],"about":[{"href":"https:\/\/www.napoleon.it\/it\/wp-json\/wp\/v2\/types\/page"}],"author":[{"embeddable":true,"href":"https:\/\/www.napoleon.it\/it\/wp-json\/wp\/v2\/users\/13"}],"replies":[{"embeddable":true,"href":"https:\/\/www.napoleon.it\/it\/wp-json\/wp\/v2\/comments?post=170"}],"version-history":[{"count":0,"href":"https:\/\/www.napoleon.it\/it\/wp-json\/wp\/v2\/pages\/170\/revisions"}],"up":[{"embeddable":true,"href":"https:\/\/www.napoleon.it\/it\/wp-json\/wp\/v2\/pages\/166"}],"wp:attachment":[{"href":"https:\/\/www.napoleon.it\/it\/wp-json\/wp\/v2\/media?parent=170"}],"curies":[{"name":"wp","href":"https:\/\/api.w.org\/{rel}","templated":true}]}}