{"id":85,"date":"2020-07-07T16:28:52","date_gmt":"2020-07-07T14:28:52","guid":{"rendered":"http:\/\/napoleon.ms.decms.eu\/?page_id=85"},"modified":"2026-03-18T16:01:38","modified_gmt":"2026-03-18T15:01:38","slug":"camere","status":"publish","type":"page","link":"https:\/\/www.napoleon.it\/it\/camere\/","title":{"rendered":"Camere"},"content":{"rendered":"<p>Le 75 camere dell\u2019Hotel Napoleon si affacciano tutte su luminosi e tranquilli cortili interni, garantendo una tranquillit\u00e0 unica per un hotel a Roma centro.<\/p>\n<p>L\u2019arredamento in stile antico, arricchito da tessuti preziosi e ricercati e da colori morbidi ed eleganti, danno alle camere l\u2019atmosfera e il fascino di calda accoglienza delle case di un tempo antico, al tempo stesso sono dotate di tutti i comfort.<\/p>\n<p>&nbsp;<\/p>\n<h4 style=\"text-align: center;\">Servizi in camera<\/h4>\n<p style=\"text-align: center;\">Tutte le camere sono dotate di tutti i moderni comfort per un soggiorno rilassante.<\/p>\n<p>&nbsp;<\/p>\n<table>\n<tbody>\n<tr>\n<th><strong>Aria condizionata<\/strong><\/th>\n<th><strong>TV satellitare<\/strong><\/th>\n<th><strong>Telefono<\/strong><\/th>\n<\/tr>\n<tr>\n<th><strong>Cassaforte<\/strong><\/th>\n<th><strong>Minibar<\/strong><\/th>\n<th><strong>Riscaldamento individuale<\/strong><\/th>\n<\/tr>\n<tr>\n<th><strong>Asciugacapelli<\/strong><\/th>\n<th><strong>Servizio sveglia<\/strong><\/th>\n<th><strong>WiFi gratis<\/strong><br \/>\nConnessione wi-fi in fibra ottica ad alta velocit\u00e0 gratuita in tutto l\u2019hotel.<\/th>\n<\/tr>\n<tr>\n<th><strong>Addetto ai bagagli 24h<\/strong><br \/>\nA qualunque ora arriverete un addetto si occuper\u00e0 dei vostri bagagli.<\/th>\n<th><strong>Servizio in camera 24h<\/strong><br \/>\nServizio in camera per colazioni, spuntini, drink e pasti comodamente nella vostra camera.<\/th>\n<th><strong>Bollitore con t\u00e8 e caff\u00e8<\/strong><br \/>\nBollitore con t\u00e8 e caff\u00e8 \u00e8 incluso in tutte le camere gratuitamente.<\/th>\n<\/tr>\n<tr>\n<th><strong>Deposito bagagli<\/strong><br \/>\nDeposito bagagli disponibile per arrivi in anticipo e partenze successive al check-out.<\/th>\n<th><strong>Scelta di cuscini<\/strong><br \/>\nUna scelta di cuscini \u00e8 disponibile in hotel, basta domandare allo staff.<\/th>\n<th><strong>Accappatoi<\/strong><br \/>\nNelle camere superior i bagni sono arricchiti da accappatoi.<\/th>\n<\/tr>\n<tr>\n<th><strong>Letto aggiuntivo<\/strong><br \/>\nLetto aggiuntivo per bambini fino a 12 anni gratuito.<\/th>\n<th><strong>Culla e lettino<\/strong><br \/>\nCulle e lettini per bambini fino a 3 anni gratuti.<\/th>\n<th><strong>Letti di 2 metri<\/strong><br \/>\nSono disponibili alcune camere con letti di 2 metri di lunghezza.<\/th>\n<\/tr>\n<tr>\n<th><strong>Bar e Ristorante -10%<\/strong><br \/>\nSconto del 10% su tutte le consumazioni al bar e ristorante. Solo per prenotazioni sul sito ufficiale!<\/th>\n<th><strong>Politica ambientale<\/strong><br \/>\nConsapevoli dell\u2019importanza che riveste la protezione dell\u2019ambiente.<\/th>\n<th><strong>Colazione<\/strong><br \/>\n(se non compresa nel piano tariffario) \u20ac15,00<\/th>\n<\/tr>\n<\/tbody>\n<\/table>\n","protected":false},"excerpt":{"rendered":"<p>Le 75 camere dell\u2019Hotel Napoleon si affacciano tutte su luminosi e tranquilli cortili interni, garantendo [&hellip;]<\/p>\n","protected":false},"author":13,"featured_media":0,"parent":0,"menu_order":2,"comment_status":"closed","ping_status":"closed","template":"template-rooms.php","meta":{"footnotes":""},"class_list":["post-85","page","type-page","status-publish","hentry"],"yoast_head":"<!-- This site is optimized with the Yoast SEO plugin v26.9 - https:\/\/yoast.com\/product\/yoast-seo-wordpress\/ -->\n<title>Camere - Hotel Napoleon Roma<\/title>\n<meta name=\"robots\" content=\"index, follow, max-snippet:-1, max-image-preview:large, max-video-preview:-1\" \/>\n<link rel=\"canonical\" href=\"https:\/\/www.napoleon.it\/it\/camere\/\" \/>\n<meta property=\"og:locale\" content=\"it_IT\" \/>\n<meta property=\"og:type\" content=\"article\" \/>\n<meta property=\"og:title\" content=\"Camere - Hotel Napoleon Roma\" \/>\n<meta property=\"og:description\" content=\"Le 75 camere dell\u2019Hotel Napoleon si affacciano tutte su luminosi e tranquilli cortili interni, garantendo [&hellip;]\" \/>\n<meta property=\"og:url\" content=\"https:\/\/www.napoleon.it\/it\/camere\/\" \/>\n<meta property=\"og:site_name\" content=\"Hotel Napoleon Roma\" \/>\n<meta property=\"article:modified_time\" content=\"2026-03-18T15:01:38+00:00\" \/>\n<meta name=\"twitter:card\" content=\"summary_large_image\" \/>\n<meta name=\"twitter:label1\" content=\"Tempo di lettura stimato\" \/>\n\t<meta name=\"twitter:data1\" content=\"2 minuti\" \/>\n<script type=\"application\/ld+json\" class=\"yoast-schema-graph\">{\"@context\":\"https:\/\/schema.org\",\"@graph\":[{\"@type\":\"WebPage\",\"@id\":\"https:\/\/www.napoleon.it\/it\/camere\/\",\"url\":\"https:\/\/www.napoleon.it\/it\/camere\/\",\"name\":\"Camere - Hotel Napoleon Roma\",\"isPartOf\":{\"@id\":\"https:\/\/www.napoleon.it\/it\/#website\"},\"datePublished\":\"2020-07-07T14:28:52+00:00\",\"dateModified\":\"2026-03-18T15:01:38+00:00\",\"breadcrumb\":{\"@id\":\"https:\/\/www.napoleon.it\/it\/camere\/#breadcrumb\"},\"inLanguage\":\"it-IT\",\"potentialAction\":[{\"@type\":\"ReadAction\",\"target\":[\"https:\/\/www.napoleon.it\/it\/camere\/\"]}]},{\"@type\":\"BreadcrumbList\",\"@id\":\"https:\/\/www.napoleon.it\/it\/camere\/#breadcrumb\",\"itemListElement\":[{\"@type\":\"ListItem\",\"position\":1,\"name\":\"Home\",\"item\":\"https:\/\/www.napoleon.it\/it\/\"},{\"@type\":\"ListItem\",\"position\":2,\"name\":\"Camere\"}]},{\"@type\":\"WebSite\",\"@id\":\"https:\/\/www.napoleon.it\/it\/#website\",\"url\":\"https:\/\/www.napoleon.it\/it\/\",\"name\":\"Hotel Napoleon Roma\",\"description\":\"Ecco un altro sito ms.decms.eu\",\"potentialAction\":[{\"@type\":\"SearchAction\",\"target\":{\"@type\":\"EntryPoint\",\"urlTemplate\":\"https:\/\/www.napoleon.it\/it\/?s={search_term_string}\"},\"query-input\":{\"@type\":\"PropertyValueSpecification\",\"valueRequired\":true,\"valueName\":\"search_term_string\"}}],\"inLanguage\":\"it-IT\"}]}<\/script>\n<!-- \/ Yoast SEO plugin. -->","yoast_head_json":{"title":"Camere - Hotel Napoleon Roma","robots":{"index":"index","follow":"follow","max-snippet":"max-snippet:-1","max-image-preview":"max-image-preview:large","max-video-preview":"max-video-preview:-1"},"canonical":"https:\/\/www.napoleon.it\/it\/camere\/","og_locale":"it_IT","og_type":"article","og_title":"Camere - Hotel Napoleon Roma","og_description":"Le 75 camere dell\u2019Hotel Napoleon si affacciano tutte su luminosi e tranquilli cortili interni, garantendo [&hellip;]","og_url":"https:\/\/www.napoleon.it\/it\/camere\/","og_site_name":"Hotel Napoleon Roma","article_modified_time":"2026-03-18T15:01:38+00:00","twitter_card":"summary_large_image","twitter_misc":{"Tempo di lettura stimato":"2 minuti"},"schema":{"@context":"https:\/\/schema.org","@graph":[{"@type":"WebPage","@id":"https:\/\/www.napoleon.it\/it\/camere\/","url":"https:\/\/www.napoleon.it\/it\/camere\/","name":"Camere - Hotel Napoleon Roma","isPartOf":{"@id":"https:\/\/www.napoleon.it\/it\/#website"},"datePublished":"2020-07-07T14:28:52+00:00","dateModified":"2026-03-18T15:01:38+00:00","breadcrumb":{"@id":"https:\/\/www.napoleon.it\/it\/camere\/#breadcrumb"},"inLanguage":"it-IT","potentialAction":[{"@type":"ReadAction","target":["https:\/\/www.napoleon.it\/it\/camere\/"]}]},{"@type":"BreadcrumbList","@id":"https:\/\/www.napoleon.it\/it\/camere\/#breadcrumb","itemListElement":[{"@type":"ListItem","position":1,"name":"Home","item":"https:\/\/www.napoleon.it\/it\/"},{"@type":"ListItem","position":2,"name":"Camere"}]},{"@type":"WebSite","@id":"https:\/\/www.napoleon.it\/it\/#website","url":"https:\/\/www.napoleon.it\/it\/","name":"Hotel Napoleon Roma","description":"Ecco un altro sito ms.decms.eu","potentialAction":[{"@type":"SearchAction","target":{"@type":"EntryPoint","urlTemplate":"https:\/\/www.napoleon.it\/it\/?s={search_term_string}"},"query-input":{"@type":"PropertyValueSpecification","valueRequired":true,"valueName":"search_term_string"}}],"inLanguage":"it-IT"}]}},"acf":[],"_links":{"self":[{"href":"https:\/\/www.napoleon.it\/it\/wp-json\/wp\/v2\/pages\/85","targetHints":{"allow":["GET"]}}],"collection":[{"href":"https:\/\/www.napoleon.it\/it\/wp-json\/wp\/v2\/pages"}],"about":[{"href":"https:\/\/www.napoleon.it\/it\/wp-json\/wp\/v2\/types\/page"}],"author":[{"embeddable":true,"href":"https:\/\/www.napoleon.it\/it\/wp-json\/wp\/v2\/users\/13"}],"replies":[{"embeddable":true,"href":"https:\/\/www.napoleon.it\/it\/wp-json\/wp\/v2\/comments?post=85"}],"version-history":[{"count":0,"href":"https:\/\/www.napoleon.it\/it\/wp-json\/wp\/v2\/pages\/85\/revisions"}],"wp:attachment":[{"href":"https:\/\/www.napoleon.it\/it\/wp-json\/wp\/v2\/media?parent=85"}],"curies":[{"name":"wp","href":"https:\/\/api.w.org\/{rel}","templated":true}]}}